{"id":9697,"date":"2024-10-21T07:05:02","date_gmt":"2024-10-21T12:05:02","guid":{"rendered":"https:\/\/ohrija.com\/?post_type=product&#038;p=9697"},"modified":"2026-03-11T08:12:07","modified_gmt":"2026-03-11T08:12:07","slug":"adjustable-power-supply","status":"publish","type":"product","link":"https:\/\/ohrija.com\/tr\/urun\/adjustable-power-supply\/","title":{"rendered":"AC-DC D\u00f6n\u00fc\u015ft\u00fcr\u00fcc\u00fc 600W Ayarlanabilir De\u011fi\u015fken G\u00fc\u00e7 Kayna\u011f\u0131 Evrensel 110V - 12V D\u00f6n\u00fc\u015ft\u00fcr\u00fcc\u00fc 0-15V 0-50A D\u00fczenlenmi\u015f 5V 6V 9V 12V 14V 15V SMPS Transformat\u00f6r, LED \u015eerit 3D Yaz\u0131c\u0131 i\u00e7in LCD Ekranl\u0131"},"content":{"rendered":"<h4><span style=\"color: #ff0000;\">Uyar\u0131<\/span><\/h4>\n<p>L\u00fctfen gerekli parametreleri ve giri\u015f fi\u015fini onaylay\u0131n. Onaylayam\u0131yorsan\u0131z, l\u00fctfen sat\u0131n almay\u0131n veya destek i\u00e7in m\u00fc\u015fteri hizmetlerine ba\u015fvurun.  Te\u015fekk\u00fcr ederiz!<br \/>\n1. Y\u00fcksek s\u0131cakl\u0131kta, karanl\u0131k ve nemli ortamlarda kullanmay\u0131n.<br \/>\n2. Havaland\u0131r\u0131lan bir ortamda saklay\u0131n.<br \/>\n3. Yan\u0131c\u0131 ve patlay\u0131c\u0131 maddelerden uzak tutun.<\/p>\n<h4>\u00dcr\u00fcn parametreleri<\/h4>\n<ul class=\"a-unordered-list a-vertical a-spacing-mini\">\n<li class=\"a-spacing-mini\"><span class=\"a-list-item\">\u3010\ud835\udc00\ud835\udc1d\ud835\udc23\ud835\udc2e\ud835\udc2c\ud835\udc2d\ud835\udc1a\ud835\udc1b\ud835\udc25\ud835\udc1e \ud835\udc15\ud835\udc28\ud835\udc25\ud835\udc2d\ud835\udc1a\ud835\udc20\ud835\udc1e \ud835\udc00\ud835\udc27\ud835\udc1d \ud835\udc02\ud835\udc2e\ud835\udc2b\ud835\udc2b\ud835\udc1e\ud835\udc27\ud835\udc2d\u3011Giri\u015f voltaj\u0131: AC 115V \/ 230V; \u00c7\u0131k\u0131\u015f voltaj\u0131: DC 0~15V ayarlanabilir; \u00c7\u0131k\u0131\u015f ak\u0131m\u0131: 0~50A ayarlanabilir, maks. 50A 600W. Neredeyse t\u00fcm 0~15V cihazlar i\u00e7in uygundur; LED Ekran ile donat\u0131lm\u0131\u015f olup, \u00e7\u0131k\u0131\u015f voltaj\u0131n\u0131 ve ak\u0131m\u0131 ger\u00e7ek zamanl\u0131 olarak izleyebilir.<\/span><\/li>\n<li class=\"a-spacing-mini\"><span class=\"a-list-item\">\u3010\ud835\udc14\ud835\udc29\ud835\udc20\ud835\udc2b\ud835\udc1a\ud835\udc1d\ud835\udc1e\ud835\udc1d \ud835\udc0f\ud835\udc28\ud835\udc30\ud835\udc1e\ud835\udc2b \ud835\udc12\ud835\udc2e\ud835\udc29\ud835\udc29\ud835\udc25\ud835\udc32\u3011Geleneksel \u00e7ok hatl\u0131 ba\u011flant\u0131 y\u00f6ntemlerine k\u0131yasla, bu y\u00fckseltilmi\u015f versiyon \u00fc\u00e7 ba\u011flant\u0131 se\u00e7ene\u011fine sahiptir, iki nikel kapl\u0131 bak\u0131r terminal ile tasarlanm\u0131\u015f olup klipslerle do\u011frudan ba\u011flanabilir. Ayr\u0131ca duvara as\u0131labilen d\u00f6rt montaj braketi de sa\u011flar. Kullan\u0131m\u0131 daha kolayd\u0131r.<\/span><\/li>\n<li class=\"a-spacing-mini\"><span class=\"a-list-item\">\u3010\ud835\udc12\ud835\udc26\ud835\udc1a\ud835\udc2b\ud835\udc2d \ud835\udc02\ud835\udc28\ud835\udc28\ud835\udc25\ud835\udc22\ud835\udc27\ud835\udc20 \ud835\udc12\ud835\udc32\ud835\udc2c\ud835\udc2d\ud835\udc1e\ud835\udc26\u3011Al\u00fcminyum ala\u015f\u0131ml\u0131 kabuktan yap\u0131lm\u0131\u015f ve bir\u00e7ok \u0131s\u0131 yayma deli\u011fi ile tasarlanm\u0131\u015ft\u0131r. Dahili so\u011futma fan\u0131 ve toz ge\u00e7irmez a\u011f, tozun girmesini etkili bir \u015fekilde \u00f6nler, elektrikli fan\u0131n sabit d\u00f6n\u00fc\u015f\u00fcn\u00fc sa\u011flar ve devre kart\u0131n\u0131n yanmas\u0131n\u0131 \u00f6nler.<\/span><\/li>\n<li class=\"a-spacing-mini\"><span class=\"a-list-item\">\u3010\ud835\udc0c\ud835\udc2e\ud835\udc25\ud835\udc2d\ud835\udc22\ud835\udc29\ud835\udc25\ud835\udc1e \ud835\udc0f\ud835\udc2b\ud835\udc28\ud835\udc2d\ud835\udc1e\ud835\udc1c\ud835\udc2d\ud835\udc22\ud835\udc28\ud835\udc27 \ud835\udc12\ud835\udc32\ud835\udc2c\ud835\udc2d\ud835\udc1e\ud835\udc26\u3011FCC CE ROHS sertifikal\u0131d\u0131r. Otomatik a\u015f\u0131r\u0131 y\u00fck kesme, a\u015f\u0131r\u0131 voltaj kesme, otomatik termal kesme, k\u0131sa devre korumas\u0131. K\u0131rm\u0131z\u0131 anahtar d\u00fc\u011fmesi, daha g\u00fcvenli ve daha rahat g\u00fc\u00e7 ba\u015flatma\/durdurma i\u015flemleri sa\u011flar. Alt k\u0131sma kaymaz pedler eklenmi\u015ftir, daha g\u00fcvenli ve daha stabildir.<\/span><\/li>\n<li class=\"a-spacing-mini\"><span class=\"a-list-item\"><span class=\"a-list-item\"><span class=\"a-list-item\">\u3010\ud835\udc00\ud835\udc29\ud835\udc29\ud835\udc25\ud835\udc22\ud835\udc1c\ud835\udc1a\ud835\udc2d\ud835\udc22\ud835\udc28\ud835\udc27\ud835\udc2c \ud835\udc1a\ud835\udc27\ud835\udc1d \ud835\udc30\ud835\udc1a\ud835\udc2b\ud835\udc2b\ud835\udc1a\ud835\udc27\ud835\udc2d\ud835\udc32\u3011End\u00fcstriyel otomasyon ekipmanlar\u0131, CCTV Kamera Sistemleri, 3D Yaz\u0131c\u0131lar, LCD Monit\u00f6r, led \u015feritler, nemlendirici, LED ekran ve neredeyse t\u00fcm 0~15V cihazlar i\u00e7in uygundur. 30 g\u00fcn para iade garantisi, 12 ay de\u011fi\u015fim garantisi. Herhangi bir sorun varsa, l\u00fctfen istedi\u011finiz zaman bizimle ileti\u015fime ge\u00e7in.<\/span><\/span><\/span>AC - DC D\u00f6n\u00fc\u015ft\u00fcr\u00fcc\u00fc 600W Ayarlanabilir De\u011fi\u015fken G\u00fc\u00e7 Kayna\u011f\u0131 Bu \u00e7ok y\u00f6nl\u00fc 600W ayarlanabilir g\u00fc\u00e7 kayna\u011f\u0131, 110V -230V AC giri\u015fini 0-15V aral\u0131\u011f\u0131nda ve 50A'ya kadar ak\u0131mla kararl\u0131 ve d\u00fczenlenmi\u015f bir DC \u00e7\u0131k\u0131\u015f\u0131na d\u00f6n\u00fc\u015ft\u00fcrmek i\u00e7in tasarlanm\u0131\u015ft\u0131r. Geli\u015fmi\u015f \u00f6zellikleri, LED \u015feritleri, 3D yaz\u0131c\u0131lar ve di\u011fer hassas elektronik cihazlara g\u00fc\u00e7 sa\u011flamak dahil olmak \u00fczere \u00e7e\u015fitli uygulamalar i\u00e7in uygun hale getirir. Temel \u00d6zellikler:<br \/>\nAyarlanabilir Gerilim ve Ak\u0131m:<\/p>\n<p>\u00c7\u0131k\u0131\u015f voltaj aral\u0131\u011f\u0131: 0-15V, \u00e7e\u015fitli ihtiya\u00e7lar\u0131 kar\u015f\u0131lamak i\u00e7in ayarlanabilir.<br \/>\nMaksimum ak\u0131m: 50A, y\u00fcksek talep gerektiren cihazlar i\u00e7in yeterli g\u00fcc\u00fc sa\u011flar.<br \/>\nY\u00fcksek G\u00fc\u00e7 \u00c7\u0131k\u0131\u015f\u0131:<\/p>\n<p>600 W nominal g\u00fc\u00e7 ile \u00e7e\u015fitli ekipmanlar i\u00e7in istikrarl\u0131 g\u00fc\u00e7 sa\u011flar.<br \/>\n12V dahil olmak \u00fczere voltaj ayarlar\u0131 i\u00e7in uygundur<br \/>\nAnahtarlamal\u0131 G\u00fc\u00e7 Kayna\u011f\u0131 (SMPS):<\/p>\n<p>Y\u00fcksek verimli tasar\u0131m, minimum \u0131s\u0131 \u00fcretimi ve enerji tasarrufu sa\u011flar.<br \/>\nGeleneksel lineer g\u00fc\u00e7 kaynaklar\u0131na k\u0131yasla hafif ve kompakt.<br \/>\nLCD Ekran:<\/p>\n<p>Ger\u00e7ek zamanl\u0131 voltaj ve ak\u0131m okumalar\u0131n\u0131n net ve sezgisel g\u00f6sterimi.<br \/>\nHassas cihazlar i\u00e7in hassas izleme ve ayarlama sa\u011flar.<br \/>\nG\u00fcvenlik \u00d6zellikleri:<\/p>\n<p>Dahili a\u015f\u0131r\u0131 gerilim, a\u015f\u0131r\u0131 ak\u0131m, k\u0131sa devre ve a\u015f\u0131r\u0131 \u0131s\u0131nma korumas\u0131.<br \/>\nBa\u011fl\u0131 cihazlar\u0131n g\u00fcvenli\u011fini sa\u011flar ve g\u00fc\u00e7 kayna\u011f\u0131n\u0131n \u00f6mr\u00fcn\u00fc uzat\u0131r.<br \/>\nEvrensel Uyumluluk:<\/p>\n<p>LED ayd\u0131nlatma sistemleri, CNC makineleri, laboratuvar test d\u00fczenekleri ve otomotiv uygulamalar\u0131 dahil olmak \u00fczere \u00e7ok \u00e7e\u015fitli cihazlarla uyumludur.<br \/>\nSa\u011flam Yap\u0131 Kalitesi:<\/p>\n<p>Entegre fanlar sayesinde verimli so\u011futma sa\u011flayan dayan\u0131kl\u0131 metal g\u00f6vde.<br \/>\nZorlu ortamlarda g\u00fcvenilir \u00e7al\u0131\u015fma i\u00e7in tasarlanm\u0131\u015ft\u0131r.<br \/>\nUygulamalar:<\/p>\n<p>3D yaz\u0131c\u0131lar, LED \u0131\u015f\u0131k \u015feritleri, amplifikat\u00f6rler, RC \u015farj cihazlar\u0131 ve daha fazlas\u0131n\u0131 \u00e7al\u0131\u015ft\u0131rmak i\u00e7in idealdir.<br \/>\nDe\u011fi\u015fken voltaj gerektiren DIY projeleri, at\u00f6lyeler ve end\u00fcstriyel kullan\u0131mlar i\u00e7in m\u00fckemmeldir.<br \/>\nBu g\u00fc\u00e7 kayna\u011f\u0131, performans, ayarlanabilirlik ve g\u00fcvenlik \u00f6zelliklerini m\u00fckemmel bir \u015fekilde bir araya getirerek hobi tutkunlar\u0131, profesyoneller ve m\u00fchendisler i\u00e7in vazge\u00e7ilmez bir ara\u00e7 haline gelmi\u015ftir.<\/p>\n<p>Daha fazla bilgi veya teknik \u00f6zelliklere ihtiyac\u0131n\u0131z varsa, l\u00fctfen \u00e7ekinmeden sorunuz!<\/li>\n<\/ul>\n<p>&nbsp;<\/p>","protected":false},"excerpt":{"rendered":"<p>ayarlanabilir g\u00fc\u00e7 kayna\u011f\u0131 Bu \u00e7ok y\u00f6nl\u00fc 600 W ayarlanabilir g\u00fc\u00e7 kayna\u011f\u0131, 110 V AC giri\u015fini 0-15 V aral\u0131\u011f\u0131nda ve 50 A ak\u0131ma kadar sabit ve d\u00fczenlenmi\u015f DC \u00e7\u0131k\u0131\u015f\u0131na d\u00f6n\u00fc\u015ft\u00fcrmek i\u00e7in tasarlanm\u0131\u015ft\u0131r. Geli\u015fmi\u015f \u00f6zellikleri sayesinde LED \u015feritleri, 3D yaz\u0131c\u0131lar ve di\u011fer hassas elektronik cihazlara g\u00fc\u00e7 sa\u011flamak dahil olmak \u00fczere \u00e7e\u015fitli uygulamalar i\u00e7in uygundur.<\/p>","protected":false},"featured_media":9703,"comment_status":"open","ping_status":"closed","template":"","meta":[],"product_cat":[329,337,330],"product_tag":[],"class_list":{"0":"post-9697","1":"product","2":"type-product","3":"status-publish","4":"has-post-thumbnail","6":"product_brand-ohrija","7":"product_cat-power-supply","8":"product_cat-adjustable-dc","9":"product_cat-adjustable-power-supply","10":"product_shipping_class-600w","12":"first","13":"instock","14":"taxable","15":"shipping-taxable","16":"purchasable","17":"product-type-variable","18":"wvs-archive-product-wrapper","19":"col-xs-6 col-sm-4","20":"col-md-3 col-lg-3","21":"un-4-cols"},"jetpack_sharing_enabled":true,"_links":{"self":[{"href":"https:\/\/ohrija.com\/tr\/wp-json\/wp\/v2\/product\/9697","targetHints":{"allow":["GET"]}}],"collection":[{"href":"https:\/\/ohrija.com\/tr\/wp-json\/wp\/v2\/product"}],"about":[{"href":"https:\/\/ohrija.com\/tr\/wp-json\/wp\/v2\/types\/product"}],"replies":[{"embeddable":true,"href":"https:\/\/ohrija.com\/tr\/wp-json\/wp\/v2\/comments?post=9697"}],"version-history":[{"count":0,"href":"https:\/\/ohrija.com\/tr\/wp-json\/wp\/v2\/product\/9697\/revisions"}],"wp:featuredmedia":[{"embeddable":true,"href":"https:\/\/ohrija.com\/tr\/wp-json\/wp\/v2\/media\/9703"}],"wp:attachment":[{"href":"https:\/\/ohrija.com\/tr\/wp-json\/wp\/v2\/media?parent=9697"}],"wp:term":[{"taxonomy":"product_cat","embeddable":true,"href":"https:\/\/ohrija.com\/tr\/wp-json\/wp\/v2\/product_cat?post=9697"},{"taxonomy":"product_tag","embeddable":true,"href":"https:\/\/ohrija.com\/tr\/wp-json\/wp\/v2\/product_tag?post=9697"}],"curies":[{"name":"wp","href":"https:\/\/api.w.org\/{rel}","templated":true}]}}