{"id":9690,"date":"2024-10-21T06:48:42","date_gmt":"2024-10-21T11:48:42","guid":{"rendered":"https:\/\/ohrija.com\/?post_type=product&#038;p=9690"},"modified":"2025-05-30T13:25:06","modified_gmt":"2025-05-30T13:25:06","slug":"24v-15a-power-supply-24v-voltage","status":"publish","type":"product","link":"https:\/\/ohrija.com\/tr\/urun\/24v-15a-power-supply-24v-voltage\/","title":{"rendered":"Yeni Y\u00fckseltilmi\u015f DIY SMPS 110V 230V AC - DC 24V 15A 360W G\u00fc\u00e7 Kayna\u011f\u0131 Adapt\u00f6r\u00fc, D\u00f6n\u00fc\u015ft\u00fcr\u00fcc\u00fc G\u00fc\u00e7 Kayna\u011f\u0131, Motor Pompas\u0131 CCTV 3D Yaz\u0131c\u0131 Hava Kompres\u00f6r\u00fc Led i\u00e7in DC 24V Gerilim Transformat\u00f6r\u00fc"},"content":{"rendered":"<h4><span style=\"color: #ff0000;\">Uyar\u0131<\/span><\/h4>\n<p>L\u00fctfen gerekli parametreleri ve giri\u015f fi\u015fini onaylay\u0131n. Onaylayam\u0131yorsan\u0131z, l\u00fctfen sat\u0131n almay\u0131n veya destek i\u00e7in m\u00fc\u015fteri hizmetlerine ba\u015fvurun.  Te\u015fekk\u00fcr ederiz!<br \/>\n1. Y\u00fcksek s\u0131cakl\u0131kta, karanl\u0131k ve nemli ortamlarda kullanmay\u0131n.<br \/>\n2. Havaland\u0131r\u0131lan bir ortamda saklay\u0131n.<br \/>\n3. Yan\u0131c\u0131 ve patlay\u0131c\u0131 maddelerden uzak tutun.<\/p>\n<h4>\u00dcr\u00fcn parametreleri<\/h4>\n<ul class=\"a-unordered-list a-vertical a-spacing-mini\">\n<li class=\"a-spacing-mini\"><span class=\"a-list-item\">\u3010YEN\u0130 S\u00dcR\u00dcM AC-DC D\u00d6N\u00dc\u015eT\u00dcR\u00dcC\u00dc\u3011\u0130thal al\u00fcminyum ala\u015f\u0131ml\u0131 g\u00f6vde, dahili kablo entegre tasar\u0131m\u0131, \u00e7ift g\u00fc\u00e7 ba\u011flant\u0131 y\u00f6ntemi ile yeni y\u00fckseltilmi\u015f 360 W d\u00f6n\u00fc\u015ft\u00fcr\u00fcc\u00fc. Kelep\u00e7eli 24 V cihazlar i\u00e7in \u00e7ok kullan\u0131\u015fl\u0131d\u0131r. SWTPWR'nin amper g\u00fc\u00e7 kayna\u011f\u0131, UL g\u00fc\u00e7 kablosu, anahtarl\u0131 24 V d\u00f6n\u00fc\u015ft\u00fcr\u00fcc\u00fc, kablo pabu\u00e7lar\u0131, metal klips ve vida ile birlikte gelir. Kelep\u00e7eli cihazlar i\u00e7in \u00e7ok kullan\u0131\u015fl\u0131d\u0131r. \u0130ki silindirik konta\u011fa do\u011frudan kelep\u00e7e takabilirsiniz. 24v dc g\u00fc\u00e7 d\u00f6n\u00fc\u015ft\u00fcr\u00fcc\u00fcn\u00fcn patentli bir tasar\u0131m\u0131d\u0131r.<\/span><\/li>\n<li class=\"a-spacing-mini\"><span class=\"a-list-item\">\u3010AKILLI SO\u011eUTMA S\u0130STEM\u0130\u3011360W G\u00fc\u00e7 D\u00f6n\u00fc\u015ft\u00fcr\u00fcc\u00fcler Al\u00fcminyum Kabuk, bir\u00e7ok \u0131s\u0131 yayma deli\u011fi, Dahili So\u011futma fan\u0131 ve toz ge\u00e7irmez a\u011f ile tasarlanm\u0131\u015ft\u0131r, bunlar tozun girmesini etkili bir \u015fekilde \u00f6nler, elektrikli fan\u0131n sabit d\u00f6n\u00fc\u015f\u00fcn\u00fc sa\u011flar ve devre kart\u0131n\u0131n yanmas\u0131n\u0131 \u00f6nler; Ayr\u0131ca, bu 110v ila 24v d\u00f6n\u00fc\u015ft\u00fcr\u00fcc\u00fcn\u00fcn alt\u0131na kaymay\u0131 \u00f6nleyici pedler eklenmi\u015ftir, bu da alt k\u0131sm\u0131n daha iyi \u0131s\u0131 da\u011f\u0131l\u0131m\u0131 yapmas\u0131n\u0131 ve daha kararl\u0131 \u00e7al\u0131\u015fmas\u0131n\u0131 sa\u011flar.<\/span><\/li>\n<li class=\"a-spacing-mini\"><span class=\"a-list-item\">\u3010G\u00dcVENL\u0130 VE KARARLI, UZUN H\u0130ZMET \u00d6MR\u00dc\u3011Anahtarlama g\u00fc\u00e7 kayna\u011f\u0131 a\u015f\u0131r\u0131 y\u00fck korumas\u0131, a\u015f\u0131r\u0131 voltaj korumas\u0131, ka\u00e7ak korumas\u0131 ve k\u0131sa devre koruma fonksiyonu. 24V D\u00f6n\u00fc\u015ft\u00fcr\u00fcc\u00fc, g\u00fc\u00e7 kablosu ve fi\u015f UL, CE, RoHS Sertifikalar\u0131n\u0131 ge\u00e7mi\u015ftir. Tek Tu\u015fla \u00c7al\u0131\u015ft\u0131rma: K\u0131rm\u0131z\u0131 d\u00fc\u011fmeli a\u00e7ma\/kapama anahtar\u0131 i\u015flevi ile daha g\u00fcvenli ve rahat g\u00fc\u00e7 ba\u015flatma\/durdurma i\u015flemi. Net a\u011f\u0131rl\u0131\u011f\u0131 sadece 2,6 pound (1,18 kg), Hafif ve Ta\u015f\u0131nabilir<\/span><\/li>\n<li class=\"a-spacing-mini\"><span class=\"a-list-item\">\u3010NASIL SE\u00c7\u0130L\u0130R\u3011Tepe g\u00fcc\u00fc 15A, 360W't\u0131r. Bu, 24v g\u00fc\u00e7 kayna\u011f\u0131n\u0131n 360W nominal g\u00fcce uygun oldu\u011fu anlam\u0131na gelmez. Motorlu cihazlarda, ba\u015flang\u0131\u00e7 ak\u0131m\u0131 nominal g\u00fc\u00e7ten \u00e7ok daha y\u00fcksek olacakt\u0131r. LED \u015feritler gibi diren\u00e7li ekipman kullan\u0131yorsan\u0131z, daha y\u00fcksek g\u00fc\u00e7 kullanabilirsiniz, \u00f6rne\u011fin 10A nominal LED'ler de uygundur.<\/span><\/li>\n<li class=\"a-spacing-mini\"><span class=\"a-list-item\"><span class=\"a-list-item\">\u3010GEN\u0130\u015e UYGULAMA ALANI\u3011LED \u015feritleri, 3D yaz\u0131c\u0131 g\u00fc\u00e7 kayna\u011f\u0131, karavan g\u00fc\u00e7 d\u00f6n\u00fc\u015ft\u00fcr\u00fcc\u00fc, CCTV g\u00fc\u00e7 kayna\u011f\u0131, t\u0131bbi g\u00fc\u00e7 kayna\u011f\u0131 i\u00e7in m\u00fckemmel se\u00e7imdir. Ayr\u0131ca end\u00fcstriyel otomasyon ekipmanlar\u0131, araba stereolar\u0131, radyo, motor, bilgisayar projeleri, tekne, nemlendirici, f\u0131r\u00e7as\u0131z motor, ev aletleri, elektronik cihazlarda da kullan\u0131l\u0131r. Otomasyon ekipmanlar\u0131, bilgisayar projeleri-servolar, dikim, ara\u015ft\u0131rma odalar\u0131, hava kompres\u00f6rleri, ekranlar ve daha fazla 24V cihaz.<\/span><\/span>&nbsp;<\/li>\n<li><strong>Yeni Y\u00fckseltilmi\u015f DIY SMPS 110V\/230V AC - DC 24V 15A 360W G\u00fc\u00e7 Kayna\u011f\u0131<\/strong>The <strong>DIY SMPS 24V 15A 360W G\u00fc\u00e7 Kayna\u011f\u0131<\/strong> d\u00f6n\u00fc\u015ft\u00fcrmek i\u00e7in y\u00fcksek performansl\u0131 ve uygun maliyetli bir \u00e7\u00f6z\u00fcmd\u00fcr. <strong>110 V veya 230 V AC<\/strong> birine giri\u015f <strong>kararl\u0131 24V DC \u00e7\u0131k\u0131\u015f<\/strong>. Maksimum \u00e7\u0131k\u0131\u015f g\u00fcc\u00fc <strong>360 W<\/strong>, \u00e7ok \u00e7e\u015fitli uygulamalar i\u00e7in idealdir, \u00f6rne\u011fin: <strong>motorlu pompalar<\/strong>, <strong>CCTV sistemleri<\/strong>, <strong>3D yaz\u0131c\u0131lar<\/strong>, <strong>LED ayd\u0131nlatma<\/strong>, ve <strong>hava kompres\u00f6rleri<\/strong>.<br \/>\n<h3><strong>Temel \u00d6zellikler<\/strong><\/h3>\n<ol>\n<li><strong>Evrensel Giri\u015f Gerilimi<\/strong>\n<ul>\n<li>Uyumlu oldu\u011fu <strong>110 V ve 230 V AC<\/strong> giri\u015f, bu da onu k\u00fcresel kullan\u0131m i\u00e7in uygun hale getirir.<\/li>\n<li>Otomatik voltaj alg\u0131lama \u00f6zelli\u011fi, manuel anahtarlama gerektirmeden kolay kurulum sa\u011flar.<\/li>\n<\/ul>\n<\/li>\n<li><strong>G\u00fc\u00e7l\u00fc \u00c7\u0131k\u0131\u015f<\/strong>\n<ul>\n<li><strong>24V DC \u00e7\u0131k\u0131\u015f<\/strong> maksimum \u00e7\u0131k\u0131\u015f ak\u0131m\u0131 <strong>15A<\/strong>, en fazla <strong>360 W<\/strong> g\u00fc\u00e7.<\/li>\n<li>Motorlar ve kompres\u00f6rler gibi y\u00fcksek talep gerektiren cihazlar i\u00e7in sorunsuz ve istikrarl\u0131 g\u00fc\u00e7 da\u011f\u0131t\u0131m\u0131 sa\u011flar.<\/li>\n<\/ul>\n<\/li>\n<li><strong>Anahtarlamal\u0131 G\u00fc\u00e7 Kayna\u011f\u0131 (SMPS) Teknolojisi<\/strong>\n<ul>\n<li>D\u00fc\u015f\u00fck g\u00fc\u00e7 t\u00fcketimi ile y\u00fcksek verimlilik.<\/li>\n<li>Geli\u015fmi\u015f anahtarlama teknolojisine sahip kompakt, hafif tasar\u0131m.<\/li>\n<\/ul>\n<\/li>\n<li><strong>Geli\u015ftirilmi\u015f G\u00fcvenlik Korumas\u0131<\/strong>\n<ul>\n<li><strong>A\u015f\u0131r\u0131 Y\u00fck Korumas\u0131 (OLP):<\/strong> A\u015f\u0131r\u0131 y\u00fck durumunda hasar\u0131 \u00f6nlemek i\u00e7in g\u00fcc\u00fc otomatik olarak keser.<\/li>\n<li><strong>A\u015f\u0131r\u0131 Gerilim Korumas\u0131 (OVP):<\/strong> A\u015f\u0131r\u0131 voltaj\u0131n ba\u011fl\u0131 cihazlara zarar vermesini \u00f6nler.<\/li>\n<li><strong>K\u0131sa Devre Korumas\u0131 (SCP):<\/strong> K\u0131sa devre durumunda g\u00fcc\u00fc otomatik olarak kapat\u0131r.<\/li>\n<li><strong>A\u015f\u0131r\u0131 Is\u0131nma Korumas\u0131 (OTP):<\/strong> Dahili fan ve \u0131s\u0131 da\u011f\u0131t\u0131m sistemi a\u015f\u0131r\u0131 \u0131s\u0131nmay\u0131 \u00f6nler.<\/li>\n<\/ul>\n<\/li>\n<li><strong>Dayan\u0131kl\u0131 Yap\u0131 ve Kompakt Tasar\u0131m<\/strong>\n<ul>\n<li><strong>Metal g\u00f6vde<\/strong> m\u00fckemmel \u0131s\u0131 da\u011f\u0131l\u0131m\u0131 ve dayan\u0131kl\u0131l\u0131k sa\u011flar.<\/li>\n<li><strong>Entegre so\u011futma fan\u0131<\/strong> ve havaland\u0131rma delikleri optimum \u00e7al\u0131\u015fma s\u0131cakl\u0131klar\u0131n\u0131 korur.<\/li>\n<\/ul>\n<\/li>\n<li><strong>LED G\u00f6stergesi<\/strong>\n<ul>\n<li>Yerle\u015fik <strong>LED durum g\u00f6stergesi<\/strong> g\u00fc\u00e7 kayna\u011f\u0131n\u0131n \u00e7al\u0131\u015fma durumunu g\u00f6sterir.<\/li>\n<\/ul>\n<\/li>\n<li><strong>Uygulamalar<\/strong>\n<ul>\n<li><strong>3D Yaz\u0131c\u0131lar<\/strong>: Hassas 3D bask\u0131 i\u00e7in tutarl\u0131 24V g\u00fc\u00e7 sa\u011flar.<\/li>\n<li><strong>Motorlu Pompalar<\/strong>: Su pompalar\u0131, yak\u0131t pompalar\u0131 ve di\u011fer DC tahrikli motorlar\u0131 \u00e7al\u0131\u015ft\u0131r\u0131r.<\/li>\n<li><strong>Hava Kompres\u00f6rleri<\/strong>: \u015ei\u015firme aletleri i\u00e7in mini hava kompres\u00f6rlerini \u00e7al\u0131\u015ft\u0131rmaya uygundur.<\/li>\n<li><strong>CCTV Sistemleri<\/strong>: CCTV kameralar\u0131 ve DVR\/NVR g\u00fcvenlik sistemlerini \u00e7al\u0131\u015ft\u0131r\u0131r.<\/li>\n<li><strong>LED Ayd\u0131nlatma<\/strong>: B\u00fcy\u00fck LED \u015feritleri veya tabela ekranlar\u0131n\u0131 \u00e7al\u0131\u015ft\u0131rmak i\u00e7in idealdir.<\/li>\n<\/ul>\n<\/li>\n<li><strong>Basit Kurulum<\/strong>\n<ul>\n<li>A\u00e7\u0131k\u00e7a etiketlenmi\u015f, kolay DIY kurulumu <strong>giri\u015f (AC) ve \u00e7\u0131k\u0131\u015f (DC) terminalleri<\/strong>.<\/li>\n<li>Hem ev hem de end\u00fcstriyel kullan\u0131m i\u00e7in uygundur.<\/li>\n<\/ul>\n<\/li>\n<\/ol>\n<h3>\u00a0<strong>\u00dcr\u00fcn \u00d6zellikleri<\/strong><\/h3>\n<table>\n<thead>\n<tr>\n<th><strong>Parametre<\/strong><\/th>\n<th><strong>Ayr\u0131nt\u0131lar<\/strong><\/th>\n<\/tr>\n<\/thead>\n<tbody>\n<tr>\n<td><strong>Giri\u015f Gerilimi<\/strong><\/td>\n<td>110V-230V AC<\/td>\n<\/tr>\n<tr>\n<td><strong>\u00c7\u0131k\u0131\u015f Gerilimi<\/strong><\/td>\n<td>24 V DC<\/td>\n<\/tr>\n<tr>\n<td><strong>\u00c7\u0131k\u0131\u015f Ak\u0131m\u0131<\/strong><\/td>\n<td>15A<\/td>\n<\/tr>\n<tr>\n<td><strong>G\u00fc\u00e7<\/strong><\/td>\n<td>360 W<\/td>\n<\/tr>\n<tr>\n<td><strong>G\u00fcvenlik Korumalar\u0131<\/strong><\/td>\n<td>OLP, OVP, SCP, OTP<\/td>\n<\/tr>\n<tr>\n<td><strong>So\u011futma<\/strong><\/td>\n<td>Dahili fan + havaland\u0131rma delikleri<\/td>\n<\/tr>\n<tr>\n<td><strong>Malzeme<\/strong><\/td>\n<td>Metal g\u00f6vde<\/td>\n<\/tr>\n<tr>\n<td><strong>Ba\u015fvuru<\/strong><\/td>\n<td>3D yaz\u0131c\u0131, motorlu pompa, LED \u015ferit, CCTV, hava kompres\u00f6r\u00fc<\/td>\n<\/tr>\n<\/tbody>\n<\/table>\n<p>Bu y\u00fckseltilmi\u015f 24V g\u00fc\u00e7 kayna\u011f\u0131 \u015funlar\u0131 sa\u011flar: <strong>y\u00fcksek stabilite<\/strong>, <strong>m\u00fckemmel koruma<\/strong>, ve <strong>evrensel uyumluluk<\/strong>, bu da onu \u00e7e\u015fitli DIY, end\u00fcstriyel ve ticari uygulamalar i\u00e7in vazge\u00e7ilmez bir g\u00fc\u00e7 kayna\u011f\u0131 haline getirir.<\/p>\n<p>Bu \u00fcr\u00fcnle ilgili daha fazla bilgi veya teknik destek almak isterseniz, l\u00fctfen \u00e7ekinmeden sorunuz!<\/li>\n<\/ul>\n<p>&nbsp;<\/p>","protected":false},"excerpt":{"rendered":"<p>DIY SMPS 24V 15A 360W G\u00fc\u00e7 Kayna\u011f\u0131, 110V veya 230V AC giri\u015fini kararl\u0131 bir 24V DC \u00e7\u0131k\u0131\u015f\u0131na d\u00f6n\u00fc\u015ft\u00fcrmek i\u00e7in y\u00fcksek performansl\u0131 ve uygun maliyetli bir \u00e7\u00f6z\u00fcmd\u00fcr.<\/p>","protected":false},"featured_media":9661,"comment_status":"open","ping_status":"closed","template":"","meta":[],"product_cat":[332],"product_tag":[],"class_list":{"0":"post-9690","1":"product","2":"type-product","3":"status-publish","4":"has-post-thumbnail","6":"product_brand-ohrija","7":"product_cat-dc-24v-power","8":"product_shipping_class-600w","10":"first","11":"instock","12":"taxable","13":"shipping-taxable","14":"purchasable","15":"product-type-variable","16":"wvs-archive-product-wrapper","17":"col-xs-6 col-sm-4","18":"col-md-3 col-lg-3","19":"un-4-cols"},"jetpack_sharing_enabled":true,"_links":{"self":[{"href":"https:\/\/ohrija.com\/tr\/wp-json\/wp\/v2\/product\/9690","targetHints":{"allow":["GET"]}}],"collection":[{"href":"https:\/\/ohrija.com\/tr\/wp-json\/wp\/v2\/product"}],"about":[{"href":"https:\/\/ohrija.com\/tr\/wp-json\/wp\/v2\/types\/product"}],"replies":[{"embeddable":true,"href":"https:\/\/ohrija.com\/tr\/wp-json\/wp\/v2\/comments?post=9690"}],"version-history":[{"count":0,"href":"https:\/\/ohrija.com\/tr\/wp-json\/wp\/v2\/product\/9690\/revisions"}],"wp:featuredmedia":[{"embeddable":true,"href":"https:\/\/ohrija.com\/tr\/wp-json\/wp\/v2\/media\/9661"}],"wp:attachment":[{"href":"https:\/\/ohrija.com\/tr\/wp-json\/wp\/v2\/media?parent=9690"}],"wp:term":[{"taxonomy":"product_cat","embeddable":true,"href":"https:\/\/ohrija.com\/tr\/wp-json\/wp\/v2\/product_cat?post=9690"},{"taxonomy":"product_tag","embeddable":true,"href":"https:\/\/ohrija.com\/tr\/wp-json\/wp\/v2\/product_tag?post=9690"}],"curies":[{"name":"wp","href":"https:\/\/api.w.org\/{rel}","templated":true}]}}