{"id":9653,"date":"2024-10-21T06:22:17","date_gmt":"2024-10-21T11:22:17","guid":{"rendered":"https:\/\/ohrija.com\/?post_type=product&#038;p=9653"},"modified":"2025-05-30T13:25:05","modified_gmt":"2025-05-30T13:25:05","slug":"12v-30a-360w-power-supply","status":"publish","type":"product","link":"https:\/\/ohrija.com\/tr\/urun\/12v-30a-360w-power-supply\/","title":{"rendered":"Yeni Y\u00fckseltilmi\u015f DIY SMPS 110V 230V AC - DC 12V 30A 360W G\u00fc\u00e7 Kayna\u011f\u0131 Adapt\u00f6r\u00fc, D\u00f6n\u00fc\u015ft\u00fcr\u00fcc\u00fc G\u00fc\u00e7 Kayna\u011f\u0131, Motor Pompas\u0131 CCTV 3D Yaz\u0131c\u0131 Hava Kompres\u00f6r\u00fc Led i\u00e7in DC 12V Gerilim Transformat\u00f6r\u00fc"},"content":{"rendered":"<h4><span style=\"color: #ff0000;\">Uyar\u0131<\/span><\/h4>\n<p>L\u00fctfen gerekli parametreleri ve giri\u015f fi\u015fini onaylay\u0131n. Onaylayam\u0131yorsan\u0131z, l\u00fctfen sat\u0131n almay\u0131n veya destek i\u00e7in m\u00fc\u015fteri hizmetlerine ba\u015fvurun.  Te\u015fekk\u00fcr ederiz!<br \/>\n1. Y\u00fcksek s\u0131cakl\u0131kta, karanl\u0131k ve nemli ortamlarda kullanmay\u0131n.<br \/>\n2. Havaland\u0131r\u0131lan bir ortamda saklay\u0131n.<br \/>\n3. Yan\u0131c\u0131 ve patlay\u0131c\u0131 maddelerden uzak tutun.<\/p>\n<h4>\u00dcr\u00fcn parametreleri<\/h4>\n<ul class=\"a-unordered-list a-vertical a-spacing-mini\">\n<li class=\"a-spacing-mini\"><span class=\"a-list-item\">\u3010YEN\u0130 S\u00dcR\u00dcM AC-DC D\u00d6N\u00dc\u015eT\u00dcR\u00dcC\u00dc\u3011\u0130thal al\u00fcminyum ala\u015f\u0131ml\u0131 g\u00f6vde, dahili kablo entegre tasar\u0131m\u0131, \u00e7ift g\u00fc\u00e7 ba\u011flant\u0131 y\u00f6ntemi ile yeni y\u00fckseltilmi\u015f 360 W d\u00f6n\u00fc\u015ft\u00fcr\u00fcc\u00fc. Kelep\u00e7eli 12 V cihazlar i\u00e7in \u00e7ok kullan\u0131\u015fl\u0131d\u0131r. SWTPWR'nin 30 amperlik g\u00fc\u00e7 kayna\u011f\u0131, UL g\u00fc\u00e7 kablosu, anahtarl\u0131 12 V d\u00f6n\u00fc\u015ft\u00fcr\u00fcc\u00fc, kablo pabu\u00e7lar\u0131, metal klips ve vida ile birlikte gelir. Kelep\u00e7eli cihazlar i\u00e7in son derece kullan\u0131\u015fl\u0131d\u0131r. \u0130ki silindirik konta\u011fa do\u011frudan kelep\u00e7e takabilirsiniz. 12v dc g\u00fc\u00e7 d\u00f6n\u00fc\u015ft\u00fcr\u00fcc\u00fcn\u00fcn patentli bir tasar\u0131m\u0131d\u0131r.<\/span><\/li>\n<li class=\"a-spacing-mini\"><span class=\"a-list-item\">\u3010AKILLI SO\u011eUTMA S\u0130STEM\u0130\u3011360W G\u00fc\u00e7 D\u00f6n\u00fc\u015ft\u00fcr\u00fcc\u00fcler Al\u00fcminyum Kabuk, bir\u00e7ok \u0131s\u0131 yayma deli\u011fi, Dahili So\u011futma fan\u0131 ve toz ge\u00e7irmez a\u011f ile tasarlanm\u0131\u015ft\u0131r, bunlar tozun girmesini etkili bir \u015fekilde \u00f6nler, elektrikli fan\u0131n sabit d\u00f6n\u00fc\u015f\u00fcn\u00fc sa\u011flar ve devre kart\u0131n\u0131n yanmas\u0131n\u0131 \u00f6nler; Ayr\u0131ca, bu 110v ila 12v d\u00f6n\u00fc\u015ft\u00fcr\u00fcc\u00fcn\u00fcn alt\u0131na kaymay\u0131 \u00f6nleyici pedler eklenmi\u015ftir, bu da alt k\u0131sm\u0131n daha iyi \u0131s\u0131 yaymas\u0131n\u0131 ve daha kararl\u0131 \u00e7al\u0131\u015fmas\u0131n\u0131 sa\u011flar.<\/span><\/li>\n<li class=\"a-spacing-mini\"><span class=\"a-list-item\">\u3010G\u00dcVENL\u0130 VE KARARLI, UZUN H\u0130ZMET \u00d6MR\u00dc\u3011Anahtarlama g\u00fc\u00e7 kayna\u011f\u0131 a\u015f\u0131r\u0131 y\u00fck korumas\u0131, a\u015f\u0131r\u0131 voltaj korumas\u0131, ka\u00e7ak korumas\u0131 ve k\u0131sa devre koruma fonksiyonu. 12V D\u00f6n\u00fc\u015ft\u00fcr\u00fcc\u00fc, g\u00fc\u00e7 kablosu ve fi\u015f UL, CE, RoHS Sertifikalar\u0131n\u0131 ge\u00e7mi\u015ftir. Tek Tu\u015fla \u00c7al\u0131\u015ft\u0131rma: K\u0131rm\u0131z\u0131 d\u00fc\u011fmeli a\u00e7ma\/kapama fonksiyonu ile daha g\u00fcvenli ve rahat g\u00fc\u00e7 ba\u015flatma\/durdurma i\u015flemi. Net a\u011f\u0131rl\u0131\u011f\u0131 sadece 2,6 pound (1,18 kg), Hafif ve Ta\u015f\u0131nabilir<\/span><\/li>\n<li class=\"a-spacing-mini\"><span class=\"a-list-item\">\u3010NASIL SE\u00c7\u0130L\u0130R\u3011Tepe g\u00fcc\u00fc 30A, 360W't\u0131r. Bu, 12v g\u00fc\u00e7 kayna\u011f\u0131n\u0131n 360W nominal g\u00fcce uygun oldu\u011fu anlam\u0131na gelmez. Motorlu cihazlarda, ba\u015flang\u0131\u00e7 ak\u0131m\u0131 nominal g\u00fc\u00e7ten \u00e7ok daha y\u00fcksek olacakt\u0131r. LED \u015feritler gibi diren\u00e7li ekipman kullan\u0131yorsan\u0131z, daha y\u00fcksek g\u00fc\u00e7 kullanabilirsiniz, \u00f6rne\u011fin 20A nominal LED'ler de uygundur.<\/span><\/li>\n<li class=\"a-spacing-mini\"><span class=\"a-list-item\">\u3010GEN\u0130\u015e KULLANIM ALANI\u3011LED \u015feritler, 3D yaz\u0131c\u0131 g\u00fc\u00e7 kayna\u011f\u0131, karavan g\u00fc\u00e7 d\u00f6n\u00fc\u015ft\u00fcr\u00fcc\u00fc, CCTV g\u00fc\u00e7 kayna\u011f\u0131, t\u0131bbi g\u00fc\u00e7 kayna\u011f\u0131 i\u00e7in m\u00fckemmel se\u00e7imdir. Ayr\u0131ca end\u00fcstriyel otomasyon ekipmanlar\u0131, araba stereolar\u0131, radyo, motor, bilgisayar projeleri, tekne, nemlendirici, f\u0131r\u00e7as\u0131z motor, ev aletleri, elektronik cihazlarda da kullan\u0131l\u0131r. Otomasyon ekipmanlar\u0131, bilgisayar projeleri-servolar, dikim, ara\u015ft\u0131rma odalar\u0131, hava kompres\u00f6rleri, ekranlar ve di\u011fer 12V cihazlar.<\/span><\/li>\n<\/ul>\n<p><strong>Yeni Y\u00fckseltilmi\u015f DIY SMPS 110V\/230V AC - DC 12V 30A 360W G\u00fc\u00e7 Kayna\u011f\u0131<\/strong><\/p>\n<p>The <strong>12V 30A 360W G\u00fc\u00e7 Kayna\u011f\u0131<\/strong> yeni g\u00fcncellenmi\u015f bir <strong>AC-DC d\u00f6n\u00fc\u015ft\u00fcr\u00fcc\u00fc<\/strong> \u00e7e\u015fitli elektronik ve end\u00fcstriyel uygulamalarda \u00e7ok y\u00f6nl\u00fc kullan\u0131m i\u00e7in tasarlanm\u0131\u015ft\u0131r. A\u015fa\u011f\u0131dakileri sa\u011flar: <strong>kararl\u0131 12V DC \u00e7\u0131k\u0131\u015f<\/strong> en fazla <strong>30A ak\u0131m<\/strong>, destekleyen <strong>360 W g\u00fc\u00e7<\/strong>. Bu g\u00fc\u00e7 kayna\u011f\u0131 her ikisiyle de uyumludur. <strong>110V ve 230V AC giri\u015f<\/strong>, bu da onu k\u00fcresel kullan\u0131m i\u00e7in uygun hale getirir. Sa\u011flam yap\u0131s\u0131, verimli performans\u0131 ve \u00e7ok say\u0131da g\u00fcvenlik \u00f6zelli\u011fi, onu g\u00fc\u00e7 sa\u011flamak i\u00e7in ideal hale getirir. <strong>motorlu pompalar<\/strong>, <strong>CCTV sistemleri<\/strong>, <strong>3D yaz\u0131c\u0131lar<\/strong>, <strong>hava kompres\u00f6rleri<\/strong>, <strong>LED ayd\u0131nlatma<\/strong>, ve di\u011fer DC cihazlar\u0131.<\/p>\n<hr \/>\n<h3><strong>Temel \u00d6zellikler<\/strong><\/h3>\n<ol>\n<li><strong>Evrensel AC Giri\u015fi (110V\/230V AC)<\/strong>\n<ul>\n<li>Geni\u015f bir voltaj giri\u015f aral\u0131\u011f\u0131n\u0131 destekler <strong>110V-230V AC<\/strong>, evsel, end\u00fcstriyel ve uluslararas\u0131 uygulamalarda kullan\u0131m\u0131n\u0131 m\u00fcmk\u00fcn k\u0131lar.<\/li>\n<li>Otomatik voltaj alg\u0131lama, manuel anahtarlama ihtiyac\u0131n\u0131 ortadan kald\u0131r\u0131r.<\/li>\n<\/ul>\n<\/li>\n<li><strong>Y\u00fcksek G\u00fc\u00e7 \u00c7\u0131k\u0131\u015f\u0131 (12V 30A 360W)<\/strong>\n<ul>\n<li><strong>12V DC d\u00fczenlenmi\u015f \u00e7\u0131k\u0131\u015f<\/strong> maksimum ak\u0131m <strong>30A<\/strong> ve toplam \u00e7\u0131k\u0131\u015f g\u00fcc\u00fc <strong>360 W<\/strong>.<\/li>\n<li>Duyarl\u0131 elektronik cihazlar ve y\u00fcksek g\u00fc\u00e7l\u00fc cihazlar i\u00e7in optimum performans sa\u011flayan istikrarl\u0131 ve tutarl\u0131 g\u00fc\u00e7 sa\u011flar.<\/li>\n<\/ul>\n<\/li>\n<li><strong>Anahtarlamal\u0131 G\u00fc\u00e7 Kayna\u011f\u0131 (SMPS) Teknolojisi<\/strong>\n<ul>\n<li>Verimli <strong>anahtarlama teknolojisi<\/strong> enerji kayb\u0131n\u0131 en aza indirerek, geleneksel do\u011frusal g\u00fc\u00e7 kaynaklar\u0131na g\u00f6re daha y\u00fcksek verimlilik (85%-95%) sa\u011flar.<\/li>\n<li>M\u00fckemmel g\u00fc\u00e7 yo\u011funlu\u011funa sahip kompakt, hafif tasar\u0131m, projelerde ve kurulumlarda yer tasarrufu sa\u011flar.<\/li>\n<\/ul>\n<\/li>\n<li><strong>Ak\u0131ll\u0131 So\u011futma Sistemi<\/strong>\n<ul>\n<li><strong>Dahili ak\u0131ll\u0131 so\u011futma fan\u0131<\/strong> sadece i\u00e7 s\u0131cakl\u0131k y\u00fckseldi\u011finde devreye girer, b\u00f6ylece d\u00fc\u015f\u00fck talep d\u00f6nemlerinde sessiz \u00e7al\u0131\u015fma sa\u011flar.<\/li>\n<li>Geli\u015fmi\u015f hava ak\u0131\u015f\u0131 sistemi ve havaland\u0131rma delikleri \u0131s\u0131y\u0131 verimli bir \u015fekilde da\u011f\u0131t\u0131r ve g\u00fcvenli ve istikrarl\u0131 \u00e7al\u0131\u015fmay\u0131 sa\u011flar.<\/li>\n<\/ul>\n<\/li>\n<li><strong>Geli\u015fmi\u015f G\u00fcvenlik Korumalar\u0131<\/strong>\n<ul>\n<li><strong>A\u015f\u0131r\u0131 Y\u00fck Korumas\u0131 (OLP):<\/strong> Ba\u011fl\u0131 y\u00fck 360 W'\u0131 a\u015farsa g\u00fcc\u00fc otomatik olarak keserek cihaz\u0131n zarar g\u00f6rmesini \u00f6nler.<\/li>\n<li><strong>A\u015f\u0131r\u0131 Gerilim Korumas\u0131 (OVP):<\/strong> \u00c7\u0131k\u0131\u015f voltaj\u0131 12V'yi a\u015farsa g\u00fcc\u00fc kapatarak ba\u011fl\u0131 elektronik cihazlar\u0131 korur.<\/li>\n<li><strong>K\u0131sa Devre Korumas\u0131 (SCP):<\/strong> K\u0131sa devre tespit edildi\u011finde g\u00fcc\u00fc an\u0131nda keserek ekipman ar\u0131zas\u0131n\u0131 \u00f6nler.<\/li>\n<li><strong>A\u015f\u0131r\u0131 Is\u0131nma Korumas\u0131 (OTP):<\/strong> Sens\u00f6rler i\u00e7 s\u0131cakl\u0131klar\u0131 izler ve gerekti\u011finde so\u011futma fan\u0131n\u0131 otomatik olarak \u00e7al\u0131\u015ft\u0131r\u0131r.<\/li>\n<\/ul>\n<\/li>\n<li><strong>Dayan\u0131kl\u0131 Metal G\u00f6vde<\/strong>\n<ul>\n<li><strong>A\u011f\u0131r hizmet tipi metal g\u00f6vde<\/strong> pas ve a\u015f\u0131nmaya kar\u015f\u0131 koruma sa\u011flayan korozyon \u00f6nleyici kaplama ile.<\/li>\n<li>\u00c7oklu havaland\u0131rma yuvalar\u0131, uygun hava sirk\u00fclasyonunu sa\u011flar ve i\u00e7 a\u015f\u0131r\u0131 \u0131s\u0131nmay\u0131 \u00f6nler.<\/li>\n<\/ul>\n<\/li>\n<li><strong>LED G\u00fc\u00e7 G\u00f6stergesi<\/strong>\n<ul>\n<li><strong>LED durum g\u00f6stergesi<\/strong> g\u00fc\u00e7 kayna\u011f\u0131n\u0131n \u00e7al\u0131\u015fma durumunu g\u00f6sterir ve g\u00fc\u00e7 sisteminin h\u0131zl\u0131 bir \u015fekilde izlenmesini sa\u011flar.<\/li>\n<\/ul>\n<\/li>\n<li><strong>Kolay Kurulum ve Kullan\u0131c\u0131 Dostu Tasar\u0131m<\/strong>\n<ul>\n<li>A\u00e7\u0131k\u00e7a etiketlenmi\u015f <strong>AC giri\u015fi<\/strong> ve <strong>DC \u00e7\u0131k\u0131\u015f\u0131<\/strong> Basit ba\u011flant\u0131 ve kurulum i\u00e7in vidal\u0131 terminaller.<\/li>\n<li>Kompakt ve hafif tasar\u0131m\u0131 sayesinde DIY projeleri, otomasyon ekipmanlar\u0131 ve at\u00f6lyelerde dar alanlara kolayca s\u0131\u011far.<\/li>\n<\/ul>\n<\/li>\n<li><strong>Geni\u015f Uygulama Alan\u0131<\/strong>\n<ul>\n<li><strong>3D Yaz\u0131c\u0131lar<\/strong>: Sabit 12V DC giri\u015fi gerektiren \u0131s\u0131tmal\u0131 yataklar, ekstruderler ve kontrol panellerini \u00e7al\u0131\u015ft\u0131r\u0131r.<\/li>\n<li><strong>Motorlu Pompalar<\/strong>: DC su pompalar\u0131, hava pompalar\u0131 ve yak\u0131t pompalar\u0131 destekler.<\/li>\n<li><strong>Hava Kompres\u00f6rleri<\/strong>: Lastik \u015fi\u015firmek ve pn\u00f6matik aletleri \u00e7al\u0131\u015ft\u0131rmak i\u00e7in kullan\u0131lan mini hava kompres\u00f6rlerine g\u00fc\u00e7 sa\u011flar.<\/li>\n<li><strong>CCTV Sistemleri<\/strong>: G\u00fcvenlik kameralar\u0131 ve DVR\/NVR sistemleri i\u00e7in s\u00fcrekli g\u00fc\u00e7 sa\u011flar.<\/li>\n<li><strong>LED Ayd\u0131nlatma<\/strong>: B\u00fcy\u00fck LED \u015feritleri, LED tabelalar\u0131 ve LED reklam ekranlar\u0131n\u0131 \u00e7al\u0131\u015ft\u0131rmak i\u00e7in idealdir.<\/li>\n<li><strong>Kendin Yap Elektronik<\/strong>: DIY projeleri, geli\u015ftirme kartlar\u0131 ve laboratuvar testleri i\u00e7in idealdir.<\/li>\n<\/ul>\n<\/li>\n<\/ol>\n<hr \/>\n<h3><strong>\u00dcr\u00fcn \u00d6zellikleri<\/strong><\/h3>\n<table>\n<thead>\n<tr>\n<th><strong>Parametre<\/strong><\/th>\n<th><strong>\u00d6zellikler<\/strong><\/th>\n<\/tr>\n<\/thead>\n<tbody>\n<tr>\n<td><strong>Giri\u015f Gerilimi<\/strong><\/td>\n<td>110V-230V AC (50\/60Hz)<\/td>\n<\/tr>\n<tr>\n<td><strong>\u00c7\u0131k\u0131\u015f Gerilimi<\/strong><\/td>\n<td>12V DC (sabit)<\/td>\n<\/tr>\n<tr>\n<td><strong>\u00c7\u0131k\u0131\u015f Ak\u0131m\u0131<\/strong><\/td>\n<td>30A<\/td>\n<\/tr>\n<tr>\n<td><strong>\u00c7\u0131k\u0131\u015f G\u00fcc\u00fc<\/strong><\/td>\n<td>360 W<\/td>\n<\/tr>\n<tr>\n<td><strong>D\u00f6n\u00fc\u015ft\u00fcrme T\u00fcr\u00fc<\/strong><\/td>\n<td>Anahtar Modu (SMPS)<\/td>\n<\/tr>\n<tr>\n<td><strong>So\u011futma<\/strong><\/td>\n<td>Is\u0131 sens\u00f6rl\u00fc ak\u0131ll\u0131 fan<\/td>\n<\/tr>\n<tr>\n<td><strong>G\u00fcvenlik Korumalar\u0131<\/strong><\/td>\n<td>OLP, OVP, SCP, OTP<\/td>\n<\/tr>\n<tr>\n<td><strong>Konut<\/strong><\/td>\n<td>Havaland\u0131rmal\u0131 metal kasa<\/td>\n<\/tr>\n<tr>\n<td><strong>LED G\u00f6stergesi<\/strong><\/td>\n<td>Evet (G\u00fc\u00e7 durumu \u0131\u015f\u0131\u011f\u0131)<\/td>\n<\/tr>\n<tr>\n<td><strong>Uygulamalar<\/strong><\/td>\n<td>LED \u015feritler, CCTV, motorlar, pompalar, 3D yaz\u0131c\u0131lar vb.<\/td>\n<\/tr>\n<\/tbody>\n<\/table>\n<hr \/>\n<h3><strong>Neden Bu G\u00fc\u00e7 Kayna\u011f\u0131n\u0131 Se\u00e7melisiniz?<\/strong><\/h3>\n<ul>\n<li><strong>\u00c7ok Y\u00f6nl\u00fc G\u00fc\u00e7 Kayna\u011f\u0131<\/strong>: Yetkiler <strong>LED \u015feritler<\/strong>, <strong>3D yaz\u0131c\u0131lar<\/strong>, <strong>CCTV kameralar\u0131<\/strong>, <strong>pompa<\/strong>, <strong>kompres\u00f6rler<\/strong>, ve daha fazlas\u0131.<\/li>\n<li><strong>\u00d6nce G\u00fcvenlik<\/strong>: Yerle\u015fik <strong>a\u015f\u0131r\u0131 y\u00fck, a\u015f\u0131r\u0131 gerilim, k\u0131sa devre ve a\u015f\u0131r\u0131 \u0131s\u0131nma korumas\u0131<\/strong> cihazlar\u0131n\u0131z\u0131 g\u00fcvende tutun.<\/li>\n<li><strong>Ak\u0131ll\u0131 So\u011futma<\/strong>: <strong>Otomatik so\u011futma fan\u0131<\/strong> i\u00e7 s\u0131cakl\u0131\u011fa g\u00f6re ayarlanarak sessiz ve verimli \u00e7al\u0131\u015fmay\u0131 sa\u011flar.<\/li>\n<li><strong>Evrensel Giri\u015f<\/strong>: Her ikisiyle de \u00e7al\u0131\u015f\u0131r <strong>110 V ve 230 V AC<\/strong> giri\u015f, uluslararas\u0131 kullan\u0131m i\u00e7in ideal hale getirir.<\/li>\n<li><strong>Sa\u011flam Tasar\u0131m<\/strong>: <strong>a\u011f\u0131r hizmet tipi metal muhafaza<\/strong> dayan\u0131kl\u0131l\u0131k ve zorlu ortamlara kar\u015f\u0131 koruma sa\u011flar.<\/li>\n<\/ul>\n<p>Bu <strong>12V 30A 360W G\u00fc\u00e7 Kayna\u011f\u0131<\/strong> DIY merakl\u0131lar\u0131, end\u00fcstriyel kullan\u0131c\u0131lar ve profesyoneller i\u00e7in en iyi \u00e7\u00f6z\u00fcmd\u00fcr. <strong>g\u00fc\u00e7l\u00fc, verimli ve g\u00fcvenli AC-DC d\u00f6n\u00fc\u015ft\u00fcr\u00fcc\u00fc<\/strong>. Evrensel giri\u015fi, g\u00fcvenlik \u00f6zellikleri ve ak\u0131ll\u0131 so\u011futma sistemi, LED projeleri, CCTV kurulumlar\u0131, 3D yaz\u0131c\u0131lar ve daha fazlas\u0131n\u0131 \u00e7al\u0131\u015ft\u0131rmak i\u00e7in vazge\u00e7ilmez bir se\u00e7imdir.<\/p>\n<p>Kullan\u0131m\u0131, kurulumu veya uyumlulu\u011fu hakk\u0131nda daha fazla bilgi almak isterseniz, \u00e7ekinmeden sorabilirsiniz!<\/p>","protected":false},"excerpt":{"rendered":"<p>12V 30A 360W G\u00fc\u00e7 Kayna\u011f\u0131, \u00e7e\u015fitli elektronik ve end\u00fcstriyel uygulamalarda \u00e7ok y\u00f6nl\u00fc kullan\u0131m i\u00e7in tasarlanm\u0131\u015f, yeni y\u00fckseltilmi\u015f bir AC-DC d\u00f6n\u00fc\u015ft\u00fcr\u00fcc\u00fcd\u00fcr. 30A ak\u0131ma kadar sabit 12V DC \u00e7\u0131k\u0131\u015f sa\u011flar.<\/p>","protected":false},"featured_media":9658,"comment_status":"open","ping_status":"closed","template":"","meta":[],"product_cat":[331],"product_tag":[],"class_list":{"0":"post-9653","1":"product","2":"type-product","3":"status-publish","4":"has-post-thumbnail","6":"product_brand-ohrija","7":"product_cat-dc-12v-power","8":"product_shipping_class-600w","10":"first","11":"instock","12":"taxable","13":"shipping-taxable","14":"purchasable","15":"product-type-variable","16":"wvs-archive-product-wrapper","17":"col-xs-6 col-sm-4","18":"col-md-3 col-lg-3","19":"un-4-cols"},"jetpack_sharing_enabled":true,"_links":{"self":[{"href":"https:\/\/ohrija.com\/tr\/wp-json\/wp\/v2\/product\/9653","targetHints":{"allow":["GET"]}}],"collection":[{"href":"https:\/\/ohrija.com\/tr\/wp-json\/wp\/v2\/product"}],"about":[{"href":"https:\/\/ohrija.com\/tr\/wp-json\/wp\/v2\/types\/product"}],"replies":[{"embeddable":true,"href":"https:\/\/ohrija.com\/tr\/wp-json\/wp\/v2\/comments?post=9653"}],"version-history":[{"count":0,"href":"https:\/\/ohrija.com\/tr\/wp-json\/wp\/v2\/product\/9653\/revisions"}],"wp:featuredmedia":[{"embeddable":true,"href":"https:\/\/ohrija.com\/tr\/wp-json\/wp\/v2\/media\/9658"}],"wp:attachment":[{"href":"https:\/\/ohrija.com\/tr\/wp-json\/wp\/v2\/media?parent=9653"}],"wp:term":[{"taxonomy":"product_cat","embeddable":true,"href":"https:\/\/ohrija.com\/tr\/wp-json\/wp\/v2\/product_cat?post=9653"},{"taxonomy":"product_tag","embeddable":true,"href":"https:\/\/ohrija.com\/tr\/wp-json\/wp\/v2\/product_tag?post=9653"}],"curies":[{"name":"wp","href":"https:\/\/api.w.org\/{rel}","templated":true}]}}