{"id":9104,"date":"2024-09-20T23:20:13","date_gmt":"2024-09-20T15:20:13","guid":{"rendered":"https:\/\/ohrija.com\/?post_type=product&#038;p=9104"},"modified":"2025-05-30T13:25:03","modified_gmt":"2025-05-30T13:25:03","slug":"24v-power-supply-24v-20a-480w-ac-to-dc","status":"publish","type":"product","link":"https:\/\/ohrija.com\/tr\/urun\/24v-power-supply-24v-20a-480w-ac-to-dc\/","title":{"rendered":"24V G\u00fc\u00e7 Kayna\u011f\u0131 24V 20A 480W AC - DC D\u00f6n\u00fc\u015ft\u00fcr\u00fcc\u00fc 110V\/120V - 24V Transformat\u00f6r LED S\u00fcr\u00fcc\u00fc Ak\u0131ll\u0131 So\u011futma Fan\u0131 LED \u015eerit CCTV ve Ara\u00e7 Cihazlar\u0131 i\u00e7in Tasarlanm\u0131\u015ft\u0131r"},"content":{"rendered":"<h4><span style=\"color: #ff0000;\">Uyar\u0131<\/span><\/h4>\n<p>L\u00fctfen gerekli parametreleri ve giri\u015f fi\u015fini onaylay\u0131n. Onaylayam\u0131yorsan\u0131z, l\u00fctfen sat\u0131n almay\u0131n veya destek i\u00e7in m\u00fc\u015fteri hizmetlerine ba\u015fvurun.  Te\u015fekk\u00fcr ederiz!<br \/>\n1. Y\u00fcksek s\u0131cakl\u0131kta, karanl\u0131k ve nemli ortamlarda kullanmay\u0131n.<br \/>\n2. Havaland\u0131r\u0131lan bir ortamda saklay\u0131n.<br \/>\n3. Yan\u0131c\u0131 ve patlay\u0131c\u0131 maddelerden uzak tutun.<\/p>\n<h4>\u00dcr\u00fcn parametreleri<\/h4>\n<ul class=\"a-unordered-list a-vertical a-spacing-mini\">\n<li class=\"a-spacing-mini\"><span class=\"a-list-item\">\u3010Y\u00fckseltilmi\u015f 110V AC - 24V DC D\u00f6n\u00fc\u015ft\u00fcr\u00fcc\u00fc\u3011Bu kapsaml\u0131 24V g\u00fc\u00e7 kayna\u011f\u0131, hem 110V hem de 220V giri\u015f voltajlar\u0131n\u0131 destekler ve yan anahtar ile sorunsuz bir \u015fekilde de\u011fi\u015ftirilebilir, b\u00f6ylece d\u00fcnya \u00e7ap\u0131nda kullan\u0131labilir. \u00c7\u0131k\u0131\u015f voltaj\u0131 24V ve 5% ayar aral\u0131\u011f\u0131na sahiptir. Nominal g\u00fc\u00e7 480W olmakla birlikte, uzun \u00f6m\u00fcrl\u00fcl\u00fck sa\u011flamak i\u00e7in bu nominal g\u00fcc\u00fcn 80%'den fazlas\u0131n\u0131n kullan\u0131lmamas\u0131 \u00f6nerilir.<\/span><\/li>\n<li class=\"a-spacing-mini\"><span class=\"a-list-item\">\u3010Verimli So\u011futma Tasar\u0131m\u0131na Sahip Dayan\u0131kl\u0131 Al\u00fcminyum Kasa\u3011Al\u00fcminyum kasaya sahip bu AC-DC d\u00f6n\u00fc\u015ft\u00fcr\u00fcc\u00fc 110V-24V, hem dayan\u0131kl\u0131 hem de \u015f\u0131kt\u0131r. \u0130skeletli tasar\u0131m\u0131 sadece esteti\u011fi geli\u015ftirmekle kalmaz, ayn\u0131 zamanda 24V DC g\u00fc\u00e7 kayna\u011f\u0131n\u0131 verimli bir \u015fekilde so\u011futarak verimlili\u011fi art\u0131r\u0131r. Is\u0131 yayma delikleri ve s\u0131cakl\u0131k detekt\u00f6r\u00fc bulunan dahili so\u011futma fan\u0131, i\u00e7 s\u0131cakl\u0131k \u00e7ok y\u00fcksek oldu\u011funda otomatik olarak \u00e7al\u0131\u015fmaya ba\u015flayarak ak\u0131ll\u0131 so\u011futma sa\u011flar.<\/span><\/li>\n<li class=\"a-spacing-mini\"><span class=\"a-list-item\">\u3010Kararl\u0131 G\u00fc\u00e7 Aktar\u0131m\u0131 i\u00e7in Y\u00fcksek Kaliteli \u0130\u00e7 Bile\u015fenler\u3011\u0130\u00e7 bile\u015fenler i\u00e7in, kararl\u0131 g\u00fc\u00e7 aktar\u0131m\u0131 sa\u011flamak, enerji kayb\u0131n\u0131 en aza indirmek ve genel \u00fcr\u00fcn performans\u0131n\u0131 art\u0131rmak i\u00e7in y\u00fcksek kaliteli oksijensiz bobinler ve transformat\u00f6rler kullan\u0131yoruz. Ayr\u0131ca, EMI filtreleme kapasit\u00f6rleri, \u00e7\u0131k\u0131\u015f ak\u0131m\u0131n\u0131n safl\u0131\u011f\u0131n\u0131 korumak i\u00e7in ka\u00e7ak dalgalar\u0131 ve g\u00fc\u00e7 bozukluklar\u0131n\u0131 etkili bir \u015fekilde filtreler. Geli\u015fmi\u015f \u00e7ip tasar\u0131m\u0131 ile ba\u011fl\u0131 cihazlar i\u00e7in kararl\u0131 ve g\u00fcvenli 24 voltluk g\u00fc\u00e7 kayna\u011f\u0131 sa\u011flar.<\/span><\/li>\n<li class=\"a-spacing-mini\"><span class=\"a-list-item\">\u3010G\u00fcvenilir \u00c7al\u0131\u015fma i\u00e7in \u00c7oklu G\u00fcvenlik \u00d6zellikleri\u3011Bu LED S\u00fcr\u00fcc\u00fc, k\u0131sa devre, a\u015f\u0131r\u0131 ak\u0131m, a\u015f\u0131r\u0131 y\u00fck ve a\u015f\u0131r\u0131 s\u0131cakl\u0131k korumas\u0131 dahil olmak \u00fczere \u00e7oklu g\u00fcvenlik \u00f6zelliklerine sahiptir. Durum g\u00f6sterge \u0131\u015f\u0131\u011f\u0131 g\u00f6rsel bir i\u015faret g\u00f6revi g\u00f6r\u00fcr; yand\u0131\u011f\u0131nda normal \u00e7al\u0131\u015fmay\u0131 g\u00f6sterir. I\u015f\u0131k yan\u0131p s\u00f6nmeye ba\u015flarsa, s\u00fcr\u00fcc\u00fcn\u00fcn tasarlanan koruma e\u015fi\u011fini a\u015ft\u0131\u011f\u0131n\u0131 g\u00f6sterir. Bu gibi durumlarda, l\u00fctfen ba\u011fl\u0131 ekipman\u0131 ve g\u00fc\u00e7 giri\u015flerini kontrol edin ve uygun \u00f6nlemleri al\u0131n.<\/span><\/li>\n<li class=\"a-spacing-mini\"><span class=\"a-list-item\">\u3010\u00c7e\u015fitli Uygulamalar i\u00e7in \u00c7ok Y\u00f6nl\u00fc G\u00fc\u00e7 D\u00f6n\u00fc\u015ft\u00fcr\u00fcc\u00fc\u3011Bu \u00e7ok y\u00f6nl\u00fc transformat\u00f6r, LED \u0131\u015f\u0131klar, ev g\u00fcvenlik sistemleri, otomotiv sistemleri, end\u00fcstriyel ekipmanlar ve daha fazlas\u0131 dahil olmak \u00fczere \u00e7ok \u00e7e\u015fitli cihazlar ve senaryolar i\u00e7in tasarlanm\u0131\u015ft\u0131r. 24V g\u00fc\u00e7 d\u00f6n\u00fc\u015ft\u00fcr\u00fcc\u00fcye sahip olan bu \u00fcr\u00fcn, AC'yi DC'ye sorunsuz bir \u015fekilde d\u00f6n\u00fc\u015ft\u00fcrerek, ister evde, ister arabada, ister ba\u015fka bir yerde olun, g\u00fc\u00e7 ihtiya\u00e7lar\u0131n\u0131z i\u00e7in m\u00fckemmel bir yard\u0131mc\u0131d\u0131r.<\/span><\/li>\n<\/ul>","protected":false},"excerpt":{"rendered":"<p>Warning Please confirm the required parameters, input plug . If you cannot confirm, please do not buy or contact customer service for support.\u00a0 Thank you! 1. Do not use in high temperature, dark and humid environment 2. Keep it in a ventilated environment 3. Keep away from flammable and explosive items Product parameters \u3010Upgraded 110V&hellip;<\/p>","protected":false},"featured_media":9107,"comment_status":"open","ping_status":"closed","template":"","meta":[],"product_cat":[332],"product_tag":[],"class_list":{"0":"post-9104","1":"product","2":"type-product","3":"status-publish","4":"has-post-thumbnail","6":"product_brand-ohrija","7":"product_cat-dc-24v-power","8":"product_shipping_class-180w","10":"first","11":"instock","12":"taxable","13":"shipping-taxable","14":"purchasable","15":"product-type-variable","16":"wvs-archive-product-wrapper","17":"col-xs-6 col-sm-4","18":"col-md-3 col-lg-3","19":"un-4-cols"},"jetpack_sharing_enabled":true,"_links":{"self":[{"href":"https:\/\/ohrija.com\/tr\/wp-json\/wp\/v2\/product\/9104","targetHints":{"allow":["GET"]}}],"collection":[{"href":"https:\/\/ohrija.com\/tr\/wp-json\/wp\/v2\/product"}],"about":[{"href":"https:\/\/ohrija.com\/tr\/wp-json\/wp\/v2\/types\/product"}],"replies":[{"embeddable":true,"href":"https:\/\/ohrija.com\/tr\/wp-json\/wp\/v2\/comments?post=9104"}],"version-history":[{"count":0,"href":"https:\/\/ohrija.com\/tr\/wp-json\/wp\/v2\/product\/9104\/revisions"}],"wp:featuredmedia":[{"embeddable":true,"href":"https:\/\/ohrija.com\/tr\/wp-json\/wp\/v2\/media\/9107"}],"wp:attachment":[{"href":"https:\/\/ohrija.com\/tr\/wp-json\/wp\/v2\/media?parent=9104"}],"wp:term":[{"taxonomy":"product_cat","embeddable":true,"href":"https:\/\/ohrija.com\/tr\/wp-json\/wp\/v2\/product_cat?post=9104"},{"taxonomy":"product_tag","embeddable":true,"href":"https:\/\/ohrija.com\/tr\/wp-json\/wp\/v2\/product_tag?post=9104"}],"curies":[{"name":"wp","href":"https:\/\/api.w.org\/{rel}","templated":true}]}}