{"id":7227,"date":"2024-05-17T20:49:00","date_gmt":"2024-05-17T12:49:00","guid":{"rendered":"https:\/\/ohrija.com\/?post_type=product&#038;p=7227"},"modified":"2025-05-30T13:10:08","modified_gmt":"2025-05-30T13:10:08","slug":"ezgo-club-golf-cart-charger-plug","status":"publish","type":"product","link":"https:\/\/ohrija.com\/tr\/urun\/ezgo-club-golf-cart-charger-plug\/","title":{"rendered":"Golf Konekt\u00f6r Aksesuarlar\u0131 EZGO TXT EZGO RXV CLUB CAR EZGO DCS YAMAHA G19 Crowfoot"},"content":{"rendered":"<p><strong>1#Crowfoot (1016433-01)<\/strong><\/p>\n<p><strong>2#Crowfoot (EX-0005)<\/strong><\/p>\n<p><strong>3#CLUB CAR (101828901)<\/strong><\/p>\n<p><strong>4#EZGO DCS (SB50 Anderson ) (18972-G1+28030-G01)<\/strong><\/p>\n<p><strong>5#EZGO TXT (TXT Powerwise \u201cD\u201d tarz\u0131 fi\u015f) (73345-G01)<\/strong><\/p>\n<p><strong>6#EZGO 48V TXT (DC Powerwise \u015earj Cihaz\u0131 Fi\u015fi (Dikd\u00f6rtgen Stil Fi\u015f Kolu) (73051-G20)<\/strong><\/p>\n<p><strong>7#EZGO RXV (611219)<\/strong><\/p>\n<p><strong>8#YAMAHA G19 (2PIN YAMAHA) (JR1-H235A-00)<\/strong><\/p>\n<p><strong>9#YAMAHA G29 (3PIN YAMAHA) (JW9-82174-00)<\/strong><\/p>\n<p>&nbsp;<\/p>","protected":false},"excerpt":{"rendered":"<p>ezgo rxv golf arabas\u0131, Golf Konekt\u00f6r Aksesuarlar\u0131 EZGO TXT EZGO RXV CLUB CAR EZGO DCS YAMAHA G19 Crowfoot golf arabas\u0131 \u015farj fi\u015fi<\/p>","protected":false},"featured_media":7133,"comment_status":"open","ping_status":"closed","template":"","meta":[],"product_cat":[312],"product_tag":[],"class_list":{"0":"post-7227","1":"product","2":"type-product","3":"status-publish","4":"has-post-thumbnail","6":"product_brand-ohrija","7":"product_cat-golf-cart-charger-output-connector","8":"product_shipping_class-0-5","10":"first","11":"instock","12":"taxable","13":"shipping-taxable","14":"purchasable","15":"product-type-variable","16":"wvs-archive-product-wrapper","17":"col-xs-6 col-sm-4","18":"col-md-3 col-lg-3","19":"un-4-cols"},"jetpack_sharing_enabled":true,"_links":{"self":[{"href":"https:\/\/ohrija.com\/tr\/wp-json\/wp\/v2\/product\/7227","targetHints":{"allow":["GET"]}}],"collection":[{"href":"https:\/\/ohrija.com\/tr\/wp-json\/wp\/v2\/product"}],"about":[{"href":"https:\/\/ohrija.com\/tr\/wp-json\/wp\/v2\/types\/product"}],"replies":[{"embeddable":true,"href":"https:\/\/ohrija.com\/tr\/wp-json\/wp\/v2\/comments?post=7227"}],"version-history":[{"count":0,"href":"https:\/\/ohrija.com\/tr\/wp-json\/wp\/v2\/product\/7227\/revisions"}],"wp:featuredmedia":[{"embeddable":true,"href":"https:\/\/ohrija.com\/tr\/wp-json\/wp\/v2\/media\/7133"}],"wp:attachment":[{"href":"https:\/\/ohrija.com\/tr\/wp-json\/wp\/v2\/media?parent=7227"}],"wp:term":[{"taxonomy":"product_cat","embeddable":true,"href":"https:\/\/ohrija.com\/tr\/wp-json\/wp\/v2\/product_cat?post=7227"},{"taxonomy":"product_tag","embeddable":true,"href":"https:\/\/ohrija.com\/tr\/wp-json\/wp\/v2\/product_tag?post=7227"}],"curies":[{"name":"wp","href":"https:\/\/api.w.org\/{rel}","templated":true}]}}