{"id":37291,"date":"2026-03-16T11:13:50","date_gmt":"2026-03-16T11:13:50","guid":{"rendered":"https:\/\/ohrija.com\/?post_type=product&#038;p=37291"},"modified":"2026-04-15T05:48:22","modified_gmt":"2026-04-15T05:48:22","slug":"ohrija-58-8v-2a-lithium-battery-charger","status":"publish","type":"product","link":"https:\/\/ohrija.com\/tr\/urun\/ohrija-58-8v-2a-lithium-battery-charger\/","title":{"rendered":"OHRIJA 48V Elektrikli Scooter\/Dengeleme Arac\u0131\/Elektrikli Ara\u00e7 i\u00e7in 58.8V 2A Al\u00fcminyum Ala\u015f\u0131ml\u0131 Lityum Pil \u015earj Cihaz\u0131 (14 Serisi 48V Lityum Pil)"},"content":{"rendered":"<h2><span style=\"color: #ff0000;\">Uyar\u0131<\/span><\/h2>\n<p>L\u00fctfen gerekli parametreleri, giri\u015f fi\u015fini ve \u00e7\u0131k\u0131\u015f konekt\u00f6r\u00fcn\u00fc onaylay\u0131n. Onaylayam\u0131yorsan\u0131z, l\u00fctfen sat\u0131n almay\u0131n veya destek i\u00e7in m\u00fc\u015fteri hizmetlerine ba\u015fvurun. Te\u015fekk\u00fcr ederiz!<br \/>\n1. Y\u00fcksek s\u0131cakl\u0131kta, karanl\u0131k ve nemli ortamlarda kullanmay\u0131n.<br \/>\n2. Havaland\u0131r\u0131lan bir ortamda saklay\u0131n.<br \/>\n3. Yan\u0131c\u0131 ve patlay\u0131c\u0131 maddelerden uzak tutun.<\/p>\n<h3>\u00dcr\u00fcn Parametreleri<\/h3>\n<p>\u00dcr\u00fcn modeli: HRH120<br \/>\n\u00dcr\u00fcn malzemesi: al\u00fcminyum ala\u015f\u0131ml\u0131 kabuk<br \/>\n\u00c7\u0131k\u0131\u015f voltaj\u0131: maksimum 58,8 V \u00b10,2 V<br \/>\n\u00c7\u0131k\u0131\u015f ak\u0131m\u0131: maksimum 2Amp \u00b10.2a<br \/>\n\u00dcr\u00fcn boyutu: 136*66*40MM 0.4kg<br \/>\nUygulanabilir pil t\u00fcr\u00fc: 14S 51,8 V lityum iyon pil<br \/>\n\u00c7al\u0131\u015fma g\u00fcc\u00fc: maksimum 110W<br \/>\nRenk: siyah, g\u00fcm\u00fc\u015f<br \/>\nGiri\u015f fi\u015fi: ABD, AB, \u0130ngiltere, Avustralya (yerel standartlara g\u00f6re do\u011fru fi\u015fi se\u00e7in)<br \/>\n\u00c7\u0131k\u0131\u015f konekt\u00f6r\u00fc: DC2.1 -| DC5.5*2.5 | GX16 1+3- | XLR | IEC C13 | DC8mm (\u00d6zelle\u015ftirilmi\u015f OEM deste\u011fi)<br \/>\nPaket: \u015farj cihaz\u0131*1, DC 1 m \u00e7\u0131k\u0131\u015f kablosu*1, giri\u015f kablosu 1 m*1, kullan\u0131m k\u0131lavuzu*1<\/p>\n<h3>\u00d6nemli noktalar<\/h3>\n<p>Tamamen al\u00fcminyum g\u00f6vde Al\u00fcminyum ala\u015f\u0131ml\u0131 kabuk, h\u0131zl\u0131 \u0131s\u0131 da\u011f\u0131l\u0131m\u0131, darbeye dayan\u0131kl\u0131 ve dayan\u0131kl\u0131<br \/>\nAk\u0131ll\u0131 \u015farj Otomatik sabit ak\u0131m ve sabit voltaj, doldu\u011funda \u015farj\u0131 otomatik olarak durdurur, a\u015f\u0131r\u0131 \u015farj olmaz<br \/>\n\u00c7oklu koruma A\u015f\u0131r\u0131 gerilim\/a\u015f\u0131r\u0131 ak\u0131m\/k\u0131sa devre\/ters ba\u011flant\u0131\/d\u00f6rtl\u00fc koruma<br \/>\nG\u00f6sterge \u0131\u015f\u0131klar\u0131 \u015earj i\u00e7in k\u0131rm\u0131z\u0131 \u0131\u015f\u0131k, tam \u015farj i\u00e7in ye\u015fil \u0131\u015f\u0131k, bir bak\u0131\u015fta net durum<br \/>\nFans\u0131z sessiz<\/p>\n<h3>Sat\u0131n Alma Talimatlar\u0131 \/ SSS<\/h3>\n<p><strong>\u00a0<\/strong><\/p>\n<p>&nbsp;<\/p>\n<p>S1: Al\u00fcminyum ala\u015f\u0131ml\u0131 \u015farj cihaz\u0131 ile s\u0131radan \u015farj cihaz\u0131 aras\u0131ndaki farklar nelerdir?<br \/>\nC: Temel fark \u0131s\u0131 da\u011f\u0131l\u0131m\u0131 ve dayan\u0131kl\u0131l\u0131kta yatmaktad\u0131r. Al\u00fcminyum g\u00f6vde, y\u00fcksek s\u0131cakl\u0131ktaki ortamlarda veya uzun s\u00fcre s\u00fcrekli \u015farj gerektiren senaryolarda (garajlar, fabrika montaj hatlar\u0131 gibi) kullan\u0131m i\u00e7in uygun olan b\u00fcy\u00fck bir \u0131s\u0131 emici g\u00f6revi g\u00f6r\u00fcr. Ayr\u0131ca, metal g\u00f6vde darbeye ve bas\u0131nca dayan\u0131kl\u0131d\u0131r ve kullan\u0131m \u00f6mr\u00fc tipik olarak s\u0131radan plastik g\u00f6vdelerin 2-3 kat\u0131d\u0131r.<br \/>\nS2: Bu \u015farj cihaz\u0131 su ge\u00e7irmez mi?<br \/>\nC: G\u00f6vde, su damlac\u0131klar\u0131n\u0131n ve tozun her y\u00f6nden girmesini \u00f6nleyebilen IP54 seviyesinde korumaya sahiptir. Ancak suya bat\u0131r\u0131ld\u0131\u011f\u0131nda kullan\u0131lamaz. Tam su ge\u00e7irmezlik (IP67) gerekiyorsa, kaps\u00fclleme tutkal\u0131 ile m\u00fch\u00fcrl\u00fc bir versiyonu \u00f6zelle\u015ftirmek i\u00e7in l\u00fctfen m\u00fc\u015fteri hizmetleri ile ileti\u015fime ge\u00e7in.<br \/>\nS3: Ak\u00fcm 48V 30Ah. 2A \u015farj oran\u0131 \u00e7ok mu yava\u015f olur?<br \/>\nC: 2A standart bir \u015farj ak\u0131m\u0131d\u0131r (0,05C - 0,1C). 30Ah'lik bir ak\u00fc i\u00e7in yava\u015f \u015farj olarak kabul edilir. Uzun zaman almas\u0131na ra\u011fmen (yakla\u015f\u0131k 15 saat), ak\u00fcn\u00fcn \u00e7evrim \u00f6mr\u00fcn\u00fc uzatmak i\u00e7in en faydal\u0131 olan\u0131d\u0131r. H\u0131zl\u0131 \u015farja ihtiyac\u0131n\u0131z varsa, 5A veya 8A versiyonunu se\u00e7meniz \u00f6nerilir (pilin h\u0131zl\u0131 \u015farj\u0131 destekledi\u011finden emin olun).<br \/>\nS4: Al\u00fcminyum kasa elektrik ka\u00e7a\u011f\u0131na neden olur mu?<br \/>\nC: Kesinlikle hay\u0131r. Bu \u015farj cihaz\u0131, birincil ve ikincil devreler aras\u0131nda s\u0131k\u0131 bir izolasyona sahip anahtarlamal\u0131 bir g\u00fc\u00e7 kayna\u011f\u0131 olarak tasarlanm\u0131\u015ft\u0131r.<br \/>\nS5: Garanti politikas\u0131 nedir?<br \/>\nC: Al\u00fcminyum versiyon 12 ay garantilidir. \u0130lk y\u0131l i\u00e7inde, insan kaynakl\u0131 olmayan hasarlar i\u00e7in \u00fccretsiz onar\u0131m veya de\u011fi\u015ftirme sunulur ve \u00f6m\u00fcr boyu teknik destek sa\u011flan\u0131r.<\/p>\n<p>&nbsp;<\/p>\n<p>.<\/p>","protected":false},"excerpt":{"rendered":"<p>58.8V 2A \u015farj cihaz\u0131, 14 serisi (14S) 51.8V lityum pil paketleri i\u00e7in \u00f6zel olarak tasarlanm\u0131\u015ft\u0131r. Elektrikli bisikletler, elektrikli scooterlar, denge bisikletleri, ya\u015fl\u0131 mobilite ara\u00e7lar\u0131 ve \u00e7e\u015fitli DIY lityum pil paketleri i\u00e7in yayg\u0131n olarak uygulanabilir. Is\u0131 da\u011f\u0131l\u0131m\u0131 ve dayan\u0131kl\u0131l\u0131\u011f\u0131 birle\u015ftiren tamamen al\u00fcminyum bir kasaya sahiptir, bu da onu seyahat ekipman\u0131n\u0131z i\u00e7in ideal bir g\u00fc\u00e7 orta\u011f\u0131 haline getirir<\/p>","protected":false},"featured_media":37300,"comment_status":"open","ping_status":"closed","template":"","meta":[],"product_cat":[285,1692],"product_tag":[],"class_list":{"0":"post-37291","1":"product","2":"type-product","3":"status-publish","4":"has-post-thumbnail","6":"product_brand-ohrija","7":"product_cat-14s-58-8v-charger","8":"product_cat-electric-scooter-battery-charger","9":"product_shipping_class-180w","11":"first","12":"instock","13":"taxable","14":"shipping-taxable","15":"purchasable","16":"product-type-variable","17":"wvs-archive-product-wrapper","18":"col-xs-6 col-sm-4","19":"col-md-3 col-lg-3","20":"un-4-cols"},"jetpack_sharing_enabled":true,"_links":{"self":[{"href":"https:\/\/ohrija.com\/tr\/wp-json\/wp\/v2\/product\/37291","targetHints":{"allow":["GET"]}}],"collection":[{"href":"https:\/\/ohrija.com\/tr\/wp-json\/wp\/v2\/product"}],"about":[{"href":"https:\/\/ohrija.com\/tr\/wp-json\/wp\/v2\/types\/product"}],"replies":[{"embeddable":true,"href":"https:\/\/ohrija.com\/tr\/wp-json\/wp\/v2\/comments?post=37291"}],"version-history":[{"count":1,"href":"https:\/\/ohrija.com\/tr\/wp-json\/wp\/v2\/product\/37291\/revisions"}],"predecessor-version":[{"id":37301,"href":"https:\/\/ohrija.com\/tr\/wp-json\/wp\/v2\/product\/37291\/revisions\/37301"}],"wp:featuredmedia":[{"embeddable":true,"href":"https:\/\/ohrija.com\/tr\/wp-json\/wp\/v2\/media\/37300"}],"wp:attachment":[{"href":"https:\/\/ohrija.com\/tr\/wp-json\/wp\/v2\/media?parent=37291"}],"wp:term":[{"taxonomy":"product_cat","embeddable":true,"href":"https:\/\/ohrija.com\/tr\/wp-json\/wp\/v2\/product_cat?post=37291"},{"taxonomy":"product_tag","embeddable":true,"href":"https:\/\/ohrija.com\/tr\/wp-json\/wp\/v2\/product_tag?post=37291"}],"curies":[{"name":"wp","href":"https:\/\/api.w.org\/{rel}","templated":true}]}}