{"id":35392,"date":"2025-12-12T09:05:17","date_gmt":"2025-12-12T09:05:17","guid":{"rendered":"https:\/\/ohrija.com\/?post_type=product&#038;p=35392"},"modified":"2026-02-10T19:19:38","modified_gmt":"2026-02-10T19:19:38","slug":"ohrija-48v-lithium-golf-cart-battery-chargers","status":"publish","type":"product","link":"https:\/\/ohrija.com\/tr\/urun\/ohrija-48v-lithium-golf-cart-battery-chargers\/","title":{"rendered":"OHRIJA 54,75 V 15 A Golf Arabas\u0131 \u015earj Cihazlar\u0131 48 V Lityum Golf Arabas\u0131 Ak\u00fc \u015earj Cihazlar\u0131 Lifepo4 Golf Arabas\u0131 \u015earj Cihazlar\u0131"},"content":{"rendered":"<h4><span style=\"color: #ff0000;\">Uyar\u0131<\/span><\/h4>\n<p>L\u00fctfen gerekli parametreleri, giri\u015f fi\u015fini ve \u00e7\u0131k\u0131\u015f konekt\u00f6r\u00fcn\u00fc onaylay\u0131n. Onaylayam\u0131yorsan\u0131z, l\u00fctfen sat\u0131n almay\u0131n veya destek i\u00e7in m\u00fc\u015fteri hizmetlerine ba\u015fvurun. Te\u015fekk\u00fcr ederiz!<br \/>\n1. Y\u00fcksek s\u0131cakl\u0131kta, karanl\u0131k ve nemli ortamlarda kullanmay\u0131n.<br \/>\n2. Havaland\u0131r\u0131lan bir ortamda saklay\u0131n.<br \/>\n3. Yan\u0131c\u0131 ve patlay\u0131c\u0131 maddelerden uzak tutun.<\/p>\n<h4>\u00dcr\u00fcn parametreleri<\/h4>\n<p>\u00dcr\u00fcn modeli: HRH900N<br \/>\n\u00dcr\u00fcn malzemesi: al\u00fcminyum ala\u015f\u0131ml\u0131 kabuk<br \/>\n\u00c7\u0131k\u0131\u015f gerilimi: maksimum 54,75 \u00b10,2v<br \/>\n\u00c7\u0131k\u0131\u015f ak\u0131m\u0131: maksimum 15A \u00b10,2a<br \/>\n\u00dcr\u00fcn boyutu: 212*93,5*60 mm 1,2 kg<br \/>\nUygulanabilir ak\u00fc tipi: 15S 48V Lifepo4 pil<br \/>\n\u00c7al\u0131\u015fma g\u00fcc\u00fc: maksimum 900W<br \/>\nRenk: siyah<br \/>\nGiri\u015f fi\u015fi: ABD, AB, \u0130ngiltere, Avustralya (yerel standartlara g\u00f6re do\u011fru fi\u015fi se\u00e7in)<br \/>\n\u00c7\u0131k\u0131\u015f konekt\u00f6r\u00fc: CLUB CAR (101828901) | YAMAHA G19 (2PIN YAMAHA) (JR1-H235A-00 | EZGO 48V TXT (DC Powerwise \u015earj Cihaz\u0131 Fi\u015fi (Dikd\u00f6rtgen Stil Fi\u015f Kolu) (73051-G20) |EZGO RXV (611219) |YAMAHA G29 (3PIN YAMAHA) (JW9-82174-00) | Crowfoot (EX-0005) (ak\u00fc portuna g\u00f6re do\u011fru konekt\u00f6r\u00fc se\u00e7in)<br \/>\nPaket: \u015farj cihaz\u0131 * 1, DC 1 m \u00e7\u0131k\u0131\u015f kablosu * 1, giri\u015f kablosu 1 m * 1, kullan\u0131m k\u0131lavuzu * 1<br \/>\nUygulanabilir cihazlar: 15 h\u00fccreli Lifepo4 pil, 54,75V \u00b10,2V de\u011ferinde tam \u015farjl\u0131.<\/p>","protected":false},"excerpt":{"rendered":"<p>54,75 V 15 A Golf Arabas\u0131 \u015earj Cihazlar\u0131, al\u00fcminyum ala\u015f\u0131ml\u0131 malzeme, 48 V Lifepo4 pili \u015farj edebilir<\/p>","protected":false},"featured_media":35454,"comment_status":"open","ping_status":"closed","template":"","meta":[],"product_cat":[299,310],"product_tag":[],"class_list":{"0":"post-35392","1":"product","2":"type-product","3":"status-publish","4":"has-post-thumbnail","6":"product_brand-ohrija","7":"product_cat-48v-golf-charger","8":"product_cat-48v-lifepo4-golf-charger","9":"product_shipping_class-600w","11":"first","12":"instock","13":"taxable","14":"shipping-taxable","15":"purchasable","16":"product-type-variable","17":"wvs-archive-product-wrapper","18":"col-xs-6 col-sm-4","19":"col-md-3 col-lg-3","20":"un-4-cols"},"jetpack_sharing_enabled":true,"_links":{"self":[{"href":"https:\/\/ohrija.com\/tr\/wp-json\/wp\/v2\/product\/35392","targetHints":{"allow":["GET"]}}],"collection":[{"href":"https:\/\/ohrija.com\/tr\/wp-json\/wp\/v2\/product"}],"about":[{"href":"https:\/\/ohrija.com\/tr\/wp-json\/wp\/v2\/types\/product"}],"replies":[{"embeddable":true,"href":"https:\/\/ohrija.com\/tr\/wp-json\/wp\/v2\/comments?post=35392"}],"version-history":[{"count":0,"href":"https:\/\/ohrija.com\/tr\/wp-json\/wp\/v2\/product\/35392\/revisions"}],"wp:featuredmedia":[{"embeddable":true,"href":"https:\/\/ohrija.com\/tr\/wp-json\/wp\/v2\/media\/35454"}],"wp:attachment":[{"href":"https:\/\/ohrija.com\/tr\/wp-json\/wp\/v2\/media?parent=35392"}],"wp:term":[{"taxonomy":"product_cat","embeddable":true,"href":"https:\/\/ohrija.com\/tr\/wp-json\/wp\/v2\/product_cat?post=35392"},{"taxonomy":"product_tag","embeddable":true,"href":"https:\/\/ohrija.com\/tr\/wp-json\/wp\/v2\/product_tag?post=35392"}],"curies":[{"name":"wp","href":"https:\/\/api.w.org\/{rel}","templated":true}]}}