{"id":30224,"date":"2025-12-05T12:31:01","date_gmt":"2025-12-05T12:31:01","guid":{"rendered":"https:\/\/ohrija.com\/?post_type=product&#038;p=30224"},"modified":"2025-12-06T07:34:26","modified_gmt":"2025-12-06T07:34:26","slug":"ohrija-24v-lithium-ion-battery-charger-25-2v-20a-charger","status":"publish","type":"product","link":"https:\/\/ohrija.com\/tr\/urun\/ohrija-24v-lithium-ion-battery-charger-25-2v-20a-charger\/","title":{"rendered":"OHRIJA 24v lityum iyon pil \u015farj cihaz\u0131 25,2V 20A \u015farj cihaz\u0131, 6S 22,2V Li-ion Pil \u015earj Cihazlar\u0131 i\u00e7in uygundur."},"content":{"rendered":"<h4><span style=\"color: #ff0000;\">Uyar\u0131<\/span><\/h4>\n<p>L\u00fctfen gerekli parametreleri, giri\u015f fi\u015fini ve \u00e7\u0131k\u0131\u015f konekt\u00f6r\u00fcn\u00fc onaylay\u0131n. Onaylayam\u0131yorsan\u0131z, l\u00fctfen sat\u0131n almay\u0131n veya destek i\u00e7in m\u00fc\u015fteri hizmetlerine ba\u015fvurun. Te\u015fekk\u00fcr ederiz!<br \/>\n1. Y\u00fcksek s\u0131cakl\u0131kta, karanl\u0131k ve nemli ortamlarda kullanmay\u0131n.<br \/>\n2. Havaland\u0131r\u0131lan bir ortamda saklay\u0131n.<br \/>\n3. Yan\u0131c\u0131 ve patlay\u0131c\u0131 maddelerden uzak tutun.<\/p>\n<h4>\u00dcr\u00fcn parametreleri<\/h4>\n<p>\u00dcr\u00fcn modeli: HRH900N<br \/>\n\u00dcr\u00fcn malzemesi: al\u00fcminyum ala\u015f\u0131ml\u0131 kabuk<br \/>\n\u00c7\u0131k\u0131\u015f voltaj\u0131: maksimum 25,2 V \u00b10,2 V<br \/>\n\u00c7\u0131k\u0131\u015f ak\u0131m\u0131: maksimum 20A \u00b10.2a<br \/>\n\u00dcr\u00fcn boyutu: 212*93,5*60 mm 1,2 kg<br \/>\nUygulanabilir pil t\u00fcr\u00fc: 6S 22,2 V lityum iyon pil<br \/>\n\u00c7al\u0131\u015fma g\u00fcc\u00fc: maksimum 630W<br \/>\nRenk: siyah<br \/>\nGiri\u015f fi\u015fi: ABD, AB, \u0130ngiltere, Avustralya (yerel standartlara g\u00f6re do\u011fru fi\u015fi se\u00e7in)<br \/>\n\u00c7\u0131k\u0131\u015f konekt\u00f6r\u00fc: XT60 | XT90 | Timsah Klipsi |45A |Anderson 50A | Tel Burun | F\u0130\u015e YOK (pil ba\u011flant\u0131 noktas\u0131na g\u00f6re do\u011fru konekt\u00f6r\u00fc se\u00e7in)<br \/>\nPaket: \u015farj cihaz\u0131 * 1, DC 1 m \u00e7\u0131k\u0131\u015f kablosu * 1, giri\u015f kablosu 1 m * 1, kullan\u0131m k\u0131lavuzu * 1<br \/>\nUygulanabilir cihazlar: 6 h\u00fccreli lityum-iyon pil, 25,2V \u00b10,2V'de tam \u015farjl\u0131.<\/p>","protected":false},"excerpt":{"rendered":"<p>25,2 V lityum iyon pil \u015farj cihaz\u0131, Li iyon pil \u015farj cihaz\u0131, al\u00fcminyum ala\u015f\u0131ml\u0131 malzeme, dahili ayarlanabilir d\u00fc\u011fme, voltaj ve ak\u0131m\u0131 kalibre edebilir, 6S 22,2 V Li-ion Pil \u015earj Cihazlar\u0131n\u0131 \u015farj edebilir.<\/p>","protected":false},"featured_media":30295,"comment_status":"open","ping_status":"closed","template":"","meta":[],"product_cat":[277],"product_tag":[],"class_list":{"0":"post-30224","1":"product","2":"type-product","3":"status-publish","4":"has-post-thumbnail","6":"product_brand-ohrija","7":"product_cat-6s-25-2v-charger","8":"product_shipping_class-600w","10":"first","11":"instock","12":"taxable","13":"shipping-taxable","14":"purchasable","15":"product-type-variable","16":"wvs-archive-product-wrapper","17":"col-xs-6 col-sm-4","18":"col-md-3 col-lg-3","19":"un-4-cols"},"jetpack_sharing_enabled":true,"_links":{"self":[{"href":"https:\/\/ohrija.com\/tr\/wp-json\/wp\/v2\/product\/30224","targetHints":{"allow":["GET"]}}],"collection":[{"href":"https:\/\/ohrija.com\/tr\/wp-json\/wp\/v2\/product"}],"about":[{"href":"https:\/\/ohrija.com\/tr\/wp-json\/wp\/v2\/types\/product"}],"replies":[{"embeddable":true,"href":"https:\/\/ohrija.com\/tr\/wp-json\/wp\/v2\/comments?post=30224"}],"version-history":[{"count":0,"href":"https:\/\/ohrija.com\/tr\/wp-json\/wp\/v2\/product\/30224\/revisions"}],"wp:featuredmedia":[{"embeddable":true,"href":"https:\/\/ohrija.com\/tr\/wp-json\/wp\/v2\/media\/30295"}],"wp:attachment":[{"href":"https:\/\/ohrija.com\/tr\/wp-json\/wp\/v2\/media?parent=30224"}],"wp:term":[{"taxonomy":"product_cat","embeddable":true,"href":"https:\/\/ohrija.com\/tr\/wp-json\/wp\/v2\/product_cat?post=30224"},{"taxonomy":"product_tag","embeddable":true,"href":"https:\/\/ohrija.com\/tr\/wp-json\/wp\/v2\/product_tag?post=30224"}],"curies":[{"name":"wp","href":"https:\/\/api.w.org\/{rel}","templated":true}]}}