{"id":27401,"date":"2025-04-22T07:42:21","date_gmt":"2025-04-22T07:42:21","guid":{"rendered":"https:\/\/ohrija.com\/?post_type=product&#038;p=27401"},"modified":"2025-04-22T07:50:03","modified_gmt":"2025-04-22T07:50:03","slug":"ohrija-36-volt-golf-cart-charger-36v-15a","status":"publish","type":"product","link":"https:\/\/ohrija.com\/tr\/urun\/ohrija-36-volt-golf-cart-charger-36v-15a\/","title":{"rendered":"OHRIJA Su ge\u00e7irmez \u015farj cihaz\u0131 36 volt golf arabas\u0131 Ak\u00fc \u015earj Cihaz\u0131 36V 15A 20A 25A, 41,4V Kur\u015fun Asit ak\u00fcler i\u00e7in uygundur."},"content":{"rendered":"<h4><span style=\"color: #ff0000;\">Uyar\u0131<\/span><\/h4>\n<p>L\u00fctfen gerekli parametreleri, giri\u015f fi\u015fini ve \u00e7\u0131k\u0131\u015f konekt\u00f6r\u00fcn\u00fc onaylay\u0131n. Onaylayam\u0131yorsan\u0131z, l\u00fctfen sat\u0131n almay\u0131n veya destek i\u00e7in m\u00fc\u015fteri hizmetlerine ba\u015fvurun. Te\u015fekk\u00fcr ederiz!<br \/>\n1. Y\u00fcksek s\u0131cakl\u0131kta, karanl\u0131k ve nemli ortamlarda kullanmay\u0131n.<br \/>\n2. Havaland\u0131r\u0131lan bir ortamda saklay\u0131n.<br \/>\n3. Yan\u0131c\u0131 ve patlay\u0131c\u0131 maddelerden uzak tutun.<\/p>\n<h4>\u00dcr\u00fcn Parametreleri<\/h4>\n<p>\u00dcr\u00fcn modeli: HRH900-1200<br \/>\n\u00dcr\u00fcn malzemesi: al\u00fcminyum ala\u015f\u0131ml\u0131 kabuk<br \/>\n\u00c7\u0131k\u0131\u015f voltaj\u0131: maksimum 41,4 V\/44,1 V \u00b1 0,2 V<br \/>\n\u00c7\u0131k\u0131\u015f ak\u0131m\u0131: maksimum 15-25Amp \u00b10,2a<br \/>\n\u00dcr\u00fcn boyutu: 285*197*85MM 3,5 kg<br \/>\nUygulanabilir pil tipi: 36V Kur\u015fun Asit pil<br \/>\n\u00c7al\u0131\u015fma g\u00fcc\u00fc: maksimum 900-1200 W<br \/>\nRenk: siyah, g\u00fcm\u00fc\u015f<br \/>\nGiri\u015f fi\u015fi: ABD, AB, \u0130ngiltere, Avustralya (yerel standartlara g\u00f6re do\u011fru fi\u015fi se\u00e7in)<br \/>\n\u00c7\u0131k\u0131\u015f konekt\u00f6r\u00fc: EZGO TXT (TXT Powerwise \u201cD\u201d tipi fi\u015f) (73345-G01) | Crowfoot (1016433-01) | EZGO DCS (SB50 Anderson) (18972-G1+28030-G01)<br \/>\nPaket: \u015farj cihaz\u0131*1, DC 1 m \u00e7\u0131k\u0131\u015f kablosu*1, giri\u015f kablosu 1 m*1, kullan\u0131m k\u0131lavuzu*1<\/p>","protected":false},"excerpt":{"rendered":"<p>36 volt golf arabas\u0131 Ak\u00fc \u015earj Cihaz\u0131, al\u00fcminyum ala\u015f\u0131ml\u0131 malzeme, dahili ayarlanabilir d\u00fc\u011fme, voltaj ve ak\u0131m\u0131 kalibre edebilir, 36v Kur\u015fun Asit ve kul\u00fcp arabas\u0131 golf arabas\u0131 Ak\u00fc \u015earj Cihaz\u0131n\u0131 \u015farj edebilir, Su ge\u00e7irmez \u015farj cihaz\u0131<\/p>","protected":false},"featured_media":27421,"comment_status":"open","ping_status":"closed","template":"","meta":[],"product_cat":[298,328,381],"product_tag":[],"class_list":{"0":"post-27401","1":"product","2":"type-product","3":"status-publish","4":"has-post-thumbnail","6":"product_brand-ohrija","7":"product_cat-36v-golf-charger","8":"product_cat-hot-selling-product","9":"product_cat-waterproof-charger","10":"product_shipping_class-900w","12":"first","13":"instock","14":"taxable","15":"shipping-taxable","16":"purchasable","17":"product-type-variable","18":"wvs-archive-product-wrapper","19":"col-xs-6 col-sm-4","20":"col-md-3 col-lg-3","21":"un-4-cols"},"jetpack_sharing_enabled":true,"_links":{"self":[{"href":"https:\/\/ohrija.com\/tr\/wp-json\/wp\/v2\/product\/27401","targetHints":{"allow":["GET"]}}],"collection":[{"href":"https:\/\/ohrija.com\/tr\/wp-json\/wp\/v2\/product"}],"about":[{"href":"https:\/\/ohrija.com\/tr\/wp-json\/wp\/v2\/types\/product"}],"replies":[{"embeddable":true,"href":"https:\/\/ohrija.com\/tr\/wp-json\/wp\/v2\/comments?post=27401"}],"version-history":[{"count":0,"href":"https:\/\/ohrija.com\/tr\/wp-json\/wp\/v2\/product\/27401\/revisions"}],"wp:featuredmedia":[{"embeddable":true,"href":"https:\/\/ohrija.com\/tr\/wp-json\/wp\/v2\/media\/27421"}],"wp:attachment":[{"href":"https:\/\/ohrija.com\/tr\/wp-json\/wp\/v2\/media?parent=27401"}],"wp:term":[{"taxonomy":"product_cat","embeddable":true,"href":"https:\/\/ohrija.com\/tr\/wp-json\/wp\/v2\/product_cat?post=27401"},{"taxonomy":"product_tag","embeddable":true,"href":"https:\/\/ohrija.com\/tr\/wp-json\/wp\/v2\/product_tag?post=27401"}],"curies":[{"name":"wp","href":"https:\/\/api.w.org\/{rel}","templated":true}]}}