{"id":27203,"date":"2025-04-14T12:13:18","date_gmt":"2025-04-14T12:13:18","guid":{"rendered":"https:\/\/ohrija.com\/?post_type=product&#038;p=27203"},"modified":"2025-04-18T09:09:24","modified_gmt":"2025-04-18T09:09:24","slug":"ohrija-charger-waterproof-charger-14-6v-30a","status":"publish","type":"product","link":"https:\/\/ohrija.com\/tr\/urun\/ohrija-charger-waterproof-charger-14-6v-30a\/","title":{"rendered":"Su ge\u00e7irmez \u015farj cihaz\u0131 OHRIJA karavan ak\u00fc \u015farj cihaz\u0131 14,6 V 30 A \u015farj cihaz\u0131, 4S 12,8 V Lifepo4 ak\u00fcler i\u00e7in uygundur."},"content":{"rendered":"<h4><span style=\"color: #ff0000;\">Uyar\u0131<\/span><\/h4>\n<p>L\u00fctfen gerekli parametreleri, giri\u015f fi\u015fini ve \u00e7\u0131k\u0131\u015f konekt\u00f6r\u00fcn\u00fc onaylay\u0131n. Onaylayam\u0131yorsan\u0131z, l\u00fctfen sat\u0131n almay\u0131n veya destek i\u00e7in m\u00fc\u015fteri hizmetlerine ba\u015fvurun.  Te\u015fekk\u00fcr ederiz!<br \/>\n1. Y\u00fcksek s\u0131cakl\u0131kta, karanl\u0131k ve nemli ortamlarda kullanmay\u0131n.<br \/>\n2. Havaland\u0131r\u0131lan bir ortamda saklay\u0131n.<br \/>\n3. Yan\u0131c\u0131 ve patlay\u0131c\u0131 maddelerden uzak tutun.<\/p>\n<h4>\u00dcr\u00fcn parametreleri<\/h4>\n<p>\u00dcr\u00fcn modeli: HRH900FS<br \/>\n\u00dcr\u00fcn malzemesi: al\u00fcminyum ala\u015f\u0131ml\u0131 kabuk<br \/>\n\u00c7\u0131k\u0131\u015f voltaj\u0131: maksimum 14,6 V \u00b10,2 V<br \/>\n\u00c7\u0131k\u0131\u015f ak\u0131m\u0131: maksimum 30Amp \u00b10,2a<br \/>\n\u00dcr\u00fcn boyutu: 280*197*85MM 3,5 kg<br \/>\nUygulanabilir pil tipi: 4S 12,8 V Lifepo4 pil<br \/>\n\u00c7al\u0131\u015fma g\u00fcc\u00fc: maksimum 900W<br \/>\nRenk: siyah, g\u00fcm\u00fc\u015f, k\u0131rm\u0131z\u0131 iste\u011fe ba\u011fl\u0131<br \/>\nGiri\u015f fi\u015fi: ABD, AB, \u0130ngiltere, Avustralya (yerel standartlara g\u00f6re do\u011fru fi\u015fi se\u00e7in)<br \/>\n\u00c7\u0131k\u0131\u015f konekt\u00f6r\u00fc: XT60 | XT90 | Timsah Klipsi | Anderson 50A | Tel Burun | 45A (pil ba\u011flant\u0131 noktas\u0131na g\u00f6re do\u011fru konekt\u00f6r\u00fc se\u00e7in)<br \/>\nPaket: \u015farj cihaz\u0131 * 1, DC 1 m \u00e7\u0131k\u0131\u015f kablosu * 1, giri\u015f kablosu 1 m * 1, kullan\u0131m k\u0131lavuzu * 1<\/p>","protected":false},"excerpt":{"rendered":"<p>karavan ak\u00fc \u015farj cihaz\u0131  al\u00fcminyum ala\u015f\u0131ml\u0131 malzeme, LiFePO4 Ak\u00fc \u015farj\u0131, dahili ayarlanabilir d\u00fc\u011fme, voltaj ve ak\u0131m\u0131 kalibre edebilir, 4S 12,8v Lifepo4 ak\u00fcy\u00fc \u015farj edebilir, Su ge\u00e7irmez \u015farj cihaz\u0131<\/p>","protected":false},"featured_media":27238,"comment_status":"open","ping_status":"closed","template":"","meta":[],"product_cat":[307,391,328,390,381],"product_tag":[],"class_list":{"0":"post-27203","1":"product","2":"type-product","3":"status-publish","4":"has-post-thumbnail","6":"product_brand-ohrija","7":"product_cat-4s-14-6v-charger","8":"product_cat-14-6v-ip67-charger","9":"product_cat-hot-selling-product","10":"product_cat-lifepo4-ip67-waterproof-charger-r","11":"product_cat-waterproof-charger","12":"product_shipping_class-900w","14":"first","15":"instock","16":"taxable","17":"shipping-taxable","18":"purchasable","19":"product-type-variable","20":"wvs-archive-product-wrapper","21":"col-xs-6 col-sm-4","22":"col-md-3 col-lg-3","23":"un-4-cols"},"jetpack_sharing_enabled":true,"_links":{"self":[{"href":"https:\/\/ohrija.com\/tr\/wp-json\/wp\/v2\/product\/27203","targetHints":{"allow":["GET"]}}],"collection":[{"href":"https:\/\/ohrija.com\/tr\/wp-json\/wp\/v2\/product"}],"about":[{"href":"https:\/\/ohrija.com\/tr\/wp-json\/wp\/v2\/types\/product"}],"replies":[{"embeddable":true,"href":"https:\/\/ohrija.com\/tr\/wp-json\/wp\/v2\/comments?post=27203"}],"version-history":[{"count":0,"href":"https:\/\/ohrija.com\/tr\/wp-json\/wp\/v2\/product\/27203\/revisions"}],"wp:featuredmedia":[{"embeddable":true,"href":"https:\/\/ohrija.com\/tr\/wp-json\/wp\/v2\/media\/27238"}],"wp:attachment":[{"href":"https:\/\/ohrija.com\/tr\/wp-json\/wp\/v2\/media?parent=27203"}],"wp:term":[{"taxonomy":"product_cat","embeddable":true,"href":"https:\/\/ohrija.com\/tr\/wp-json\/wp\/v2\/product_cat?post=27203"},{"taxonomy":"product_tag","embeddable":true,"href":"https:\/\/ohrija.com\/tr\/wp-json\/wp\/v2\/product_tag?post=27203"}],"curies":[{"name":"wp","href":"https:\/\/api.w.org\/{rel}","templated":true}]}}