{"id":9134,"date":"2024-09-20T23:51:25","date_gmt":"2024-09-20T15:51:25","guid":{"rendered":"https:\/\/ohrija.com\/?post_type=product&#038;p=9134"},"modified":"2025-05-30T13:25:03","modified_gmt":"2025-05-30T13:25:03","slug":"dc-36v-27a-1000w-power-supply-ac-to-dc","status":"publish","type":"product","link":"https:\/\/ohrija.com\/pt\/produto\/dc-36v-27a-1000w-power-supply-ac-to-dc\/","title":{"rendered":"Fonte de alimenta\u00e7\u00e3o DC 36V 27A 1000W Conversor CA para CC Adaptador de alimenta\u00e7\u00e3o 110V para 36V Transformador 36V Projetado para luz LED, som automotivo, eletr\u00f4nicos automotivos, equipamentos industriais (36V-27A-1000W, 36V)"},"content":{"rendered":"<h4><span style=\"color: #ff0000;\">Aviso<\/span><\/h4>\n<p>Confirme os par\u00e2metros necess\u00e1rios, plugue de entrada. Se n\u00e3o puder confirmar, n\u00e3o compre ou entre em contato com o atendimento ao cliente para obter suporte. Obrigado!<br \/>\n1. N\u00e3o utilize em ambientes com temperaturas elevadas, escuros e \u00famidos.<br \/>\n2. Mantenha-o em um ambiente ventilado.<br \/>\n3. Mantenha longe de itens inflam\u00e1veis e explosivos.<\/p>\n<h4>Par\u00e2metros do produto<\/h4>\n<ul class=\"a-unordered-list a-vertical a-spacing-mini\">\n<li class=\"a-spacing-mini\"><span class=\"a-list-item\">\u3010Conversor atualizado de 110V CA para 36V CC\u3011Essa abrangente fonte de alimenta\u00e7\u00e3o de 36V suporta tens\u00f5es de entrada de 110V e 220V, perfeitamente altern\u00e1veis por meio de um interruptor lateral, para usabilidade global. Sua tens\u00e3o de sa\u00edda \u00e9 de 36 V com uma faixa de ajuste de 5%. Embora a pot\u00eancia nominal seja de 1000 W, recomenda-se que n\u00e3o seja usado mais do que 80% dessa pot\u00eancia nominal para garantir a longevidade.<\/span><\/li>\n<li class=\"a-spacing-mini\"><span class=\"a-list-item\">\u3010Caixa de alum\u00ednio dur\u00e1vel com design de resfriamento eficiente\u3011Com uma caixa de alum\u00ednio, esse conversor de CA para CC de 110 V para 36 V \u00e9 dur\u00e1vel e elegante. Seu design esqueletizado n\u00e3o apenas aprimora a est\u00e9tica, mas tamb\u00e9m resfria com efici\u00eancia a fonte de alimenta\u00e7\u00e3o de 36 VCC, melhorando a efici\u00eancia. Ventilador de resfriamento integrado com orif\u00edcios de dissipa\u00e7\u00e3o de calor e detector de temperatura; quando a temperatura interna est\u00e1 muito alta, o ventilador inicia automaticamente para realizar o resfriamento inteligente.<\/span><\/li>\n<li class=\"a-spacing-mini\"><span class=\"a-list-item\">\u3010Componentes internos de alta qualidade para transmiss\u00e3o est\u00e1vel de energia\u3011 Para os componentes internos, usamos bobinas e transformadores sem oxig\u00eanio de alta qualidade para garantir a transmiss\u00e3o est\u00e1vel de energia, minimizar a perda de energia e melhorar o desempenho geral do produto. Al\u00e9m disso, os capacitores de filtragem de EMI filtram com efic\u00e1cia as ondas dispersas e os dist\u00farbios de energia para manter a pureza da corrente de sa\u00edda. Com o design avan\u00e7ado do chip, ele fornece uma fonte de alimenta\u00e7\u00e3o est\u00e1vel e segura de 36 volts para os dispositivos conectados.<\/span><\/li>\n<li class=\"a-spacing-mini\"><span class=\"a-list-item\">\u3010V\u00e1rias funcionalidades de seguran\u00e7a para um funcionamento fi\u00e1vel\u3011Este controlador LED possui v\u00e1rias funcionalidades de seguran\u00e7a, incluindo prote\u00e7\u00e3o contra curto-circuito, sobrecorrente, sobrecarga e sobretemperatura. Uma luz indicadora de estado serve como sinal visual; quando acesa, indica um funcionamento normal. Se a luz come\u00e7ar a piscar, isso indica que o controlador excedeu o seu limite de prote\u00e7\u00e3o previsto. Nesses casos, inspecione o equipamento conectado e as entradas de energia e tome as medidas adequadas.<\/span><\/li>\n<li class=\"a-spacing-mini\"><span class=\"a-list-item\">\u3010Conversor de energia vers\u00e1til para diversas aplica\u00e7\u00f5es\u3011Este transformador vers\u00e1til foi projetado para uma ampla gama de dispositivos e cen\u00e1rios, incluindo luzes LED, sistemas de seguran\u00e7a dom\u00e9stica, sistemas automotivos, equipamentos industriais e muito mais. Com um conversor de energia de 36 V, ele converte perfeitamente CA em CC, o que o torna o companheiro perfeito para suas necessidades de energia, seja em casa, no carro ou em qualquer outro lugar.<\/span><\/li>\n<\/ul>","protected":false},"excerpt":{"rendered":"<p>Warning Please confirm the required parameters, input plug . If you cannot confirm, please do not buy or contact customer service for support.\u00a0 Thank you! 1. Do not use in high temperature, dark and humid environment 2. Keep it in a ventilated environment 3. Keep away from flammable and explosive items Product parameters \u3010Upgraded 110V&hellip;<\/p>","protected":false},"featured_media":9139,"comment_status":"open","ping_status":"closed","template":"","meta":[],"product_cat":[333],"product_tag":[],"class_list":{"0":"post-9134","1":"product","2":"type-product","3":"status-publish","4":"has-post-thumbnail","6":"product_brand-ohrija","7":"product_cat-dc-36v-power","8":"product_shipping_class-600w","10":"first","11":"instock","12":"taxable","13":"shipping-taxable","14":"purchasable","15":"product-type-variable","16":"wvs-archive-product-wrapper","17":"col-xs-6 col-sm-4","18":"col-md-3 col-lg-3","19":"un-4-cols"},"jetpack_sharing_enabled":true,"_links":{"self":[{"href":"https:\/\/ohrija.com\/pt\/wp-json\/wp\/v2\/product\/9134","targetHints":{"allow":["GET"]}}],"collection":[{"href":"https:\/\/ohrija.com\/pt\/wp-json\/wp\/v2\/product"}],"about":[{"href":"https:\/\/ohrija.com\/pt\/wp-json\/wp\/v2\/types\/product"}],"replies":[{"embeddable":true,"href":"https:\/\/ohrija.com\/pt\/wp-json\/wp\/v2\/comments?post=9134"}],"version-history":[{"count":0,"href":"https:\/\/ohrija.com\/pt\/wp-json\/wp\/v2\/product\/9134\/revisions"}],"wp:featuredmedia":[{"embeddable":true,"href":"https:\/\/ohrija.com\/pt\/wp-json\/wp\/v2\/media\/9139"}],"wp:attachment":[{"href":"https:\/\/ohrija.com\/pt\/wp-json\/wp\/v2\/media?parent=9134"}],"wp:term":[{"taxonomy":"product_cat","embeddable":true,"href":"https:\/\/ohrija.com\/pt\/wp-json\/wp\/v2\/product_cat?post=9134"},{"taxonomy":"product_tag","embeddable":true,"href":"https:\/\/ohrija.com\/pt\/wp-json\/wp\/v2\/product_tag?post=9134"}],"curies":[{"name":"wp","href":"https:\/\/api.w.org\/{rel}","templated":true}]}}