{"id":8296,"date":"2024-07-01T15:55:25","date_gmt":"2024-07-01T07:55:25","guid":{"rendered":"https:\/\/ohrija.com\/?post_type=product&#038;p=8296"},"modified":"2025-05-30T13:10:19","modified_gmt":"2025-05-30T13:10:19","slug":"ohrija-54-6v-2a-charger-e-bike-battery-charger","status":"publish","type":"product","link":"https:\/\/ohrija.com\/pt\/produto\/ohrija-54-6v-2a-charger-e-bike-battery-charger\/","title":{"rendered":"Carregador OHRIJA 54,6 V 2 A para baterias de bicicletas el\u00e9tricas e scooters"},"content":{"rendered":"<h4><span style=\"color: #ff0000;\"><img fetchpriority=\"high\" decoding=\"async\" class=\"alignnone size-full wp-image-6763\" src=\"https:\/\/ohrija.com\/wp-content\/uploads\/2024\/05\/\u989c\u8272\u4e3b\u56fe5.jpg\" alt=\"\" width=\"800\" height=\"800\" title=\"\" srcset=\"https:\/\/ohrija.com\/wp-content\/uploads\/2024\/05\/\u989c\u8272\u4e3b\u56fe5.jpg 800w, https:\/\/ohrija.com\/wp-content\/uploads\/2024\/05\/\u989c\u8272\u4e3b\u56fe5-300x300.jpg 300w, https:\/\/ohrija.com\/wp-content\/uploads\/2024\/05\/\u989c\u8272\u4e3b\u56fe5-150x150.jpg 150w, https:\/\/ohrija.com\/wp-content\/uploads\/2024\/05\/\u989c\u8272\u4e3b\u56fe5-768x768.jpg 768w, https:\/\/ohrija.com\/wp-content\/uploads\/2024\/05\/\u989c\u8272\u4e3b\u56fe5-370x370.jpg 370w, https:\/\/ohrija.com\/wp-content\/uploads\/2024\/05\/\u989c\u8272\u4e3b\u56fe5-600x600.jpg 600w, https:\/\/ohrija.com\/wp-content\/uploads\/2024\/05\/\u989c\u8272\u4e3b\u56fe5-100x100.jpg 100w, https:\/\/ohrija.com\/wp-content\/uploads\/2024\/05\/\u989c\u8272\u4e3b\u56fe5-50x50.jpg 50w\" sizes=\"(max-width: 800px) 100vw, 800px\" \/><img decoding=\"async\" class=\"alignnone size-full wp-image-6759\" src=\"https:\/\/ohrija.com\/wp-content\/uploads\/2024\/05\/180-300.jpg\" alt=\"\" width=\"750\" height=\"1000\" title=\"\" srcset=\"https:\/\/ohrija.com\/wp-content\/uploads\/2024\/05\/180-300.jpg 750w, https:\/\/ohrija.com\/wp-content\/uploads\/2024\/05\/180-300-225x300.jpg 225w, https:\/\/ohrija.com\/wp-content\/uploads\/2024\/05\/180-300-370x493.jpg 370w, https:\/\/ohrija.com\/wp-content\/uploads\/2024\/05\/180-300-600x800.jpg 600w\" sizes=\"(max-width: 750px) 100vw, 750px\" \/><img decoding=\"async\" class=\"alignnone size-full wp-image-6760\" src=\"https:\/\/ohrija.com\/wp-content\/uploads\/2024\/05\/plug.jpg\" alt=\"\" width=\"1000\" height=\"1000\" title=\"\" srcset=\"https:\/\/ohrija.com\/wp-content\/uploads\/2024\/05\/plug.jpg 1000w, https:\/\/ohrija.com\/wp-content\/uploads\/2024\/05\/plug-300x300.jpg 300w, https:\/\/ohrija.com\/wp-content\/uploads\/2024\/05\/plug-150x150.jpg 150w, https:\/\/ohrija.com\/wp-content\/uploads\/2024\/05\/plug-768x768.jpg 768w, https:\/\/ohrija.com\/wp-content\/uploads\/2024\/05\/plug-370x370.jpg 370w, https:\/\/ohrija.com\/wp-content\/uploads\/2024\/05\/plug-600x600.jpg 600w, https:\/\/ohrija.com\/wp-content\/uploads\/2024\/05\/plug-100x100.jpg 100w, https:\/\/ohrija.com\/wp-content\/uploads\/2024\/05\/plug-50x50.jpg 50w\" sizes=\"(max-width: 1000px) 100vw, 1000px\" \/><\/span><\/h4>\n<h4><\/h4>\n<h4><span style=\"color: #ff0000;\">Aviso<\/span><\/h4>\n<p>Confirme os par\u00e2metros necess\u00e1rios, o plugue de entrada e o conector de sa\u00edda. Se n\u00e3o for poss\u00edvel confirmar, n\u00e3o compre o produto e entre em contato com o atendimento ao cliente para obter suporte. Obrigado!<br \/>\n1. N\u00e3o utilize em ambientes com temperaturas elevadas, escuros e \u00famidos.<br \/>\n2. Mantenha-o em um ambiente ventilado.<br \/>\n3. Mantenha longe de itens inflam\u00e1veis e explosivos.<\/p>\n<h4>Par\u00e2metros do produto<\/h4>\n<p>Modelo do produto: HRH180<br \/>\nMaterial do produto: estrutura em liga de alum\u00ednio<br \/>\nTens\u00e3o de sa\u00edda: m\u00e1xima 54,6 V \u00b10,2 V<br \/>\nCorrente de sa\u00edda: m\u00e1xima 3Amp \u00b10,2a<br \/>\nTamanho do produto: 135*90*50 mm 0,9 kg<br \/>\nTipo de bateria aplic\u00e1vel: bateria de \u00edon-l\u00edtio 13S 48,1 V<br \/>\nPot\u00eancia de trabalho: m\u00e1xima 175 W<br \/>\nCor: preto, prata, vermelho, azul, verde, opcional<br \/>\nPlugue de entrada: EUA, UE, Reino Unido, Austr\u00e1lia (selecione o plugue correto de acordo com as normas locais)<br \/>\nConector de sa\u00edda: XT60 | XT90 | Pin\u00e7a crocodilo | Anderson 50A | Bico de fio | DC5.5*2.5 | GX16 1+3- | XLR | IEC C13 | 45A (selecione o conector correto de acordo com a porta da bateria)<br \/>\nEmbalagem: carregador * 1, cabo de sa\u00edda DC de 1 m * 1, cabo de entrada de 1 m * 1, manual de instru\u00e7\u00f5es * 1<\/p>\n<h4>Apresenta\u00e7\u00e3o do produto<\/h4>\n<p><strong>1. Carregamento eficiente<\/strong><br \/>\nAdotando tecnologia avan\u00e7ada de fonte de alimenta\u00e7\u00e3o comutada, a efici\u00eancia de carregamento \u00e9 de at\u00e9 85% ou mais, reduzindo o tempo de carregamento e o consumo de energia.<br \/>\n<strong>2. Modo de carregamento com tens\u00e3o constante e corrente constante<\/strong><br \/>\nO carregador funciona no modo de corrente constante (CC) at\u00e9 que a tens\u00e3o da bateria se aproxime do valor definido (54,6 V) e, em seguida, muda para o modo de tens\u00e3o constante (CV) para garantir a seguran\u00e7a do processo de carregamento e evitar sobrecargas.<br \/>\n<strong>3. M\u00faltiplas fun\u00e7\u00f5es de prote\u00e7\u00e3o<\/strong><br \/>\n<strong>\u00b7 <\/strong>Prote\u00e7\u00e3o contra sobretens\u00e3o: Quando a tens\u00e3o excede a faixa segura, o carregador corta automaticamente a energia para evitar danos \u00e0 bateria.<br \/>\n<strong>\u00b7 <\/strong>Prote\u00e7\u00e3o contra sobrecorrente: Quando a corrente excede o valor nominal, a corrente de sa\u00edda \u00e9 automaticamente limitada para proteger a bateria e o carregador.<br \/>\n<strong>\u00b7 <\/strong>Prote\u00e7\u00e3o contra curto-circuito: O carregador possui uma fun\u00e7\u00e3o de prote\u00e7\u00e3o contra curto-circuito para evitar perigos causados por curtos-circuitos.<br \/>\n<strong>\u00b7 <\/strong>Prote\u00e7\u00e3o contra conex\u00e3o reversa: Quando os polos positivo e negativo da bateria s\u00e3o invertidos, o carregador para de funcionar automaticamente para evitar danos \u00e0 bateria e ao carregador.<br \/>\n<strong>4 luzes indicadoras LED<\/strong><br \/>\nO carregador est\u00e1 equipado com luzes indicadoras LED para exibir o estado atual do carregamento:<br \/>\n<strong>\u00b7 <\/strong>Luz vermelha: Carregando.<br \/>\n<strong>\u00b7 <\/strong> Luz verde: Carregamento conclu\u00eddo ou em modo de espera.<br \/>\n<strong>5 A tens\u00e3o e a corrente podem ser calibradas<\/strong><br \/>\n<strong>\u00b7 <\/strong>O resistor ajust\u00e1vel VR1 dentro do carregador pode ser calibrado entre 50-59V.<br \/>\n<strong>\u00b7 <\/strong>O resistor ajust\u00e1vel VR2 pode calibrar a corrente entre 2 e 3 amperes.<br \/>\n<strong>\u00b7 <\/strong>O carregador necessita de uma tens\u00e3o da bateria de pelo menos 36 V para funcionar.<br \/>\n<strong>\u00b7 <\/strong>O carregador pode fornecer diretamente tens\u00e3o e corrente para uso como adaptador.<\/p>\n<h2>Carregador de e scooter Dispositivos aplic\u00e1veis<\/h2>\n<p>\u00b7 Isto <a href=\"https:\/\/ohrija.com\/pt\/produto\/ohrija-54-6v-3a-e-bike-battery-charger\/\">54,6 V 3 A<\/a> O carregador de bateria foi projetado para bicicletas el\u00e9tricas, scooters el\u00e9tricas e outros dispositivos com bateria de \u00edon-l\u00edtio. O carregador utiliza tecnologia de convers\u00e3o de alta efici\u00eancia para garantir um carregamento r\u00e1pido e seguro da bateria e prolongar sua vida \u00fatil.<br \/>\nO carregador \u00e9 adequado apenas para baterias de \u00edon-l\u00edtio 13S 48V., <a href=\"https:\/\/ohrija.com\/pt\/produto\/ohrija-54-6v-3a-e-bike-battery-charger\/\">carregadores para bicicletas el\u00e9tricas<\/a>, carregadores de scooters el\u00e9tricos e outros dispositivos de bateria de \u00edons de l\u00edtio de 13S 48V. carregador e scooter.<\/p>\n<h4>Tempo de carregamento<\/h4>\n<p>\u00b7 O <a href=\"https:\/\/ohrija.com\/pt\/produto\/ohrija-54-6v-3a-e-bike-battery-charger\/\">Carregador de bateria de \u00edons de l\u00edtio de 54,6 V e 3 A<\/a> foi projetado para carregamento r\u00e1pido de baterias de \u00edons de l\u00edtio 13S 48,1V e pode carregar baterias de \u00edons de l\u00edtio 13S 48,1V a uma taxa de 3 amperes.<br \/>\n- Com uma tens\u00e3o m\u00e1xima de 54,6 V e uma corrente nominal de 3 Amp, ele pode carregar totalmente uma bateria de \u00edons de l\u00edtio de 18 Ah em cerca de 6 horas e uma bateria de 30 Ah em cerca de 10 horas. Uma bateria de 60Ah pode ser totalmente carregada em 20 horas. Para baterias menores (&lt;10Ah), recomendamos o uso de um<a href=\"https:\/\/ohrija.com\/pt\/produto\/ohrija-54-6v-3a-e-bike-battery-charger\/\"> Carregador 3A<\/a>. Todas as baterias de \u00edon-l\u00edtio devem ser carregadas usando um carregador compat\u00edvel com baterias de \u00edon-l\u00edtio, como este. O uso de outros tipos de carregadores para carregar a bateria reduzir\u00e1 o desempenho e a vida \u00fatil da bateria.<\/p>\n<h4>Perguntas frequentes<\/h4>\n<p>1. N\u00e3o est\u00e1 funcionando<br \/>\n\u00b7 Verifique se a tens\u00e3o de entrada CA \u00e9 de 110 ou 220 V.<br \/>\n\u00b7 Verifique se o terminal CA de entrada est\u00e1 conectado corretamente e se o fus\u00edvel est\u00e1 danificado.<br \/>\n\u00b7 Verifique se o conector de sa\u00edda est\u00e1 conectado corretamente, se est\u00e1 compat\u00edvel e se o fus\u00edvel est\u00e1 danificado.<br \/>\n\u00b7 Verifique se o sistema BMS est\u00e1 protegido<br \/>\n2. Qual \u00e9 o n\u00edvel de ru\u00eddo?<br \/>\nComo h\u00e1 uma ventoinha dentro do carregador, o ru\u00eddo \u00e9 de cerca de 40-60 db.<\/p>\n<p>&nbsp;<\/p>","protected":false},"excerpt":{"rendered":"<p>Carregador de 54,6 V 2 A, carregador de bateria para bicicleta el\u00e9trica e scooter, material de liga de alum\u00ednio, bot\u00e3o interno ajust\u00e1vel, pode calibrar tens\u00e3o e corrente, pode carregar bateria de \u00edon de l\u00edtio 13S 48 V. Carregador para scooter.<\/p>","protected":false},"featured_media":10161,"comment_status":"open","ping_status":"closed","template":"","meta":[],"product_cat":[284],"product_tag":[],"class_list":{"0":"post-8296","1":"product","2":"type-product","3":"status-publish","4":"has-post-thumbnail","6":"product_brand-ohrija","7":"product_cat-13s-54-6v-charger","8":"product_shipping_class-180w","10":"first","11":"instock","12":"taxable","13":"shipping-taxable","14":"purchasable","15":"product-type-variable","16":"wvs-archive-product-wrapper","17":"col-xs-6 col-sm-4","18":"col-md-3 col-lg-3","19":"un-4-cols"},"jetpack_sharing_enabled":true,"_links":{"self":[{"href":"https:\/\/ohrija.com\/pt\/wp-json\/wp\/v2\/product\/8296","targetHints":{"allow":["GET"]}}],"collection":[{"href":"https:\/\/ohrija.com\/pt\/wp-json\/wp\/v2\/product"}],"about":[{"href":"https:\/\/ohrija.com\/pt\/wp-json\/wp\/v2\/types\/product"}],"replies":[{"embeddable":true,"href":"https:\/\/ohrija.com\/pt\/wp-json\/wp\/v2\/comments?post=8296"}],"version-history":[{"count":0,"href":"https:\/\/ohrija.com\/pt\/wp-json\/wp\/v2\/product\/8296\/revisions"}],"wp:featuredmedia":[{"embeddable":true,"href":"https:\/\/ohrija.com\/pt\/wp-json\/wp\/v2\/media\/10161"}],"wp:attachment":[{"href":"https:\/\/ohrija.com\/pt\/wp-json\/wp\/v2\/media?parent=8296"}],"wp:term":[{"taxonomy":"product_cat","embeddable":true,"href":"https:\/\/ohrija.com\/pt\/wp-json\/wp\/v2\/product_cat?post=8296"},{"taxonomy":"product_tag","embeddable":true,"href":"https:\/\/ohrija.com\/pt\/wp-json\/wp\/v2\/product_tag?post=8296"}],"curies":[{"name":"wp","href":"https:\/\/api.w.org\/{rel}","templated":true}]}}