{"id":8112,"date":"2024-06-29T11:51:14","date_gmt":"2024-06-29T03:51:14","guid":{"rendered":"https:\/\/ohrija.com\/?post_type=product&#038;p=8112"},"modified":"2025-05-30T13:10:15","modified_gmt":"2025-05-30T13:10:15","slug":"ohrija-73v-10a-charger-lifepo4-battery-charger","status":"publish","type":"product","link":"https:\/\/ohrija.com\/pt\/produto\/ohrija-73v-10a-charger-lifepo4-battery-charger\/","title":{"rendered":"O carregador OHRIJA para baterias Lifepo4 de 73 V e 10 A \u00e9 adequado para baterias Lifepo4 20S de 60 V."},"content":{"rendered":"<h4><span style=\"color: #ff0000;\">Aviso<\/span><\/h4>\n<p>Confirme os par\u00e2metros necess\u00e1rios, o plugue de entrada e o conector de sa\u00edda. Se n\u00e3o for poss\u00edvel confirmar, n\u00e3o compre ou entre em contato com o atendimento ao cliente para obter suporte. Obrigado!<br \/>\n1. N\u00e3o utilize em ambientes com temperaturas elevadas, escuros e \u00famidos.<br \/>\n2. Mantenha-o em um ambiente ventilado.<br \/>\n3. Mantenha longe de itens inflam\u00e1veis e explosivos.<\/p>\n<h4>Par\u00e2metros do produto<\/h4>\n<p>Modelo do produto: HRH800<br \/>\nMaterial do produto: estrutura em liga de alum\u00ednio<br \/>\nTens\u00e3o de sa\u00edda: m\u00e1xima 73 V \u00b10,2 V<br \/>\nCorrente de sa\u00edda: m\u00e1xima 10 A \u00b10,2 A<br \/>\nDimens\u00f5es do produto: 170*90*63 mm 1,4 kg<br \/>\nTipo de bateria aplic\u00e1vel: bateria Lifepo4 20S 60V<br \/>\nPot\u00eancia de trabalho: m\u00e1xima 790 W<br \/>\nCor: preto, prata opcional<br \/>\nPlugue de entrada: EUA, UE, Reino Unido, Austr\u00e1lia (selecione o plugue correto de acordo com as normas locais)<br \/>\nConector de sa\u00edda: XT60 | XT90 | Pin\u00e7a crocodilo | Anderson 50A | IEC C13 | M25 5 + 2 + 1 (selecione o conector correto de acordo com a porta da bateria)<br \/>\nEmbalagem: carregador * 1, cabo de sa\u00edda DC de 1 m * 1, cabo de entrada de 1 m * 1, manual de instru\u00e7\u00f5es * 1<\/p>\n<h4>Apresenta\u00e7\u00e3o do produto<\/h4>\n<p><strong>1. Carregamento eficiente<\/strong><br \/>\nAdotando tecnologia avan\u00e7ada de fonte de alimenta\u00e7\u00e3o comutada, a efici\u00eancia de carregamento \u00e9 de at\u00e9 85% ou mais, reduzindo o tempo de carregamento e o consumo de energia.<br \/>\n<strong>2. Modo de carregamento com tens\u00e3o constante e corrente constante<\/strong><br \/>\nO carregador funciona no modo de corrente constante (CC) at\u00e9 que a tens\u00e3o da bateria se aproxime do valor definido (73 V) e, em seguida, muda para o modo de tens\u00e3o constante (CV) para garantir a seguran\u00e7a do processo de carregamento e evitar sobrecargas.<br \/>\n<strong>3. Controle inteligente de temperatura\u00a0<\/strong><br \/>\nO sensor de temperatura integrado pode monitorar a temperatura do carregador em tempo real. Quando a temperatura excede a faixa segura, ele reduz automaticamente a corrente de carga ou suspende o carregamento para evitar superaquecimento.<br \/>\n<strong>4. M\u00faltiplas fun\u00e7\u00f5es de prote\u00e7\u00e3o<\/strong><br \/>\n<strong>\u00b7\u00a0<\/strong>Prote\u00e7\u00e3o contra sobretens\u00e3o: Quando a tens\u00e3o excede a faixa segura, o carregador corta automaticamente a energia para evitar danos \u00e0 bateria.<br \/>\n<strong>\u00b7\u00a0<\/strong>Prote\u00e7\u00e3o contra sobrecorrente: Quando a corrente excede o valor nominal, a corrente de sa\u00edda \u00e9 automaticamente limitada para proteger a bateria e o carregador.<br \/>\n<strong>\u00b7\u00a0<\/strong>Prote\u00e7\u00e3o contra curto-circuito: O carregador possui uma fun\u00e7\u00e3o de prote\u00e7\u00e3o contra curto-circuito para evitar perigos causados por curtos-circuitos.<br \/>\n<strong>\u00b7\u00a0<\/strong>Prote\u00e7\u00e3o contra conex\u00e3o reversa: Quando os polos positivo e negativo da bateria s\u00e3o invertidos, o carregador para de funcionar automaticamente para evitar danos \u00e0 bateria e ao carregador.<br \/>\n<strong>5 luzes indicadoras LED<\/strong><br \/>\nO carregador est\u00e1 equipado com luzes indicadoras LED para exibir o estado atual do carregamento:<br \/>\n<strong>\u00b7\u00a0<\/strong>Luz vermelha: Carregando.<br \/>\n<strong>\u00b7\u00a0<\/strong>Luz verde: Carregamento conclu\u00eddo ou em modo de espera.<br \/>\n<strong>6. A tens\u00e3o e a corrente podem ser calibradas.<\/strong><br \/>\n<strong>\u00b7\u00a0<\/strong>O resistor ajust\u00e1vel VR1 dentro do carregador pode ser calibrado entre 60-73V.<br \/>\n<strong>\u00b7\u00a0<\/strong>O resistor ajust\u00e1vel VR2 pode calibrar a corrente entre 8 e 10 amperes.<br \/>\n<strong>\u00b7\u00a0<\/strong>O carregador necessita de uma tens\u00e3o da bateria de pelo menos 36 V para funcionar.<br \/>\n<strong>\u00b7\u00a0<\/strong>O carregador pode fornecer diretamente tens\u00e3o e corrente para uso como adaptador.<\/p>\n<h2>Carregar bateria Lifepo4 Dispositivos aplic\u00e1veis<\/h2>\n<p>\u00b7 Isto\u00a0<a href=\"https:\/\/ohrija.com\/pt\/produto\/ohrija-73v-10a-charger-lifepo4-battery-charger\/\">73 V 10 A<\/a>\u00a0O carregador de bateria foi projetado para ve\u00edculos recreativos e outros dispositivos com bateria Lifepo4. O carregador utiliza tecnologia de convers\u00e3o de alta efici\u00eancia para garantir um carregamento r\u00e1pido e seguro da bateria e prolongar sua vida \u00fatil.<br \/>\nO carregador \u00e9 adequado apenas para baterias Lifepo4 20S 60V., <a href=\"https:\/\/ohrija.com\/pt\/produto\/ohrija-73v-10a-charger-lifepo4-battery-charger\/\">carregadores de bateria para ve\u00edculos recreativos<\/a> \u00a0e outros dispositivos com bateria Lifepo4 de 20S 60V.<a href=\"https:\/\/ohrija.com\/pt\/categoria-produto\/carregador-de-bateria-lifepo4\/\">Carregue a bateria Lifepo4.<\/a><\/p>\n<h4>Tempo de carregamento<\/h4>\n<p>\u00b7 O\u00a0<a href=\"https:\/\/ohrija.com\/pt\/produto\/ohrija-73v-10a-charger-lifepo4-battery-charger\/\">Carregador de bateria Lifepo4 73V 10A<\/a> foi projetado para carregamento r\u00e1pido de baterias Lifepo4 20S 60V e pode carregar baterias Lifepo4 20S 60V a uma taxa de 10 amperes.<br \/>\n\u00b7 Com uma tens\u00e3o m\u00e1xima de 73 V e uma corrente nominal de 10 A, pode carregar totalmente uma bateria Lifepo4 de 30 Ah em cerca de 3 horas e uma bateria de 40 Ah em cerca de 4 horas. Uma bateria de 80 Ah pode ser totalmente carregada em 8 horas. Para baterias menores (&lt;10 Ah), recomendamos usar um<a href=\"https:\/\/ohrija.com\/pt\/produto\/ohrijia-73v-4a-charger-lifepo4-battery-charger\/\"> Carregador 4A<\/a>. Todas as baterias Lifepo4 devem ser carregadas utilizando um carregador compat\u00edvel com baterias Lifepo4, como este. A utiliza\u00e7\u00e3o de outros tipos de carregadores para carregar a bateria reduzir\u00e1 o desempenho e a vida \u00fatil da bateria.<\/p>\n<h4>Perguntas frequentes<\/h4>\n<p>1. N\u00e3o est\u00e1 funcionando<br \/>\n\u00b7 Verifique se a tens\u00e3o de entrada CA \u00e9 de 110 ou 220 V.<br \/>\n\u00b7 Verifique se o terminal CA de entrada est\u00e1 conectado corretamente e se o fus\u00edvel est\u00e1 danificado.<br \/>\n\u00b7 Verifique se o conector de sa\u00edda est\u00e1 conectado corretamente, se est\u00e1 compat\u00edvel e se o fus\u00edvel est\u00e1 danificado.<br \/>\n\u00b7 Verifique se o sistema BMS est\u00e1 protegido<br \/>\n2. Qual \u00e9 o n\u00edvel de ru\u00eddo?<br \/>\nComo h\u00e1 uma ventoinha dentro do carregador, o ru\u00eddo \u00e9 de cerca de 40-60 db.<\/p>","protected":false},"excerpt":{"rendered":"<p>Carregador de bateria Lifepo4, material de liga de alum\u00ednio, bot\u00e3o interno ajust\u00e1vel, pode calibrar tens\u00e3o e corrente, pode carregar bateria Lifepo4 20S 60v<\/p>","protected":false},"featured_media":10212,"comment_status":"open","ping_status":"closed","template":"","meta":[],"product_cat":[301],"product_tag":[],"class_list":{"0":"post-8112","1":"product","2":"type-product","3":"status-publish","4":"has-post-thumbnail","6":"product_brand-ohrija","7":"product_cat-20s-73v-charger","8":"product_shipping_class-600w","10":"first","11":"instock","12":"taxable","13":"shipping-taxable","14":"purchasable","15":"product-type-variable","16":"wvs-archive-product-wrapper","17":"col-xs-6 col-sm-4","18":"col-md-3 col-lg-3","19":"un-4-cols"},"jetpack_sharing_enabled":true,"_links":{"self":[{"href":"https:\/\/ohrija.com\/pt\/wp-json\/wp\/v2\/product\/8112","targetHints":{"allow":["GET"]}}],"collection":[{"href":"https:\/\/ohrija.com\/pt\/wp-json\/wp\/v2\/product"}],"about":[{"href":"https:\/\/ohrija.com\/pt\/wp-json\/wp\/v2\/types\/product"}],"replies":[{"embeddable":true,"href":"https:\/\/ohrija.com\/pt\/wp-json\/wp\/v2\/comments?post=8112"}],"version-history":[{"count":0,"href":"https:\/\/ohrija.com\/pt\/wp-json\/wp\/v2\/product\/8112\/revisions"}],"wp:featuredmedia":[{"embeddable":true,"href":"https:\/\/ohrija.com\/pt\/wp-json\/wp\/v2\/media\/10212"}],"wp:attachment":[{"href":"https:\/\/ohrija.com\/pt\/wp-json\/wp\/v2\/media?parent=8112"}],"wp:term":[{"taxonomy":"product_cat","embeddable":true,"href":"https:\/\/ohrija.com\/pt\/wp-json\/wp\/v2\/product_cat?post=8112"},{"taxonomy":"product_tag","embeddable":true,"href":"https:\/\/ohrija.com\/pt\/wp-json\/wp\/v2\/product_tag?post=8112"}],"curies":[{"name":"wp","href":"https:\/\/api.w.org\/{rel}","templated":true}]}}