{"id":7077,"date":"2024-05-16T21:43:50","date_gmt":"2024-05-16T13:43:50","guid":{"rendered":"https:\/\/ohrija.com\/?post_type=product&#038;p=7077"},"modified":"2025-05-30T13:10:06","modified_gmt":"2025-05-30T13:10:06","slug":"24v-10a-charger-electric-wheelchair-charger","status":"publish","type":"product","link":"https:\/\/ohrija.com\/pt\/produto\/24v-10a-charger-electric-wheelchair-charger\/","title":{"rendered":"O carregador el\u00e9trico para cadeiras de rodas OHRIJA 24V 10A \u00e9 adequado para baterias de chumbo-\u00e1cido de 27,6V."},"content":{"rendered":"<h4><span style=\"color: #ff0000;\">Aviso<\/span><\/h4>\n<p>Confirme os par\u00e2metros necess\u00e1rios, o plugue de entrada e o conector de sa\u00edda. Se n\u00e3o for poss\u00edvel confirmar, n\u00e3o compre o produto e entre em contato com o atendimento ao cliente para obter suporte. Obrigado!<br \/>\n1. N\u00e3o utilize em ambientes com temperaturas elevadas, escuros e \u00famidos.<br \/>\n2. Mantenha-o em um ambiente ventilado.<br \/>\n3. Mantenha-o longe de itens inflam\u00e1veis e explosivos.<\/p>\n<h4>Par\u00e2metros do produto<\/h4>\n<p>Modelo do produto: HRH300<br \/>\nMaterial do produto: estrutura em liga de alum\u00ednio<br \/>\nTens\u00e3o de sa\u00edda: m\u00e1ximo de 27,6 V\/29,4 V\u00b10,2 V<br \/>\nCorrente de sa\u00edda: m\u00e1xima 10 A \u00b10,2 A<br \/>\nTamanho do produto: 135*90*50 mm 0,9 kg<br \/>\nTipo de bateria aplic\u00e1vel: bateria de chumbo-\u00e1cido de 24V<br \/>\nPot\u00eancia de trabalho: m\u00e1xima 290 W<br \/>\nCor: preto, prateado, vermelho, azul, verde opcional<br \/>\nPlugue de entrada: EUA, UE, Reino Unido, Austr\u00e1lia (selecione o plugue correto de acordo com as normas locais)<br \/>\nConector de sa\u00edda: XT60 | XT90 | Pin\u00e7a crocodilo | Anderson 50A | Bico de fio | DC5.5*2.5 | GX16 1+3- | XLR | IEC C13 | 45A (selecione o conector correto de acordo com a porta da bateria)<br \/>\nConte\u00fado da embalagem: carregador*1, cabo de sa\u00edda DC de 1 m*1, cabo de entrada de 1 m*1, manual de instru\u00e7\u00f5es*1<\/p>\n<h4>Apresenta\u00e7\u00e3o do produto<\/h4>\n<p><strong>1. Carregamento eficiente<\/strong><br \/>\nAdotando tecnologia avan\u00e7ada de fonte de alimenta\u00e7\u00e3o comutada, a efici\u00eancia de carregamento \u00e9 de at\u00e9 85% ou mais, reduzindo o tempo de carregamento e o consumo de energia.<br \/>\n<strong>2. Modo de carregamento com tens\u00e3o constante e corrente constante<\/strong><br \/>\nO carregador funciona no modo de corrente constante (CC) at\u00e9 que a tens\u00e3o da bateria se aproxime do valor definido (27,6 V) e, em seguida, muda para o modo de tens\u00e3o constante (CV) para garantir a seguran\u00e7a do processo de carregamento e evitar sobrecarga.<br \/>\n<strong>3. Controle inteligente de temperatura\u00a0<\/strong><br \/>\nO sensor de temperatura integrado pode monitorar a temperatura do carregador em tempo real. Quando a temperatura excede a faixa segura, ele reduz automaticamente a corrente de carga ou suspende o carregamento para evitar superaquecimento.<br \/>\n<strong>4. M\u00faltiplas fun\u00e7\u00f5es de prote\u00e7\u00e3o<\/strong><br \/>\n<strong>\u00b7 <\/strong>Prote\u00e7\u00e3o contra sobretens\u00e3o: Quando a tens\u00e3o excede a faixa segura, o carregador corta automaticamente a energia para evitar danos \u00e0 bateria.<br \/>\n<strong>\u00b7 <\/strong>Prote\u00e7\u00e3o contra sobrecorrente: Quando a corrente excede o valor nominal, a corrente de sa\u00edda \u00e9 automaticamente limitada para proteger a bateria e o carregador.<br \/>\n<strong>\u00b7 <\/strong>Prote\u00e7\u00e3o contra curto-circuito: O carregador possui uma fun\u00e7\u00e3o de prote\u00e7\u00e3o contra curto-circuito para evitar perigos causados por curtos-circuitos.<br \/>\n<strong>\u00b7 <\/strong>Prote\u00e7\u00e3o contra conex\u00e3o reversa: Quando os polos positivo e negativo da bateria s\u00e3o invertidos, o carregador para de funcionar automaticamente para evitar danos \u00e0 bateria e ao carregador.<br \/>\n<strong>5 luzes indicadoras LED<\/strong><br \/>\nO carregador est\u00e1 equipado com luzes indicadoras LED para exibir o estado atual do carregamento:<br \/>\n<strong>\u00b7 <\/strong>Luz vermelha: Carregando.<br \/>\n<strong>\u00b7 <\/strong> Luz verde: Carregamento conclu\u00eddo ou em modo de espera.<br \/>\n<strong>6 A tens\u00e3o e a corrente podem ser calibradas<\/strong><br \/>\n<strong>\u00b7 <\/strong>O resistor ajust\u00e1vel VR2 pode calibrar a corrente entre 8 e 10 amperes.<br \/>\n<strong>\u00b7 <\/strong>O carregador necessita de uma tens\u00e3o da bateria de pelo menos 13 V para funcionar.<br \/>\n<strong>\u00b7 <\/strong>O carregador pode fornecer diretamente tens\u00e3o e corrente para uso como adaptador.<\/p>\n<h2>Carregador de cerca de alimenta\u00e7\u00e3o do trator Dispositivos aplic\u00e1veis<\/h2>\n<p>\u00b7 Isto <a href=\"https:\/\/ohrija.com\/pt\/produto\/24v-10a-charger-electric-wheelchair-charger\/\">Carregador de bateria de chumbo-\u00e1cido de 24V<\/a> foi projetado para cadeiras de rodas el\u00e9tricas e outros dispositivos com baterias de chumbo-\u00e1cido. O carregador utiliza tecnologia de convers\u00e3o de alta efici\u00eancia para garantir um carregamento r\u00e1pido e seguro da bateria e prolongar sua vida \u00fatil.<br \/>\nO carregador \u00e9 adequado apenas para baterias de chumbo-\u00e1cido de 24V, <a href=\"https:\/\/ohrija.com\/pt\/produto\/24v-10a-charger-electric-wheelchair-charger\/\">carregador para cadeira de rodas el\u00e9trica<\/a>\u00a0e outros dispositivos de bateria de chumbo-\u00e1cido de 24V<a href=\"https:\/\/ohrija.com\/pt\/produto\/24v-10a-charger-electric-wheelchair-charger\/\">.carregador de cerca de suprimentos para tratores.<\/a><\/p>\n<h4>Tempo de carregamento<\/h4>\n<p>\u00b7 O <a href=\"https:\/\/ohrija.com\/pt\/produto\/24v-10a-charger-electric-wheelchair-charger\/\">Carregador de bateria de chumbo-\u00e1cido 24V 10A<\/a> foi projetado para carregamento r\u00e1pido de baterias de chumbo-\u00e1cido de 24 V e pode carregar baterias de chumbo-\u00e1cido de 24 V a uma taxa de 10 amperes.<br \/>\n- A tens\u00e3o m\u00e1xima \u00e9 de 27,6 V quando nenhuma bateria est\u00e1 conectada, e a tens\u00e3o m\u00e1xima \u00e9 de 29,4 V durante o carregamento. A corrente nominal \u00e9 de 10 Amp, que pode carregar totalmente uma bateria de chumbo-\u00e1cido de 30 Ah em cerca de 3 horas e uma bateria de 50 Ah em cerca de 5 horas. Uma bateria de 80Ah pode ser totalmente carregada em 8 horas. Para baterias menores (&lt;10Ah), recomendamos o uso de um <a href=\"https:\/\/ohrija.com\/pt\/produto\/5a-24-volt-wheelchair-battery-charger\/\">5A<\/a> carregador. Todas as baterias de chumbo-\u00e1cido devem ser carregadas com um carregador compat\u00edvel com baterias de chumbo-\u00e1cido, como este carregador. Carregar a bateria com outros tipos de carregadores reduzir\u00e1 o desempenho e a vida \u00fatil da bateria.<\/p>\n<h4>Perguntas frequentes<\/h4>\n<p>1. N\u00e3o est\u00e1 funcionando<br \/>\n\u00b7 Verifique se a tens\u00e3o de entrada CA \u00e9 de 110 ou 220 V.<br \/>\n\u00b7 Verifique se o terminal CA de entrada est\u00e1 conectado corretamente e se o fus\u00edvel est\u00e1 danificado.<br \/>\n\u00b7 Verifique se o conector de sa\u00edda est\u00e1 conectado corretamente, se est\u00e1 compat\u00edvel e se o fus\u00edvel est\u00e1 danificado.<br \/>\n\u00b7 Verifique se o sistema BMS est\u00e1 protegido<br \/>\n2. Qual \u00e9 o n\u00edvel de ru\u00eddo?<br \/>\nComo h\u00e1 uma ventoinha dentro do carregador, o ru\u00eddo \u00e9 de cerca de 40-60 db.<\/p>","protected":false},"excerpt":{"rendered":"<p>Carregador para cadeira de rodas el\u00e9trica, carregador para cerca el\u00e9trica para trator, material em liga de alum\u00ednio, bot\u00e3o interno ajust\u00e1vel, pode calibrar tens\u00e3o e corrente, pode carregar bateria de chumbo-\u00e1cido de 24 V.<\/p>","protected":false},"featured_media":9395,"comment_status":"open","ping_status":"closed","template":"","meta":[],"product_cat":[293,321],"product_tag":[],"class_list":{"0":"post-7077","1":"product","2":"type-product","3":"status-publish","4":"has-post-thumbnail","6":"product_brand-ohrija","7":"product_cat-4s-24v-27-6v-charger","8":"product_cat-electric-wheelchair-charger","9":"product_shipping_class-180w","11":"first","12":"instock","13":"taxable","14":"shipping-taxable","15":"purchasable","16":"product-type-variable","17":"wvs-archive-product-wrapper","18":"col-xs-6 col-sm-4","19":"col-md-3 col-lg-3","20":"un-4-cols"},"jetpack_sharing_enabled":true,"_links":{"self":[{"href":"https:\/\/ohrija.com\/pt\/wp-json\/wp\/v2\/product\/7077","targetHints":{"allow":["GET"]}}],"collection":[{"href":"https:\/\/ohrija.com\/pt\/wp-json\/wp\/v2\/product"}],"about":[{"href":"https:\/\/ohrija.com\/pt\/wp-json\/wp\/v2\/types\/product"}],"replies":[{"embeddable":true,"href":"https:\/\/ohrija.com\/pt\/wp-json\/wp\/v2\/comments?post=7077"}],"version-history":[{"count":0,"href":"https:\/\/ohrija.com\/pt\/wp-json\/wp\/v2\/product\/7077\/revisions"}],"wp:featuredmedia":[{"embeddable":true,"href":"https:\/\/ohrija.com\/pt\/wp-json\/wp\/v2\/media\/9395"}],"wp:attachment":[{"href":"https:\/\/ohrija.com\/pt\/wp-json\/wp\/v2\/media?parent=7077"}],"wp:term":[{"taxonomy":"product_cat","embeddable":true,"href":"https:\/\/ohrija.com\/pt\/wp-json\/wp\/v2\/product_cat?post=7077"},{"taxonomy":"product_tag","embeddable":true,"href":"https:\/\/ohrija.com\/pt\/wp-json\/wp\/v2\/product_tag?post=7077"}],"curies":[{"name":"wp","href":"https:\/\/api.w.org\/{rel}","templated":true}]}}