{"id":34349,"date":"2025-12-06T11:51:16","date_gmt":"2025-12-06T11:51:16","guid":{"rendered":"https:\/\/ohrija.com\/?post_type=product&#038;p=34349"},"modified":"2025-12-11T00:48:30","modified_gmt":"2025-12-11T00:48:30","slug":"ohrija-48v-15a-power-drive-golf-cart-chargers","status":"publish","type":"product","link":"https:\/\/ohrija.com\/pt\/produto\/ohrija-48v-15a-power-drive-golf-cart-chargers\/","title":{"rendered":"Carregadores para carrinhos de golfe OHRIJA 48V 15A Carregador de bateria de chumbo-\u00e1cido 48V Carregadores para carrinhos de golfe Power Drive"},"content":{"rendered":"<h4><span style=\"color: #ff0000;\">Aviso<\/span><\/h4>\n<p>Confirme os par\u00e2metros necess\u00e1rios, o plugue de entrada e o conector de sa\u00edda. Se n\u00e3o puder confirmar, n\u00e3o compre ou entre em contato com o atendimento ao cliente para obter suporte. Obrigado!<br \/>\n1. N\u00e3o utilize em ambientes com temperaturas elevadas, escuros e \u00famidos.<br \/>\n2. Mantenha-o em um ambiente ventilado.<br \/>\n3. Mantenha longe de itens inflam\u00e1veis e explosivos.<\/p>\n<h4>Par\u00e2metros do produto<\/h4>\n<p>Modelo do produto: HRH900N<br \/>\nMaterial do produto: estrutura em liga de alum\u00ednio<br \/>\nTens\u00e3o de sa\u00edda: m\u00e1xima 58,8 V \u00b10,2 V<br \/>\nCorrente de sa\u00edda: m\u00e1xima 15 A \u00b10,2 A<br \/>\nDimens\u00f5es do produto: 212*93,5*60 mm 1,2 kg<br \/>\nTipo de bateria aplic\u00e1vel: Bateria de chumbo-\u00e1cido 4S 48V<br \/>\nPot\u00eancia de trabalho: m\u00e1xima 900 W<br \/>\nCor: preto<br \/>\nPlugue de entrada: EUA, UE, Reino Unido, Austr\u00e1lia (selecione o plugue correto de acordo com as normas locais)<br \/>\nConector de sa\u00edda: CLUB CAR (101828901) | YAMAHA G19 (2PIN YAMAHA) (JR1-H235A-00) | EZGO 48V TXT (DC Powerwise Charger Plug (Rectangular Style Plug Handle) (73051-G20) |EZGO RXV (611219) |YAMAHA G29 (3PIN YAMAHA) (JW9-82174-00) | Crowfoot (EX-0005) (selecione o conector correto de acordo com a porta da bateria)<br \/>\nEmbalagem: carregador * 1, cabo de sa\u00edda DC de 1 m * 1, cabo de entrada de 1 m * 1, manual de instru\u00e7\u00f5es * 1<br \/>\nDispositivos aplic\u00e1veis: Bateria de chumbo-\u00e1cido de 4 c\u00e9lulas, totalmente carregada a 55,2 V \u00b1 0,2 V.<\/p>","protected":false},"excerpt":{"rendered":"<p>Carregadores para carrinhos de golfe de 48 V e 15 A, em liga de alum\u00ednio, podem carregar baterias de chumbo-\u00e1cido de 48 V.<\/p>","protected":false},"featured_media":35085,"comment_status":"open","ping_status":"closed","template":"","meta":[],"product_cat":[295,299],"product_tag":[],"class_list":{"0":"post-34349","1":"product","2":"type-product","3":"status-publish","4":"has-post-thumbnail","6":"product_brand-ohrija","7":"product_cat-8s-48v-55-2v-charger","8":"product_cat-48v-golf-charger","9":"product_shipping_class-600w","11":"first","12":"instock","13":"taxable","14":"shipping-taxable","15":"purchasable","16":"product-type-variable","17":"wvs-archive-product-wrapper","18":"col-xs-6 col-sm-4","19":"col-md-3 col-lg-3","20":"un-4-cols"},"jetpack_sharing_enabled":true,"_links":{"self":[{"href":"https:\/\/ohrija.com\/pt\/wp-json\/wp\/v2\/product\/34349","targetHints":{"allow":["GET"]}}],"collection":[{"href":"https:\/\/ohrija.com\/pt\/wp-json\/wp\/v2\/product"}],"about":[{"href":"https:\/\/ohrija.com\/pt\/wp-json\/wp\/v2\/types\/product"}],"replies":[{"embeddable":true,"href":"https:\/\/ohrija.com\/pt\/wp-json\/wp\/v2\/comments?post=34349"}],"version-history":[{"count":0,"href":"https:\/\/ohrija.com\/pt\/wp-json\/wp\/v2\/product\/34349\/revisions"}],"wp:featuredmedia":[{"embeddable":true,"href":"https:\/\/ohrija.com\/pt\/wp-json\/wp\/v2\/media\/35085"}],"wp:attachment":[{"href":"https:\/\/ohrija.com\/pt\/wp-json\/wp\/v2\/media?parent=34349"}],"wp:term":[{"taxonomy":"product_cat","embeddable":true,"href":"https:\/\/ohrija.com\/pt\/wp-json\/wp\/v2\/product_cat?post=34349"},{"taxonomy":"product_tag","embeddable":true,"href":"https:\/\/ohrija.com\/pt\/wp-json\/wp\/v2\/product_tag?post=34349"}],"curies":[{"name":"wp","href":"https:\/\/api.w.org\/{rel}","templated":true}]}}