{"id":28978,"date":"2025-12-04T03:03:42","date_gmt":"2025-12-04T03:03:42","guid":{"rendered":"https:\/\/ohrija.com\/?post_type=product&#038;p=28978"},"modified":"2025-12-04T03:30:15","modified_gmt":"2025-12-04T03:30:15","slug":"carregador-de-bateria-ohrija-36v-lifepo4-43-8v-15a","status":"publish","type":"product","link":"https:\/\/ohrija.com\/pt\/produto\/carregador-de-bateria-ohrija-36v-lifepo4-43-8v-15a\/","title":{"rendered":"O carregador de bateria OHRIJA 36V Lifepo4 43,8V 15A \u00e9 adequado para baterias Lifepo4 12S 43,8V."},"content":{"rendered":"<h4><span style=\"color: #ff0000;\">Aviso<\/span><\/h4>\n<p>Confirme os par\u00e2metros necess\u00e1rios, o plugue de entrada e o conector de sa\u00edda. Se n\u00e3o for poss\u00edvel confirmar, n\u00e3o compre o produto e entre em contato com o atendimento ao cliente para obter suporte. Obrigado!<br \/>\n1. N\u00e3o utilize em ambientes com temperaturas elevadas, escuros e \u00famidos.<br \/>\n2. Mantenha-o em um ambiente ventilado.<br \/>\n3. Mantenha longe de itens inflam\u00e1veis e explosivos.<\/p>\n<h4>Par\u00e2metros do produto<\/h4>\n<p>Modelo do produto: HRH900N<br \/>\nMaterial do produto: estrutura em liga de alum\u00ednio<br \/>\nTens\u00e3o de sa\u00edda: m\u00e1xima 43,8 V \u00b10,2 V<br \/>\nCorrente de sa\u00edda: m\u00e1xima 18 A \u00b10,2 A<br \/>\nDimens\u00f5es do produto: 212*93,5*60 mm 1,2 kg<br \/>\nTipo de bateria aplic\u00e1vel: bateria Lifepo4 12S 43,8 V<br \/>\nPot\u00eancia de trabalho: m\u00e1xima 800 W<br \/>\nCor: preto<br \/>\nPlugue de entrada: EUA, UE, Reino Unido, Austr\u00e1lia (selecione o plugue correto de acordo com as normas locais)<br \/>\nConector de sa\u00edda: XT60 | XT90 | Pin\u00e7a crocodilo | Anderson 50A | Bico de fio | 45A (selecione o conector correto de acordo com a porta da bateria)<br \/>\nEmbalagem: carregador * 1, cabo de sa\u00edda DC de 1 m * 1, cabo de entrada de 1 m * 1, manual de instru\u00e7\u00f5es * 1<\/p>\n<p>Dispositivos aplic\u00e1veis: baterias LifeP4 de 12 c\u00e9lulas, totalmente carregadas a 43,8 V \u00b10,2 V.<\/p>","protected":false},"excerpt":{"rendered":"<p>Carregador de bateria Li36 Lifepo4, material de liga de alum\u00ednio, bot\u00e3o interno ajust\u00e1vel, pode calibrar tens\u00e3o e corrente, pode carregar bateria Lifepo4 12S 43,8 V. Carregador de bateria LiFePO4. .<\/p>","protected":false},"featured_media":29013,"comment_status":"open","ping_status":"closed","template":"","meta":[],"product_cat":[304],"product_tag":[],"class_list":{"0":"post-28978","1":"product","2":"type-product","3":"status-publish","4":"has-post-thumbnail","6":"product_brand-ohrija","7":"product_cat-12s-43-8v-charger","8":"product_shipping_class-600w","10":"first","11":"instock","12":"taxable","13":"shipping-taxable","14":"purchasable","15":"product-type-variable","16":"wvs-archive-product-wrapper","17":"col-xs-6 col-sm-4","18":"col-md-3 col-lg-3","19":"un-4-cols"},"jetpack_sharing_enabled":true,"_links":{"self":[{"href":"https:\/\/ohrija.com\/pt\/wp-json\/wp\/v2\/product\/28978","targetHints":{"allow":["GET"]}}],"collection":[{"href":"https:\/\/ohrija.com\/pt\/wp-json\/wp\/v2\/product"}],"about":[{"href":"https:\/\/ohrija.com\/pt\/wp-json\/wp\/v2\/types\/product"}],"replies":[{"embeddable":true,"href":"https:\/\/ohrija.com\/pt\/wp-json\/wp\/v2\/comments?post=28978"}],"version-history":[{"count":0,"href":"https:\/\/ohrija.com\/pt\/wp-json\/wp\/v2\/product\/28978\/revisions"}],"wp:featuredmedia":[{"embeddable":true,"href":"https:\/\/ohrija.com\/pt\/wp-json\/wp\/v2\/media\/29013"}],"wp:attachment":[{"href":"https:\/\/ohrija.com\/pt\/wp-json\/wp\/v2\/media?parent=28978"}],"wp:term":[{"taxonomy":"product_cat","embeddable":true,"href":"https:\/\/ohrija.com\/pt\/wp-json\/wp\/v2\/product_cat?post=28978"},{"taxonomy":"product_tag","embeddable":true,"href":"https:\/\/ohrija.com\/pt\/wp-json\/wp\/v2\/product_tag?post=28978"}],"curies":[{"name":"wp","href":"https:\/\/api.w.org\/{rel}","templated":true}]}}