{"id":10134,"date":"2024-11-11T08:58:08","date_gmt":"2024-11-11T08:58:08","guid":{"rendered":"https:\/\/ohrija.com\/?post_type=product&#038;p=10134"},"modified":"2026-03-17T21:29:43","modified_gmt":"2026-03-17T21:29:43","slug":"ohrija-14-6v5a-12v-lifepo4-battery-charger","status":"publish","type":"product","link":"https:\/\/ohrija.com\/pt\/produto\/ohrija-14-6v5a-12v-lifepo4-battery-charger\/","title":{"rendered":"O carregador de bateria OHRIJA 12 V Lifepo4 14,6 V 5 A \u00e9 adequado para baterias 4S 12,8 V Lifepo4."},"content":{"rendered":"<h4><span style=\"color: #ff0000;\">Aviso<\/span><\/h4>\n<p>Confirme os par\u00e2metros necess\u00e1rios, o plugue de entrada e o conector de sa\u00edda. Se n\u00e3o for poss\u00edvel confirmar, n\u00e3o compre o produto e entre em contato com o atendimento ao cliente para obter suporte. Obrigado!<br \/>\n1. N\u00e3o utilize em ambientes com temperaturas elevadas, escuros e \u00famidos.<br \/>\n2. Mantenha-o em um ambiente ventilado.<br \/>\n3. Mantenha longe de itens inflam\u00e1veis e explosivos.<\/p>\n<h4>Par\u00e2metros do produto<\/h4>\n<p>Modelo do produto: HRH180<br \/>\nMaterial do produto: estrutura em liga de alum\u00ednio<br \/>\nTens\u00e3o de sa\u00edda: m\u00e1xima 14,6 V \u00b10,2 V<br \/>\nCorrente de sa\u00edda: m\u00e1xima 5Amp \u00b10,2a<br \/>\nTamanho do produto: 135*90*50 mm 0,9 kg<br \/>\nTipo de bateria aplic\u00e1vel: bateria Lifepo4 4S 12,8 V<br \/>\nPot\u00eancia de trabalho: m\u00e1xima 175 W<br \/>\nCor: preto, vermelho,<br \/>\nPlugue de entrada: EUA, UE, Reino Unido, Austr\u00e1lia (selecione o plugue correto de acordo com as normas locais)<br \/>\nConector de sa\u00edda: XT60 | XT90 | Pin\u00e7a crocodilo | Anderson 50A | Bico de fio | GX16 1+3- | XLR | IEC C13 | 45A (selecione o conector correto de acordo com a porta da bateria)<br \/>\nEmbalagem: carregador * 1, cabo de sa\u00edda DC de 1 m * 1, cabo de entrada de 1 m * 1, manual de instru\u00e7\u00f5es * 1<\/p>\n<h4>Apresenta\u00e7\u00e3o do produto<\/h4>\n<p><strong>1. Carregamento eficiente<\/strong><br \/>\nAdotando tecnologia avan\u00e7ada de fonte de alimenta\u00e7\u00e3o comutada, a efici\u00eancia de carregamento \u00e9 de at\u00e9 85% ou mais, reduzindo o tempo de carregamento e o consumo de energia.<br \/>\n<strong>2. Modo de carregamento com tens\u00e3o constante e corrente constante<\/strong><br \/>\nO carregador funciona no modo de corrente constante (CC) at\u00e9 que a tens\u00e3o da bateria se aproxime do valor definido (14,6 V) e, em seguida, muda para o modo de tens\u00e3o constante (CV) para garantir a seguran\u00e7a do processo de carregamento e evitar sobrecargas.<br \/>\n<strong>3. M\u00faltiplas fun\u00e7\u00f5es de prote\u00e7\u00e3o<\/strong><br \/>\n<strong>\u00b7 <\/strong>Prote\u00e7\u00e3o contra sobretens\u00e3o: Quando a tens\u00e3o excede a faixa segura, o carregador corta automaticamente a energia para evitar danos \u00e0 bateria.<br \/>\n<strong>\u00b7 <\/strong>Prote\u00e7\u00e3o contra sobrecorrente: Quando a corrente excede o valor nominal, a corrente de sa\u00edda \u00e9 automaticamente limitada para proteger a bateria e o carregador.<br \/>\n<strong>\u00b7 <\/strong>Prote\u00e7\u00e3o contra curto-circuito: O carregador possui uma fun\u00e7\u00e3o de prote\u00e7\u00e3o contra curto-circuito para evitar perigos causados por curtos-circuitos.<br \/>\n<strong>\u00b7 <\/strong>Prote\u00e7\u00e3o contra conex\u00e3o reversa: Quando os polos positivo e negativo da bateria s\u00e3o invertidos, o carregador para de funcionar automaticamente para evitar danos \u00e0 bateria e ao carregador.<br \/>\n<strong>4. Luzes indicadoras LED<\/strong><br \/>\nO carregador est\u00e1 equipado com luzes indicadoras LED para exibir o estado atual do carregamento:<br \/>\n<strong>\u00b7 <\/strong>Luz vermelha: Carregando.<br \/>\n<strong>\u00b7 <\/strong> Luz verde: Carregamento conclu\u00eddo ou em modo de espera.<br \/>\n<strong>5. A tens\u00e3o e a corrente podem ser calibradas.<\/strong><br \/>\n<strong>\u00b7 <\/strong>O resistor ajust\u00e1vel VR1 dentro do carregador pode ser calibrado entre 10-17V.<br \/>\n<strong>\u00b7 <\/strong>O resistor ajust\u00e1vel VR2 pode calibrar a corrente entre 5 e 10 amperes.<br \/>\n<strong>\u00b7 <\/strong>O carregador necessita de uma tens\u00e3o da bateria de pelo menos 6 V para funcionar.<br \/>\n<strong>\u00b7 <\/strong>O carregador pode fornecer diretamente tens\u00e3o e corrente para uso como adaptador.<\/p>\n<h2>carregador de bateria para bateria de RV Dispositivos aplic\u00e1veis<\/h2>\n<p>- Esse carregador de bateria de 14,6 V e 5 A foi projetado para RV e outros dispositivos de bateria Lifepo4. O carregador usa tecnologia de convers\u00e3o de alta efici\u00eancia para garantir o carregamento r\u00e1pido e seguro da bateria e prolongar sua vida \u00fatil.<br \/>\nO carregador \u00e9 adequado apenas para baterias Lifepo4 4S 12,8 V., <a href=\"https:\/\/ohrija.com\/pt\/produto\/14-6v-10a-battery-charger-for-rv-battery\/\">carregadores de bateria para ve\u00edculos recreativos<\/a> \u00a0e outros dispositivos com bateria 4S 12,8 V Lifepo4. Carregador para scooter Bird.<a href=\"https:\/\/ohrija.com\/pt\/?s=14.6V+10A&amp;post_type=product\">carregador de bateria para bateria de RV.<\/a><\/p>\n<h4>Tempo de carregamento<\/h4>\n<p>- O carregador de bateria Lifepo4 de 14,6 V e 5 A foi projetado para carregamento r\u00e1pido de baterias Lifepo4 4S de 12,8 V e pode carregar baterias Lifepo4 4S de 12,8 V a uma taxa de 10 amperes.<br \/>\n- Com uma tens\u00e3o m\u00e1xima de 14,6 V e uma corrente nominal de 10 Amp, ele pode carregar totalmente uma bateria Lifepo4 de 40 Ah em cerca de 4 horas e uma bateria de 100 Ah em cerca de 10 horas. Uma bateria de 120Ah pode ser totalmente carregada em 12 horas. Para baterias menores (&lt;10Ah), recomendamos o uso de um carregador de 5A. Todas as baterias Lifepo4 devem ser carregadas com um carregador compat\u00edvel com as baterias Lifepo4, como este. O uso de outros tipos de carregadores para carregar a bateria reduzir\u00e1 o desempenho e a vida \u00fatil da bateria.<\/p>\n<h4>Perguntas frequentes<\/h4>\n<p>1. N\u00e3o est\u00e1 funcionando<br \/>\n\u00b7 Verifique se a tens\u00e3o de entrada CA \u00e9 de 110 ou 220 V.<br \/>\n\u00b7 Verifique se o terminal CA de entrada est\u00e1 conectado corretamente e se o fus\u00edvel est\u00e1 danificado.<br \/>\n\u00b7 Verifique se o conector de sa\u00edda est\u00e1 conectado corretamente, se est\u00e1 compat\u00edvel e se o fus\u00edvel est\u00e1 danificado.<br \/>\n\u00b7 Verifique se o sistema BMS est\u00e1 protegido<br \/>\n2. Qual \u00e9 o n\u00edvel de ru\u00eddo?<br \/>\nComo h\u00e1 uma ventoinha dentro do carregador, o ru\u00eddo \u00e9 de cerca de 40-60 db.<\/p>\n<p>&nbsp;<\/p>","protected":false},"excerpt":{"rendered":"<p><span style=\"vertical-align: inherit;\"><span style=\"vertical-align: inherit;\">Carregador de bateria Lifepo4 de 12 V, carregador de bateria para bateria RV, carregador para scooter Bird, material de liga de alum\u00ednio, bot\u00e3o interno ajust\u00e1vel, pode calibrar tens\u00e3o e corrente, pode carregar bateria Lifepo4 4S 12,8 V.<\/span><\/span><\/p>","protected":false},"featured_media":10176,"comment_status":"open","ping_status":"closed","template":"","meta":[],"product_cat":[348,307],"product_tag":[],"class_list":{"0":"post-10134","1":"product","2":"type-product","3":"status-publish","4":"has-post-thumbnail","6":"product_brand-ohrija","7":"product_cat-rv-charger","8":"product_cat-4s-14-6v-charger","9":"product_shipping_class-180w","11":"first","12":"instock","13":"taxable","14":"shipping-taxable","15":"purchasable","16":"product-type-variable","17":"wvs-archive-product-wrapper","18":"col-xs-6 col-sm-4","19":"col-md-3 col-lg-3","20":"un-4-cols"},"jetpack_sharing_enabled":true,"_links":{"self":[{"href":"https:\/\/ohrija.com\/pt\/wp-json\/wp\/v2\/product\/10134","targetHints":{"allow":["GET"]}}],"collection":[{"href":"https:\/\/ohrija.com\/pt\/wp-json\/wp\/v2\/product"}],"about":[{"href":"https:\/\/ohrija.com\/pt\/wp-json\/wp\/v2\/types\/product"}],"replies":[{"embeddable":true,"href":"https:\/\/ohrija.com\/pt\/wp-json\/wp\/v2\/comments?post=10134"}],"version-history":[{"count":0,"href":"https:\/\/ohrija.com\/pt\/wp-json\/wp\/v2\/product\/10134\/revisions"}],"wp:featuredmedia":[{"embeddable":true,"href":"https:\/\/ohrija.com\/pt\/wp-json\/wp\/v2\/media\/10176"}],"wp:attachment":[{"href":"https:\/\/ohrija.com\/pt\/wp-json\/wp\/v2\/media?parent=10134"}],"wp:term":[{"taxonomy":"product_cat","embeddable":true,"href":"https:\/\/ohrija.com\/pt\/wp-json\/wp\/v2\/product_cat?post=10134"},{"taxonomy":"product_tag","embeddable":true,"href":"https:\/\/ohrija.com\/pt\/wp-json\/wp\/v2\/product_tag?post=10134"}],"curies":[{"name":"wp","href":"https:\/\/api.w.org\/{rel}","templated":true}]}}