{"id":7331,"date":"2024-05-30T19:21:55","date_gmt":"2024-05-30T11:21:55","guid":{"rendered":"https:\/\/ohrija.com\/?page_id=7331"},"modified":"2024-05-30T19:23:03","modified_gmt":"2024-05-30T11:23:03","slug":"privacy-policy-2","status":"publish","type":"page","link":"https:\/\/ohrija.com\/pt\/privacy-policy-2\/","title":{"rendered":"Pol\u00edtica de envio"},"content":{"rendered":"<p>Fazemos o poss\u00edvel para garantir que o estoque seja representado com precis\u00e3o em nossa loja virtual.<\/p>\n\n\n\n<p>Enviamos as encomendas todos os s\u00e1bados. As encomendas feitas antes das 12h PST de cada sexta-feira ser\u00e3o processadas nessa semana. Caso contr\u00e1rio, as encomendas ser\u00e3o processadas na semana seguinte.<\/p>\n\n\n\n<p>Se um item estiver erroneamente fora de estoque, entraremos em contato com voc\u00ea imediatamente e ofereceremos um reembolso ou um prazo exato em que voc\u00ea poder\u00e1 esperar receber o item.<\/p>\n\n\n\n<p>Como pol\u00edtica da loja, n\u00e3o aceitamos pr\u00e9-encomendas de produtos esgotados ou ainda n\u00e3o lan\u00e7ados.&nbsp;<\/p>\n\n\n\n<p>Nosso objetivo \u00e9 utilizar materiais de embalagem e envio totalmente reciclados e\/ou recicl\u00e1veis. Recomendamos que voc\u00ea reutilize ou recicle de forma respons\u00e1vel o material de envio da sua encomenda.<\/p>","protected":false},"excerpt":{"rendered":"<p>We do our best to ensure inventory is accurately represented on our webstore. We ship orders every Saturday. Orders placed before 12pm PST each Friday will be processed that week. Otherwise orders will be processed the next week. If an item is erroneously out of stock, we will contact you immediately and offer a refund&hellip;<\/p>","protected":false},"author":1,"featured_media":0,"parent":0,"menu_order":0,"comment_status":"closed","ping_status":"closed","template":"","meta":{"footnotes":""},"class_list":["post-7331","page","type-page","status-publish","hentry"],"jetpack_sharing_enabled":true,"_links":{"self":[{"href":"https:\/\/ohrija.com\/pt\/wp-json\/wp\/v2\/pages\/7331","targetHints":{"allow":["GET"]}}],"collection":[{"href":"https:\/\/ohrija.com\/pt\/wp-json\/wp\/v2\/pages"}],"about":[{"href":"https:\/\/ohrija.com\/pt\/wp-json\/wp\/v2\/types\/page"}],"author":[{"embeddable":true,"href":"https:\/\/ohrija.com\/pt\/wp-json\/wp\/v2\/users\/1"}],"replies":[{"embeddable":true,"href":"https:\/\/ohrija.com\/pt\/wp-json\/wp\/v2\/comments?post=7331"}],"version-history":[{"count":0,"href":"https:\/\/ohrija.com\/pt\/wp-json\/wp\/v2\/pages\/7331\/revisions"}],"wp:attachment":[{"href":"https:\/\/ohrija.com\/pt\/wp-json\/wp\/v2\/media?parent=7331"}],"curies":[{"name":"wp","href":"https:\/\/api.w.org\/{rel}","templated":true}]}}