{"id":15,"date":"2024-05-11T21:16:50","date_gmt":"2024-05-11T13:16:50","guid":{"rendered":"https:\/\/ohrija.com\/?page_id=15"},"modified":"2024-06-20T14:33:22","modified_gmt":"2024-06-20T06:33:22","slug":"reembolsos_devolucoes","status":"publish","type":"page","link":"https:\/\/ohrija.com\/pt\/reembolsos_devolucoes\/","title":{"rendered":"Pol\u00edtica de reembolso e devolu\u00e7\u00e3o"},"content":{"rendered":"\t\t<div data-elementor-type=\"wp-page\" data-elementor-id=\"15\" class=\"elementor elementor-15\" data-elementor-post-type=\"page\">\n\t\t\t\t<div class=\"elementor-element elementor-element-7ec90b70 e-flex e-con-boxed e-con e-parent\" data-id=\"7ec90b70\" data-element_type=\"container\">\n\t\t\t\t\t<div class=\"e-con-inner\">\n\t\t\t\t<div class=\"elementor-element elementor-element-1ba6dbb1 elementor-widget elementor-widget-text-editor\" data-id=\"1ba6dbb1\" data-element_type=\"widget\" data-widget_type=\"text-editor.default\">\n\t\t\t\t<div class=\"elementor-widget-container\">\n\t\t\t\t\t\t\t\t\t<p><\/p>\n<p><\/p>\n<p><\/p>\n<p class=\"p\"><b><span class=\"15\" style=\"mso-spacerun: 'yes'; font-family: Calibri; mso-fareast-font-family: \u5b8b\u4f53; mso-bidi-font-family: 'Times New Roman'; mso-ansi-font-weight: bold;\">Website After-Sales Policy<\/span><\/b><\/p>\n<p class=\"p\"><span style=\"mso-spacerun: 'yes'; font-family: Calibri; mso-fareast-font-family: \u5b8b\u4f53; mso-bidi-font-family: 'Times New Roman'; font-size: 12.0000pt; mso-font-kerning: 0.0000pt;\">Welcome to our online store. We are committed to providing you with high-quality products and services. This after-sales policy outlines the after-sales services and rights you can enjoy after purchasing our products.<\/span><\/p>\n<p class=\"MsoNormal\" style=\"margin-top: 5.0000pt; margin-bottom: 5.0000pt; margin-left: 54.0000pt; mso-para-margin-left: 0.0000gd; mso-margin-top-alt: auto; mso-margin-bottom-alt: auto; mso-pagination: widow-orphan;\"><span style=\"mso-spacerun: 'yes'; font-family: Calibri; mso-fareast-font-family: \u5b8b\u4f53; mso-bidi-font-family: 'Times New Roman'; font-size: 10.5000pt; mso-font-kerning: 1.0000pt;\">&nbsp;<\/span><\/p>\n<p class=\"p\" style=\"margin-left: 36.0000pt; mso-pagination: widow-orphan;\"><b><span class=\"15\" style=\"mso-spacerun: 'yes'; font-family: Calibri; mso-fareast-font-family: \u5b8b\u4f53; mso-bidi-font-family: 'Times New Roman'; mso-ansi-font-weight: bold;\">Return and Exchange Policy<\/span><\/b><\/p>\n<p class=\"p\" style=\"margin-left: 72.0000pt; mso-pagination: widow-orphan;\"><b><span class=\"15\" style=\"mso-spacerun: 'yes'; font-family: Calibri; mso-fareast-font-family: \u5b8b\u4f53; mso-bidi-font-family: 'Times New Roman'; mso-ansi-font-weight: bold;\">Return Requirements:<\/span><\/b><span style=\"mso-spacerun: 'yes'; font-family: Calibri; mso-fareast-font-family: \u5b8b\u4f53; mso-bidi-font-family: 'Times New Roman'; font-size: 12.0000pt; mso-font-kerning: 0.0000pt;\">&nbsp;If you are not satisfied with your purchase, you may request a return within <\/span><span style=\"mso-spacerun: 'yes'; font-family: \u5b8b\u4f53; mso-ascii-font-family: Calibri; mso-hansi-font-family: Calibri; mso-bidi-font-family: 'Times New Roman'; font-size: 12.0000pt; mso-font-kerning: 0.0000pt;\"><span style=\"font-family: Calibri;\">15<\/span><\/span><span style=\"mso-spacerun: 'yes'; font-family: Calibri; mso-fareast-font-family: \u5b8b\u4f53; mso-bidi-font-family: 'Times New Roman'; font-size: 12.0000pt; mso-font-kerning: 0.0000pt;\">&nbsp;days of receiving the product. Please ensure the product is unused, undamaged, and in its original packaging with tags intact. We do not accept used products or products with damaged packaging.<\/span><\/p>\n<p class=\"p\" style=\"margin-left: 72.0000pt; mso-pagination: widow-orphan;\"><b><span class=\"15\" style=\"mso-spacerun: 'yes'; font-family: Calibri; mso-fareast-font-family: \u5b8b\u4f53; mso-bidi-font-family: 'Times New Roman'; mso-ansi-font-weight: bold;\">Exchange Requirements:<\/span><\/b><span style=\"mso-spacerun: 'yes'; font-family: Calibri; mso-fareast-font-family: \u5b8b\u4f53; mso-bidi-font-family: 'Times New Roman'; font-size: 12.0000pt; mso-font-kerning: 0.0000pt;\">&nbsp;If you receive a product with quality issues or that does not match your order, please contact us within 7 days of receiving the product and provide relevant evidence (such as photos). We will arrange an exchange for you.<\/span><\/p>\n<p class=\"MsoNormal\" style=\"margin-top: 5.0000pt; margin-bottom: 5.0000pt; mso-margin-top-alt: auto; mso-margin-bottom-alt: auto; mso-pagination: widow-orphan;\"><span style=\"mso-spacerun: 'yes'; font-family: Calibri; mso-fareast-font-family: \u5b8b\u4f53; mso-bidi-font-family: 'Times New Roman'; font-size: 10.5000pt; mso-font-kerning: 1.0000pt;\">&nbsp;<\/span><\/p>\n<p class=\"p\" style=\"margin-left: 36.0000pt; mso-pagination: widow-orphan;\"><b><span class=\"15\" style=\"mso-spacerun: 'yes'; font-family: Calibri; mso-fareast-font-family: \u5b8b\u4f53; mso-bidi-font-family: 'Times New Roman'; mso-ansi-font-weight: bold;\">Refund Policy<\/span><\/b><\/p>\n<p class=\"MsoNormal\" style=\"margin-top: 5.0000pt; margin-bottom: 5.0000pt; mso-margin-top-alt: auto; mso-margin-bottom-alt: auto; mso-pagination: widow-orphan;\"><span style=\"mso-spacerun: 'yes'; font-family: Calibri; mso-fareast-font-family: \u5b8b\u4f53; mso-bidi-font-family: 'Times New Roman'; font-size: 10.5000pt; mso-font-kerning: 1.0000pt;\">&nbsp;<\/span><\/p>\n<p class=\"p\" style=\"margin-left: 72.0000pt; mso-pagination: widow-orphan;\"><b><span class=\"15\" style=\"mso-spacerun: 'yes'; font-family: Calibri; mso-fareast-font-family: \u5b8b\u4f53; mso-bidi-font-family: 'Times New Roman'; mso-ansi-font-weight: bold;\">Refund Conditions:<\/span><\/b><span style=\"mso-spacerun: 'yes'; font-family: Calibri; mso-fareast-font-family: \u5b8b\u4f53; mso-bidi-font-family: 'Times New Roman'; font-size: 12.0000pt; mso-font-kerning: 0.0000pt;\">&nbsp;Refunds will be processed for products that meet the return requirements after they are received and inspected. Refunds will be issued to your original payment method.<\/span><\/p>\n<p class=\"MsoNormal\" style=\"margin-top: 5.0000pt; margin-bottom: 5.0000pt; mso-margin-top-alt: auto; mso-margin-bottom-alt: auto; mso-pagination: widow-orphan;\"><span style=\"mso-spacerun: 'yes'; font-family: Calibri; mso-fareast-font-family: \u5b8b\u4f53; mso-bidi-font-family: 'Times New Roman'; font-size: 10.5000pt; mso-font-kerning: 1.0000pt;\">&nbsp;<\/span><\/p>\n<p class=\"p\" style=\"margin-left: 72.0000pt; mso-pagination: widow-orphan;\"><b><span class=\"15\" style=\"mso-spacerun: 'yes'; font-family: Calibri; mso-fareast-font-family: \u5b8b\u4f53; mso-bidi-font-family: 'Times New Roman'; mso-ansi-font-weight: bold;\">Refund Timing:<\/span><\/b><span style=\"mso-spacerun: 'yes'; font-family: Calibri; mso-fareast-font-family: \u5b8b\u4f53; mso-bidi-font-family: 'Times New Roman'; font-size: 12.0000pt; mso-font-kerning: 0.0000pt;\">&nbsp;Refund processing times vary depending on the payment method and bank. Typically, refunds are processed within 7 working days after the product is received and inspected.<\/span><\/p>\n<p class=\"p\" style=\"margin-left: 36.0000pt; mso-pagination: widow-orphan;\"><b><span class=\"15\" style=\"mso-spacerun: 'yes'; font-family: Calibri; mso-fareast-font-family: \u5b8b\u4f53; mso-bidi-font-family: 'Times New Roman'; mso-ansi-font-weight: bold;\">Product Warranty<\/span><\/b><\/p>\n<p class=\"MsoNormal\" style=\"margin-top: 5.0000pt; margin-bottom: 5.0000pt; mso-margin-top-alt: auto; mso-margin-bottom-alt: auto; mso-pagination: widow-orphan;\"><span style=\"mso-spacerun: 'yes'; font-family: Calibri; mso-fareast-font-family: \u5b8b\u4f53; mso-bidi-font-family: 'Times New Roman'; font-size: 10.5000pt; mso-font-kerning: 1.0000pt;\">&nbsp;<\/span><\/p>\n<p class=\"p\" style=\"margin-left: 72.0000pt; mso-pagination: widow-orphan;\"><b><span class=\"15\" style=\"mso-spacerun: 'yes'; font-family: Calibri; mso-fareast-font-family: \u5b8b\u4f53; mso-bidi-font-family: 'Times New Roman'; mso-ansi-font-weight: bold;\">Warranty Period:<\/span><\/b><span style=\"mso-spacerun: 'yes'; font-family: Calibri; mso-fareast-font-family: \u5b8b\u4f53; mso-bidi-font-family: 'Times New Roman'; font-size: 12.0000pt; mso-font-kerning: 0.0000pt;\">&nbsp;All products are covered by a reasonable warranty period, specific to the product type and manufacturer&#8217;s policy. Within the warranty period, we provide free repair or replacement services for faults caused by product quality issues.<\/span><\/p>\n<p class=\"p\" style=\"margin-left: 72.0000pt; mso-pagination: widow-orphan;\"><b><span class=\"15\" style=\"mso-spacerun: 'yes'; font-family: Calibri; mso-fareast-font-family: \u5b8b\u4f53; mso-bidi-font-family: 'Times New Roman'; mso-ansi-font-weight: bold;\">Warranty Exclusions:<\/span><\/b><span style=\"mso-spacerun: 'yes'; font-family: Calibri; mso-fareast-font-family: \u5b8b\u4f53; mso-bidi-font-family: 'Times New Roman'; font-size: 12.0000pt; mso-font-kerning: 0.0000pt;\">&nbsp;Warranty does not cover damages caused by misuse, accidents, unauthorized repairs, or modifications.<\/span><\/p>\n<p class=\"MsoNormal\" style=\"margin-top: 5.0000pt; margin-bottom: 5.0000pt; mso-margin-top-alt: auto; mso-margin-bottom-alt: auto; mso-pagination: widow-orphan;\"><span style=\"mso-spacerun: 'yes'; font-family: Calibri; mso-fareast-font-family: \u5b8b\u4f53; mso-bidi-font-family: 'Times New Roman'; font-size: 10.5000pt; mso-font-kerning: 1.0000pt;\">&nbsp;<\/span><\/p>\n<p class=\"p\" style=\"margin-left: 36.0000pt; mso-pagination: widow-orphan;\"><b><span class=\"15\" style=\"mso-spacerun: 'yes'; font-family: Calibri; mso-fareast-font-family: \u5b8b\u4f53; mso-bidi-font-family: 'Times New Roman'; mso-ansi-font-weight: bold;\">Contact Information<\/span><\/b><\/p>\n<p class=\"p\" style=\"margin-left: 36.0000pt; mso-pagination: widow-orphan;\"><span style=\"mso-spacerun: 'yes'; font-family: Calibri; mso-fareast-font-family: \u5b8b\u4f53; mso-bidi-font-family: 'Times New Roman'; font-size: 12.0000pt; mso-font-kerning: 0.0000pt;\">If you need to request a return, exchange, refund, or inquire about our after-sales services, please contact us through the following channels:<\/span><\/p>\n<p class=\"p\" style=\"margin-left: 36.0000pt; mso-pagination: widow-orphan;\"><span style=\"font-family: Arial; letter-spacing: 0pt; font-size: 12pt; background-image: initial; background-position: initial; background-size: initial; background-repeat: initial; background-attachment: initial; background-origin: initial; background-clip: initial;\">1.&nbsp;<\/span><span style=\"font-family: Arial; letter-spacing: 0pt; font-size: 10.5pt; background-image: initial; background-position: initial; background-size: initial; background-repeat: initial; background-attachment: initial; background-origin: initial; background-clip: initial;\">Company Name: [<\/span><span style=\"font-family: Calibri; letter-spacing: 0pt; font-size: 10.5pt; background-image: initial; background-position: initial; background-size: initial; background-repeat: initial; background-attachment: initial; background-origin: initial; background-clip: initial;\">Dongguan Heng Rui Hong technology Co., LTD<\/span><span style=\"font-family: Arial; letter-spacing: 0pt; font-size: 10.5pt; background-image: initial; background-position: initial; background-size: initial; background-repeat: initial; background-attachment: initial; background-origin: initial; background-clip: initial;\">]<\/span><span style=\"font-family: Arial; letter-spacing: 0pt; font-size: 8pt; background-image: initial; background-position: initial; background-size: initial; background-repeat: initial; background-attachment: initial; background-origin: initial; background-clip: initial;\"><br><\/span><span style=\"font-family: Arial; letter-spacing: 0pt; font-size: 12pt; background-image: initial; background-position: initial; background-size: initial; background-repeat: initial; background-attachment: initial; background-origin: initial; background-clip: initial;\">2.&nbsp;<\/span><span style=\"font-family: Calibri; letter-spacing: 0pt; font-size: 10.5pt; background-image: initial; background-position: initial; background-size: initial; background-repeat: initial; background-attachment: initial; background-origin: initial; background-clip: initial;\">Address: [<\/span><span style=\"font-family: Calibri; letter-spacing: 0pt; font-size: 10.5pt; background-image: initial; background-position: initial; background-size: initial; background-repeat: initial; background-attachment: initial; background-origin: initial; background-clip: initial;\">Room 402, No. 52, Lane 8, Dahang Village, Huide Community, Humen Town, <\/span><span style=\"font-family: Calibri; letter-spacing: 0pt; font-size: 10.5pt; background-image: initial; background-position: initial; background-size: initial; background-repeat: initial; background-attachment: initial; background-origin: initial; background-clip: initial;\">Dongguan City, Guangdong Province<\/span><span style=\"font-family: Calibri; letter-spacing: 0pt; font-size: 10.5pt; background-image: initial; background-position: initial; background-size: initial; background-repeat: initial; background-attachment: initial; background-origin: initial; background-clip: initial;\">]<\/span><span style=\"font-family: Calibri; color: #666666; letter-spacing: 0pt; font-size: 10.5pt; background-image: initial; background-position: initial; background-size: initial; background-repeat: initial; background-attachment: initial; background-origin: initial; background-clip: initial;\"><br><\/span><span style=\"font-family: \u5b8b\u4f53; letter-spacing: 0pt; font-size: 12pt; background-image: initial; background-position: initial; background-size: initial; background-repeat: initial; background-attachment: initial; background-origin: initial; background-clip: initial;\">3.<\/span><span style=\"font-family: \u5b8b\u4f53; letter-spacing: 0pt; font-size: 10.5pt; background-image: initial; background-position: initial; background-size: initial; background-repeat: initial; background-attachment: initial; background-origin: initial; background-clip: initial;\">Email: [<\/span><span style=\"font-family: Calibri; letter-spacing: 0pt; font-size: 10.5pt; background-image: initial; background-position: initial; background-size: initial; background-repeat: initial; background-attachment: initial; background-origin: initial; background-clip: initial;\">hengruihong@ohrija.com<\/span><span style=\"font-family: \u5b8b\u4f53; letter-spacing: 0pt; font-size: 10.5pt; background-image: initial; background-position: initial; background-size: initial; background-repeat: initial; background-attachment: initial; background-origin: initial; background-clip: initial;\">]<\/span><span style=\"font-family: Arial; color: #666666; letter-spacing: 0pt; font-size: 8pt; background-image: initial; background-position: initial; background-size: initial; background-repeat: initial; background-attachment: initial; background-origin: initial; background-clip: initial;\"><br><\/span><span style=\"font-family: Arial; letter-spacing: 0pt; font-size: 12pt; background-image: initial; background-position: initial; background-size: initial; background-repeat: initial; background-attachment: initial; background-origin: initial; background-clip: initial;\">4.&nbsp;<\/span><span style=\"font-family: Calibri; letter-spacing: 0pt; font-size: 10.5pt; background-image: initial; background-position: initial; background-size: initial; background-repeat: initial; background-attachment: initial; background-origin: initial; background-clip: initial;\">+86 15818693907<\/span><span style=\"font-family: Calibri; letter-spacing: 0pt; font-size: 10.5pt; background-image: initial; background-position: initial; background-size: initial; background-repeat: initial; background-attachment: initial; background-origin: initial; background-clip: initial;\"><br><\/span><span style=\"font-family: Calibri; letter-spacing: 0pt; font-size: 10.5pt; background-image: initial; background-position: initial; background-size: initial; background-repeat: initial; background-attachment: initial; background-origin: initial; background-clip: initial;\"><br><\/span><b><span class=\"15\" style=\"mso-spacerun: 'yes'; font-family: Calibri; mso-fareast-font-family: \u5b8b\u4f53; mso-bidi-font-family: 'Times New Roman'; mso-ansi-font-weight: bold;\">Revisions and Updates<\/span><\/b><\/p>\n<p class=\"p\" style=\"margin-left: 36.0000pt; mso-pagination: widow-orphan;\"><span style=\"mso-spacerun: 'yes'; font-family: Calibri; mso-fareast-font-family: \u5b8b\u4f53; mso-bidi-font-family: 'Times New Roman'; font-size: 12.0000pt; mso-font-kerning: 0.0000pt;\">We reserve the right to modify this after-sales policy at any time. Any updated policy will be posted on our website and will take effect immediately. Please check our after-sales policy regularly for the latest terms and conditions.<\/span><\/p>\n<p class=\"MsoNormal\"><span style=\"mso-spacerun: 'yes'; font-family: Calibri; mso-fareast-font-family: \u5b8b\u4f53; mso-bidi-font-family: 'Times New Roman'; font-size: 10.5000pt; mso-font-kerning: 1.0000pt;\">&nbsp;<\/span><\/p>\n<p><\/p>\t\t\t\t\t\t\t\t<\/div>\n\t\t\t\t<\/div>\n\t\t\t\t\t<\/div>\n\t\t\t\t<\/div>\n\t\t\t\t<\/div>\n\t\t","protected":false},"excerpt":{"rendered":"<p>Website After-Sales Policy Welcome to our online store. We are committed to providing you with high-quality products and services. This after-sales policy outlines the after-sales services and rights you can enjoy after purchasing our products. &nbsp; Return and Exchange Policy Return Requirements:&nbsp;If you are not satisfied with your purchase, you may request a return within&hellip;<\/p>","protected":false},"author":1,"featured_media":0,"parent":0,"menu_order":0,"comment_status":"closed","ping_status":"closed","template":"","meta":{"footnotes":""},"class_list":["post-15","page","type-page","status-publish","hentry"],"jetpack_sharing_enabled":true,"_links":{"self":[{"href":"https:\/\/ohrija.com\/pt\/wp-json\/wp\/v2\/pages\/15","targetHints":{"allow":["GET"]}}],"collection":[{"href":"https:\/\/ohrija.com\/pt\/wp-json\/wp\/v2\/pages"}],"about":[{"href":"https:\/\/ohrija.com\/pt\/wp-json\/wp\/v2\/types\/page"}],"author":[{"embeddable":true,"href":"https:\/\/ohrija.com\/pt\/wp-json\/wp\/v2\/users\/1"}],"replies":[{"embeddable":true,"href":"https:\/\/ohrija.com\/pt\/wp-json\/wp\/v2\/comments?post=15"}],"version-history":[{"count":0,"href":"https:\/\/ohrija.com\/pt\/wp-json\/wp\/v2\/pages\/15\/revisions"}],"wp:attachment":[{"href":"https:\/\/ohrija.com\/pt\/wp-json\/wp\/v2\/media?parent=15"}],"curies":[{"name":"wp","href":"https:\/\/api.w.org\/{rel}","templated":true}]}}