{"id":9690,"date":"2024-10-21T06:48:42","date_gmt":"2024-10-21T11:48:42","guid":{"rendered":"https:\/\/ohrija.com\/?post_type=product&#038;p=9690"},"modified":"2025-05-30T13:25:06","modified_gmt":"2025-05-30T13:25:06","slug":"24v-15a-power-supply-24v-voltage","status":"publish","type":"product","link":"https:\/\/ohrija.com\/it\/prodotto\/24v-15a-power-supply-24v-voltage\/","title":{"rendered":"Nuovo alimentatore SMPS aggiornato fai da te da 110 V 230 V CA a CC 24 V 15 A 360 W, alimentatore convertitore, trasformatore di tensione CC 24 V per motopompa CCTV stampante 3D compressore d'aria LED"},"content":{"rendered":"<h4><span style=\"color: #ff0000;\">Avvertenza<\/span><\/h4>\n<p>Si prega di confermare i parametri richiesti, spina di ingresso . Se non \u00e8 possibile confermare, si prega di non acquistare o contattare il servizio clienti per assistenza.  Grazie!<br \/>\n1. Non utilizzare in ambienti con temperature elevate, bui e umidi.<br \/>\n2. Conservarlo in un ambiente ventilato<br \/>\n3. Tenere lontano da oggetti infiammabili ed esplosivi.<\/p>\n<h4>Parametri del prodotto<\/h4>\n<ul class=\"a-unordered-list a-vertical a-spacing-mini\">\n<li class=\"a-spacing-mini\"><span class=\"a-list-item\">\u3010NUOVA VERSIONE CONVERTITORE DA CA A CC\u3011Nuovo convertitore da 360 W aggiornato con involucro in lega di alluminio importato, design integrato con cavi incorporati, doppio metodo di collegamento dell'alimentazione, molto comodo per dispositivi a 24 V con morsetti. L'alimentatore SWTPWR \u00e8 dotato di cavo di alimentazione UL, convertitore da 24 V con interruttore, capicorda, clip metallica e vite. Estremamente comodo per dispositivi con morsetti. \u00c8 possibile fissarlo direttamente ai due contatti cilindrici. Si tratta di un design brevettato di convertitore di alimentazione da 24 V CC.<\/span><\/li>\n<li class=\"a-spacing-mini\"><span class=\"a-list-item\">\u3010SISTEMA DI RAFFREDDAMENTO INTELLIGENTE\u3011 I convertitori di potenza da 360 W con involucro in alluminio sono progettati con numerosi fori di dissipazione del calore, ventola di raffreddamento integrata e rete antipolvere, che impediscono efficacemente l'ingresso di polvere, garantiscono la rotazione stabile della ventola elettrica e impediscono la combustione del circuito stampato; inoltre, nella parte inferiore di questo convertitore da 110 V a 24 V sono stati aggiunti dei cuscinetti antiscivolo, che migliorano la dissipazione del calore e rendono il funzionamento pi\u00f9 stabile.<\/span><\/li>\n<li class=\"a-spacing-mini\"><span class=\"a-list-item\">\u3010SICURO E STABILE, LUNGA DURATA\u3011 Protezione da sovraccarico dell'alimentatore switching, protezione da sovratensione, protezione da dispersione e funzione di protezione da cortocircuito. Il convertitore da 24 V, il cavo di alimentazione e la spina hanno superato le certificazioni UL, CE e RoHS. Funzionamento con un solo tasto: con interruttore di accensione\/spegnimento con pulsante rosso, per un avvio\/arresto dell'alimentazione pi\u00f9 sicuro e comodo. Peso netto di soli 1,18 kg, leggero e portatile.<\/span><\/li>\n<li class=\"a-spacing-mini\"><span class=\"a-list-item\">\u3010COME SCEGLIERE\u3011La potenza di picco \u00e8 di 15 A, 360 W. Ci\u00f2 non significa che un alimentatore da 24 V possa fornire una potenza nominale di 360 W. Per i dispositivi a motore, la corrente di avviamento sar\u00e0 molto pi\u00f9 alta della potenza nominale. Se si utilizzano apparecchiature resistive, come le strisce LED, \u00e8 possibile utilizzare una potenza maggiore, ad esempio LED con potenza nominale di 10 A.<\/span><\/li>\n<li class=\"a-spacing-mini\"><span class=\"a-list-item\"><span class=\"a-list-item\">\u3010AMPIA GAMMA DI APPLICAZIONI\u3011La scelta perfetta per alimentare strisce LED, alimentatori per stampanti 3D, convertitori di potenza per camper, alimentatori CCTV, alimentatori medicali. Utilizzato anche in apparecchiature di automazione industriale, autoradio, radio, motori, progetti informatici, imbarcazioni, umidificatori, motori brushless, elettrodomestici, dispositivi elettronici. Apparecchiature di automazione, progetti informatici-servocomandi, impianti di coltivazione, laboratori di ricerca, compressori d'aria, display e altri dispositivi a 24 V.<\/span><\/span>&nbsp;<\/li>\n<li><strong>Nuovo alimentatore SMPS aggiornato fai da te da 110 V\/230 V CA a 24 V CC 15 A 360 W<\/strong>Il <strong>Alimentatore SMPS 24V 15A 360W fai da te<\/strong> \u00e8 una soluzione ad alte prestazioni ed economica per la conversione <strong>110 V o 230 V CA<\/strong> inserimento in un <strong>uscita stabile a 24 V CC<\/strong>. Con una potenza massima di uscita di <strong>360 W<\/strong>, \u00e8 ideale per un'ampia gamma di applicazioni, tra cui <strong>motopompe<\/strong>, <strong>Sistemi TVCC<\/strong>, <strong>Stampanti 3D<\/strong>, <strong>illuminazione a LED<\/strong>, e <strong>compressori d'aria<\/strong>.<br \/>\n<h3><strong>Caratteristiche principali<\/strong><\/h3>\n<ol>\n<li><strong>Tensione di ingresso universale<\/strong>\n<ul>\n<li>Compatibile con <strong>110 V e 230 V CA<\/strong> input, rendendolo adatto all'uso globale.<\/li>\n<li>Il rilevamento automatico della tensione consente una facile installazione senza commutazione manuale.<\/li>\n<\/ul>\n<\/li>\n<li><strong>Potenza di uscita elevata<\/strong>\n<ul>\n<li><strong>Uscita 24 V CC<\/strong> con una corrente di uscita massima di <strong>15A<\/strong>, fornendo fino a <strong>360 W<\/strong> del potere.<\/li>\n<li>Garantisce un'erogazione di potenza fluida e stabile per dispositivi ad alta richiesta come motori e compressori.<\/li>\n<\/ul>\n<\/li>\n<li><strong>Tecnologia degli alimentatori a commutazione (SMPS)<\/strong>\n<ul>\n<li>Elevata efficienza con basso consumo energetico.<\/li>\n<li>Design compatto e leggero con tecnologia di commutazione avanzata.<\/li>\n<\/ul>\n<\/li>\n<li><strong>Protezione di sicurezza potenziata<\/strong>\n<ul>\n<li><strong>Protezione da sovraccarico (OLP):<\/strong> Interrompe automaticamente l'alimentazione in caso di carichi eccessivi per evitare danni.<\/li>\n<li><strong>Protezione da sovratensione (OVP):<\/strong> Impedisce che una tensione eccessiva danneggi i dispositivi collegati.<\/li>\n<li><strong>Protezione da cortocircuito (SCP):<\/strong> Interrompe automaticamente l'alimentazione in caso di cortocircuito.<\/li>\n<li><strong>Protezione da surriscaldamento (OTP):<\/strong> La ventola integrata e il sistema di dissipazione del calore prevengono il surriscaldamento.<\/li>\n<\/ul>\n<\/li>\n<li><strong>Struttura resistente e design compatto<\/strong>\n<ul>\n<li><strong>Alloggiamento in metallo<\/strong> garantisce un'eccellente dissipazione del calore e una lunga durata.<\/li>\n<li><strong>Ventola di raffreddamento integrata<\/strong> e i fori di ventilazione mantengono temperature di lavoro ottimali.<\/li>\n<\/ul>\n<\/li>\n<li><strong>Indicatore LED<\/strong>\n<ul>\n<li>Integrato <strong>Indicatore di stato LED<\/strong> mostra lo stato operativo dell'alimentatore.<\/li>\n<\/ul>\n<\/li>\n<li><strong>Applicazioni<\/strong>\n<ul>\n<li><strong>Stampanti 3D<\/strong>: Fornisce un'alimentazione costante a 24 V per una stampa 3D precisa.<\/li>\n<li><strong>Motopompe<\/strong>: Alimenta pompe dell'acqua, pompe del carburante e altri motori alimentati a corrente continua.<\/li>\n<li><strong>Compressori d'aria<\/strong>: Adatto per alimentare mini compressori d'aria per strumenti di gonfiaggio.<\/li>\n<li><strong>Sistemi TVCC<\/strong>: Alimenta telecamere CCTV e sistemi di sicurezza DVR\/NVR.<\/li>\n<li><strong>Illuminazione a LED<\/strong>: Ideale per alimentare grandi strisce LED o display segnaletici.<\/li>\n<\/ul>\n<\/li>\n<li><strong>Installazione semplice<\/strong>\n<ul>\n<li>Facile installazione fai da te con etichette chiare <strong>terminali di ingresso (CA) e uscita (CC)<\/strong>.<\/li>\n<li>Adatto sia per uso domestico che industriale.<\/li>\n<\/ul>\n<\/li>\n<\/ol>\n<h3>\u00a0<strong>Specifiche del prodotto<\/strong><\/h3>\n<table>\n<thead>\n<tr>\n<th><strong>Parametro<\/strong><\/th>\n<th><strong>Dettagli<\/strong><\/th>\n<\/tr>\n<\/thead>\n<tbody>\n<tr>\n<td><strong>Tensione di ingresso<\/strong><\/td>\n<td>110 V-230 V CA<\/td>\n<\/tr>\n<tr>\n<td><strong>Tensione di uscita<\/strong><\/td>\n<td>24 V CC<\/td>\n<\/tr>\n<tr>\n<td><strong>Corrente di uscita<\/strong><\/td>\n<td>15A<\/td>\n<\/tr>\n<tr>\n<td><strong>Potenza<\/strong><\/td>\n<td>360 W<\/td>\n<\/tr>\n<tr>\n<td><strong>Protezioni di sicurezza<\/strong><\/td>\n<td>OLP, OVP, SCP, OTP<\/td>\n<\/tr>\n<tr>\n<td><strong>Raffreddamento<\/strong><\/td>\n<td>Ventola integrata + fori di ventilazione<\/td>\n<\/tr>\n<tr>\n<td><strong>Materiale<\/strong><\/td>\n<td>Alloggiamento in metallo<\/td>\n<\/tr>\n<tr>\n<td><strong>Applicazione<\/strong><\/td>\n<td>Stampante 3D, motopompa, striscia LED, telecamera a circuito chiuso, compressore d'aria<\/td>\n<\/tr>\n<\/tbody>\n<\/table>\n<p>Questo alimentatore potenziato da 24 V fornisce <strong>elevata stabilit\u00e0<\/strong>, <strong>protezione eccellente<\/strong>, e <strong>compatibilit\u00e0 universale<\/strong>, rendendolo una fonte di alimentazione indispensabile per una vasta gamma di applicazioni fai-da-te, industriali e commerciali.<\/p>\n<p>Se desideri ulteriori informazioni o assistenza tecnica su questo prodotto, non esitare a chiedere!<\/li>\n<\/ul>\n<p>&nbsp;<\/p>","protected":false},"excerpt":{"rendered":"<p>L'alimentatore SMPS 24V 15A 360W fai da te \u00e8 una soluzione economica e ad alte prestazioni per convertire un ingresso CA da 110V o 230V in un'uscita CC stabile da 24V.<\/p>","protected":false},"featured_media":9661,"comment_status":"open","ping_status":"closed","template":"","meta":[],"product_cat":[332],"product_tag":[],"class_list":{"0":"post-9690","1":"product","2":"type-product","3":"status-publish","4":"has-post-thumbnail","6":"product_brand-ohrija","7":"product_cat-dc-24v-power","8":"product_shipping_class-600w","10":"first","11":"instock","12":"taxable","13":"shipping-taxable","14":"purchasable","15":"product-type-variable","16":"wvs-archive-product-wrapper","17":"col-xs-6 col-sm-4","18":"col-md-3 col-lg-3","19":"un-4-cols"},"jetpack_sharing_enabled":true,"_links":{"self":[{"href":"https:\/\/ohrija.com\/it\/wp-json\/wp\/v2\/product\/9690","targetHints":{"allow":["GET"]}}],"collection":[{"href":"https:\/\/ohrija.com\/it\/wp-json\/wp\/v2\/product"}],"about":[{"href":"https:\/\/ohrija.com\/it\/wp-json\/wp\/v2\/types\/product"}],"replies":[{"embeddable":true,"href":"https:\/\/ohrija.com\/it\/wp-json\/wp\/v2\/comments?post=9690"}],"version-history":[{"count":0,"href":"https:\/\/ohrija.com\/it\/wp-json\/wp\/v2\/product\/9690\/revisions"}],"wp:featuredmedia":[{"embeddable":true,"href":"https:\/\/ohrija.com\/it\/wp-json\/wp\/v2\/media\/9661"}],"wp:attachment":[{"href":"https:\/\/ohrija.com\/it\/wp-json\/wp\/v2\/media?parent=9690"}],"wp:term":[{"taxonomy":"product_cat","embeddable":true,"href":"https:\/\/ohrija.com\/it\/wp-json\/wp\/v2\/product_cat?post=9690"},{"taxonomy":"product_tag","embeddable":true,"href":"https:\/\/ohrija.com\/it\/wp-json\/wp\/v2\/product_tag?post=9690"}],"curies":[{"name":"wp","href":"https:\/\/api.w.org\/{rel}","templated":true}]}}