{"id":8296,"date":"2024-07-01T15:55:25","date_gmt":"2024-07-01T07:55:25","guid":{"rendered":"https:\/\/ohrija.com\/?post_type=product&#038;p=8296"},"modified":"2025-05-30T13:10:19","modified_gmt":"2025-05-30T13:10:19","slug":"ohrija-54-6v-2a-charger-e-bike-battery-charger","status":"publish","type":"product","link":"https:\/\/ohrija.com\/it\/prodotto\/ohrija-54-6v-2a-charger-e-bike-battery-charger\/","title":{"rendered":"OHRIJA 54,6 V 2 A caricabatterie per biciclette elettriche e scooter"},"content":{"rendered":"<h4><span style=\"color: #ff0000;\"><img fetchpriority=\"high\" decoding=\"async\" class=\"alignnone size-full wp-image-6763\" src=\"https:\/\/ohrija.com\/wp-content\/uploads\/2024\/05\/\u989c\u8272\u4e3b\u56fe5.jpg\" alt=\"\" width=\"800\" height=\"800\" title=\"\" srcset=\"https:\/\/ohrija.com\/wp-content\/uploads\/2024\/05\/\u989c\u8272\u4e3b\u56fe5.jpg 800w, https:\/\/ohrija.com\/wp-content\/uploads\/2024\/05\/\u989c\u8272\u4e3b\u56fe5-300x300.jpg 300w, https:\/\/ohrija.com\/wp-content\/uploads\/2024\/05\/\u989c\u8272\u4e3b\u56fe5-150x150.jpg 150w, https:\/\/ohrija.com\/wp-content\/uploads\/2024\/05\/\u989c\u8272\u4e3b\u56fe5-768x768.jpg 768w, https:\/\/ohrija.com\/wp-content\/uploads\/2024\/05\/\u989c\u8272\u4e3b\u56fe5-370x370.jpg 370w, https:\/\/ohrija.com\/wp-content\/uploads\/2024\/05\/\u989c\u8272\u4e3b\u56fe5-600x600.jpg 600w, https:\/\/ohrija.com\/wp-content\/uploads\/2024\/05\/\u989c\u8272\u4e3b\u56fe5-100x100.jpg 100w, https:\/\/ohrija.com\/wp-content\/uploads\/2024\/05\/\u989c\u8272\u4e3b\u56fe5-50x50.jpg 50w\" sizes=\"(max-width: 800px) 100vw, 800px\" \/><img decoding=\"async\" class=\"alignnone size-full wp-image-6759\" src=\"https:\/\/ohrija.com\/wp-content\/uploads\/2024\/05\/180-300.jpg\" alt=\"\" width=\"750\" height=\"1000\" title=\"\" srcset=\"https:\/\/ohrija.com\/wp-content\/uploads\/2024\/05\/180-300.jpg 750w, https:\/\/ohrija.com\/wp-content\/uploads\/2024\/05\/180-300-225x300.jpg 225w, https:\/\/ohrija.com\/wp-content\/uploads\/2024\/05\/180-300-370x493.jpg 370w, https:\/\/ohrija.com\/wp-content\/uploads\/2024\/05\/180-300-600x800.jpg 600w\" sizes=\"(max-width: 750px) 100vw, 750px\" \/><img decoding=\"async\" class=\"alignnone size-full wp-image-6760\" src=\"https:\/\/ohrija.com\/wp-content\/uploads\/2024\/05\/plug.jpg\" alt=\"\" width=\"1000\" height=\"1000\" title=\"\" srcset=\"https:\/\/ohrija.com\/wp-content\/uploads\/2024\/05\/plug.jpg 1000w, https:\/\/ohrija.com\/wp-content\/uploads\/2024\/05\/plug-300x300.jpg 300w, https:\/\/ohrija.com\/wp-content\/uploads\/2024\/05\/plug-150x150.jpg 150w, https:\/\/ohrija.com\/wp-content\/uploads\/2024\/05\/plug-768x768.jpg 768w, https:\/\/ohrija.com\/wp-content\/uploads\/2024\/05\/plug-370x370.jpg 370w, https:\/\/ohrija.com\/wp-content\/uploads\/2024\/05\/plug-600x600.jpg 600w, https:\/\/ohrija.com\/wp-content\/uploads\/2024\/05\/plug-100x100.jpg 100w, https:\/\/ohrija.com\/wp-content\/uploads\/2024\/05\/plug-50x50.jpg 50w\" sizes=\"(max-width: 1000px) 100vw, 1000px\" \/><\/span><\/h4>\n<h4><\/h4>\n<h4><span style=\"color: #ff0000;\">Avvertenza<\/span><\/h4>\n<p>Si prega di confermare i parametri richiesti, la spina di ingresso e il connettore di uscita. Se non \u00e8 possibile confermare, si prega di non acquistare o contattare il servizio clienti per assistenza.  Grazie!<br \/>\n1. Non utilizzare in ambienti con temperature elevate, bui e umidi.<br \/>\n2. Conservarlo in un ambiente ventilato<br \/>\n3. Tenere lontano da oggetti infiammabili ed esplosivi.<\/p>\n<h4>Parametri del prodotto<\/h4>\n<p>Modello del prodotto: HRH180<br \/>\nMateriale del prodotto: guscio in lega di alluminio<br \/>\nTensione di uscita: massimo 54,6 V \u00b10,2 V<br \/>\nCorrente di uscita: massimo 3 Amp \u00b10,2 A<br \/>\nDimensioni del prodotto: 135*90*50 mm 0,9 kg<br \/>\nTipo di batteria applicabile: batteria agli ioni di litio 13S 48,1 V<br \/>\nPotenza di lavoro: massimo 175 W<br \/>\nColore: nero, argento, rosso, blu, verde, opzionale<br \/>\nSpina di alimentazione: US, EU, UK, AU (selezionare la spina corretta in base agli standard locali)<br \/>\nConnettore di uscita: XT60 | XT90 | Morsetto a coccodrillo | Anderson 50A | Wire Nose | DC5.5*2.5 | GX16 1+3- | XLR | IEC C13 | 45A (selezionare il connettore corretto in base alla porta della batteria)<br \/>\nContenuto della confezione: caricabatterie * 1, cavo di uscita CC da 1 m * 1, cavo di ingresso da 1 m * 1, manuale di istruzioni * 1<\/p>\n<h4>Presentazione del prodotto<\/h4>\n<p><strong>1. Ricarica efficiente<\/strong><br \/>\nGrazie all'adozione di una tecnologia avanzata di alimentazione a commutazione, l'efficienza di ricarica raggiunge l'85% o pi\u00f9, riducendo i tempi di ricarica e il consumo energetico.<br \/>\n<strong>2. Modalit\u00e0 di ricarica a tensione costante e corrente costante<\/strong><br \/>\nIl caricabatterie funziona in modalit\u00e0 corrente costante (CC) fino a quando la tensione della batteria non si avvicina al valore impostato (54,6 V), quindi passa alla modalit\u00e0 tensione costante (CV) per garantire la sicurezza del processo di ricarica ed evitare il sovraccarico.<br \/>\n<strong>3. Funzioni di protezione multiple<\/strong><br \/>\n<strong>\u00b7 <\/strong>Protezione da sovratensione: quando la tensione supera il range di sicurezza, il caricabatterie interrompe automaticamente l'alimentazione per evitare danni alla batteria.<br \/>\n<strong>\u00b7 <\/strong>Protezione da sovracorrente: quando la corrente supera il valore nominale, la corrente di uscita viene automaticamente limitata per proteggere la batteria e il caricabatterie.<br \/>\n<strong>\u00b7 <\/strong>Protezione da cortocircuito: il caricabatterie \u00e8 dotato di una funzione di protezione da cortocircuito per evitare pericoli causati da cortocircuiti.<br \/>\n<strong>\u00b7 <\/strong>Protezione contro l'inversione di polarit\u00e0: quando i poli positivo e negativo della batteria vengono invertiti, il caricabatterie smette automaticamente di funzionare per evitare danni alla batteria e al caricabatterie.<br \/>\n<strong>4 spie LED<\/strong><br \/>\nIl caricabatterie \u00e8 dotato di indicatori LED che mostrano lo stato di carica attuale:<br \/>\n<strong>\u00b7 <\/strong>Luce rossa: in carica.<br \/>\n<strong>\u00b7 <\/strong> Luce verde: ricarica completata o in standby.<br \/>\n<strong>5 Tensione e corrente calibrabili<\/strong><br \/>\n<strong>\u00b7 <\/strong>Il resistore regolabile VR1 all'interno del caricabatterie pu\u00f2 essere calibrato tra 50 e 59 V.<br \/>\n<strong>\u00b7 <\/strong>Il resistore regolabile VR2 pu\u00f2 calibrare la corrente tra 2 e 3 ampere.<br \/>\n<strong>\u00b7 <\/strong>Il caricabatterie necessita di una tensione della batteria di almeno 36 V per funzionare.<br \/>\n<strong>\u00b7 <\/strong>Il caricabatterie pu\u00f2 fornire direttamente tensione e corrente per essere utilizzato come adattatore.<\/p>\n<h2>caricabatterie e scooter Dispositivi applicabili<\/h2>\n<p>\u00b7 Questo <a href=\"https:\/\/ohrija.com\/it\/prodotto\/ohrija-54-6v-3a-e-bike-battery-charger\/\">54,6V 3A<\/a> Il caricabatterie \u00e8 progettato per biciclette elettriche, scooter elettrici e altri dispositivi con batterie agli ioni di litio. Il caricabatterie utilizza una tecnologia di conversione ad alta efficienza per garantire una ricarica rapida e sicura della batteria e prolungarne la durata.<br \/>\nIl caricabatterie \u00e8 adatto solo per batterie agli ioni di litio 13S 48V, <a href=\"https:\/\/ohrija.com\/it\/prodotto\/ohrija-54-6v-3a-e-bike-battery-charger\/\">caricabatterie per biciclette elettriche<\/a>, Caricabatterie per scooter elettrici e altri dispositivi per batterie agli ioni di litio 13S 48V.<\/p>\n<h4>Tempo di ricarica<\/h4>\n<p>\u00b7 Il <a href=\"https:\/\/ohrija.com\/it\/prodotto\/ohrija-54-6v-3a-e-bike-battery-charger\/\">Caricabatterie per batterie agli ioni di litio da 54,6V 3A<\/a> \u00e8 progettato per la ricarica rapida di batterie agli ioni di litio 13S 48,1V e pu\u00f2 caricare batterie agli ioni di litio 13S 48,1V a una velocit\u00e0 di 3 ampere.<br \/>\n- Con una tensione massima di 54,6 V e una corrente nominale di 3 A, pu\u00f2 caricare completamente una batteria agli ioni di litio da 18 Ah in circa 6 ore e una batteria da 30 Ah in circa 10 ore. Una batteria da 60Ah pu\u00f2 essere caricata completamente in 20 ore. Per le batterie pi\u00f9 piccole (&lt;10Ah), si consiglia di usare un<a href=\"https:\/\/ohrija.com\/it\/prodotto\/ohrija-54-6v-3a-e-bike-battery-charger\/\"> Caricabatterie 3A<\/a>. Tutte le batterie agli ioni di litio devono essere ricaricate utilizzando un caricabatterie compatibile con le batterie agli ioni di litio, come questo. L'utilizzo di altri tipi di caricabatterie per ricaricare la batteria ne ridurr\u00e0 le prestazioni e la durata.<\/p>\n<h4>Domande frequenti<\/h4>\n<p>1. Non funzionante<br \/>\n\u00b7 Controllare se la tensione di ingresso CA \u00e8 110 o 220 V.<br \/>\n\u00b7 Controllare che il terminale CA di ingresso sia collegato correttamente e che il fusibile non sia danneggiato.<br \/>\n\u00b7 Controllare che il connettore di uscita sia collegato correttamente, che corrisponda e che il fusibile non sia danneggiato.<br \/>\n\u00b7 Verificare che il sistema BMS sia protetto<br \/>\n2. Quanto \u00e8 forte il rumore?<br \/>\nPoich\u00e9 all'interno del caricabatterie \u00e8 presente una ventola, il rumore \u00e8 di circa 40-60 db.<\/p>\n<p>&nbsp;<\/p>","protected":false},"excerpt":{"rendered":"<p>Caricabatterie da 54,6 V 2 A, caricabatterie per biciclette elettriche e scooter elettrici, materiale in lega di alluminio, pulsante interno regolabile, in grado di calibrare tensione e corrente, in grado di caricare batterie agli ioni di litio 13S 48 V. Caricabatterie per scooter elettrici.<\/p>","protected":false},"featured_media":10161,"comment_status":"open","ping_status":"closed","template":"","meta":[],"product_cat":[284],"product_tag":[],"class_list":{"0":"post-8296","1":"product","2":"type-product","3":"status-publish","4":"has-post-thumbnail","6":"product_brand-ohrija","7":"product_cat-13s-54-6v-charger","8":"product_shipping_class-180w","10":"first","11":"instock","12":"taxable","13":"shipping-taxable","14":"purchasable","15":"product-type-variable","16":"wvs-archive-product-wrapper","17":"col-xs-6 col-sm-4","18":"col-md-3 col-lg-3","19":"un-4-cols"},"jetpack_sharing_enabled":true,"_links":{"self":[{"href":"https:\/\/ohrija.com\/it\/wp-json\/wp\/v2\/product\/8296","targetHints":{"allow":["GET"]}}],"collection":[{"href":"https:\/\/ohrija.com\/it\/wp-json\/wp\/v2\/product"}],"about":[{"href":"https:\/\/ohrija.com\/it\/wp-json\/wp\/v2\/types\/product"}],"replies":[{"embeddable":true,"href":"https:\/\/ohrija.com\/it\/wp-json\/wp\/v2\/comments?post=8296"}],"version-history":[{"count":0,"href":"https:\/\/ohrija.com\/it\/wp-json\/wp\/v2\/product\/8296\/revisions"}],"wp:featuredmedia":[{"embeddable":true,"href":"https:\/\/ohrija.com\/it\/wp-json\/wp\/v2\/media\/10161"}],"wp:attachment":[{"href":"https:\/\/ohrija.com\/it\/wp-json\/wp\/v2\/media?parent=8296"}],"wp:term":[{"taxonomy":"product_cat","embeddable":true,"href":"https:\/\/ohrija.com\/it\/wp-json\/wp\/v2\/product_cat?post=8296"},{"taxonomy":"product_tag","embeddable":true,"href":"https:\/\/ohrija.com\/it\/wp-json\/wp\/v2\/product_tag?post=8296"}],"curies":[{"name":"wp","href":"https:\/\/api.w.org\/{rel}","templated":true}]}}