{"id":8212,"date":"2024-06-29T17:58:19","date_gmt":"2024-06-29T09:58:19","guid":{"rendered":"https:\/\/ohrija.com\/?post_type=product&#038;p=8212"},"modified":"2025-05-30T13:10:17","modified_gmt":"2025-05-30T13:10:17","slug":"29-2v-15a-ninebot-scooter-charger","status":"publish","type":"product","link":"https:\/\/ohrija.com\/it\/prodotto\/29-2v-15a-ninebot-scooter-charger\/","title":{"rendered":"Il caricabatterie OHRIJA Ninebot 29,2 V 15 A \u00e8 adatto per batterie Lifepo4 8S 24 V."},"content":{"rendered":"<h4><span style=\"color: #ff0000;\">Avvertenza<\/span><\/h4>\n<p>Si prega di confermare i parametri richiesti, la spina di ingresso e il connettore di uscita. Se non \u00e8 possibile confermare, si prega di non acquistare il prodotto o di contattare il servizio clienti per assistenza. Grazie!<br \/>\n1. Non utilizzare in ambienti con temperature elevate, bui e umidi.<br \/>\n2. Conservarlo in un ambiente ventilato<br \/>\n3. Tenere lontano da oggetti infiammabili ed esplosivi.<\/p>\n<h4>Parametri del prodotto<\/h4>\n<p>Modello del prodotto: HRH500<br \/>\nMateriale del prodotto: guscio in lega di alluminio<br \/>\nTensione di uscita: massimo 29,2 V \u00b10,2 V<br \/>\nCorrente di uscita: massimo 15 Amp \u00b10,2 A<br \/>\nDimensioni del prodotto: 170*90*50 mm 1,1 kg<br \/>\nTipo di batteria applicabile: batteria Lifepo4 8S 25,6 V<br \/>\nPotenza di lavoro: massimo 490 W<br \/>\nColore: nero, argento, rosso opzionale<br \/>\nSpina di alimentazione: US, EU, UK, AU (selezionare la spina corretta in base agli standard locali)<br \/>\nConnettore di uscita: XT60 | XT90 | Morsetto a coccodrillo | Anderson 50A | Anderson 45A | XLR (selezionare il connettore corretto in base alla porta della batteria)<br \/>\nContenuto della confezione: caricabatterie * 1, cavo di uscita CC da 1 m * 1, cavo di ingresso da 1 m * 1, manuale di istruzioni * 1<\/p>\n<h4>Presentazione del prodotto<\/h4>\n<p><strong>1. Ricarica efficiente<\/strong><br \/>\nGrazie all'adozione di una tecnologia avanzata di alimentazione a commutazione, l'efficienza di ricarica raggiunge l'85% o pi\u00f9, riducendo i tempi di ricarica e il consumo energetico.<br \/>\n<strong>2. Modalit\u00e0 di ricarica a tensione costante e corrente costante<\/strong><br \/>\nIl caricabatterie funziona in modalit\u00e0 corrente costante (CC) fino a quando la tensione della batteria non si avvicina al valore impostato (29,2 V), quindi passa alla modalit\u00e0 tensione costante (CV) per garantire la sicurezza del processo di ricarica ed evitare il sovraccarico.<br \/>\n<strong>3. Controllo intelligente della temperatura\u00a0<\/strong><br \/>\nIl sensore di temperatura integrato \u00e8 in grado di monitorare la temperatura del caricabatterie in tempo reale. Quando la temperatura supera il range di sicurezza, riduce automaticamente la corrente di carica o sospende la ricarica per evitare il surriscaldamento.<br \/>\n<strong>4. Funzioni di protezione multiple<\/strong><br \/>\n<strong>\u00b7\u00a0<\/strong>Protezione da sovratensione: quando la tensione supera il range di sicurezza, il caricabatterie interrompe automaticamente l'alimentazione per evitare danni alla batteria.<br \/>\n<strong>\u00b7\u00a0<\/strong>Protezione da sovracorrente: quando la corrente supera il valore nominale, la corrente di uscita viene automaticamente limitata per proteggere la batteria e il caricabatterie.<br \/>\n<strong>\u00b7\u00a0<\/strong>Protezione da cortocircuito: il caricabatterie \u00e8 dotato di una funzione di protezione da cortocircuito per evitare pericoli causati da cortocircuiti.<br \/>\n<strong>\u00b7\u00a0<\/strong>Protezione contro l'inversione di polarit\u00e0: quando i poli positivo e negativo della batteria vengono invertiti, il caricabatterie smette automaticamente di funzionare per evitare danni alla batteria e al caricabatterie.<br \/>\n<strong>5 spie LED<\/strong><br \/>\nIl caricabatterie \u00e8 dotato di indicatori LED che mostrano lo stato di carica attuale:<br \/>\n<strong>\u00b7\u00a0<\/strong>Luce rossa: in carica.<br \/>\n<strong>\u00b7\u00a0<\/strong>Luce verde: ricarica completata o standby<br \/>\n<strong>6. La tensione e la corrente possono essere calibrate.<\/strong><br \/>\n<strong>\u00b7 <\/strong>Il resistore regolabile VR1 all'interno del caricabatterie pu\u00f2 essere calibrato tra 20 e 30 V.<br \/>\n<strong>\u00b7 <\/strong>Il resistore regolabile VR2 pu\u00f2 calibrare la corrente tra 13 e 15 ampere.<br \/>\n<strong>\u00b7 <\/strong>Il caricabatterie necessita di una tensione della batteria di almeno 6 V per funzionare.<br \/>\n<strong>\u00b7 <\/strong>Il caricabatterie pu\u00f2 fornire direttamente tensione e corrente per essere utilizzato come adattatore.<\/p>\n<h4>Dispositivi applicabili<\/h4>\n<p>\u00b7 Questo <a href=\"https:\/\/ohrija.com\/it\/prodotto\/29-2v-15a-charger-lifepo4-battery-charger\/\">29,2 V 15 A<\/a> Il caricabatterie \u00e8 progettato per camper  e altri dispositivi con batterie Lifepo4. Il caricabatterie utilizza una tecnologia di conversione ad alta efficienza per garantire una ricarica rapida e sicura della batteria e prolungarne la durata.<br \/>\nIl caricabatterie \u00e8 adatto solo per batterie Lifepo4 8S 25,6 V., <a href=\"https:\/\/ohrija.com\/it\/prodotto\/29-2v-15a-charger-lifepo4-battery-charger\/\">caricabatterie per camper<\/a> \u00a0e altri dispositivi con batteria Lifepo4 8S 25,6 V.<\/p>\n<h4>Tempo di ricarica<\/h4>\n<p>\u00b7 Il <a href=\"https:\/\/ohrija.com\/it\/prodotto\/29-2v-15a-charger-lifepo4-battery-charger\/\">Caricabatteria Lifepo4 da 29,2 V e 15 A<\/a> \u00e8 progettato per la ricarica rapida di batterie Lifepo4 8S 25,6 V e pu\u00f2 ricaricare batterie Lifepo4 8S 25,6 V a una velocit\u00e0 di 15 ampere.<br \/>\n\u00b7 Con una tensione massima di 14,6 V e una corrente nominale di 15 Amp, \u00e8 in grado di caricare completamente una batteria Lifepo4 da 30 Ah in circa 2 ore e una batteria da 60 Ah in circa 4 ore. Una batteria da 90 Ah pu\u00f2 essere caricata completamente in 6 ore. Per batterie pi\u00f9 piccole (&lt;10 Ah), si consiglia di utilizzare un<a href=\"https:\/\/ohrija.com\/it\/prodotto\/ohrija-29-2v-5a-charger-lifepo4-battery-charger\/\"> Caricabatterie 5A<\/a>. Tutte le batterie Lifepo4 devono essere ricaricate utilizzando un caricabatterie compatibile con le batterie Lifepo4, come questo. L'utilizzo di altri tipi di caricabatterie per ricaricare la batteria ne ridurr\u00e0 le prestazioni e la durata.<\/p>\n<h4>Domande frequenti<\/h4>\n<p>1. Non funzionante<br \/>\n\u00b7 Controllare se la tensione di ingresso CA \u00e8 110 o 220 V.<br \/>\n\u00b7 Controllare che il terminale CA di ingresso sia collegato correttamente e che il fusibile non sia danneggiato.<br \/>\n\u00b7 Controllare che il connettore di uscita sia collegato correttamente, che corrisponda e che il fusibile non sia danneggiato.<br \/>\n\u00b7 Verificare che il sistema BMS sia protetto<br \/>\n2. Quanto \u00e8 forte il rumore?<br \/>\nPoich\u00e9 all'interno del caricabatterie \u00e8 presente una ventola, il rumore \u00e8 di circa 40-60 db.<\/p>\n<p>&nbsp;<\/p>","protected":false},"excerpt":{"rendered":"<p>Caricabatterie per scooter Ninebot. Caricabatterie Lifepo4, materiale in lega di alluminio, pulsante interno regolabile, in grado di calibrare tensione e corrente, in grado di caricare batterie Lifepo4 8S 24v.<\/p>","protected":false},"featured_media":9563,"comment_status":"open","ping_status":"closed","template":"","meta":[],"product_cat":[305],"product_tag":[],"class_list":{"0":"post-8212","1":"product","2":"type-product","3":"status-publish","4":"has-post-thumbnail","6":"product_brand-ohrija","7":"product_cat-8s-29-2v-charger","8":"product_shipping_class-500w","10":"first","11":"instock","12":"taxable","13":"shipping-taxable","14":"purchasable","15":"product-type-variable","16":"wvs-archive-product-wrapper","17":"col-xs-6 col-sm-4","18":"col-md-3 col-lg-3","19":"un-4-cols"},"jetpack_sharing_enabled":true,"_links":{"self":[{"href":"https:\/\/ohrija.com\/it\/wp-json\/wp\/v2\/product\/8212","targetHints":{"allow":["GET"]}}],"collection":[{"href":"https:\/\/ohrija.com\/it\/wp-json\/wp\/v2\/product"}],"about":[{"href":"https:\/\/ohrija.com\/it\/wp-json\/wp\/v2\/types\/product"}],"replies":[{"embeddable":true,"href":"https:\/\/ohrija.com\/it\/wp-json\/wp\/v2\/comments?post=8212"}],"version-history":[{"count":0,"href":"https:\/\/ohrija.com\/it\/wp-json\/wp\/v2\/product\/8212\/revisions"}],"wp:featuredmedia":[{"embeddable":true,"href":"https:\/\/ohrija.com\/it\/wp-json\/wp\/v2\/media\/9563"}],"wp:attachment":[{"href":"https:\/\/ohrija.com\/it\/wp-json\/wp\/v2\/media?parent=8212"}],"wp:term":[{"taxonomy":"product_cat","embeddable":true,"href":"https:\/\/ohrija.com\/it\/wp-json\/wp\/v2\/product_cat?post=8212"},{"taxonomy":"product_tag","embeddable":true,"href":"https:\/\/ohrija.com\/it\/wp-json\/wp\/v2\/product_tag?post=8212"}],"curies":[{"name":"wp","href":"https:\/\/api.w.org\/{rel}","templated":true}]}}