{"id":6904,"date":"2024-05-16T10:42:09","date_gmt":"2024-05-16T02:42:09","guid":{"rendered":"https:\/\/ohrija.com\/?post_type=product&#038;p=6904"},"modified":"2026-03-19T08:43:58","modified_gmt":"2026-03-19T08:43:58","slug":"58-8v-5a-48v-lithium-ion-battery-charger","status":"publish","type":"product","link":"https:\/\/ohrija.com\/it\/prodotto\/58-8v-5a-48v-lithium-ion-battery-charger\/","title":{"rendered":"Caricabatterie OHRIJA 48 V agli ioni di litio Il caricabatterie da 58,8 V 5 A \u00e8 adatto per batterie agli ioni di litio 14S 51,8 V."},"content":{"rendered":"<h4><span style=\"color: #ff0000;\">Avvertenza<\/span><\/h4>\n<p>Si prega di confermare i parametri richiesti, la spina di ingresso e il connettore di uscita. Se non \u00e8 possibile confermare, si prega di non procedere all'acquisto o di contattare il servizio clienti per assistenza. Grazie!<br \/>\n1. Non utilizzare in ambienti con temperature elevate, bui e umidi.<br \/>\n2. Conservarlo in un ambiente ventilato<br \/>\n3. Tenere lontano da oggetti infiammabili ed esplosivi.<\/p>\n<h4>Parametri del prodotto<\/h4>\n<p>Modello del prodotto: HRH300<br \/>\nMateriale del prodotto: guscio in lega di alluminio<br \/>\nTensione di uscita: massimo 58,8 V \u00b10,2 V<br \/>\nCorrente di uscita: massimo 5 Amp \u00b10,2 A<br \/>\nDimensioni del prodotto: 135*90*50 mm 0,9 kg<br \/>\nTipo di batteria applicabile: Batteria agli ioni di litio 14S 51,8V<br \/>\nPotenza di lavoro: massimo 290 W<br \/>\nColore: nero, argento, rosso, blu, verde opzionale<br \/>\nSpina di alimentazione: US, EU, UK, AU (selezionare la spina corretta in base agli standard locali)<br \/>\nConnettore di uscita: XT60 | XT90 | Morsetto a coccodrillo | Anderson 50A | Wire Nose | DC5.5*2.5 | GX16 1+3- | XLR | IEC C13 | 45A (selezionare il connettore corretto in base alla porta della batteria)<br \/>\nContenuto della confezione: caricabatterie*1, cavo di uscita CC da 1 m*1, cavo di ingresso da 1 m*1, manuale di istruzioni*1<\/p>\n<h4>Presentazione del prodotto<\/h4>\n<p><strong>1. Ricarica efficiente<\/strong><br \/>\nGrazie all'adozione di una tecnologia avanzata di alimentazione a commutazione, l'efficienza di ricarica raggiunge l'85% o pi\u00f9, riducendo i tempi di ricarica e il consumo energetico.<br \/>\n<strong>2. Modalit\u00e0 di ricarica a tensione costante e corrente costante<\/strong><br \/>\nIl caricabatterie funziona in modalit\u00e0 corrente costante (CC) fino a quando la tensione della batteria non si avvicina al valore impostato (58,8 V), quindi passa alla modalit\u00e0 tensione costante (CV) per garantire la sicurezza del processo di ricarica ed evitare il sovraccarico.<br \/>\n<strong>3. Controllo intelligente della temperatura\u00a0<\/strong><br \/>\nIl sensore di temperatura integrato \u00e8 in grado di monitorare la temperatura del caricabatterie in tempo reale. Quando la temperatura supera il range di sicurezza, riduce automaticamente la corrente di carica o sospende la ricarica per evitare il surriscaldamento.<br \/>\n<strong>4. Funzioni di protezione multiple<\/strong><br \/>\n<strong>\u00b7 <\/strong>Protezione da sovratensione: quando la tensione supera il range di sicurezza, il caricabatterie interrompe automaticamente l'alimentazione per evitare danni alla batteria.<br \/>\n<strong>\u00b7 <\/strong>Protezione da sovracorrente: quando la corrente supera il valore nominale, la corrente di uscita viene automaticamente limitata per proteggere la batteria e il caricabatterie.<br \/>\n<strong>\u00b7 <\/strong>Protezione da cortocircuito: il caricabatterie \u00e8 dotato di una funzione di protezione da cortocircuito per evitare pericoli causati da cortocircuiti.<br \/>\n<strong>\u00b7 <\/strong>Protezione contro l'inversione di polarit\u00e0: quando i poli positivo e negativo della batteria vengono invertiti, il caricabatterie smette automaticamente di funzionare per evitare danni alla batteria e al caricabatterie.<br \/>\n<strong>5 spie LED<\/strong><br \/>\nIl caricabatterie \u00e8 dotato di indicatori LED che mostrano lo stato di carica attuale:<br \/>\n<strong>\u00b7 <\/strong>Luce rossa: in carica.<br \/>\n<strong>\u00b7 <\/strong> Luce verde: ricarica completata o in standby.<br \/>\n<strong>6 La tensione e la corrente possono essere calibrate<\/strong><br \/>\n<strong>\u00b7 <\/strong>Il resistore regolabile VR1 all'interno del caricabatterie pu\u00f2 essere calibrato tra 50 e 59 V.<br \/>\n<strong>\u00b7 <\/strong>Il resistore regolabile VR2 pu\u00f2 calibrare la corrente tra 4 e 5 ampere.<br \/>\n<strong>\u00b7 <\/strong>Il caricabatterie necessita di una tensione della batteria di almeno 36 V per funzionare.<br \/>\n<strong>\u00b7 <\/strong>Il caricabatterie pu\u00f2 fornire direttamente tensione e corrente per essere utilizzato come adattatore.<\/p>\n<h2>Caricabatterie agli ioni di litio da 48 V Dispositivi applicabili<\/h2>\n<p>\u00b7 Questo <a href=\"https:\/\/ohrija.com\/it\/prodotto\/ohrijia-58-8v-5a-charger-li-ion-battery-charger\/\">58,8V 5A<\/a> Il caricabatterie \u00e8 progettato per biciclette elettriche, scooter elettrici e altri dispositivi con batterie agli ioni di litio. Il caricabatterie utilizza una tecnologia di conversione ad alta efficienza per garantire una ricarica rapida e sicura della batteria e prolungarne la durata.<br \/>\nIl caricabatterie \u00e8 adatto solo per batterie agli ioni di litio 14S 51,8V, <a href=\"https:\/\/ohrija.com\/it\/prodotto\/ohrijia-58-8v-5a-charger-li-ion-battery-charger\/\">caricabatterie per biciclette elettriche<\/a>, caricabatterie per scooter elettrici e altri dispositivi con batterie agli ioni di litio 14S 51,8V.<a href=\"https:\/\/ohrija.com\/it\/?s=58.8V&amp;post_type=product\">Caricabatteria per batterie agli ioni di litio da 48 V\u00a0<\/a><\/p>\n<h4>Tempo di ricarica<\/h4>\n<p>\u00b7 Il <a href=\"https:\/\/ohrija.com\/it\/prodotto\/ohrijia-58-8v-5a-charger-li-ion-battery-charger\/\">Caricabatterie per batterie agli ioni di litio da 58,8 V e 5 A<\/a> \u00e8 progettato per la ricarica rapida di batterie agli ioni di litio 14S 51,8V e pu\u00f2 caricare batterie agli ioni di litio 14S 51,8V a una velocit\u00e0 di 5 ampere.<br \/>\n- Con una tensione massima di 58,8V e una corrente nominale di 5Amp, pu\u00f2 caricare completamente una batteria agli ioni di litio da 30Ah in circa 6 ore e una batteria da 60Ah in circa 12 ore. Una batteria da 120Ah pu\u00f2 essere caricata completamente in 24 ore. Per le batterie pi\u00f9 piccole (&lt;10Ah), si consiglia di usare un <a href=\"https:\/\/ohrija.com\/it\/prodotto\/ohrija-58-8v-3a-charger-li-ion-battery-charger\/\">Caricabatterie 3A<\/a>. Tutte le batterie agli ioni di litio devono essere ricaricate utilizzando un caricabatterie compatibile con le batterie agli ioni di litio, come questo. L'utilizzo di altri tipi di caricabatterie per ricaricare la batteria ne ridurr\u00e0 le prestazioni e la durata.<\/p>\n<h4>Domande frequenti<\/h4>\n<p>1. Non funzionante<br \/>\n\u00b7 Controllare se la tensione di ingresso CA \u00e8 110 o 220 V.<br \/>\n\u00b7 Controllare che il terminale CA di ingresso sia collegato correttamente e che il fusibile non sia danneggiato.<br \/>\n\u00b7 Controllare che il connettore di uscita sia collegato correttamente, che corrisponda e che il fusibile non sia danneggiato.<br \/>\n\u00b7 Verificare che il sistema BMS sia protetto<br \/>\n2. Quanto \u00e8 forte il rumore?<br \/>\nPoich\u00e9 all'interno del caricabatterie \u00e8 presente una ventola, il rumore \u00e8 di circa 40-60 db.<\/p>","protected":false},"excerpt":{"rendered":"<p>Caricabatterie agli ioni di litio, caricabatterie agli ioni di litio da 48 V, materiale in lega di alluminio, pulsante interno regolabile, in grado di calibrare tensione e corrente, in grado di caricare batterie agli ioni di litio 14S 52 V.<\/p>","protected":false},"featured_media":9410,"comment_status":"open","ping_status":"closed","template":"","meta":[],"product_cat":[285],"product_tag":[],"class_list":{"0":"post-6904","1":"product","2":"type-product","3":"status-publish","4":"has-post-thumbnail","6":"product_brand-ohrija","7":"product_cat-14s-58-8v-charger","8":"product_shipping_class-180w","10":"first","11":"instock","12":"taxable","13":"shipping-taxable","14":"purchasable","15":"product-type-variable","16":"wvs-archive-product-wrapper","17":"col-xs-6 col-sm-4","18":"col-md-3 col-lg-3","19":"un-4-cols"},"jetpack_sharing_enabled":true,"_links":{"self":[{"href":"https:\/\/ohrija.com\/it\/wp-json\/wp\/v2\/product\/6904","targetHints":{"allow":["GET"]}}],"collection":[{"href":"https:\/\/ohrija.com\/it\/wp-json\/wp\/v2\/product"}],"about":[{"href":"https:\/\/ohrija.com\/it\/wp-json\/wp\/v2\/types\/product"}],"replies":[{"embeddable":true,"href":"https:\/\/ohrija.com\/it\/wp-json\/wp\/v2\/comments?post=6904"}],"version-history":[{"count":0,"href":"https:\/\/ohrija.com\/it\/wp-json\/wp\/v2\/product\/6904\/revisions"}],"wp:featuredmedia":[{"embeddable":true,"href":"https:\/\/ohrija.com\/it\/wp-json\/wp\/v2\/media\/9410"}],"wp:attachment":[{"href":"https:\/\/ohrija.com\/it\/wp-json\/wp\/v2\/media?parent=6904"}],"wp:term":[{"taxonomy":"product_cat","embeddable":true,"href":"https:\/\/ohrija.com\/it\/wp-json\/wp\/v2\/product_cat?post=6904"},{"taxonomy":"product_tag","embeddable":true,"href":"https:\/\/ohrija.com\/it\/wp-json\/wp\/v2\/product_tag?post=6904"}],"curies":[{"name":"wp","href":"https:\/\/api.w.org\/{rel}","templated":true}]}}