{"id":37291,"date":"2026-03-16T11:13:50","date_gmt":"2026-03-16T11:13:50","guid":{"rendered":"https:\/\/ohrija.com\/?post_type=product&#038;p=37291"},"modified":"2026-04-15T05:48:22","modified_gmt":"2026-04-15T05:48:22","slug":"ohrija-58-8v-2a-lithium-battery-charger","status":"publish","type":"product","link":"https:\/\/ohrija.com\/it\/prodotto\/ohrija-58-8v-2a-lithium-battery-charger\/","title":{"rendered":"OHRIJA 58.8V 2A Caricabatteria al litio in lega di alluminio per scooter elettrico 48V\/veicolo di bilanciamento\/veicolo elettrico (14 serie 48V batteria al litio)"},"content":{"rendered":"<h2><span style=\"color: #ff0000;\">Avvertenza<\/span><\/h2>\n<p>Si prega di confermare i parametri richiesti, la spina di ingresso e il connettore di uscita. Se non \u00e8 possibile confermare, si prega di non procedere all'acquisto o di contattare il servizio clienti per assistenza. Grazie!<br \/>\n1. Non utilizzare in ambienti con temperature elevate, bui e umidi.<br \/>\n2. Conservarlo in un ambiente ventilato<br \/>\n3. Tenere lontano da oggetti infiammabili ed esplosivi.<\/p>\n<h3>Parametri del prodotto<\/h3>\n<p>Modello del prodotto: HRH120<br \/>\nMateriale del prodotto: guscio in lega di alluminio<br \/>\nTensione di uscita: massimo 58,8 V \u00b10,2 V<br \/>\nCorrente di uscita: massimo 2Amp \u00b10,2a<br \/>\nDimensioni del prodotto: 136*66*40MM 0,4kg<br \/>\nTipo di batteria applicabile: Batteria agli ioni di litio 14S 51,8V<br \/>\nPotenza di lavoro: massimo 110W<br \/>\nColore: nero, argento<br \/>\nSpina di alimentazione: US, EU, UK, AU (selezionare la spina corretta in base agli standard locali)<br \/>\nConnettore di uscita: DC2.1 a| DC5.5*2.5 | GX16 1+3- | XLR | IEC C13 | DC8mm (supporto OEM personalizzato)<br \/>\nContenuto della confezione: caricabatterie*1, cavo di uscita CC da 1 m*1, cavo di ingresso da 1 m*1, manuale di istruzioni*1<\/p>\n<h3>Punti salienti<\/h3>\n<p>Corpo interamente in alluminio Guscio in lega di alluminio, rapida dissipazione del calore, resistente agli urti e durevole<br \/>\nRicarica intelligente Corrente e tensione costanti automatiche, arresto automatico della carica quando \u00e8 piena, nessun sovraccarico<br \/>\nProtezioni multiple Protezione da sovratensione\/sovracorrente\/cortocircuito\/connessione inversa\/quadrupla<br \/>\nIndicatori luminosi Luce rossa per la carica, luce verde per la carica completa, stato chiaro a colpo d'occhio<br \/>\nSilenzioso senza ventola<\/p>\n<h3>Istruzioni per l'acquisto \/ FAQ<\/h3>\n<p><strong>\u00a0<\/strong><\/p>\n<p>&nbsp;<\/p>\n<p>Q1: Quali sono le differenze tra il caricabatterie in lega di alluminio e quello ordinario?<br \/>\nR: La differenza principale sta nella dissipazione del calore e nella durata. Il corpo in alluminio agisce come un grande dissipatore di calore, adatto all'uso in ambienti ad alta temperatura o in scenari che richiedono una ricarica continua per lungo tempo (come garage, catene di montaggio). Inoltre, l'involucro metallico \u00e8 resistente agli urti e alla pressione e la sua durata \u00e8 in genere 2-3 volte superiore a quella dei normali involucri in plastica.<br \/>\nD2: Questo caricabatterie \u00e8 impermeabile?<br \/>\nR: Il corpo ha un livello di protezione IP54, in grado di impedire l'ingresso di gocce d'acqua e polvere da tutte le direzioni. Tuttavia, non pu\u00f2 essere utilizzato quando \u00e8 immerso nell'acqua. Se \u00e8 necessaria un'impermeabilizzazione completa (IP67), contattare il servizio clienti per personalizzare una versione sigillata con colla incapsulante.<br \/>\nD3: La mia batteria \u00e8 da 48V 30Ah. Una velocit\u00e0 di carica di 2A sar\u00e0 troppo lenta?<br \/>\nR: 2A \u00e8 una corrente di carica standard (0,05C - 0,1C). Per una batteria da 30 Ah, \u00e8 considerata una carica lenta. Sebbene richieda molto tempo (circa 15 ore), \u00e8 la pi\u00f9 vantaggiosa per prolungare la durata della batteria. Se si necessita di una carica rapida, si consiglia di scegliere la versione da 5A o 8A (assicurarsi che la batteria supporti la carica rapida).<br \/>\nD4: L'involucro in alluminio causa perdite di elettricit\u00e0?<br \/>\nR: Assolutamente no. Questo caricabatterie \u00e8 progettato come alimentatore switching, con un rigoroso isolamento tra i circuiti primari e secondari.<br \/>\nD5: Qual \u00e8 la politica di garanzia?<br \/>\nR: La versione in alluminio \u00e8 coperta da una garanzia di 12 mesi. Entro il primo anno, viene offerta la riparazione o la sostituzione gratuita in caso di danni non umani e viene fornita assistenza tecnica a vita.<\/p>\n<p>&nbsp;<\/p>\n<p>.<\/p>","protected":false},"excerpt":{"rendered":"<p>Il caricabatterie da 58,8V 2A \u00e8 stato progettato appositamente per i pacchi batteria al litio da 51,8V della serie 14 (14S). \u00c8 ampiamente applicabile a biciclette elettriche, scooter elettrici, biciclette a pedalata assistita, veicoli per la mobilit\u00e0 degli anziani e vari pacchi batteria al litio fai da te. \u00c8 dotato di un involucro interamente in alluminio che combina dissipazione del calore e durata, rendendolo un partner ideale per l'alimentazione delle vostre attrezzature da viaggio.<\/p>","protected":false},"featured_media":37300,"comment_status":"open","ping_status":"closed","template":"","meta":[],"product_cat":[285,1692],"product_tag":[],"class_list":{"0":"post-37291","1":"product","2":"type-product","3":"status-publish","4":"has-post-thumbnail","6":"product_brand-ohrija","7":"product_cat-14s-58-8v-charger","8":"product_cat-electric-scooter-battery-charger","9":"product_shipping_class-180w","11":"first","12":"instock","13":"taxable","14":"shipping-taxable","15":"purchasable","16":"product-type-variable","17":"wvs-archive-product-wrapper","18":"col-xs-6 col-sm-4","19":"col-md-3 col-lg-3","20":"un-4-cols"},"jetpack_sharing_enabled":true,"_links":{"self":[{"href":"https:\/\/ohrija.com\/it\/wp-json\/wp\/v2\/product\/37291","targetHints":{"allow":["GET"]}}],"collection":[{"href":"https:\/\/ohrija.com\/it\/wp-json\/wp\/v2\/product"}],"about":[{"href":"https:\/\/ohrija.com\/it\/wp-json\/wp\/v2\/types\/product"}],"replies":[{"embeddable":true,"href":"https:\/\/ohrija.com\/it\/wp-json\/wp\/v2\/comments?post=37291"}],"version-history":[{"count":1,"href":"https:\/\/ohrija.com\/it\/wp-json\/wp\/v2\/product\/37291\/revisions"}],"predecessor-version":[{"id":37301,"href":"https:\/\/ohrija.com\/it\/wp-json\/wp\/v2\/product\/37291\/revisions\/37301"}],"wp:featuredmedia":[{"embeddable":true,"href":"https:\/\/ohrija.com\/it\/wp-json\/wp\/v2\/media\/37300"}],"wp:attachment":[{"href":"https:\/\/ohrija.com\/it\/wp-json\/wp\/v2\/media?parent=37291"}],"wp:term":[{"taxonomy":"product_cat","embeddable":true,"href":"https:\/\/ohrija.com\/it\/wp-json\/wp\/v2\/product_cat?post=37291"},{"taxonomy":"product_tag","embeddable":true,"href":"https:\/\/ohrija.com\/it\/wp-json\/wp\/v2\/product_tag?post=37291"}],"curies":[{"name":"wp","href":"https:\/\/api.w.org\/{rel}","templated":true}]}}