{"id":9697,"date":"2024-10-21T07:05:02","date_gmt":"2024-10-21T12:05:02","guid":{"rendered":"https:\/\/ohrija.com\/?post_type=product&#038;p=9697"},"modified":"2026-03-11T08:12:07","modified_gmt":"2026-03-11T08:12:07","slug":"adjustable-power-supply","status":"publish","type":"product","link":"https:\/\/ohrija.com\/fr\/produit\/adjustable-power-supply\/","title":{"rendered":"Convertisseur CA\/CC 600 W Alimentation r\u00e9glable Convertisseur universel 110 V \u00e0 12 V 0-15 V 0-50 A R\u00e9gul\u00e9 5 V 6 V 9 V 12 V 14 V 15 V Transformateur SMPS avec \u00e9cran LCD pour bande LED Imprimante 3D"},"content":{"rendered":"<h4><span style=\"color: #ff0000;\">Avertissement<\/span><\/h4>\n<p>Veuillez v\u00e9rifier les param\u00e8tres requis, prise d'entr\u00e9e . Si vous ne pouvez pas les v\u00e9rifier, veuillez ne pas acheter le produit ou contacter le service client\u00e8le pour obtenir de l'aide.  Merci !<br \/>\n1. Ne pas utiliser dans un environnement \u00e0 temp\u00e9rature \u00e9lev\u00e9e, sombre et humide.<br \/>\n2. Conservez-le dans un environnement ventil\u00e9.<br \/>\n3. Tenir \u00e0 l'\u00e9cart des objets inflammables et explosifs.<\/p>\n<h4>Param\u00e8tres du produit<\/h4>\n<ul class=\"a-unordered-list a-vertical a-spacing-mini\">\n<li class=\"a-spacing-mini\"><span class=\"a-list-item\">\u3010\ud835\udc00\ud835\udc1d\ud835\udc23\ud835\udc2e\ud835\udc2c\ud835\udc2d\ud835\udc1a\ud835\udc1b\ud835\udc25\ud835\udc1e \ud835\udc15\ud835\udc28\ud835\udc25\ud835\udc2d\ud835\udc1a\ud835\udc20\ud835\udc1e \ud835\udc00\ud835\udc27\ud835\udc1d \ud835\udc02\ud835\udc2e\ud835\udc2b\ud835\udc2b\ud835\udc1e\ud835\udc27\ud835\udc2d\u3011Tension d'entr\u00e9e : CA 115 V \/ 230 V ; tension de sortie : CC 0~15 V r\u00e9glable ; courant de sortie : 0~50 A r\u00e9glable, max. 50 A 600 W. Convient \u00e0 presque tous les appareils 0~15 V ; \u00e9quip\u00e9 d'un \u00e9cran LED, il permet de surveiller la tension et le courant de sortie en temps r\u00e9el.<\/span><\/li>\n<li class=\"a-spacing-mini\"><span class=\"a-list-item\">\u3010\ud835\udc14\ud835\udc29\ud835\udc20\ud835\udc2b\ud835\udc1a\ud835\udc1d\ud835\udc1e\ud835\udc1d \ud835\udc0f\ud835\udc28\ud835\udc30\ud835\udc1e\ud835\udc2b \ud835\udc12\ud835\udc2e\ud835\udc29\ud835\udc29\ud835\udc25\ud835\udc32\u3011Par rapport aux m\u00e9thodes traditionnelles de connexion multiligne, cette version am\u00e9lior\u00e9e offre trois options de connexion. Elle est con\u00e7ue avec deux bornes en cuivre nickel\u00e9 pouvant \u00eatre directement connect\u00e9es \u00e0 l'aide de clips. Elle est \u00e9galement fournie avec quatre supports de fixation pouvant \u00eatre accroch\u00e9s au mur. Elle est plus pratique \u00e0 utiliser.<\/span><\/li>\n<li class=\"a-spacing-mini\"><span class=\"a-list-item\">\u3010\ud835\udc12\ud835\udc26\ud835\udc1a\ud835\udc2b\ud835\udc2d \ud835\udc02\ud835\udc28\ud835\udc28\ud835\udc25\ud835\udc22\ud835\udc27\ud835\udc20 \ud835\udc12\ud835\udc32\ud835\udc2c\ud835\udc2d\ud835\udc1e\ud835\udc26\u3011Fabriqu\u00e9 en alliage d'aluminium et dot\u00e9 de nombreux trous de dissipation thermique. Ventilateur de refroidissement int\u00e9gr\u00e9 et filet anti-poussi\u00e8re, qui emp\u00eachent efficacement la poussi\u00e8re de p\u00e9n\u00e9trer, assurent la rotation stable du ventilateur \u00e9lectrique et emp\u00eachent la carte de circuit imprim\u00e9 de br\u00fbler.<\/span><\/li>\n<li class=\"a-spacing-mini\"><span class=\"a-list-item\">\u3010\ud835\udc0c\ud835\udc2e\ud835\udc25\ud835\udc2d\ud835\udc22\ud835\udc29\ud835\udc25\ud835\udc1e \ud835\udc0f\ud835\udc2b\ud835\udc28\ud835\udc2d\ud835\udc1e\ud835\udc1c\ud835\udc2d\ud835\udc22\ud835\udc28\ud835\udc27 \ud835\udc12\ud835\udc32\ud835\udc2c\ud835\udc2d\ud835\udc1e\ud835\udc26\u3011Certifi\u00e9 FCC CE ROHS. Coupure automatique en cas de surcharge, coupure en cas de surtension, coupure thermique automatique, protection contre les courts-circuits. Le bouton rouge permet de d\u00e9marrer et d'arr\u00eater l'appareil de mani\u00e8re plus s\u00fbre et plus pratique. Des patins antid\u00e9rapants ont \u00e9t\u00e9 ajout\u00e9s au bas de l'appareil pour plus de s\u00e9curit\u00e9 et de stabilit\u00e9.<\/span><\/li>\n<li class=\"a-spacing-mini\"><span class=\"a-list-item\"><span class=\"a-list-item\"><span class=\"a-list-item\">\u3010\ud835\udc00\ud835\udc29\ud835\udc29\ud835\udc25\ud835\udc22\ud835\udc1c\ud835\udc1a\ud835\udc2d\ud835\udc22\ud835\udc28\ud835\udc27\ud835\udc2c \ud835\udc1a\ud835\udc27\ud835\udc1d \ud835\udc30\ud835\udc1a\ud835\udc2b\ud835\udc2b\ud835\udc1a\ud835\udc27\ud835\udc2d\ud835\udc32\u3011Il convient aux \u00e9quipements d'automatisation industrielle, aux syst\u00e8mes de cam\u00e9ras de vid\u00e9osurveillance, aux imprimantes 3D, aux \u00e9crans LCD, aux bandes LED, aux humidificateurs, aux \u00e9crans LED et \u00e0 presque tous les appareils 0~15 V. Garantie de remboursement de 30 jours, \u00e9change de 12 mois. En cas de probl\u00e8me, n'h\u00e9sitez pas \u00e0 nous contacter \u00e0 tout moment.<\/span><\/span><\/span>Convertisseur CA\/CC 600 W Alimentation r\u00e9glable et variable Cette alimentation r\u00e9glable polyvalente de 600 W est con\u00e7ue pour convertir une entr\u00e9e CA de 110 V \u00e0 230 V en une sortie CC stable et r\u00e9gul\u00e9e, allant de 0 \u00e0 15 V avec un courant maximal de 50 A. Ses fonctionnalit\u00e9s avanc\u00e9es la rendent adapt\u00e9e \u00e0 diverses applications, notamment l'alimentation de bandes LED, d'imprimantes 3D et d'autres appareils \u00e9lectroniques de pr\u00e9cision. Caract\u00e9ristiques principales :<br \/>\nTension et courant r\u00e9glables :<\/p>\n<p>Plage de tension de sortie : 0-15 V, r\u00e9glable pour r\u00e9pondre \u00e0 divers besoins.<br \/>\nCourant maximal : 50 A, garantissant une puissance suffisante pour les appareils \u00e0 forte consommation.<br \/>\nPuissance de sortie \u00e9lev\u00e9e :<\/p>\n<p>Puissance nominale de 600 W, fournissant une alimentation stable pour divers \u00e9quipements.<br \/>\nConvient pour les r\u00e9glages de tension, y compris 12 V<br \/>\nAlimentation \u00e0 d\u00e9coupage (SMPS) :<\/p>\n<p>Sa conception hautement efficace garantit une production de chaleur minimale et des \u00e9conomies d'\u00e9nergie.<br \/>\nL\u00e9ger et compact par rapport aux alimentations lin\u00e9aires traditionnelles.<br \/>\n\u00c9cran LCD :<\/p>\n<p>Affichage clair et intuitif des mesures de tension et de courant en temps r\u00e9el.<br \/>\nPermet une surveillance et un r\u00e9glage pr\u00e9cis pour les appareils sensibles.<br \/>\nCaract\u00e9ristiques de s\u00e9curit\u00e9 :<\/p>\n<p>Protection int\u00e9gr\u00e9e contre les surtensions, les surintensit\u00e9s, les courts-circuits et les surchauffes.<br \/>\nAssure la s\u00e9curit\u00e9 des appareils connect\u00e9s et prolonge la dur\u00e9e de vie de l'alimentation \u00e9lectrique.<br \/>\nCompatibilit\u00e9 universelle :<\/p>\n<p>Compatible avec une large gamme d'appareils, notamment les syst\u00e8mes d'\u00e9clairage LED, les machines CNC, les installations d'essais en laboratoire et les applications automobiles.<br \/>\nQualit\u00e9 de fabrication robuste :<\/p>\n<p>Bo\u00eetier m\u00e9tallique robuste avec refroidissement efficace gr\u00e2ce \u00e0 des ventilateurs int\u00e9gr\u00e9s.<br \/>\nCon\u00e7u pour fonctionner de mani\u00e8re fiable dans des environnements exigeants.<br \/>\nApplications :<\/p>\n<p>Id\u00e9al pour alimenter les imprimantes 3D, les bandes lumineuses LED, les amplificateurs, les chargeurs RC, etc.<br \/>\nId\u00e9al pour les projets de bricolage, les ateliers et les utilisations industrielles n\u00e9cessitant une tension variable.<br \/>\nCette alimentation \u00e9lectrique offre une combinaison parfaite entre performances, adaptabilit\u00e9 et s\u00e9curit\u00e9, ce qui en fait un outil indispensable pour les amateurs, les professionnels et les ing\u00e9nieurs.<\/p>\n<p>Si vous avez besoin d'informations suppl\u00e9mentaires ou de sp\u00e9cifications techniques, n'h\u00e9sitez pas \u00e0 nous contacter !<\/li>\n<\/ul>\n<p>&nbsp;<\/p>","protected":false},"excerpt":{"rendered":"<p>alimentation r\u00e9glable Cette alimentation r\u00e9glable polyvalente de 600 W est con\u00e7ue pour convertir une entr\u00e9e CA de 110 V en une sortie CC stable et r\u00e9gul\u00e9e, allant de 0 \u00e0 15 V avec un courant maximal de 50 A. Ses fonctionnalit\u00e9s avanc\u00e9es la rendent adapt\u00e9e \u00e0 diverses applications, notamment l'alimentation de bandes LED, d'imprimantes 3D et d'autres appareils \u00e9lectroniques de pr\u00e9cision.<\/p>","protected":false},"featured_media":9703,"comment_status":"open","ping_status":"closed","template":"","meta":[],"product_cat":[329,337,330],"product_tag":[],"class_list":{"0":"post-9697","1":"product","2":"type-product","3":"status-publish","4":"has-post-thumbnail","6":"product_brand-ohrija","7":"product_cat-power-supply","8":"product_cat-adjustable-dc","9":"product_cat-adjustable-power-supply","10":"product_shipping_class-600w","12":"first","13":"instock","14":"taxable","15":"shipping-taxable","16":"purchasable","17":"product-type-variable","18":"wvs-archive-product-wrapper","19":"col-xs-6 col-sm-4","20":"col-md-3 col-lg-3","21":"un-4-cols"},"jetpack_sharing_enabled":true,"_links":{"self":[{"href":"https:\/\/ohrija.com\/fr\/wp-json\/wp\/v2\/product\/9697","targetHints":{"allow":["GET"]}}],"collection":[{"href":"https:\/\/ohrija.com\/fr\/wp-json\/wp\/v2\/product"}],"about":[{"href":"https:\/\/ohrija.com\/fr\/wp-json\/wp\/v2\/types\/product"}],"replies":[{"embeddable":true,"href":"https:\/\/ohrija.com\/fr\/wp-json\/wp\/v2\/comments?post=9697"}],"version-history":[{"count":0,"href":"https:\/\/ohrija.com\/fr\/wp-json\/wp\/v2\/product\/9697\/revisions"}],"wp:featuredmedia":[{"embeddable":true,"href":"https:\/\/ohrija.com\/fr\/wp-json\/wp\/v2\/media\/9703"}],"wp:attachment":[{"href":"https:\/\/ohrija.com\/fr\/wp-json\/wp\/v2\/media?parent=9697"}],"wp:term":[{"taxonomy":"product_cat","embeddable":true,"href":"https:\/\/ohrija.com\/fr\/wp-json\/wp\/v2\/product_cat?post=9697"},{"taxonomy":"product_tag","embeddable":true,"href":"https:\/\/ohrija.com\/fr\/wp-json\/wp\/v2\/product_tag?post=9697"}],"curies":[{"name":"wp","href":"https:\/\/api.w.org\/{rel}","templated":true}]}}