{"id":9653,"date":"2024-10-21T06:22:17","date_gmt":"2024-10-21T11:22:17","guid":{"rendered":"https:\/\/ohrija.com\/?post_type=product&#038;p=9653"},"modified":"2025-05-30T13:25:05","modified_gmt":"2025-05-30T13:25:05","slug":"12v-30a-360w-power-supply","status":"publish","type":"product","link":"https:\/\/ohrija.com\/fr\/produit\/12v-30a-360w-power-supply\/","title":{"rendered":"Nouvel adaptateur d'alimentation DIY SMPS 110 V 230 V CA vers CC 12 V 30 A 360 W am\u00e9lior\u00e9, convertisseur d'alimentation, transformateur de tension CC 12 V pour pompe \u00e0 moteur, cam\u00e9ra de vid\u00e9osurveillance, imprimante 3D, compresseur d'air, LED"},"content":{"rendered":"<h4><span style=\"color: #ff0000;\">Avertissement<\/span><\/h4>\n<p>Veuillez v\u00e9rifier les param\u00e8tres requis, prise d'entr\u00e9e . Si vous ne pouvez pas les v\u00e9rifier, veuillez ne pas acheter le produit ou contacter le service client\u00e8le pour obtenir de l'aide.  Merci !<br \/>\n1. Ne pas utiliser dans un environnement \u00e0 temp\u00e9rature \u00e9lev\u00e9e, sombre et humide.<br \/>\n2. Conservez-le dans un environnement ventil\u00e9.<br \/>\n3. Tenir \u00e0 l'\u00e9cart des objets inflammables et explosifs.<\/p>\n<h4>Param\u00e8tres du produit<\/h4>\n<ul class=\"a-unordered-list a-vertical a-spacing-mini\">\n<li class=\"a-spacing-mini\"><span class=\"a-list-item\">\u3010NOUVELLE VERSION DU CONVERTISSEUR CA\/CC\u3011Nouveau convertisseur 360 W am\u00e9lior\u00e9 avec bo\u00eetier en alliage d'aluminium import\u00e9, conception int\u00e9gr\u00e9e avec c\u00e2ble int\u00e9gr\u00e9, deux m\u00e9thodes de connexion d'alimentation, tr\u00e8s pratique pour les appareils 12 V avec pinces. L'alimentation 30 A de SWTPWR est fournie avec un cordon d'alimentation UL, un convertisseur 12 V avec interrupteur, des cosses, un clip m\u00e9tallique et une vis. Tr\u00e8s pratique pour les appareils avec pinces. Vous pouvez le fixer directement aux deux contacts cylindriques. Il s'agit d'une conception brevet\u00e9e de convertisseur de puissance 12 V CC.<\/span><\/li>\n<li class=\"a-spacing-mini\"><span class=\"a-list-item\">\u3010SYST\u00c8ME DE REFROIDISSEMENT INTELLIGENT\u3011 Les convertisseurs de puissance 360 W \u00e0 coque en aluminium sont con\u00e7us avec de nombreux trous de dissipation thermique, un ventilateur de refroidissement int\u00e9gr\u00e9 et un filet anti-poussi\u00e8re, qui emp\u00eachent efficacement la poussi\u00e8re de p\u00e9n\u00e9trer, assurent la rotation stable du ventilateur \u00e9lectrique et emp\u00eachent la carte de circuit imprim\u00e9 de br\u00fbler ; De plus, des patins antid\u00e9rapants ont \u00e9t\u00e9 ajout\u00e9s au bas de ce convertisseur 110 V \u00e0 12 V, ce qui permet \u00e9galement une meilleure dissipation de la chaleur et un fonctionnement plus stable.<\/span><\/li>\n<li class=\"a-spacing-mini\"><span class=\"a-list-item\">\u3010S\u00dbR ET STABLE, LONGUE DUR\u00c9E DE VIE\u3011Protection contre les surcharges, les surtensions, les fuites et les courts-circuits. Le convertisseur 12 V, le cordon d'alimentation et la prise sont certifi\u00e9s UL, CE et RoHS. Fonctionnement \u00e0 l'aide d'une seule touche : bouton rouge marche\/arr\u00eat pour une mise en marche\/arr\u00eat plus s\u00fbre et plus pratique. Poids net de seulement 1,18 kg, l\u00e9ger et portable.<\/span><\/li>\n<li class=\"a-spacing-mini\"><span class=\"a-list-item\">\u3010COMMENT CHOISIR\u3011La puissance maximale est de 30 A, 360 W. Cela ne signifie pas qu'une alimentation \u00e9lectrique de 12 V peut fournir une puissance nominale de 360 W. Pour les dispositifs \u00e0 moteur, le courant de d\u00e9marrage sera beaucoup plus \u00e9lev\u00e9 que la puissance nominale. Si vous utilisez des \u00e9quipements r\u00e9sistifs, tels que des bandes LED, vous pouvez utiliser une puissance plus \u00e9lev\u00e9e, par exemple des LED de 20 A.<\/span><\/li>\n<li class=\"a-spacing-mini\"><span class=\"a-list-item\">\u3010LARGE \u00c9VENTAIL D'APPLICATIONS\u3011Le choix id\u00e9al pour alimenter les bandes LED, les imprimantes 3D, les convertisseurs de puissance pour camping-cars, les syst\u00e8mes de vid\u00e9osurveillance, les \u00e9quipements m\u00e9dicaux. Il est \u00e9galement utilis\u00e9 dans les \u00e9quipements d'automatisation industrielle, les autoradios, les radios, les moteurs, les projets informatiques, les bateaux, les humidificateurs, les moteurs sans balais, les appareils \u00e9lectrom\u00e9nagers et les appareils \u00e9lectroniques. \u00c9quipements d'automatisation, projets informatiques - servomoteurs, plantation, salles de recherche, compresseurs d'air, \u00e9crans et autres appareils 12 V.<\/span><\/li>\n<\/ul>\n<p><strong>Nouvelle alimentation \u00e9lectrique DIY SMPS 110 V\/230 V CA \u00e0 12 V CC 30 A 360 W am\u00e9lior\u00e9e<\/strong><\/p>\n<p>Le <strong>Alimentation \u00e9lectrique 12 V, 30 A, 360 W<\/strong> est une nouvelle version am\u00e9lior\u00e9e <strong>Convertisseur CA\/CC<\/strong> Con\u00e7u pour une utilisation polyvalente dans diverses applications \u00e9lectroniques et industrielles. Il offre une <strong>sortie stable de 12 V CC<\/strong> avec jusqu'\u00e0 <strong>Courant de 30 A<\/strong>, prenant en charge jusqu'\u00e0 <strong>Puissance de 360 W<\/strong>. Cette alimentation \u00e9lectrique est compatible avec les deux <strong>Entr\u00e9e 110 V et 230 V CA<\/strong>, ce qui le rend adapt\u00e9 \u00e0 une utilisation mondiale. Sa construction robuste, ses performances efficaces et ses multiples fonctions de s\u00e9curit\u00e9 en font un produit id\u00e9al pour l'alimentation \u00e9lectrique. <strong>motopompes<\/strong>, <strong>syst\u00e8mes de vid\u00e9osurveillance<\/strong>, <strong>imprimantes 3D<\/strong>, <strong>compresseurs d'air<\/strong>, <strong>\u00e9clairage LED<\/strong>, et d'autres appareils \u00e0 courant continu.<\/p>\n<hr \/>\n<h3><strong>Caract\u00e9ristiques principales<\/strong><\/h3>\n<ol>\n<li><strong>Entr\u00e9e CA universelle (110 V\/230 V CA)<\/strong>\n<ul>\n<li>Prend en charge une large plage de tension d'entr\u00e9e de <strong>110 V-230 V CA<\/strong>, ce qui permet son utilisation dans des applications domestiques, industrielles et internationales.<\/li>\n<li>La d\u00e9tection automatique de la tension \u00e9limine le besoin d'une commutation manuelle.<\/li>\n<\/ul>\n<\/li>\n<li><strong>Puissance de sortie \u00e9lev\u00e9e (12 V, 30 A, 360 W)<\/strong>\n<ul>\n<li><strong>Sortie r\u00e9gul\u00e9e 12 V CC<\/strong> avec un courant maximal de <strong>30A<\/strong> et une puissance de sortie totale de <strong>360 W<\/strong>.<\/li>\n<li>Fournit une alimentation stable et constante, garantissant des performances optimales pour les appareils \u00e9lectroniques sensibles et les appareils \u00e0 forte consommation d'\u00e9nergie.<\/li>\n<\/ul>\n<\/li>\n<li><strong>Technologie d'alimentation \u00e0 d\u00e9coupage (SMPS)<\/strong>\n<ul>\n<li>Efficace <strong>technologie de commutation<\/strong> r\u00e9duit les pertes d'\u00e9nergie, offrant un rendement sup\u00e9rieur (85%-95%) \u00e0 celui des alimentations lin\u00e9aires traditionnelles.<\/li>\n<li>Conception compacte et l\u00e9g\u00e8re avec une excellente densit\u00e9 de puissance, permettant un gain de place dans les projets et les installations.<\/li>\n<\/ul>\n<\/li>\n<li><strong>Syst\u00e8me de refroidissement intelligent<\/strong>\n<ul>\n<li><strong>Ventilateur de refroidissement intelligent int\u00e9gr\u00e9<\/strong> s'active uniquement lorsque la temp\u00e9rature interne augmente, garantissant un fonctionnement silencieux pendant les p\u00e9riodes de faible demande.<\/li>\n<li>Le syst\u00e8me avanc\u00e9 de circulation d'air et les orifices de ventilation dissipent efficacement la chaleur, garantissant un fonctionnement s\u00fbr et stable.<\/li>\n<\/ul>\n<\/li>\n<li><strong>Protections de s\u00e9curit\u00e9 avanc\u00e9es<\/strong>\n<ul>\n<li><strong>Protection contre les surcharges (OLP) :<\/strong> Coupure automatique de l'alimentation si la charge connect\u00e9e d\u00e9passe 360 W, afin d'\u00e9viter tout dommage \u00e0 l'appareil.<\/li>\n<li><strong>Protection contre les surtensions (OVP) :<\/strong> Coupe l'alimentation si la tension de sortie d\u00e9passe 12 V, prot\u00e9geant ainsi les appareils \u00e9lectroniques connect\u00e9s.<\/li>\n<li><strong>Protection contre les courts-circuits (SCP) :<\/strong> Coupe instantan\u00e9ment l'alimentation \u00e9lectrique en cas de d\u00e9tection d'un court-circuit, emp\u00eachant ainsi toute d\u00e9faillance de l'\u00e9quipement.<\/li>\n<li><strong>Protection contre la surchauffe (OTP) :<\/strong> Des capteurs surveillent les temp\u00e9ratures internes et activent automatiquement le ventilateur de refroidissement si n\u00e9cessaire.<\/li>\n<\/ul>\n<\/li>\n<li><strong>Bo\u00eetier m\u00e9tallique durable<\/strong>\n<ul>\n<li><strong>Bo\u00eetier m\u00e9tallique robuste<\/strong> avec rev\u00eatement anticorrosion pour prot\u00e9ger contre la rouille et l'usure.<\/li>\n<li>De multiples fentes d'a\u00e9ration assurent une bonne circulation de l'air et emp\u00eachent la surchauffe interne.<\/li>\n<\/ul>\n<\/li>\n<li><strong>Indicateur d'alimentation LED<\/strong>\n<ul>\n<li><strong>Indicateur d'\u00e9tat \u00e0 LED<\/strong> indique l'\u00e9tat de fonctionnement de l'alimentation \u00e9lectrique, ce qui permet de surveiller rapidement le syst\u00e8me d'alimentation.<\/li>\n<\/ul>\n<\/li>\n<li><strong>Installation facile et conception conviviale<\/strong>\n<ul>\n<li>Clairement \u00e9tiquet\u00e9 <strong>Entr\u00e9e CA<\/strong> et <strong>sortie CC<\/strong> bornes \u00e0 vis pour une connexion et une installation simples.<\/li>\n<li>Sa conception compacte et l\u00e9g\u00e8re lui permet de s'adapter facilement aux espaces restreints dans les projets de bricolage, les \u00e9quipements d'automatisation et les ateliers.<\/li>\n<\/ul>\n<\/li>\n<li><strong>Large gamme d'applications<\/strong>\n<ul>\n<li><strong>Imprimantes 3D<\/strong>: Alimente les lits chauffants, les extrudeuses et les cartes de commande n\u00e9cessitant une alimentation stable de 12 V CC.<\/li>\n<li><strong>Pompes \u00e0 moteur<\/strong>: Prend en charge les pompes \u00e0 eau, les pompes \u00e0 air et les pompes \u00e0 carburant \u00e0 courant continu.<\/li>\n<li><strong>Compresseurs d'air<\/strong>: Alimente les mini-compresseurs d'air utilis\u00e9s pour gonfler les pneus et faire fonctionner les outils pneumatiques.<\/li>\n<li><strong>Syst\u00e8mes de vid\u00e9osurveillance<\/strong>: Fournit une alimentation \u00e9lectrique constante pour les cam\u00e9ras de surveillance et les syst\u00e8mes DVR\/NVR.<\/li>\n<li><strong>\u00c9clairage LED<\/strong>: Id\u00e9al pour alimenter de grandes bandes LED, des enseignes LED et des \u00e9crans publicitaires LED.<\/li>\n<li><strong>\u00c9lectronique \u00e0 faire soi-m\u00eame<\/strong>: Id\u00e9al pour les projets de bricolage, les cartes de d\u00e9veloppement et les tests en laboratoire.<\/li>\n<\/ul>\n<\/li>\n<\/ol>\n<hr \/>\n<h3><strong>Sp\u00e9cifications du produit<\/strong><\/h3>\n<table>\n<thead>\n<tr>\n<th><strong>Param\u00e8tre<\/strong><\/th>\n<th><strong>Sp\u00e9cification<\/strong><\/th>\n<\/tr>\n<\/thead>\n<tbody>\n<tr>\n<td><strong>Tension d'entr\u00e9e<\/strong><\/td>\n<td>110 V-230 V CA (50\/60 Hz)<\/td>\n<\/tr>\n<tr>\n<td><strong>Tension de sortie<\/strong><\/td>\n<td>12 V CC (fixe)<\/td>\n<\/tr>\n<tr>\n<td><strong>Courant de sortie<\/strong><\/td>\n<td>30A<\/td>\n<\/tr>\n<tr>\n<td><strong>Puissance de sortie<\/strong><\/td>\n<td>360 W<\/td>\n<\/tr>\n<tr>\n<td><strong>Type de conversion<\/strong><\/td>\n<td>Mode de commutation (SMPS)<\/td>\n<\/tr>\n<tr>\n<td><strong>Refroidissement<\/strong><\/td>\n<td>Ventilateur intelligent avec capteurs thermiques<\/td>\n<\/tr>\n<tr>\n<td><strong>Protections de s\u00e9curit\u00e9<\/strong><\/td>\n<td>OLP, OVP, SCP, OTP<\/td>\n<\/tr>\n<tr>\n<td><strong>Logement<\/strong><\/td>\n<td>Bo\u00eetier m\u00e9tallique avec ventilation<\/td>\n<\/tr>\n<tr>\n<td><strong>Indicateur LED<\/strong><\/td>\n<td>Oui (voyant d'alimentation)<\/td>\n<\/tr>\n<tr>\n<td><strong>Applications<\/strong><\/td>\n<td>Bandes LED, vid\u00e9osurveillance, moteurs, pompes, imprimantes 3D, etc.<\/td>\n<\/tr>\n<\/tbody>\n<\/table>\n<hr \/>\n<h3><strong>Pourquoi choisir cette alimentation \u00e9lectrique ?<\/strong><\/h3>\n<ul>\n<li><strong>Source d'alimentation polyvalente<\/strong>: Pouvoirs <strong>bandes LED<\/strong>, <strong>imprimantes 3D<\/strong>, <strong>cam\u00e9ras de vid\u00e9osurveillance<\/strong>, <strong>pompes<\/strong>, <strong>compresseurs<\/strong>, et plus encore.<\/li>\n<li><strong>La s\u00e9curit\u00e9 avant tout<\/strong>: Int\u00e9gr\u00e9 <strong>protection contre les surcharges, les surtensions, les courts-circuits et les surchauffes<\/strong> Prot\u00e9gez vos appareils.<\/li>\n<li><strong>Refroidissement intelligent<\/strong>: <strong>Ventilateur de refroidissement automatique<\/strong> s'ajuste en fonction de la temp\u00e9rature interne, garantissant un fonctionnement silencieux et efficace.<\/li>\n<li><strong>Entr\u00e9e universelle<\/strong>: Fonctionne avec les deux <strong>110 V et 230 V CA<\/strong> entr\u00e9e, ce qui le rend id\u00e9al pour une utilisation internationale.<\/li>\n<li><strong>Conception robuste<\/strong>: Le <strong>bo\u00eetier m\u00e9tallique robuste<\/strong> garantit la durabilit\u00e9 et la protection contre les environnements difficiles.<\/li>\n<\/ul>\n<p>Ceci <strong>Alimentation \u00e9lectrique 12 V, 30 A, 360 W<\/strong> est la solution ultime pour les amateurs de bricolage, les utilisateurs industriels et les professionnels \u00e0 la recherche d'un <strong>Convertisseur CA-CC puissant, efficace et s\u00fbr<\/strong>. Son entr\u00e9e universelle, ses fonctions de s\u00e9curit\u00e9 et son syst\u00e8me de refroidissement intelligent en font un choix incontournable pour alimenter des projets LED, des installations de vid\u00e9osurveillance, des imprimantes 3D, etc.<\/p>\n<p>Si vous souhaitez obtenir plus d'informations sur son utilisation, son installation ou sa compatibilit\u00e9, n'h\u00e9sitez pas \u00e0 nous contacter !<\/p>","protected":false},"excerpt":{"rendered":"<p>L'alimentation \u00e9lectrique 12 V 30 A 360 W est un convertisseur CA\/CC r\u00e9cemment mis \u00e0 niveau, con\u00e7u pour une utilisation polyvalente dans diverses applications \u00e9lectroniques et industrielles. Elle fournit une sortie CC stable de 12 V avec un courant pouvant atteindre 30 A.<\/p>","protected":false},"featured_media":9658,"comment_status":"open","ping_status":"closed","template":"","meta":[],"product_cat":[331],"product_tag":[],"class_list":{"0":"post-9653","1":"product","2":"type-product","3":"status-publish","4":"has-post-thumbnail","6":"product_brand-ohrija","7":"product_cat-dc-12v-power","8":"product_shipping_class-600w","10":"first","11":"instock","12":"taxable","13":"shipping-taxable","14":"purchasable","15":"product-type-variable","16":"wvs-archive-product-wrapper","17":"col-xs-6 col-sm-4","18":"col-md-3 col-lg-3","19":"un-4-cols"},"jetpack_sharing_enabled":true,"_links":{"self":[{"href":"https:\/\/ohrija.com\/fr\/wp-json\/wp\/v2\/product\/9653","targetHints":{"allow":["GET"]}}],"collection":[{"href":"https:\/\/ohrija.com\/fr\/wp-json\/wp\/v2\/product"}],"about":[{"href":"https:\/\/ohrija.com\/fr\/wp-json\/wp\/v2\/types\/product"}],"replies":[{"embeddable":true,"href":"https:\/\/ohrija.com\/fr\/wp-json\/wp\/v2\/comments?post=9653"}],"version-history":[{"count":0,"href":"https:\/\/ohrija.com\/fr\/wp-json\/wp\/v2\/product\/9653\/revisions"}],"wp:featuredmedia":[{"embeddable":true,"href":"https:\/\/ohrija.com\/fr\/wp-json\/wp\/v2\/media\/9658"}],"wp:attachment":[{"href":"https:\/\/ohrija.com\/fr\/wp-json\/wp\/v2\/media?parent=9653"}],"wp:term":[{"taxonomy":"product_cat","embeddable":true,"href":"https:\/\/ohrija.com\/fr\/wp-json\/wp\/v2\/product_cat?post=9653"},{"taxonomy":"product_tag","embeddable":true,"href":"https:\/\/ohrija.com\/fr\/wp-json\/wp\/v2\/product_tag?post=9653"}],"curies":[{"name":"wp","href":"https:\/\/api.w.org\/{rel}","templated":true}]}}