{"id":9179,"date":"2024-09-25T15:29:57","date_gmt":"2024-09-25T07:29:57","guid":{"rendered":"https:\/\/ohrija.com\/?post_type=product&#038;p=9179"},"modified":"2026-04-15T05:48:26","modified_gmt":"2026-04-15T05:48:26","slug":"ohrija-42v-5a-36v-lithium-battery-charger","status":"publish","type":"product","link":"https:\/\/ohrija.com\/fr\/produit\/ohrija-42v-5a-36v-lithium-battery-charger\/","title":{"rendered":"Chargeur de batterie au lithium OHRIJA 36 V Le chargeur OLED 42 V 5 A est adapt\u00e9 aux batteries Li-ion 10S 36 V."},"content":{"rendered":"<h2><span style=\"color: #ff0000;\">Avertissement<\/span><\/h2>\n<p>Veuillez v\u00e9rifier les param\u00e8tres requis, la fiche d'entr\u00e9e et le connecteur de sortie. Si vous ne pouvez pas les v\u00e9rifier, veuillez ne pas acheter le produit ou contacter le service client\u00e8le pour obtenir de l'aide. (Une erreur 10% appara\u00eetra entre l'\u00e9cran d'affichage et les param\u00e8tres r\u00e9els. Si cela vous d\u00e9range, veuillez ne pas acheter le produit.) Merci !<br \/>\n1. Ne pas utiliser dans un environnement \u00e0 temp\u00e9rature \u00e9lev\u00e9e, sombre et humide.<br \/>\n2. Conservez-le dans un environnement ventil\u00e9.<br \/>\n3. Tenir \u00e0 l'\u00e9cart des objets inflammables et explosifs.<\/p>\n<h4>Param\u00e8tres du produit<\/h4>\n<p>Mod\u00e8le du produit : HRH180<br \/>\nMat\u00e9riau du produit : coque en alliage d'aluminium<br \/>\nTension de sortie : maximum 42 V \u00b1 0,2 V<br \/>\nCourant de sortie : maximum 5 A \u00b1 0,2 A<br \/>\nDimensions du produit : 135 \u00d7 90 \u00d7 50 mm, 0,9 kg<br \/>\nType de batterie applicable : batterie lithium-ion 10S 37V<br \/>\nPuissance de travail : maximum  240 W<br \/>\nCouleur : noir, rouge  en option<br \/>\nPrise d'entr\u00e9e : \u00c9tats-Unis, UE, Royaume-Uni, Australie (s\u00e9lectionnez la prise appropri\u00e9e en fonction des normes locales)<br \/>\nConnecteur de sortie : XT60 | Pince crocodile | Anderson 50A | XLR | DC2.5\/2.1 | GX16 1+3- | IEC C13 (s\u00e9lectionnez le connecteur appropri\u00e9 en fonction du port de la batterie)<br \/>\nContenu du coffret : chargeur * 1, c\u00e2ble de sortie CC 1 m * 1, c\u00e2ble d'entr\u00e9e 1 m * 1, mode d'emploi * 1<\/p>\n<h4>Pr\u00e9sentation du produit<\/h4>\n<p><strong>1. Recharge efficace<\/strong><br \/>\nGr\u00e2ce \u00e0 l'adoption d'une technologie avanc\u00e9e d'alimentation \u00e0 d\u00e9coupage, le rendement de charge atteint 85% ou plus, ce qui r\u00e9duit le temps de charge et la consommation d'\u00e9nergie.<br \/>\n<strong>2. Mode de charge \u00e0 tension constante et courant constant<\/strong><br \/>\nLe chargeur fonctionne en mode courant constant (CC) jusqu'\u00e0 ce que la tension de la batterie approche la valeur d\u00e9finie (42 V), puis passe en mode tension constante (CV) afin de garantir la s\u00e9curit\u00e9 du processus de charge et d'\u00e9viter toute surcharge.<br \/>\n<strong>3. Fonctions de protection multiples<\/strong><br \/>\n<strong>\u00b7\u00a0<\/strong>Protection contre les surtensions : lorsque la tension d\u00e9passe la plage de s\u00e9curit\u00e9, le chargeur coupe automatiquement l'alimentation afin d'\u00e9viter d'endommager la batterie.<br \/>\n<strong>\u00b7\u00a0<\/strong>Protection contre les surintensit\u00e9s : lorsque le courant d\u00e9passe la valeur nominale, le courant de sortie est automatiquement limit\u00e9 afin de prot\u00e9ger la batterie et le chargeur.<br \/>\n<strong>\u00b7\u00a0<\/strong>Protection contre les courts-circuits : le chargeur est \u00e9quip\u00e9 d'une fonction de protection contre les courts-circuits afin d'\u00e9viter les dangers caus\u00e9s par ceux-ci.<br \/>\n<strong>\u00b7\u00a0<\/strong>Protection contre les inversions de polarit\u00e9 : lorsque les p\u00f4les positif et n\u00e9gatif de la batterie sont invers\u00e9s, le chargeur cesse automatiquement de fonctionner afin d'\u00e9viter d'endommager la batterie et le chargeur.<br \/>\n<strong>4. Voyants lumineux LED<\/strong><br \/>\nLe chargeur est \u00e9quip\u00e9 de voyants LED qui indiquent l'\u00e9tat actuel de la charge :<br \/>\n<strong>\u00b7\u00a0<\/strong>Voyant rouge : en cours de chargement.<br \/>\n<strong>\u00b7\u00a0<\/strong>Voyant vert : recharge termin\u00e9e ou veille.<br \/>\n<strong>5. La tension et le courant peuvent \u00eatre calibr\u00e9s.<\/strong><br \/>\n<strong>\u00b7\u00a0<\/strong>La r\u00e9sistance r\u00e9glable VR1 \u00e0 l'int\u00e9rieur du chargeur peut \u00eatre calibr\u00e9e entre 36 et 44 V.<br \/>\n<strong>\u00b7\u00a0<\/strong>La r\u00e9sistance variable VR2 permet de calibrer le courant entre 5 et 6 amp\u00e8res.<br \/>\n<strong>\u00b7\u00a0<\/strong>Le chargeur n\u00e9cessite une tension de batterie d'au moins 24 V pour fonctionner.<br \/>\n<strong>\u00b7\u00a0<\/strong>Le chargeur peut fournir directement une tension et un courant pouvant \u00eatre utilis\u00e9s comme adaptateur.<\/p>\n<h4>Appareils applicables<\/h4>\n<p>\u00b7 Ceci\u00a0<a href=\"https:\/\/ohrija.com\/fr\/produit\/ohrija-42v-5a-oled-charger-makes-it-suitable-for-10s-36v-li-ion-batteries\/\">42 V 5 A<\/a>\u00a0Le chargeur de batterie est con\u00e7u pour les v\u00e9los \u00e9lectriques, les scooters \u00e9lectriques et autres appareils \u00e9quip\u00e9s de batteries lithium-ion. Le chargeur utilise une technologie de conversion \u00e0 haut rendement pour garantir une recharge rapide et s\u00fbre de la batterie et prolonger sa dur\u00e9e de vie.<br \/>\nLe chargeur est uniquement adapt\u00e9 aux batteries lithium-ion 10S 37V.,\u00a0<a href=\"https:\/\/ohrija.com\/fr\/produit\/ohrija-42v-5a-oled-charger-makes-it-suitable-for-10s-36v-li-ion-batteries\/\">chargeurs pour v\u00e9los \u00e9lectriques<\/a>, chargeurs de scooters \u00e9lectriques et autres appareils \u00e9quip\u00e9s de batteries lithium-ion 10S 37V.<\/p>\n<h4>Temps de charge<\/h4>\n<p>\u00b7 Le\u00a0<a href=\"https:\/\/ohrija.com\/fr\/produit\/ohrija-42v-5a-oled-charger-makes-it-suitable-for-10s-36v-li-ion-batteries\/\">Chargeur de batterie Li-ion 42 V 5 A <\/a>est con\u00e7u pour la charge rapide de batteries Li-ion 10S 37V et peut charger des batteries Li-ion 10S 37V \u00e0 un d\u00e9bit de 4 amp\u00e8res.<br \/>\n\u00b7 Avec une tension maximale de 42 V et un courant nominal de 4 A, il peut charger compl\u00e8tement une batterie Li-ion de 20 Ah en environ 5 heures et une batterie de 40 Ah en environ 10 heures. Une batterie de 80 Ah peut \u00eatre compl\u00e8tement charg\u00e9e en 20 heures. Pour les batteries plus petites (&lt;10 Ah), nous recommandons d&#039;utiliser un<a href=\"https:\/\/ohrija.com\/fr\/produit\/ohrija-42v-3a-charger-li-ion-battery-charger\/\">\u00a0Chargeur 3A<\/a>. Toutes les batteries Li-ion doivent \u00eatre recharg\u00e9es \u00e0 l'aide d'un chargeur compatible avec les batteries Li-ion, tel que celui-ci. L'utilisation d'autres types de chargeurs pour recharger la batterie r\u00e9duira ses performances et sa dur\u00e9e de vie.<\/p>\n<h4>Questions fr\u00e9quentes<\/h4>\n<p>1. Ne fonctionne pas<br \/>\n\u00b7 V\u00e9rifiez si la tension d'entr\u00e9e CA est de 110 ou 220 V.<br \/>\n\u00b7 V\u00e9rifiez si la borne d'entr\u00e9e CA est correctement connect\u00e9e et si le fusible est endommag\u00e9.<br \/>\n\u00b7 V\u00e9rifiez si le connecteur de sortie est correctement branch\u00e9, s'il correspond et si le fusible est endommag\u00e9.<br \/>\n\u00b7 V\u00e9rifiez si le syst\u00e8me BMS est prot\u00e9g\u00e9.<br \/>\n2. Quel est le niveau sonore ?<br \/>\nComme il y a un ventilateur \u00e0 l'int\u00e9rieur du chargeur, le bruit est d'environ 40 \u00e0 60 dB.<\/p>","protected":false},"excerpt":{"rendered":"<p>Chargeur de batterie lithium 36 V, chargeur de batterie lithium solaire, mat\u00e9riau en alliage d'aluminium, bouton interne r\u00e9glable, permet de calibrer la tension et le courant, peut charger une batterie lithium-ion 10S 36 V.<\/p>","protected":false},"featured_media":9446,"comment_status":"open","ping_status":"closed","template":"","meta":[],"product_cat":[281,1692],"product_tag":[],"class_list":{"0":"post-9179","1":"product","2":"type-product","3":"status-publish","4":"has-post-thumbnail","6":"product_brand-ohrija","7":"product_cat-10s-42v-charger","8":"product_cat-electric-scooter-battery-charger","9":"product_shipping_class-180w","11":"first","12":"instock","13":"taxable","14":"shipping-taxable","15":"purchasable","16":"product-type-variable","17":"wvs-archive-product-wrapper","18":"col-xs-6 col-sm-4","19":"col-md-3 col-lg-3","20":"un-4-cols"},"jetpack_sharing_enabled":true,"_links":{"self":[{"href":"https:\/\/ohrija.com\/fr\/wp-json\/wp\/v2\/product\/9179","targetHints":{"allow":["GET"]}}],"collection":[{"href":"https:\/\/ohrija.com\/fr\/wp-json\/wp\/v2\/product"}],"about":[{"href":"https:\/\/ohrija.com\/fr\/wp-json\/wp\/v2\/types\/product"}],"replies":[{"embeddable":true,"href":"https:\/\/ohrija.com\/fr\/wp-json\/wp\/v2\/comments?post=9179"}],"version-history":[{"count":1,"href":"https:\/\/ohrija.com\/fr\/wp-json\/wp\/v2\/product\/9179\/revisions"}],"predecessor-version":[{"id":37464,"href":"https:\/\/ohrija.com\/fr\/wp-json\/wp\/v2\/product\/9179\/revisions\/37464"}],"wp:featuredmedia":[{"embeddable":true,"href":"https:\/\/ohrija.com\/fr\/wp-json\/wp\/v2\/media\/9446"}],"wp:attachment":[{"href":"https:\/\/ohrija.com\/fr\/wp-json\/wp\/v2\/media?parent=9179"}],"wp:term":[{"taxonomy":"product_cat","embeddable":true,"href":"https:\/\/ohrija.com\/fr\/wp-json\/wp\/v2\/product_cat?post=9179"},{"taxonomy":"product_tag","embeddable":true,"href":"https:\/\/ohrija.com\/fr\/wp-json\/wp\/v2\/product_tag?post=9179"}],"curies":[{"name":"wp","href":"https:\/\/api.w.org\/{rel}","templated":true}]}}