{"id":8212,"date":"2024-06-29T17:58:19","date_gmt":"2024-06-29T09:58:19","guid":{"rendered":"https:\/\/ohrija.com\/?post_type=product&#038;p=8212"},"modified":"2025-05-30T13:10:17","modified_gmt":"2025-05-30T13:10:17","slug":"29-2v-15a-ninebot-scooter-charger","status":"publish","type":"product","link":"https:\/\/ohrija.com\/fr\/produit\/29-2v-15a-ninebot-scooter-charger\/","title":{"rendered":"Le chargeur OHRIJA Ninebot 29,2 V 15 A est adapt\u00e9 aux batteries Lifepo4 8S 24 V."},"content":{"rendered":"<h4><span style=\"color: #ff0000;\">Avertissement<\/span><\/h4>\n<p>Veuillez confirmer les param\u00e8tres requis, la fiche d'entr\u00e9e et le connecteur de sortie. Si vous ne pouvez pas les confirmer, veuillez ne pas acheter le produit ou contacter le service client\u00e8le pour obtenir de l'aide. Merci !<br \/>\n1. Ne pas utiliser dans un environnement \u00e0 temp\u00e9rature \u00e9lev\u00e9e, sombre et humide.<br \/>\n2. Conservez-le dans un environnement ventil\u00e9.<br \/>\n3. Tenir \u00e0 l'\u00e9cart des objets inflammables et explosifs.<\/p>\n<h4>Param\u00e8tres du produit<\/h4>\n<p>Mod\u00e8le du produit : HRH500<br \/>\nMat\u00e9riau du produit : coque en alliage d'aluminium<br \/>\nTension de sortie : maximum 29,2 V \u00b1 0,2 V<br \/>\nCourant de sortie : maximum 15 A \u00b1 0,2 A<br \/>\nDimensions du produit : 170 x 90 x 50 mm, 1,1 kg<br \/>\nType de batterie applicable : batterie Lifepo4 8S 25,6 V<br \/>\nPuissance de travail : maximum 490 W<br \/>\nCouleur : noir, argent, rouge en option<br \/>\nPrise d'entr\u00e9e : \u00c9tats-Unis, UE, Royaume-Uni, Australie (s\u00e9lectionnez la prise appropri\u00e9e en fonction des normes locales)<br \/>\nConnecteur de sortie : XT60 | XT90 | Pince crocodile | Anderson 50A | Anderson 45A | XLR (s\u00e9lectionner le bon connecteur en fonction du port de la batterie)<br \/>\nContenu du coffret : chargeur * 1, c\u00e2ble de sortie CC 1 m * 1, c\u00e2ble d'entr\u00e9e 1 m * 1, mode d'emploi * 1<\/p>\n<h4>Pr\u00e9sentation du produit<\/h4>\n<p><strong>1. Recharge efficace<\/strong><br \/>\nGr\u00e2ce \u00e0 l'adoption d'une technologie avanc\u00e9e d'alimentation \u00e0 d\u00e9coupage, le rendement de charge atteint 85% ou plus, ce qui r\u00e9duit le temps de charge et la consommation d'\u00e9nergie.<br \/>\n<strong>2. Mode de charge \u00e0 tension constante et \u00e0 courant constant<\/strong><br \/>\nLe chargeur fonctionne en mode courant constant (CC) jusqu'\u00e0 ce que la tension de la batterie approche la valeur d\u00e9finie (29,2 V), puis passe en mode tension constante (CV) afin de garantir la s\u00e9curit\u00e9 du processus de charge et d'\u00e9viter toute surcharge.<br \/>\n<strong>3. Contr\u00f4le intelligent de la temp\u00e9rature\u00a0<\/strong><br \/>\nLe capteur de temp\u00e9rature int\u00e9gr\u00e9 permet de surveiller la temp\u00e9rature du chargeur en temps r\u00e9el. Lorsque la temp\u00e9rature d\u00e9passe la plage de s\u00e9curit\u00e9, il r\u00e9duit automatiquement le courant de charge ou suspend la charge afin d'\u00e9viter toute surchauffe.<br \/>\n<strong>4. Fonctions de protection multiples<\/strong><br \/>\n<strong>\u00b7\u00a0<\/strong>Protection contre les surtensions : lorsque la tension d\u00e9passe la plage de s\u00e9curit\u00e9, le chargeur coupe automatiquement l'alimentation afin d'\u00e9viter d'endommager la batterie.<br \/>\n<strong>\u00b7\u00a0<\/strong>Protection contre les surintensit\u00e9s : lorsque le courant d\u00e9passe la valeur nominale, le courant de sortie est automatiquement limit\u00e9 afin de prot\u00e9ger la batterie et le chargeur.<br \/>\n<strong>\u00b7\u00a0<\/strong>Protection contre les courts-circuits : le chargeur est \u00e9quip\u00e9 d'une fonction de protection contre les courts-circuits afin d'\u00e9viter les dangers caus\u00e9s par ceux-ci.<br \/>\n<strong>\u00b7\u00a0<\/strong>Protection contre les inversions de polarit\u00e9 : lorsque les p\u00f4les positif et n\u00e9gatif de la batterie sont invers\u00e9s, le chargeur cesse automatiquement de fonctionner afin d'\u00e9viter d'endommager la batterie et le chargeur.<br \/>\n<strong>5 voyants lumineux LED<\/strong><br \/>\nLe chargeur est \u00e9quip\u00e9 de voyants LED qui indiquent l'\u00e9tat actuel de la charge :<br \/>\n<strong>\u00b7\u00a0<\/strong>Voyant rouge : en cours de chargement.<br \/>\n<strong>\u00b7\u00a0<\/strong>Voyant vert : Chargement termin\u00e9 ou veille<br \/>\n<strong>6. La tension et le courant peuvent \u00eatre calibr\u00e9s.<\/strong><br \/>\n<strong>\u00b7 <\/strong>La r\u00e9sistance r\u00e9glable VR1 \u00e0 l'int\u00e9rieur du chargeur peut \u00eatre calibr\u00e9e entre 20 et 30 V.<br \/>\n<strong>\u00b7 <\/strong>La r\u00e9sistance variable VR2 permet de calibrer le courant entre 13 et 15 amp\u00e8res.<br \/>\n<strong>\u00b7 <\/strong>Le chargeur n\u00e9cessite une tension de batterie d'au moins 6 V pour fonctionner.<br \/>\n<strong>\u00b7 <\/strong>Le chargeur peut fournir directement une tension et un courant pouvant \u00eatre utilis\u00e9s comme adaptateur.<\/p>\n<h4>Appareils applicables<\/h4>\n<p>\u00b7 Ceci <a href=\"https:\/\/ohrija.com\/fr\/produit\/29-2v-15a-charger-lifepo4-battery-charger\/\">29,2 V 15 A<\/a> Le chargeur de batterie est con\u00e7u pour les v\u00e9hicules r\u00e9cr\u00e9atifs  et autres appareils \u00e9quip\u00e9s de batteries Lifepo4. Le chargeur utilise une technologie de conversion \u00e0 haut rendement pour garantir  une recharge rapide et s\u00fbre de la batterie et prolonger sa dur\u00e9e de vie.<br \/>\nLe chargeur est uniquement compatible avec les batteries Lifepo4 8S 25,6 V., <a href=\"https:\/\/ohrija.com\/fr\/produit\/29-2v-15a-charger-lifepo4-battery-charger\/\">chargeurs de batterie pour camping-cars<\/a> \u00a0et autres appareils \u00e9quip\u00e9s d'une batterie Lifepo4 8S 25,6 V.<\/p>\n<h4>Temps de charge<\/h4>\n<p>\u00b7 Le <a href=\"https:\/\/ohrija.com\/fr\/produit\/29-2v-15a-charger-lifepo4-battery-charger\/\">Chargeur de batterie Lifepo4 29,2V 15A<\/a> est con\u00e7u pour la charge rapide des batteries Lifepo4 8S 25,6V et peut charger des batteries Lifepo4 8S 25,6V \u00e0 un taux de 15 amp\u00e8res.<br \/>\n- Avec une tension maximale de 14,6 V et un courant nominal de 15 A, il peut charger compl\u00e8tement une batterie Lifepo4 de 30 Ah en environ 2 heures et une batterie de 60 Ah en environ 4 heures. Une batterie de 90Ah peut \u00eatre compl\u00e8tement charg\u00e9e en 6 heures. Pour les petites batteries (&lt;10Ah), nous recommandons l&#039;utilisation d&#039;un chargeur de type<a href=\"https:\/\/ohrija.com\/fr\/produit\/ohrija-29-2v-5a-charger-lifepo4-battery-charger\/\"> Chargeur 5A<\/a>. Toutes les batteries Lifepo4 doivent \u00eatre charg\u00e9es \u00e0 l'aide d'un chargeur compatible avec les batteries Lifepo4, tel que celui-ci. L'utilisation d'autres types de chargeurs pour charger la batterie r\u00e9duira ses performances et sa dur\u00e9e de vie.<\/p>\n<h4>Questions fr\u00e9quentes<\/h4>\n<p>1. Ne fonctionne pas<br \/>\n\u00b7 V\u00e9rifiez si la tension d'entr\u00e9e CA est de 110 ou 220 V.<br \/>\n\u00b7 V\u00e9rifiez si la borne d'entr\u00e9e CA est correctement connect\u00e9e et si le fusible est endommag\u00e9.<br \/>\n\u00b7 V\u00e9rifiez si le connecteur de sortie est correctement branch\u00e9, s'il correspond et si le fusible est endommag\u00e9.<br \/>\n\u00b7 V\u00e9rifiez si le syst\u00e8me BMS est prot\u00e9g\u00e9.<br \/>\n2. Quel est le niveau sonore ?<br \/>\nComme il y a un ventilateur \u00e0 l'int\u00e9rieur du chargeur, le bruit est d'environ 40 \u00e0 60 dB.<\/p>\n<p>&nbsp;<\/p>","protected":false},"excerpt":{"rendered":"<p>Chargeur pour trottinette Ninebot. Chargeur de batterie Lifepo4, mat\u00e9riau en alliage d'aluminium, bouton r\u00e9glable interne, permet de calibrer la tension et le courant, peut charger une batterie Lifepo4 8S 24 V.<\/p>","protected":false},"featured_media":9563,"comment_status":"open","ping_status":"closed","template":"","meta":[],"product_cat":[305],"product_tag":[],"class_list":{"0":"post-8212","1":"product","2":"type-product","3":"status-publish","4":"has-post-thumbnail","6":"product_brand-ohrija","7":"product_cat-8s-29-2v-charger","8":"product_shipping_class-500w","10":"first","11":"instock","12":"taxable","13":"shipping-taxable","14":"purchasable","15":"product-type-variable","16":"wvs-archive-product-wrapper","17":"col-xs-6 col-sm-4","18":"col-md-3 col-lg-3","19":"un-4-cols"},"jetpack_sharing_enabled":true,"_links":{"self":[{"href":"https:\/\/ohrija.com\/fr\/wp-json\/wp\/v2\/product\/8212","targetHints":{"allow":["GET"]}}],"collection":[{"href":"https:\/\/ohrija.com\/fr\/wp-json\/wp\/v2\/product"}],"about":[{"href":"https:\/\/ohrija.com\/fr\/wp-json\/wp\/v2\/types\/product"}],"replies":[{"embeddable":true,"href":"https:\/\/ohrija.com\/fr\/wp-json\/wp\/v2\/comments?post=8212"}],"version-history":[{"count":0,"href":"https:\/\/ohrija.com\/fr\/wp-json\/wp\/v2\/product\/8212\/revisions"}],"wp:featuredmedia":[{"embeddable":true,"href":"https:\/\/ohrija.com\/fr\/wp-json\/wp\/v2\/media\/9563"}],"wp:attachment":[{"href":"https:\/\/ohrija.com\/fr\/wp-json\/wp\/v2\/media?parent=8212"}],"wp:term":[{"taxonomy":"product_cat","embeddable":true,"href":"https:\/\/ohrija.com\/fr\/wp-json\/wp\/v2\/product_cat?post=8212"},{"taxonomy":"product_tag","embeddable":true,"href":"https:\/\/ohrija.com\/fr\/wp-json\/wp\/v2\/product_tag?post=8212"}],"curies":[{"name":"wp","href":"https:\/\/api.w.org\/{rel}","templated":true}]}}