{"id":7253,"date":"2024-05-17T21:46:36","date_gmt":"2024-05-17T13:46:36","guid":{"rendered":"https:\/\/ohrija.com\/?post_type=product&#038;p=7253"},"modified":"2025-05-30T13:10:08","modified_gmt":"2025-05-30T13:10:08","slug":"36v-18a-golf-charger-36-volt-golf-cart-charger","status":"publish","type":"product","link":"https:\/\/ohrija.com\/fr\/produit\/36v-18a-golf-charger-36-volt-golf-cart-charger\/","title":{"rendered":"Chargeur OHRIJA 36 volts pour voiturette de golf 36 V 18 A, adapt\u00e9 aux batteries au plomb-acide 41,4 V \u00c9cran OLED"},"content":{"rendered":"<h4><span style=\"color: #ff0000;\">Avertissement<\/span><\/h4>\n<p>Veuillez v\u00e9rifier les param\u00e8tres requis, la fiche d'entr\u00e9e et le connecteur de sortie. Si vous ne pouvez pas les v\u00e9rifier, veuillez ne pas acheter le produit ou contacter le service client\u00e8le pour obtenir de l'aide. (Une erreur 10% appara\u00eetra entre l'\u00e9cran d'affichage et les param\u00e8tres r\u00e9els. Si cela vous d\u00e9range, veuillez ne pas acheter le produit.) Merci !<br \/>\n1. Ne pas utiliser dans un environnement \u00e0 temp\u00e9rature \u00e9lev\u00e9e, sombre et humide.<br \/>\n2. Conservez-le dans un environnement ventil\u00e9.<br \/>\n3. Tenir \u00e0 l'\u00e9cart des objets inflammables et explosifs.<\/p>\n<h4>Param\u00e8tres du produit<\/h4>\n<p>Mod\u00e8le du produit : HRH900<br \/>\nMat\u00e9riau du produit : coque en alliage d'aluminium<br \/>\nTension de sortie : maximum 41,4 V\/44,1 V \u00b1 0,2 V<br \/>\nCourant de sortie : maximum 18 A \u00b1 0,2 A<br \/>\nDimensions du produit : 210 \u00d7 120 \u00d7 70 mm, 2,4 kg<br \/>\nType de batterie applicable : batterie au plomb-acide 36 V<br \/>\nPuissance de travail : maximum 890 W<br \/>\nCouleur : noir, rouge en option<br \/>\nPrise d'entr\u00e9e : \u00c9tats-Unis, UE, Royaume-Uni, Australie (s\u00e9lectionnez la prise appropri\u00e9e en fonction des normes locales)<br \/>\nConnecteur de sortie : EZGO TXT (fiche TXT Powerwise de type \u201c D \u201d) (73345-G01) | Crowfoot (1016433-01) | EZGO DCS (SB50 Anderson ) (18972-G1+28030-G01) (s\u00e9lectionnez le connecteur appropri\u00e9 en fonction du port de la batterie)<br \/>\nContenu : chargeur*1, c\u00e2ble de sortie CC 1 m*1, c\u00e2ble d'entr\u00e9e 1 m*1, manuel d'instructions*1<\/p>\n<h4>Pr\u00e9sentation du produit<\/h4>\n<p><strong>1. Recharge efficace<\/strong><br \/>\nGr\u00e2ce \u00e0 l'adoption d'une technologie avanc\u00e9e d'alimentation \u00e0 d\u00e9coupage, le rendement de charge atteint 85% ou plus, ce qui r\u00e9duit le temps de charge et la consommation d'\u00e9nergie.<br \/>\n<strong>2. Mode de charge \u00e0 tension constante et \u00e0 courant constant<\/strong><br \/>\nLe chargeur fonctionne en mode courant constant (CC) jusqu'\u00e0 ce que la tension de la batterie approche la valeur d\u00e9finie (44,1 V), puis passe en mode tension constante (CV) afin de garantir la s\u00e9curit\u00e9 du processus de charge et d'\u00e9viter toute surcharge.<br \/>\n<strong>3. Contr\u00f4le intelligent de la temp\u00e9rature\u00a0<\/strong><br \/>\nLe capteur de temp\u00e9rature int\u00e9gr\u00e9 permet de surveiller la temp\u00e9rature du chargeur en temps r\u00e9el. Lorsque la temp\u00e9rature d\u00e9passe la plage de s\u00e9curit\u00e9, il r\u00e9duit automatiquement le courant de charge ou suspend la charge afin d'\u00e9viter toute surchauffe.<br \/>\n<strong>4. Fonctions de protection multiples<\/strong><br \/>\n<strong>\u00b7 <\/strong>Protection contre les surtensions : lorsque la tension d\u00e9passe la plage de s\u00e9curit\u00e9, le chargeur coupe automatiquement l'alimentation afin d'\u00e9viter d'endommager la batterie.<br \/>\n<strong>\u00b7 <\/strong>Protection contre les surintensit\u00e9s : lorsque le courant d\u00e9passe la valeur nominale, le courant de sortie est automatiquement limit\u00e9 afin de prot\u00e9ger la batterie et le chargeur.<br \/>\n<strong>\u00b7 <\/strong>Protection contre les courts-circuits : le chargeur est \u00e9quip\u00e9 d'une fonction de protection contre les courts-circuits afin d'\u00e9viter les dangers caus\u00e9s par ceux-ci.<br \/>\n<strong>\u00b7 <\/strong>Protection contre les inversions de polarit\u00e9 : lorsque les p\u00f4les positif et n\u00e9gatif de la batterie sont invers\u00e9s, le chargeur cesse automatiquement de fonctionner afin d'\u00e9viter d'endommager la batterie et le chargeur.<br \/>\n<strong>5 voyants lumineux LED<\/strong><br \/>\nLe chargeur est \u00e9quip\u00e9 de voyants LED qui indiquent l'\u00e9tat actuel de la charge :<br \/>\n<strong>\u00b7 <\/strong>Voyant rouge : en cours de chargement.<br \/>\n<strong>\u00b7 <\/strong> Voyant vert : recharge termin\u00e9e ou veille.<br \/>\n<strong>6 La tension et le courant peuvent \u00eatre calibr\u00e9s.<\/strong><br \/>\n<strong>\u00b7 <\/strong>La r\u00e9sistance variable VR2 permet de calibrer le courant entre 15 et 18 amp\u00e8res.<br \/>\n<strong>\u00b7 <\/strong>Le chargeur n\u00e9cessite une tension de batterie d'au moins 20 V pour fonctionner.<br \/>\n<strong>\u00b7 <\/strong>Le chargeur peut fournir directement une tension et un courant pouvant \u00eatre utilis\u00e9s comme adaptateur.<\/p>\n<h2>Chargeur pour voiturette de golf 36 volts Appareils compatibles<\/h2>\n<p>\u00b7 Ceci <a href=\"https:\/\/ohrija.com\/fr\/produit\/36v-18a-golf-charger-36-volt-golf-cart-charger\/\">Chargeur de batterie au plomb 36 V<\/a> est con\u00e7u pour les voiturettes de golf et autres appareils \u00e9quip\u00e9s de batteries au plomb. Le chargeur utilise une technologie de conversion \u00e0 haut rendement pour garantir une recharge rapide et s\u00fbre de la batterie et prolonger sa dur\u00e9e de vie.<br \/>\nLe chargeur est uniquement adapt\u00e9 aux batteries au plomb de 36 V., <a href=\"https:\/\/ohrija.com\/fr\/produit\/36v-18a-golf-charger-36-volt-golf-cart-charger\/\">chargeur pour voiturette de golf<\/a> et autres appareils fonctionnant avec des batteries au plomb-acide 36 V.<\/p>\n<h4>Temps de charge<\/h4>\n<p>\u00b7 Le <a href=\"https:\/\/ohrija.com\/fr\/produit\/36v-18a-golf-charger-36-volt-golf-cart-charger\/\">Chargeur de batterie au plomb 36 V 18 A<\/a> est con\u00e7u pour la charge rapide de batteries plomb-acide 36 V et peut charger des batteries plomb-acide 36 V \u00e0 un courant de 18 amp\u00e8res.<br \/>\n\u00b7 La tension maximale est de 41,4 V lorsqu'aucune batterie n'est connect\u00e9e, et de 44,1 V pendant la charge. Le courant nominal est de 18 A, ce qui permet de charger compl\u00e8tement une batterie au plomb de 36 Ah en environ 2 heures et une batterie de 72 Ah en environ 4 heures. Une batterie de 90 Ah peut \u00eatre compl\u00e8tement charg\u00e9e en 5 heures. Pour les batteries plus petites (&lt;10 Ah), nous recommandons d&#039;utiliser un <a href=\"https:\/\/ohrija.com\/fr\/produit\/36v-5a-golf-car-charger-battery-charger\/\">5A<\/a> chargeur. Toutes les batteries au plomb doivent \u00eatre charg\u00e9es \u00e0 l'aide d'un chargeur compatible avec les batteries au plomb, tel que ce chargeur. Le chargement de la batterie \u00e0 l'aide d'autres types de chargeurs r\u00e9duira les performances et la dur\u00e9e de vie de la batterie.<\/p>\n<h4>Questions fr\u00e9quentes<\/h4>\n<p>1. Ne fonctionne pas<br \/>\n\u00b7 V\u00e9rifiez si la tension d'entr\u00e9e CA est de 110 ou 220 V.<br \/>\n\u00b7 V\u00e9rifiez si la borne d'entr\u00e9e CA est correctement connect\u00e9e et si le fusible est endommag\u00e9.<br \/>\n\u00b7 V\u00e9rifiez si le connecteur de sortie est correctement branch\u00e9, s'il correspond et si le fusible est endommag\u00e9.<br \/>\n\u00b7 V\u00e9rifiez si le syst\u00e8me BMS est prot\u00e9g\u00e9.<br \/>\n2. Quel est le niveau sonore ?<br \/>\nComme il y a un ventilateur \u00e0 l'int\u00e9rieur du chargeur, le bruit est d'environ 40 \u00e0 60 dB.<\/p>","protected":false},"excerpt":{"rendered":"<p>Chargeur pour voiturette de golf 36 volts en alliage d'aluminium, bouton interne r\u00e9glable, permet de calibrer la tension et le courant, peut charger une batterie au plomb 36 V.<\/p>","protected":false},"featured_media":9624,"comment_status":"open","ping_status":"closed","template":"","meta":[],"product_cat":[298],"product_tag":[],"class_list":{"0":"post-7253","1":"product","2":"type-product","3":"status-publish","4":"has-post-thumbnail","6":"product_brand-ohrija","7":"product_cat-36v-golf-charger","8":"product_shipping_class-900w","10":"first","11":"instock","12":"taxable","13":"shipping-taxable","14":"purchasable","15":"product-type-variable","16":"wvs-archive-product-wrapper","17":"col-xs-6 col-sm-4","18":"col-md-3 col-lg-3","19":"un-4-cols"},"jetpack_sharing_enabled":true,"_links":{"self":[{"href":"https:\/\/ohrija.com\/fr\/wp-json\/wp\/v2\/product\/7253","targetHints":{"allow":["GET"]}}],"collection":[{"href":"https:\/\/ohrija.com\/fr\/wp-json\/wp\/v2\/product"}],"about":[{"href":"https:\/\/ohrija.com\/fr\/wp-json\/wp\/v2\/types\/product"}],"replies":[{"embeddable":true,"href":"https:\/\/ohrija.com\/fr\/wp-json\/wp\/v2\/comments?post=7253"}],"version-history":[{"count":0,"href":"https:\/\/ohrija.com\/fr\/wp-json\/wp\/v2\/product\/7253\/revisions"}],"wp:featuredmedia":[{"embeddable":true,"href":"https:\/\/ohrija.com\/fr\/wp-json\/wp\/v2\/media\/9624"}],"wp:attachment":[{"href":"https:\/\/ohrija.com\/fr\/wp-json\/wp\/v2\/media?parent=7253"}],"wp:term":[{"taxonomy":"product_cat","embeddable":true,"href":"https:\/\/ohrija.com\/fr\/wp-json\/wp\/v2\/product_cat?post=7253"},{"taxonomy":"product_tag","embeddable":true,"href":"https:\/\/ohrija.com\/fr\/wp-json\/wp\/v2\/product_tag?post=7253"}],"curies":[{"name":"wp","href":"https:\/\/api.w.org\/{rel}","templated":true}]}}