{"id":37291,"date":"2026-03-16T11:13:50","date_gmt":"2026-03-16T11:13:50","guid":{"rendered":"https:\/\/ohrija.com\/?post_type=product&#038;p=37291"},"modified":"2026-04-15T05:48:22","modified_gmt":"2026-04-15T05:48:22","slug":"ohrija-58-8v-2a-lithium-battery-charger","status":"publish","type":"product","link":"https:\/\/ohrija.com\/fr\/produit\/ohrija-58-8v-2a-lithium-battery-charger\/","title":{"rendered":"OHRIJA 58.8V 2A Aluminum Alloy Lithium Battery Charger for 48V Electric Scooter\/Balancing Vehicle\/Electric Vehicle (14 Series 48V Lithium Battery)"},"content":{"rendered":"<h2><span style=\"color: #ff0000;\">Avertissement<\/span><\/h2>\n<p>Veuillez v\u00e9rifier les param\u00e8tres requis, la fiche d'entr\u00e9e et le connecteur de sortie. Si vous ne pouvez pas les v\u00e9rifier, veuillez ne pas acheter le produit ou contacter le service client\u00e8le pour obtenir de l'aide. Merci !<br \/>\n1. Ne pas utiliser dans un environnement \u00e0 temp\u00e9rature \u00e9lev\u00e9e, sombre et humide.<br \/>\n2. Conservez-le dans un environnement ventil\u00e9.<br \/>\n3. Tenir \u00e0 l'\u00e9cart des objets inflammables et explosifs.<\/p>\n<h3>Param\u00e8tres du produit<\/h3>\n<p>Mod\u00e8le du produit : HRH120<br \/>\nMat\u00e9riau du produit : coque en alliage d'aluminium<br \/>\nTension de sortie : maximum 58,8 V \u00b1 0,2 V<br \/>\nCourant de sortie : maximum 2Amp \u00b10,2a<br \/>\nTaille du produit : 136*66*40MM 0.4kg<br \/>\nType de batterie applicable : batterie lithium-ion 14S 51,8 V<br \/>\nPuissance de travail : maximum 110W<br \/>\nCouleur : noir, argent<br \/>\nPrise d'entr\u00e9e : \u00c9tats-Unis, UE, Royaume-Uni, Australie (s\u00e9lectionnez la prise appropri\u00e9e en fonction des normes locales)<br \/>\nConnecteur de sortie : DC2.1 \u00e0| DC5.5*2.5 | GX16 1+3- | XLR | IEC C13 | DC8mm (Support OEM personnalis\u00e9)<br \/>\nContenu : chargeur*1, c\u00e2ble de sortie CC 1 m*1, c\u00e2ble d'entr\u00e9e 1 m*1, manuel d'instructions*1<\/p>\n<h3>Faits marquants<\/h3>\n<p>Corps enti\u00e8rement en aluminium Coque en alliage d'aluminium, dissipation rapide de la chaleur, r\u00e9sistance aux chocs et durabilit\u00e9<br \/>\nChargement intelligent Courant et tension constants automatiques, arr\u00eat automatique du chargement lorsque la batterie est pleine, pas de surcharge<br \/>\nProtections multiples Protection contre les surtensions, les surintensit\u00e9s, les courts-circuits, les inversions de connexion et les quadruplets<br \/>\nVoyants lumineux Voyant rouge pour la charge, voyant vert pour la charge compl\u00e8te, \u00e9tat clair en un coup d'\u0153il<br \/>\nSilencieux sans ventilateur<\/p>\n<h3>Instructions d'achat \/ FAQ<\/h3>\n<p><strong>\u00a0<\/strong><\/p>\n<p>&nbsp;<\/p>\n<p>Q1 : Quelles sont les diff\u00e9rences entre le chargeur en alliage d'aluminium et le chargeur ordinaire ?<br \/>\nR : La principale diff\u00e9rence r\u00e9side dans la dissipation de la chaleur et la durabilit\u00e9. Le bo\u00eetier en aluminium agit comme un grand dissipateur de chaleur, adapt\u00e9 aux environnements \u00e0 haute temp\u00e9rature ou aux sc\u00e9narios n\u00e9cessitant une charge continue pendant une longue p\u00e9riode (garages, cha\u00eenes de montage d'usine, etc.). En outre, le bo\u00eetier m\u00e9tallique r\u00e9siste aux chocs et \u00e0 la pression, et sa dur\u00e9e de vie est g\u00e9n\u00e9ralement 2 \u00e0 3 fois sup\u00e9rieure \u00e0 celle des bo\u00eetiers en plastique ordinaires.<br \/>\nQ2 : Ce chargeur est-il \u00e9tanche ?<br \/>\nR : Le bo\u00eetier est dot\u00e9 d'une protection de niveau IP54, qui emp\u00eache les gouttes d'eau et la poussi\u00e8re de p\u00e9n\u00e9trer dans toutes les directions. Cependant, il ne peut pas \u00eatre utilis\u00e9 lorsqu'il est immerg\u00e9 dans l'eau. Si une \u00e9tanch\u00e9it\u00e9 compl\u00e8te (IP67) est requise, veuillez contacter le service client\u00e8le pour personnaliser une version scell\u00e9e avec de la colle d'encapsulation.<br \/>\nQ3 : Ma batterie est de 48V 30Ah. Un taux de charge de 2A sera-t-il trop lent ?<br \/>\nR : 2A est un courant de charge standard (0,05C - 0,1C). Pour une batterie de 30 Ah, il s'agit d'une charge lente. Bien qu'elle soit longue (environ 15 heures), elle est la plus b\u00e9n\u00e9fique pour prolonger la dur\u00e9e de vie de la batterie. Si vous avez besoin d'une charge rapide, il est recommand\u00e9 de choisir la version 5A ou 8A (assurez-vous que la batterie supporte la charge rapide).<br \/>\nQ4 : Le bo\u00eetier en aluminium provoque-t-il des fuites d'\u00e9lectricit\u00e9 ?<br \/>\nR : Absolument pas. Ce chargeur est con\u00e7u comme une alimentation \u00e0 d\u00e9coupage, avec une isolation stricte entre les circuits primaire et secondaire.<br \/>\nQ5 : Quelle est la politique de garantie ?<br \/>\nR : La version en aluminium est assortie d'une garantie de 12 mois. Au cours de la premi\u00e8re ann\u00e9e, une r\u00e9paration ou un remplacement gratuit est offert en cas de dommage non humain, et une assistance technique \u00e0 vie est fournie.<\/p>\n<p>&nbsp;<\/p>\n<p>.<\/p>","protected":false},"excerpt":{"rendered":"<p>Le chargeur 58.8V 2A est sp\u00e9cialement con\u00e7u pour les batteries au lithium 51.8V de la s\u00e9rie 14 (14S). Il est largement applicable aux v\u00e9los \u00e9lectriques, aux scooters \u00e9lectriques, aux v\u00e9los d'\u00e9quilibre, aux v\u00e9hicules de mobilit\u00e9 pour personnes \u00e2g\u00e9es et \u00e0 divers packs de batteries au lithium pour le bricolage. Il est dot\u00e9 d'un bo\u00eetier enti\u00e8rement en aluminium qui combine la dissipation de la chaleur et la durabilit\u00e9, ce qui en fait un partenaire d'alimentation id\u00e9al pour votre \u00e9quipement de voyage.<\/p>","protected":false},"featured_media":37300,"comment_status":"open","ping_status":"closed","template":"","meta":[],"product_cat":[285,1692],"product_tag":[],"class_list":{"0":"post-37291","1":"product","2":"type-product","3":"status-publish","4":"has-post-thumbnail","6":"product_brand-ohrija","7":"product_cat-14s-58-8v-charger","8":"product_cat-electric-scooter-battery-charger","9":"product_shipping_class-180w","11":"first","12":"instock","13":"taxable","14":"shipping-taxable","15":"purchasable","16":"product-type-variable","17":"wvs-archive-product-wrapper","18":"col-xs-6 col-sm-4","19":"col-md-3 col-lg-3","20":"un-4-cols"},"jetpack_sharing_enabled":true,"_links":{"self":[{"href":"https:\/\/ohrija.com\/fr\/wp-json\/wp\/v2\/product\/37291","targetHints":{"allow":["GET"]}}],"collection":[{"href":"https:\/\/ohrija.com\/fr\/wp-json\/wp\/v2\/product"}],"about":[{"href":"https:\/\/ohrija.com\/fr\/wp-json\/wp\/v2\/types\/product"}],"replies":[{"embeddable":true,"href":"https:\/\/ohrija.com\/fr\/wp-json\/wp\/v2\/comments?post=37291"}],"version-history":[{"count":1,"href":"https:\/\/ohrija.com\/fr\/wp-json\/wp\/v2\/product\/37291\/revisions"}],"predecessor-version":[{"id":37301,"href":"https:\/\/ohrija.com\/fr\/wp-json\/wp\/v2\/product\/37291\/revisions\/37301"}],"wp:featuredmedia":[{"embeddable":true,"href":"https:\/\/ohrija.com\/fr\/wp-json\/wp\/v2\/media\/37300"}],"wp:attachment":[{"href":"https:\/\/ohrija.com\/fr\/wp-json\/wp\/v2\/media?parent=37291"}],"wp:term":[{"taxonomy":"product_cat","embeddable":true,"href":"https:\/\/ohrija.com\/fr\/wp-json\/wp\/v2\/product_cat?post=37291"},{"taxonomy":"product_tag","embeddable":true,"href":"https:\/\/ohrija.com\/fr\/wp-json\/wp\/v2\/product_tag?post=37291"}],"curies":[{"name":"wp","href":"https:\/\/api.w.org\/{rel}","templated":true}]}}