{"id":37078,"date":"2026-01-13T06:52:38","date_gmt":"2026-01-13T06:52:38","guid":{"rendered":"https:\/\/ohrija.com\/?post_type=product&#038;p=37078"},"modified":"2026-05-04T18:07:44","modified_gmt":"2026-05-04T18:07:44","slug":"ohrija-48v-lithium-ion-battery-charger-58-8v-20a-charger","status":"publish","type":"product","link":"https:\/\/ohrija.com\/fr\/produit\/ohrija-48v-lithium-ion-battery-charger-58-8v-20a-charger\/","title":{"rendered":"OHRIJA 48v lithium ion chargeur 58.8V 20A chargeur convient pour 14S 51.8V Li-ion Battery Chargers"},"content":{"rendered":"<h4><span style=\"color: #ff0000;\">Avertissement<\/span><\/h4>\n<p>Veuillez confirmer les param\u00e8tres requis, la fiche d'entr\u00e9e et le connecteur de sortie. Si vous ne pouvez pas les confirmer, veuillez ne pas acheter le produit ou contacter le service client\u00e8le pour obtenir de l'aide. Merci !<br \/>\n1. Ne pas utiliser dans un environnement \u00e0 temp\u00e9rature \u00e9lev\u00e9e, sombre et humide.<br \/>\n2. Conservez-le dans un environnement ventil\u00e9.<br \/>\n3. Tenir \u00e0 l'\u00e9cart des objets inflammables et explosifs.<\/p>\n<h4>Param\u00e8tres du produit<\/h4>\n<p>Mod\u00e8le du produit : HRH1200<br \/>\nMat\u00e9riau du produit : coque en alliage d'aluminium<br \/>\nTension de sortie : maximum 58,8 V \u00b1 0,2 V<br \/>\nCourant de sortie : maximum 20 A \u00b1 0,2 A<br \/>\nTaille du produit : 240*105*70MM 1.82kg<br \/>\nType de batterie applicable : batterie lithium-ion 14S 51,8 V<br \/>\nPuissance de travail : maximum 1200 W<br \/>\nCouleur : noir<br \/>\nPrise d'entr\u00e9e : \u00c9tats-Unis, UE, Royaume-Uni, Australie (s\u00e9lectionnez la prise appropri\u00e9e en fonction des normes locales)<br \/>\nConnecteur de sortie : XT60 | XT90 | Pince crocodile | 45 A | Anderson 50 A | Nez de c\u00e2ble | SANS FICHE (s\u00e9lectionnez le connecteur appropri\u00e9 en fonction du port de la batterie)<br \/>\nContenu du coffret : chargeur * 1, c\u00e2ble de sortie CC 1 m * 1, c\u00e2ble d'entr\u00e9e 1 m * 1, mode d'emploi * 1<br \/>\nAppareils applicables : Batterie lithium-ion 14 cellules, enti\u00e8rement charg\u00e9e \u00e0 58,8V \u00b10,2V.<\/p>","protected":false},"excerpt":{"rendered":"<p>Chargeur de batterie lithium-ion 48 V, chargeur de batterie Li-ion, mat\u00e9riau en alliage d'aluminium, bouton r\u00e9glable interne, peut calibrer la tension et le courant, peut charger des chargeurs de batterie Li-ion 14S 51,8 V.<\/p>","protected":false},"featured_media":37086,"comment_status":"open","ping_status":"closed","template":"","meta":[],"product_cat":[285],"product_tag":[],"class_list":{"0":"post-37078","1":"product","2":"type-product","3":"status-publish","4":"has-post-thumbnail","6":"product_brand-ohrija","7":"product_cat-14s-58-8v-charger","8":"product_shipping_class-900w","10":"first","11":"instock","12":"taxable","13":"shipping-taxable","14":"purchasable","15":"product-type-variable","16":"wvs-archive-product-wrapper","17":"col-xs-6 col-sm-4","18":"col-md-3 col-lg-3","19":"un-4-cols"},"jetpack_sharing_enabled":true,"_links":{"self":[{"href":"https:\/\/ohrija.com\/fr\/wp-json\/wp\/v2\/product\/37078","targetHints":{"allow":["GET"]}}],"collection":[{"href":"https:\/\/ohrija.com\/fr\/wp-json\/wp\/v2\/product"}],"about":[{"href":"https:\/\/ohrija.com\/fr\/wp-json\/wp\/v2\/types\/product"}],"replies":[{"embeddable":true,"href":"https:\/\/ohrija.com\/fr\/wp-json\/wp\/v2\/comments?post=37078"}],"version-history":[{"count":1,"href":"https:\/\/ohrija.com\/fr\/wp-json\/wp\/v2\/product\/37078\/revisions"}],"predecessor-version":[{"id":37087,"href":"https:\/\/ohrija.com\/fr\/wp-json\/wp\/v2\/product\/37078\/revisions\/37087"}],"wp:featuredmedia":[{"embeddable":true,"href":"https:\/\/ohrija.com\/fr\/wp-json\/wp\/v2\/media\/37086"}],"wp:attachment":[{"href":"https:\/\/ohrija.com\/fr\/wp-json\/wp\/v2\/media?parent=37078"}],"wp:term":[{"taxonomy":"product_cat","embeddable":true,"href":"https:\/\/ohrija.com\/fr\/wp-json\/wp\/v2\/product_cat?post=37078"},{"taxonomy":"product_tag","embeddable":true,"href":"https:\/\/ohrija.com\/fr\/wp-json\/wp\/v2\/product_tag?post=37078"}],"curies":[{"name":"wp","href":"https:\/\/api.w.org\/{rel}","templated":true}]}}