{"id":34349,"date":"2025-12-06T11:51:16","date_gmt":"2025-12-06T11:51:16","guid":{"rendered":"https:\/\/ohrija.com\/?post_type=product&#038;p=34349"},"modified":"2025-12-11T00:48:30","modified_gmt":"2025-12-11T00:48:30","slug":"chargeurs-pour-voiturettes-de-golf-a-moteur-electrique-ohrija-48-v-15-a","status":"publish","type":"product","link":"https:\/\/ohrija.com\/fr\/produit\/chargeurs-pour-voiturettes-de-golf-a-moteur-electrique-ohrija-48-v-15-a\/","title":{"rendered":"Chargeurs pour voiturettes de golf OHRIJA 48 V 15 A Chargeur de batterie au plomb 48 V Chargeurs pour voiturettes de golf Power Drive"},"content":{"rendered":"<h4><span style=\"color: #ff0000;\">Avertissement<\/span><\/h4>\n<p>Veuillez confirmer les param\u00e8tres requis, la fiche d'entr\u00e9e et le connecteur de sortie. Si vous ne pouvez pas les confirmer, veuillez ne pas acheter le produit ou contacter le service client\u00e8le pour obtenir de l'aide. Merci !<br \/>\n1. Ne pas utiliser dans un environnement \u00e0 temp\u00e9rature \u00e9lev\u00e9e, sombre et humide.<br \/>\n2. Conservez-le dans un environnement ventil\u00e9.<br \/>\n3. Tenir \u00e0 l'\u00e9cart des objets inflammables et explosifs.<\/p>\n<h4>Param\u00e8tres du produit<\/h4>\n<p>Mod\u00e8le du produit : HRH900N<br \/>\nMat\u00e9riau du produit : coque en alliage d'aluminium<br \/>\nTension de sortie : maximum 58,8 V \u00b1 0,2 V<br \/>\nCourant de sortie : maximum 15 A \u00b1 0,2 A<br \/>\nDimensions du produit : 212 \u00d7 93,5 \u00d7 60 mm, 1,2 kg<br \/>\nType de batterie applicable : batterie au plomb 4S 48 V<br \/>\nPuissance de travail : 900 W maximum<br \/>\nCouleur : noir<br \/>\nPrise d'entr\u00e9e : \u00c9tats-Unis, UE, Royaume-Uni, Australie (s\u00e9lectionnez la prise appropri\u00e9e en fonction des normes locales)<br \/>\nConnecteur de sortie : CLUB CAR (101828901) | YAMAHA G19 (2 broches YAMAHA) (JR1-H235A-00 | EZGO 48 V TXT (fiche de chargeur DC Powerwise (poign\u00e9e rectangulaire) (73051-G20) | EZGO RXV (611219) | YAMAHA G29 (3 broches YAMAHA) (JW9-82174-00) | Crowfoot (EX-0005) (s\u00e9lectionnez le connecteur appropri\u00e9 en fonction du port de la batterie)<br \/>\nContenu du coffret : chargeur * 1, c\u00e2ble de sortie CC 1 m * 1, c\u00e2ble d'entr\u00e9e 1 m * 1, mode d'emploi * 1<br \/>\nAppareils compatibles : batterie au plomb \u00e0 4 cellules, compl\u00e8tement charg\u00e9e \u00e0 55,2 V \u00b1 0,2 V.<\/p>","protected":false},"excerpt":{"rendered":"<p>Chargeurs pour voiturettes de golf 48 V 15 A, en alliage d'aluminium, peuvent charger des batteries au plomb-acide 48 V.<\/p>","protected":false},"featured_media":35085,"comment_status":"open","ping_status":"closed","template":"","meta":[],"product_cat":[295,299],"product_tag":[],"class_list":{"0":"post-34349","1":"product","2":"type-product","3":"status-publish","4":"has-post-thumbnail","6":"product_brand-ohrija","7":"product_cat-8s-48v-55-2v-charger","8":"product_cat-48v-golf-charger","9":"product_shipping_class-600w","11":"first","12":"instock","13":"taxable","14":"shipping-taxable","15":"purchasable","16":"product-type-variable","17":"wvs-archive-product-wrapper","18":"col-xs-6 col-sm-4","19":"col-md-3 col-lg-3","20":"un-4-cols"},"jetpack_sharing_enabled":true,"_links":{"self":[{"href":"https:\/\/ohrija.com\/fr\/wp-json\/wp\/v2\/product\/34349","targetHints":{"allow":["GET"]}}],"collection":[{"href":"https:\/\/ohrija.com\/fr\/wp-json\/wp\/v2\/product"}],"about":[{"href":"https:\/\/ohrija.com\/fr\/wp-json\/wp\/v2\/types\/product"}],"replies":[{"embeddable":true,"href":"https:\/\/ohrija.com\/fr\/wp-json\/wp\/v2\/comments?post=34349"}],"version-history":[{"count":0,"href":"https:\/\/ohrija.com\/fr\/wp-json\/wp\/v2\/product\/34349\/revisions"}],"wp:featuredmedia":[{"embeddable":true,"href":"https:\/\/ohrija.com\/fr\/wp-json\/wp\/v2\/media\/35085"}],"wp:attachment":[{"href":"https:\/\/ohrija.com\/fr\/wp-json\/wp\/v2\/media?parent=34349"}],"wp:term":[{"taxonomy":"product_cat","embeddable":true,"href":"https:\/\/ohrija.com\/fr\/wp-json\/wp\/v2\/product_cat?post=34349"},{"taxonomy":"product_tag","embeddable":true,"href":"https:\/\/ohrija.com\/fr\/wp-json\/wp\/v2\/product_tag?post=34349"}],"curies":[{"name":"wp","href":"https:\/\/api.w.org\/{rel}","templated":true}]}}