{"id":28978,"date":"2025-12-04T03:03:42","date_gmt":"2025-12-04T03:03:42","guid":{"rendered":"https:\/\/ohrija.com\/?post_type=product&#038;p=28978"},"modified":"2025-12-04T03:30:15","modified_gmt":"2025-12-04T03:30:15","slug":"chargeur-de-batterie-ohrija-36-v-lifepo4-438-v-15-a","status":"publish","type":"product","link":"https:\/\/ohrija.com\/fr\/produit\/chargeur-de-batterie-ohrija-36-v-lifepo4-438-v-15-a\/","title":{"rendered":"Le chargeur de batterie OHRIJA 36V Lifepo4 43,8V 15A est adapt\u00e9 aux batteries Lifepo4 12S 43,8V."},"content":{"rendered":"<h4><span style=\"color: #ff0000;\">Avertissement<\/span><\/h4>\n<p>Veuillez v\u00e9rifier les param\u00e8tres requis, la fiche d'entr\u00e9e et le connecteur de sortie. Si vous ne pouvez pas les v\u00e9rifier, veuillez ne pas acheter le produit ou contacter le service client\u00e8le pour obtenir de l'aide.  Merci !<br \/>\n1. Ne pas utiliser dans un environnement \u00e0 temp\u00e9rature \u00e9lev\u00e9e, sombre et humide.<br \/>\n2. Conservez-le dans un environnement ventil\u00e9.<br \/>\n3. Tenir \u00e0 l'\u00e9cart des objets inflammables et explosifs.<\/p>\n<h4>Param\u00e8tres du produit<\/h4>\n<p>Mod\u00e8le du produit : HRH900N<br \/>\nMat\u00e9riau du produit : coque en alliage d'aluminium<br \/>\nTension de sortie : maximum 43,8 V \u00b1 0,2 V<br \/>\nCourant de sortie : maximum 18 A \u00b1 0,2 A<br \/>\nDimensions du produit : 212 \u00d7 93,5 \u00d7 60 mm, 1,2 kg<br \/>\nType de batterie applicable : batterie Lifepo4 12S 43,8 V<br \/>\nPuissance de travail : maximum 800 W<br \/>\nCouleur : noir<br \/>\nPrise d'entr\u00e9e : \u00c9tats-Unis, UE, Royaume-Uni, Australie (s\u00e9lectionnez la prise appropri\u00e9e en fonction des normes locales)<br \/>\nConnecteur de sortie : XT60 | XT90 | Pince crocodile | Anderson 50A | Nez de fil | 45A (s\u00e9lectionnez le connecteur appropri\u00e9 en fonction du port de la batterie)<br \/>\nContenu du coffret : chargeur * 1, c\u00e2ble de sortie CC 1 m * 1, c\u00e2ble d'entr\u00e9e 1 m * 1, mode d'emploi * 1<\/p>\n<p>Appareils compatibles : batteries LifeP4 \u00e0 12 cellules, compl\u00e8tement charg\u00e9es \u00e0 43,8 V \u00b1 0,2 V.<\/p>","protected":false},"excerpt":{"rendered":"<p>Chargeur de batterie Li36 Lifepo4, mat\u00e9riau en alliage d'aluminium, bouton interne r\u00e9glable, peut calibrer la tension et le courant, peut charger une batterie Lifepo4 12S 43,8 V. Chargeur de batterie LiFePO4. .<\/p>","protected":false},"featured_media":29013,"comment_status":"open","ping_status":"closed","template":"","meta":[],"product_cat":[304],"product_tag":[],"class_list":{"0":"post-28978","1":"product","2":"type-product","3":"status-publish","4":"has-post-thumbnail","6":"product_brand-ohrija","7":"product_cat-12s-43-8v-charger","8":"product_shipping_class-600w","10":"first","11":"instock","12":"taxable","13":"shipping-taxable","14":"purchasable","15":"product-type-variable","16":"wvs-archive-product-wrapper","17":"col-xs-6 col-sm-4","18":"col-md-3 col-lg-3","19":"un-4-cols"},"jetpack_sharing_enabled":true,"_links":{"self":[{"href":"https:\/\/ohrija.com\/fr\/wp-json\/wp\/v2\/product\/28978","targetHints":{"allow":["GET"]}}],"collection":[{"href":"https:\/\/ohrija.com\/fr\/wp-json\/wp\/v2\/product"}],"about":[{"href":"https:\/\/ohrija.com\/fr\/wp-json\/wp\/v2\/types\/product"}],"replies":[{"embeddable":true,"href":"https:\/\/ohrija.com\/fr\/wp-json\/wp\/v2\/comments?post=28978"}],"version-history":[{"count":0,"href":"https:\/\/ohrija.com\/fr\/wp-json\/wp\/v2\/product\/28978\/revisions"}],"wp:featuredmedia":[{"embeddable":true,"href":"https:\/\/ohrija.com\/fr\/wp-json\/wp\/v2\/media\/29013"}],"wp:attachment":[{"href":"https:\/\/ohrija.com\/fr\/wp-json\/wp\/v2\/media?parent=28978"}],"wp:term":[{"taxonomy":"product_cat","embeddable":true,"href":"https:\/\/ohrija.com\/fr\/wp-json\/wp\/v2\/product_cat?post=28978"},{"taxonomy":"product_tag","embeddable":true,"href":"https:\/\/ohrija.com\/fr\/wp-json\/wp\/v2\/product_tag?post=28978"}],"curies":[{"name":"wp","href":"https:\/\/api.w.org\/{rel}","templated":true}]}}