{"id":129,"date":"2017-11-28T08:26:45","date_gmt":"2017-11-28T08:26:45","guid":{"rendered":"http:\/\/demo2.drfuri.com\/martfury12\/?page_id=129"},"modified":"2024-12-09T01:42:10","modified_gmt":"2024-12-09T01:42:10","slug":"chargeur-ohrija-a-propos-de-nous","status":"publish","type":"page","link":"https:\/\/ohrija.com\/fr\/chargeur-ohrija-a-propos-de-nous\/","title":{"rendered":"\u00c0 propos de nous"},"content":{"rendered":"<div data-elementor-type=\"wp-post\" data-elementor-id=\"129\" class=\"elementor elementor-129\" data-elementor-post-type=\"page\">\n\t\t\t\t<div class=\"elementor-element elementor-element-d7aeec6 e-flex e-con-boxed e-con e-parent\" data-id=\"d7aeec6\" data-element_type=\"container\">\n\t\t\t\t\t<div class=\"e-con-inner\">\n\t\t\t\t<div class=\"elementor-element elementor-element-f10cfd3 elementor-widget elementor-widget-heading\" data-id=\"f10cfd3\" data-element_type=\"widget\" data-widget_type=\"heading.default\">\n\t\t\t\t<div class=\"elementor-widget-container\">\n\t\t\t\t\t<h2 class=\"elementor-heading-title elementor-size-default\">Historique de la marque<\/h2>\t\t\t\t<\/div>\n\t\t\t\t<\/div>\n\t\t\t\t\t<\/div>\n\t\t\t\t<\/div>\n\t\t<div class=\"elementor-element elementor-element-3777be2 e-flex e-con-boxed e-con e-parent\" data-id=\"3777be2\" data-element_type=\"container\">\n\t\t\t\t\t<div class=\"e-con-inner\">\n\t\t\t\t<div class=\"elementor-element elementor-element-e6b3c64 elementor-widget elementor-widget-text-editor\" data-id=\"e6b3c64\" data-element_type=\"widget\" data-widget_type=\"text-editor.default\">\n\t\t\t\t<div class=\"elementor-widget-container\">\n\t\t\t\t\t\t\t\t\t<p>La marque OHRIJA appartient \u00e0 Dongguan Hengruihong Technology Co., Ltd., cr\u00e9\u00e9e en 2020 et dont le si\u00e8ge social est situ\u00e9 \u00e0 Dongguan, dans la province du Guangdong, en Chine. Notre entreprise est une entreprise de haute technologie qui int\u00e8gre la R&amp;D, la production et la vente. Les principaux produits de l'entreprise sont les suivants : chargeur de batterie au lithium, chargeur de batterie au lithium fer phosphate, chargeur de batterie au plomb, chargeur de voiturette de golf, adaptateur secteur, alimentation \u00e0 d\u00e9coupage et autres produits.<\/p>\t\t\t\t\t\t\t\t<\/div>\n\t\t\t\t<\/div>\n\t\t\t\t\t<\/div>\n\t\t\t\t<\/div>\n\t\t<div class=\"elementor-element elementor-element-e8d7116 e-flex e-con-boxed e-con e-parent\" data-id=\"e8d7116\" data-element_type=\"container\">\n\t\t\t\t\t<div class=\"e-con-inner\">\n\t\t\t\t<div class=\"elementor-element elementor-element-cd628a1 elementor-widget elementor-widget-image\" data-id=\"cd628a1\" data-element_type=\"widget\" data-widget_type=\"image.default\">\n\t\t\t\t<div class=\"elementor-widget-container\">\n\t\t\t\t\t\t\t\t\t\t\t\t\t\t\t<img fetchpriority=\"high\" decoding=\"async\" width=\"1920\" height=\"1312\" src=\"https:\/\/ohrija.com\/wp-content\/uploads\/2024\/10\/12-scaled.jpg\" class=\"attachment-full size-full wp-image-9334 wvs-archive-product-image\" alt=\"\" srcset=\"https:\/\/ohrija.com\/wp-content\/uploads\/2024\/10\/12-scaled.jpg.webp 1920w, https:\/\/ohrija.com\/wp-content\/uploads\/2024\/10\/12-300x205.jpg 300w, https:\/\/ohrija.com\/wp-content\/uploads\/2024\/10\/12-1024x700.jpg 1024w, https:\/\/ohrija.com\/wp-content\/uploads\/2024\/10\/12-768x525.jpg 768w, https:\/\/ohrija.com\/wp-content\/uploads\/2024\/10\/12-1536x1050.jpg 1536w, https:\/\/ohrija.com\/wp-content\/uploads\/2024\/10\/12-2048x1399.jpg 2048w, https:\/\/ohrija.com\/wp-content\/uploads\/2024\/10\/12-370x253.jpg 370w, https:\/\/ohrija.com\/wp-content\/uploads\/2024\/10\/12-600x410.jpg 600w\" sizes=\"(max-width: 1920px) 100vw, 1920px\" title=\"\">\t\t\t\t\t\t\t\t\t\t\t\t\t\t\t<\/div>\n\t\t\t\t<\/div>\n\t\t\t\t\t<\/div>\n\t\t\t\t<\/div>\n\t\t<div class=\"elementor-element elementor-element-207023f e-flex e-con-boxed e-con e-parent\" data-id=\"207023f\" data-element_type=\"container\">\n\t\t\t\t\t<div class=\"e-con-inner\">\n\t\t\t\t<div class=\"elementor-element elementor-element-2b9e25b elementor-widget elementor-widget-heading\" data-id=\"2b9e25b\" data-element_type=\"widget\" data-widget_type=\"heading.default\">\n\t\t\t\t<div class=\"elementor-widget-container\">\n\t\t\t\t\t<h2 class=\"elementor-heading-title elementor-size-default\">Assurance qualit\u00e9<\/h2>\t\t\t\t<\/div>\n\t\t\t\t<\/div>\n\t\t\t\t\t<\/div>\n\t\t\t\t<\/div>\n\t\t<div class=\"elementor-element elementor-element-e07aa5d e-flex e-con-boxed e-con e-parent\" data-id=\"e07aa5d\" data-element_type=\"container\">\n\t\t\t\t\t<div class=\"e-con-inner\">\n\t\t\t\t<div class=\"elementor-element elementor-element-cb95720 elementor-widget elementor-widget-text-editor\" data-id=\"cb95720\" data-element_type=\"widget\" data-widget_type=\"text-editor.default\">\n\t\t\t\t<div class=\"elementor-widget-container\">\n\t\t\t\t\t\t\t\t\t<p><a href=\"https:\/\/ohrija.com\/fr\/\">Chargeurs OHRIJA<\/a> sont \u00e9galement d'excellente qualit\u00e9. Chaque chargeur est soumis \u00e0 des contr\u00f4les qualit\u00e9 et \u00e0 des tests rigoureux afin de garantir que le produit atteint le niveau le plus \u00e9lev\u00e9 du secteur en termes de s\u00e9curit\u00e9, de stabilit\u00e9 et de durabilit\u00e9. Les chargeurs OHRIJA ont \u00e9galement obtenu plusieurs certifications officielles nationales et internationales, telles que les certifications CE, FCC et UKCA, afin d'offrir aux consommateurs une garantie de qualit\u00e9 encore plus fiable.<\/p>\t\t\t\t\t\t\t\t<\/div>\n\t\t\t\t<\/div>\n\t\t\t\t\t<\/div>\n\t\t\t\t<\/div>\n\t\t<div class=\"elementor-element elementor-element-bc8f992 e-flex e-con-boxed e-con e-parent\" data-id=\"bc8f992\" data-element_type=\"container\">\n\t\t\t\t\t<div class=\"e-con-inner\">\n\t\t\t\t<div class=\"elementor-element elementor-element-61a1cc2 elementor-widget elementor-widget-heading\" data-id=\"61a1cc2\" data-element_type=\"widget\" data-widget_type=\"heading.default\">\n\t\t\t\t<div class=\"elementor-widget-container\">\n\t\t\t\t\t<h2 class=\"elementor-heading-title elementor-size-default\">Conception innovante<\/h2>\t\t\t\t<\/div>\n\t\t\t\t<\/div>\n\t\t\t\t\t<\/div>\n\t\t\t\t<\/div>\n\t\t<div class=\"elementor-element elementor-element-8f77e6a e-flex e-con-boxed e-con e-parent\" data-id=\"8f77e6a\" data-element_type=\"container\">\n\t\t\t\t\t<div class=\"e-con-inner\">\n\t\t\t\t<div class=\"elementor-element elementor-element-866210d elementor-widget elementor-widget-text-editor\" data-id=\"866210d\" data-element_type=\"widget\" data-widget_type=\"text-editor.default\">\n\t\t\t\t<div class=\"elementor-widget-container\">\n\t\t\t\t\t\t\t\t\t<p>Le chargeur OHRIJA mise \u00e9galement sur l'innovation et la rupture dans sa conception. Il adopte un design simple et tendance, et sa forme compacte et pratique permet de le glisser facilement dans une poche ou un sac \u00e0 dos. La prise du chargeur est dot\u00e9e d'un port unique, ce qui permet aux utilisateurs de choisir en fonction de leurs besoins r\u00e9els. Le chargeur OHRIJA accorde \u00e9galement une grande attention aux d\u00e9tails, tels que la coque en alliage d'aluminium, le c\u00e2ble de recharge au design \u00e9pur\u00e9 et complet, le c\u0153ur en fil de cuivre \u00e9tam\u00e9 \u00e9pais, etc., afin d'offrir aux utilisateurs une exp\u00e9rience de recharge plus confortable et plus pratique.<\/p>\t\t\t\t\t\t\t\t<\/div>\n\t\t\t\t<\/div>\n\t\t\t\t\t<\/div>\n\t\t\t\t<\/div>\n\t\t<div class=\"elementor-element elementor-element-a010175 e-flex e-con-boxed e-con e-parent\" data-id=\"a010175\" data-element_type=\"container\">\n\t\t\t\t\t<div class=\"e-con-inner\">\n\t\t\t\t<div class=\"elementor-element elementor-element-19b01a7 elementor-widget elementor-widget-image\" data-id=\"19b01a7\" data-element_type=\"widget\" data-widget_type=\"image.default\">\n\t\t\t\t<div class=\"elementor-widget-container\">\n\t\t\t\t\t\t\t\t\t\t\t\t\t\t\t<img decoding=\"async\" width=\"1920\" height=\"1312\" src=\"https:\/\/ohrija.com\/wp-content\/uploads\/2024\/10\/2-scaled.jpg\" class=\"attachment-full size-full wp-image-9299 wvs-archive-product-image\" alt=\"\" srcset=\"https:\/\/ohrija.com\/wp-content\/uploads\/2024\/10\/2-scaled.jpg.webp 1920w, https:\/\/ohrija.com\/wp-content\/uploads\/2024\/10\/2-300x205.jpg 300w, https:\/\/ohrija.com\/wp-content\/uploads\/2024\/10\/2-1024x700.jpg 1024w, https:\/\/ohrija.com\/wp-content\/uploads\/2024\/10\/2-768x525.jpg 768w, https:\/\/ohrija.com\/wp-content\/uploads\/2024\/10\/2-1536x1050.jpg 1536w, https:\/\/ohrija.com\/wp-content\/uploads\/2024\/10\/2-2048x1399.jpg 2048w, https:\/\/ohrija.com\/wp-content\/uploads\/2024\/10\/2-370x253.jpg 370w, https:\/\/ohrija.com\/wp-content\/uploads\/2024\/10\/2-600x410.jpg 600w\" sizes=\"(max-width: 1920px) 100vw, 1920px\" title=\"\">\t\t\t\t\t\t\t\t\t\t\t\t\t\t\t<\/div>\n\t\t\t\t<\/div>\n\t\t\t\t\t<\/div>\n\t\t\t\t<\/div>\n\t\t<div class=\"elementor-element elementor-element-6aa3616 e-flex e-con-boxed e-con e-parent\" data-id=\"6aa3616\" data-element_type=\"container\">\n\t\t\t\t\t<div class=\"e-con-inner\">\n\t\t\t\t<div class=\"elementor-element elementor-element-806211d elementor-widget elementor-widget-heading\" data-id=\"806211d\" data-element_type=\"widget\" data-widget_type=\"heading.default\">\n\t\t\t\t<div class=\"elementor-widget-container\">\n\t\t\t\t\t<h2 class=\"elementor-heading-title elementor-size-default\">S\u00e9rie de produits<\/h2>\t\t\t\t<\/div>\n\t\t\t\t<\/div>\n\t\t\t\t\t<\/div>\n\t\t\t\t<\/div>\n\t\t<div class=\"elementor-element elementor-element-4bb2994 e-flex e-con-boxed e-con e-parent\" data-id=\"4bb2994\" data-element_type=\"container\">\n\t\t\t\t\t<div class=\"e-con-inner\">\n\t\t\t\t<div class=\"elementor-element elementor-element-4b0a230 elementor-widget elementor-widget-text-editor\" data-id=\"4b0a230\" data-element_type=\"widget\" data-widget_type=\"text-editor.default\">\n\t\t\t\t<div class=\"elementor-widget-container\">\n\t\t\t\t\t\t\t\t\t<p>Plusieurs cat\u00e9gories de chargeurs peuvent \u00eatre personnalis\u00e9es, avec diff\u00e9rents types de produits, styles et sp\u00e9cifications :<\/p><p>.Chargeur s\u00e9rie .180W, courant maximal : 10 A,<\/p><p>.Chargeur s\u00e9rie .240W, courant maximal : 10 A,<\/p><p>.Chargeur s\u00e9rie 300 W, courant maximal : 15 A,<\/p><p>.Chargeur s\u00e9rie 500 W, courant maximal : 20 A.,<\/p><p>.Chargeur s\u00e9rie .600W, courant maximal : 25 A,<\/p><p>.Chargeur s\u00e9rie .800W, courant maximal : 10 A,<\/p><p>.Chargeur s\u00e9rie .900W, courant maximal : 35 A.<\/p><p>.Param\u00e8tres d'entr\u00e9e : 100-240 V, 200-240 V ;<\/p><p>.Tension nominale : 12 V\/24 V\/36 V\/48 V\/60 V\/72 V\/84 V<\/p><p>.Couleur : Argent\/Bleu\/Noir\/Vert\/Rouge<\/p><p>.Prise de sortie : DC25\/DC21\/XLR\/IECC13\/AndersonA45\/Anderson A50\/GX16\/XT30\/XT60\/XT90\/Pince crocodile\/Embout de c\u00e2ble<\/p><p>.Prise de sortie s\u00e9rie Golf : EZGO TXT\/EZGO RXV\/EZGO 48VTXT\/EZGO DCS\/CLUB CAR\/YAMAHA G29\/YAMAHA G19\/Crow foot\/Crow foot (EX-0005).<\/p><p>.Prise d'entr\u00e9e : CN\/EU\/UK\/AU\/US\/ZA\/CH\/IL\/IT\/KR\/TOW-CORE US\/TOW-CORE EU<\/p>\t\t\t\t\t\t\t\t<\/div>\n\t\t\t\t<\/div>\n\t\t\t\t\t<\/div>\n\t\t\t\t<\/div>\n\t\t<div class=\"elementor-element elementor-element-e135212 e-flex e-con-boxed e-con e-parent\" data-id=\"e135212\" data-element_type=\"container\">\n\t\t\t\t\t<div class=\"e-con-inner\">\n\t\t\t\t<div class=\"elementor-element elementor-element-a09c5e8 elementor-widget elementor-widget-heading\" data-id=\"a09c5e8\" data-element_type=\"widget\" data-widget_type=\"heading.default\">\n\t\t\t\t<div class=\"elementor-widget-container\">\n\t\t\t\t\t<h2 class=\"elementor-heading-title elementor-size-default\">Voici quelques-uns des produits les plus populaires :<\/h2>\t\t\t\t<\/div>\n\t\t\t\t<\/div>\n\t\t\t\t\t<\/div>\n\t\t\t\t<\/div>\n\t\t<div class=\"elementor-element elementor-element-036dbe8 e-flex e-con-boxed e-con e-parent\" data-id=\"036dbe8\" data-element_type=\"container\">\n\t\t\t\t\t<div class=\"e-con-inner\">\n\t\t\t\t<div class=\"elementor-element elementor-element-967eb06 elementor-widget elementor-widget-text-editor\" data-id=\"967eb06\" data-element_type=\"widget\" data-widget_type=\"text-editor.default\">\n\t\t\t\t<div class=\"elementor-widget-container\">\n\t\t\t\t\t\t\t\t\t<p>.Chargeur pour v\u00e9lo \u00e9lectrique OHRIJA avec batterie au lithium 48 V<\/p><p>Le <a href=\"https:\/\/ohrija.com\/fr\/produit\/54-6v-5a-48-volt-battery-charger-for-electric-bike\/\">Chargeur de batterie lithium 48 V<\/a> est le produit phare de la marque OHRIJA. Il adopte un design cinq couleurs et pr\u00e9sente un aspect simple et \u00e9l\u00e9gant. Il prend en charge 54,6 V 5 A avec une puissance maximale de 300 W, ce qui permet de recharger rapidement les appareils \u00e0 batterie lithium-ion. La fonction de contr\u00f4le intelligent int\u00e9gr\u00e9e permet d'ajuster la tension et le courant en fonction des besoins de l'\u00e9quipement afin de prolonger la dur\u00e9e de vie de la batterie. Il a obtenu les doubles certifications 3C et CE, et sa qualit\u00e9 est digne de confiance.<\/p><p>.<a href=\"https:\/\/ohrija.com\/fr\/categorie-produit\/chargeur-pour-fauteuil-roulant-electrique\/\">Chargeur de batterie au plomb pour fauteuil roulant \u00e9lectrique 24 V<\/a> S\u00e9rie<\/p><p>La marque OHRIJA a \u00e9galement lanc\u00e9 plusieurs produits de batteries au plomb-acide pour fauteuils roulants \u00e9lectriques, tels que le chargeur au plomb-acide 180 W 24 V 5 A, le chargeur 300 W 24 V 10 A, etc. Ils conviennent aux fauteuils roulants \u00e9lectriques de diff\u00e9rentes marques disponibles sur le march\u00e9.<\/p>\t\t\t\t\t\t\t\t<\/div>\n\t\t\t\t<\/div>\n\t\t\t\t\t<\/div>\n\t\t\t\t<\/div>\n\t\t<div class=\"elementor-element elementor-element-c76922a e-flex e-con-boxed e-con e-parent\" data-id=\"c76922a\" data-element_type=\"container\">\n\t\t\t\t\t<div class=\"e-con-inner\">\n\t\t\t\t<div class=\"elementor-element elementor-element-439a242 elementor-widget elementor-widget-image\" data-id=\"439a242\" data-element_type=\"widget\" data-widget_type=\"image.default\">\n\t\t\t\t<div class=\"elementor-widget-container\">\n\t\t\t\t\t\t\t\t\t\t\t\t\t\t\t<img decoding=\"async\" width=\"1920\" height=\"1312\" src=\"https:\/\/ohrija.com\/wp-content\/uploads\/2024\/10\/5-scaled.jpg\" class=\"attachment-full size-full wp-image-9302 wvs-archive-product-image\" alt=\"\" srcset=\"https:\/\/ohrija.com\/wp-content\/uploads\/2024\/10\/5-scaled.jpg.webp 1920w, https:\/\/ohrija.com\/wp-content\/uploads\/2024\/10\/5-300x205.jpg 300w, https:\/\/ohrija.com\/wp-content\/uploads\/2024\/10\/5-1024x700.jpg 1024w, https:\/\/ohrija.com\/wp-content\/uploads\/2024\/10\/5-768x525.jpg 768w, https:\/\/ohrija.com\/wp-content\/uploads\/2024\/10\/5-1536x1050.jpg 1536w, https:\/\/ohrija.com\/wp-content\/uploads\/2024\/10\/5-2048x1399.jpg 2048w, https:\/\/ohrija.com\/wp-content\/uploads\/2024\/10\/5-370x253.jpg 370w, https:\/\/ohrija.com\/wp-content\/uploads\/2024\/10\/5-600x410.jpg 600w\" sizes=\"(max-width: 1920px) 100vw, 1920px\" title=\"\">\t\t\t\t\t\t\t\t\t\t\t\t\t\t\t<\/div>\n\t\t\t\t<\/div>\n\t\t\t\t\t<\/div>\n\t\t\t\t<\/div>\n\t\t<div class=\"elementor-element elementor-element-952570e e-flex e-con-boxed e-con e-parent\" data-id=\"952570e\" data-element_type=\"container\">\n\t\t\t\t\t<div class=\"e-con-inner\">\n\t\t\t\t<div class=\"elementor-element elementor-element-e20b0a7 elementor-widget elementor-widget-heading\" data-id=\"e20b0a7\" data-element_type=\"widget\" data-widget_type=\"heading.default\">\n\t\t\t\t<div class=\"elementor-widget-container\">\n\t\t\t\t\t<h2 class=\"elementor-heading-title elementor-size-default\"> Excellente performance<\/h2>\t\t\t\t<\/div>\n\t\t\t\t<\/div>\n\t\t\t\t\t<\/div>\n\t\t\t\t<\/div>\n\t\t<div class=\"elementor-element elementor-element-2a74f4b e-flex e-con-boxed e-con e-parent\" data-id=\"2a74f4b\" data-element_type=\"container\">\n\t\t\t\t\t<div class=\"e-con-inner\">\n\t\t\t\t<div class=\"elementor-element elementor-element-6c342d4 elementor-widget elementor-widget-text-editor\" data-id=\"6c342d4\" data-element_type=\"widget\" data-widget_type=\"text-editor.default\">\n\t\t\t\t<div class=\"elementor-widget-container\">\n\t\t\t\t\t\t\t\t\t<p>Les chargeurs OHRIJA sont r\u00e9put\u00e9s pour leurs performances de charge sup\u00e9rieures. Ils sont largement utilis\u00e9s dans les \u00e9quipements \u00e9lectriques tels que les chariots \u00e9l\u00e9vateurs, les \u00e9quipements d'entreposage intelligents AGV, les v\u00e9hicules \u00e9lectriques \u00e0 deux roues, les v\u00e9hicules \u00e9lectriques \u00e0 trois roues, les chariots \u00e9l\u00e9vateurs \u00e9lectriques, les v\u00e9hicules \u00e9lectriques de tourisme et les voiturettes de golf, les planches de surf \u00e9lectriques, les mod\u00e8les r\u00e9duits d'avions, les robots, les v\u00e9hicules \u00e0 basse vitesse, les v\u00e9hicules \u00e9lectriques, les grandes batteries de stockage d'\u00e9nergie, etc. Nous disposons d'\u00e9quipements de production, d'assemblage et de vieillissement de pointe ; nous utilisons une technologie de charge rapide avanc\u00e9e et des fonctions de r\u00e9glage intelligentes pour ajuster la tension et le courant en fonction des besoins des diff\u00e9rents \u00e9quipements afin de garantir un processus de charge rapide et s\u00fbr. Les chargeurs OHRIJA prennent \u00e9galement en charge des connecteurs personnalis\u00e9s, qui peuvent facilement r\u00e9pondre aux besoins de charge de diff\u00e9rentes marques et mod\u00e8les d'\u00e9quipements \u00e0 batterie.<\/p>\t\t\t\t\t\t\t\t<\/div>\n\t\t\t\t<\/div>\n\t\t\t\t\t<\/div>\n\t\t\t\t<\/div>\n\t\t<div class=\"elementor-element elementor-element-c38c0f0 e-flex e-con-boxed e-con e-parent\" data-id=\"c38c0f0\" data-element_type=\"container\">\n\t\t\t\t\t<div class=\"e-con-inner\">\n\t\t\t\t<div class=\"elementor-element elementor-element-4955ddc elementor-widget elementor-widget-text-editor\" data-id=\"4955ddc\" data-element_type=\"widget\" data-widget_type=\"text-editor.default\">\n\t\t\t\t<div class=\"elementor-widget-container\">\n\t\t\t\t\t\t\t\t\t<p>Parall\u00e8lement, nos \u00e9quipes charg\u00e9es de la production et de la qualit\u00e9 utilisent un processus de production rigoureux et des \u00e9quipements de test et d'inspection complets afin de garantir que chaque produit offre une dur\u00e9e de vie maximale, z\u00e9ro d\u00e9faut et une s\u00e9curit\u00e9 \u00e9lev\u00e9e. Cela permet de recharger les batteries de mani\u00e8re s\u00fbre et rapide, et d'am\u00e9liorer consid\u00e9rablement leur dur\u00e9e de vie.<\/p>\t\t\t\t\t\t\t\t<\/div>\n\t\t\t\t<\/div>\n\t\t\t\t\t<\/div>\n\t\t\t\t<\/div>\n\t\t<div class=\"elementor-element elementor-element-418bdf9 e-flex e-con-boxed e-con e-parent\" data-id=\"418bdf9\" data-element_type=\"container\">\n\t\t\t\t\t<div class=\"e-con-inner\">\n\t\t\t\t<div class=\"elementor-element elementor-element-4645949 elementor-widget elementor-widget-image\" data-id=\"4645949\" data-element_type=\"widget\" data-widget_type=\"image.default\">\n\t\t\t\t<div class=\"elementor-widget-container\">\n\t\t\t\t\t\t\t\t\t\t\t\t\t\t\t<img loading=\"lazy\" decoding=\"async\" width=\"1920\" height=\"1312\" src=\"https:\/\/ohrija.com\/wp-content\/uploads\/2024\/10\/6-scaled.jpg\" class=\"attachment-full size-full wp-image-9303 wvs-archive-product-image\" alt=\"\" srcset=\"https:\/\/ohrija.com\/wp-content\/uploads\/2024\/10\/6-scaled.jpg.webp 1920w, https:\/\/ohrija.com\/wp-content\/uploads\/2024\/10\/6-300x205.jpg 300w, https:\/\/ohrija.com\/wp-content\/uploads\/2024\/10\/6-1024x700.jpg 1024w, https:\/\/ohrija.com\/wp-content\/uploads\/2024\/10\/6-768x525.jpg 768w, https:\/\/ohrija.com\/wp-content\/uploads\/2024\/10\/6-1536x1050.jpg 1536w, https:\/\/ohrija.com\/wp-content\/uploads\/2024\/10\/6-2048x1399.jpg 2048w, https:\/\/ohrija.com\/wp-content\/uploads\/2024\/10\/6-370x253.jpg 370w, https:\/\/ohrija.com\/wp-content\/uploads\/2024\/10\/6-600x410.jpg 600w\" sizes=\"(max-width: 1920px) 100vw, 1920px\" title=\"\">\t\t\t\t\t\t\t\t\t\t\t\t\t\t\t<\/div>\n\t\t\t\t<\/div>\n\t\t\t\t\t<\/div>\n\t\t\t\t<\/div>\n\t\t<div class=\"elementor-element elementor-element-40bcd37 e-flex e-con-boxed e-con e-parent\" data-id=\"40bcd37\" data-element_type=\"container\">\n\t\t\t\t\t<div class=\"e-con-inner\">\n\t\t\t\t<div class=\"elementor-element elementor-element-b342a65 elementor-widget elementor-widget-text-editor\" data-id=\"b342a65\" data-element_type=\"widget\" data-widget_type=\"text-editor.default\">\n\t\t\t\t<div class=\"elementor-widget-container\">\n\t\t\t\t\t\t\t\t\t<p>La marque de chargeurs OHRIJA a acquis une large reconnaissance et de nombreux \u00e9loges sur le march\u00e9 gr\u00e2ce \u00e0 ses excellentes performances, sa qualit\u00e9 et son design innovant. La qualit\u00e9 et le design innovant se d\u00e9marquent sur le march\u00e9 des chargeurs. De nombreux utilisateurs ont d\u00e9clar\u00e9 apr\u00e8s avoir utilis\u00e9 le chargeur OHRIJA qu'il rechargeait non seulement rapidement et \u00e9tait tr\u00e8s s\u00fbr, mais qu'il \u00e9tait \u00e9galement \u00e9l\u00e9gant et portable. Il n'est pas seulement un bon assistant pour la recharge quotidienne des utilisateurs, mais aussi un symbole d'innovation technologique et de qualit\u00e9 de vie. Nous sommes convaincus que dans les jours \u00e0 venir, la marque OHRIJA continuera \u00e0 d\u00e9fendre le concept \u2019 la qualit\u00e9 d'abord, le client d'abord \u201c, \u00e0 innover et \u00e0 progresser, et \u00e0 offrir aux utilisateurs des produits et services \u00e9lectroniques plus efficaces et de meilleure qualit\u00e9.<\/p>\t\t\t\t\t\t\t\t<\/div>\n\t\t\t\t<\/div>\n\t\t\t\t\t<\/div>\n\t\t\t\t<\/div>\n\t\t<div class=\"elementor-element elementor-element-5856e35 e-flex e-con-boxed e-con e-parent\" data-id=\"5856e35\" data-element_type=\"container\">\n\t\t\t\t\t<div class=\"e-con-inner\">\n\t\t\t\t<div class=\"elementor-element elementor-element-b6c758b elementor-widget elementor-widget-image\" data-id=\"b6c758b\" data-element_type=\"widget\" data-widget_type=\"image.default\">\n\t\t\t\t<div class=\"elementor-widget-container\">\n\t\t\t\t\t\t\t\t\t\t\t\t\t\t\t<img loading=\"lazy\" decoding=\"async\" width=\"1920\" height=\"1312\" src=\"https:\/\/ohrija.com\/wp-content\/uploads\/2024\/10\/\u5b9a\u52361-scaled.jpg\" class=\"attachment-full size-full wp-image-9304 wvs-archive-product-image\" alt=\"\" srcset=\"https:\/\/ohrija.com\/wp-content\/uploads\/2024\/10\/\u5b9a\u52361-scaled.jpg.webp 1920w, https:\/\/ohrija.com\/wp-content\/uploads\/2024\/10\/\u5b9a\u52361-300x205.jpg 300w, https:\/\/ohrija.com\/wp-content\/uploads\/2024\/10\/\u5b9a\u52361-1024x700.jpg 1024w, https:\/\/ohrija.com\/wp-content\/uploads\/2024\/10\/\u5b9a\u52361-768x525.jpg 768w, https:\/\/ohrija.com\/wp-content\/uploads\/2024\/10\/\u5b9a\u52361-1536x1050.jpg 1536w, https:\/\/ohrija.com\/wp-content\/uploads\/2024\/10\/\u5b9a\u52361-2048x1399.jpg 2048w, https:\/\/ohrija.com\/wp-content\/uploads\/2024\/10\/\u5b9a\u52361-370x253.jpg 370w, https:\/\/ohrija.com\/wp-content\/uploads\/2024\/10\/\u5b9a\u52361-600x410.jpg 600w\" sizes=\"(max-width: 1920px) 100vw, 1920px\" title=\"\">\t\t\t\t\t\t\t\t\t\t\t\t\t\t\t<\/div>\n\t\t\t\t<\/div>\n\t\t\t\t\t<\/div>\n\t\t\t\t<\/div>\n\t\t<div class=\"elementor-element elementor-element-e984b0d e-flex e-con-boxed e-con e-parent\" data-id=\"e984b0d\" data-element_type=\"container\">\n\t\t\t\t\t<div class=\"e-con-inner\">\n\t\t\t\t<div class=\"elementor-element elementor-element-c2844c1 elementor-widget elementor-widget-text-editor\" data-id=\"c2844c1\" data-element_type=\"widget\" data-widget_type=\"text-editor.default\">\n\t\t\t\t<div class=\"elementor-widget-container\">\n\t\t\t\t\t\t\t\t\t<p>L'entreprise est sp\u00e9cialis\u00e9e dans la production et la transformation, dispose d'un syst\u00e8me de gestion de la qualit\u00e9 complet et scientifique, et poss\u00e8de dix ans d'exp\u00e9rience dans la production. Elle consacre tout son temps \u00e0 la recherche et au d\u00e9veloppement technologiques ainsi qu'\u00e0 l'innovation en mati\u00e8re de processus. Elle prend en charge la production OEM\/ODM et la vente en gros. Nous invitons sinc\u00e8rement des amis de tous horizons \u00e0 devenir nos agents en leur proposant les meilleurs prix et des services de haute qualit\u00e9. <a href=\"https:\/\/ohrija.goaffpro.com\/\" target=\"_blank\" rel=\"noopener\">Programme d'affiliation<\/a><\/p>\t\t\t\t\t\t\t\t<\/div>\n\t\t\t\t<\/div>\n\t\t\t\t\t<\/div>\n\t\t\t\t<\/div>\n\t\t\t\t<\/div>","protected":false},"excerpt":{"rendered":"<p>Brand Background OHRIJA brand belongs to Dongguan Hengruihong Technology Co., Ltd., which was established in 2020 and is headquartered in Dongguan, Guangdong Province, China. Our company is a high-tech enterprise integrating R&amp;D, production and sales. The company&#8217;s main products: lithium battery charger, lithium iron phosphate battery charger, lead-acid battery charger, golf cart charger, power adapter,&hellip;<\/p>","protected":false},"author":1,"featured_media":0,"parent":0,"menu_order":0,"comment_status":"closed","ping_status":"closed","template":"","meta":{"footnotes":""},"class_list":["post-129","page","type-page","status-publish","hentry"],"jetpack_sharing_enabled":true,"_links":{"self":[{"href":"https:\/\/ohrija.com\/fr\/wp-json\/wp\/v2\/pages\/129","targetHints":{"allow":["GET"]}}],"collection":[{"href":"https:\/\/ohrija.com\/fr\/wp-json\/wp\/v2\/pages"}],"about":[{"href":"https:\/\/ohrija.com\/fr\/wp-json\/wp\/v2\/types\/page"}],"author":[{"embeddable":true,"href":"https:\/\/ohrija.com\/fr\/wp-json\/wp\/v2\/users\/1"}],"replies":[{"embeddable":true,"href":"https:\/\/ohrija.com\/fr\/wp-json\/wp\/v2\/comments?post=129"}],"version-history":[{"count":0,"href":"https:\/\/ohrija.com\/fr\/wp-json\/wp\/v2\/pages\/129\/revisions"}],"wp:attachment":[{"href":"https:\/\/ohrija.com\/fr\/wp-json\/wp\/v2\/media?parent=129"}],"curies":[{"name":"wp","href":"https:\/\/api.w.org\/{rel}","templated":true}]}}