{"id":9697,"date":"2024-10-21T07:05:02","date_gmt":"2024-10-21T12:05:02","guid":{"rendered":"https:\/\/ohrija.com\/?post_type=product&#038;p=9697"},"modified":"2026-03-11T08:12:07","modified_gmt":"2026-03-11T08:12:07","slug":"fuente-de-alimentacion-regulable","status":"publish","type":"product","link":"https:\/\/ohrija.com\/es\/producto\/fuente-de-alimentacion-regulable\/","title":{"rendered":"Convertidor de CA a CC de 600 W, fuente de alimentaci\u00f3n variable ajustable, convertidor universal de 110 V a 12 V, 0-15 V, 0-50 A, regulado, 5 V, 6 V, 9 V, 12 V, 14 V, 15 V, transformador SMPS con pantalla LCD para tira LED, impresora 3D."},"content":{"rendered":"<h4><span style=\"color: #ff0000;\">Advertencia<\/span><\/h4>\n<p>Confirme los par\u00e1metros requeridos, enchufe de entrada . Si no puede confirmarlo, no compre el producto ni se ponga en contacto con el servicio de atenci\u00f3n al cliente para obtener ayuda.  \u00a1Gracias!<br \/>\n1. No utilizar en entornos con altas temperaturas, oscuros y h\u00famedos.<br \/>\n2. Mant\u00e9ngalo en un entorno ventilado.<br \/>\n3. Mant\u00e9ngase alejado de art\u00edculos inflamables y explosivos.<\/p>\n<h4>Par\u00e1metros del producto<\/h4>\n<ul class=\"a-unordered-list a-vertical a-spacing-mini\">\n<li class=\"a-spacing-mini\"><span class=\"a-list-item\">\u3010\ud835\udc00\ud835\udc1d\ud835\udc23\ud835\udc2e\ud835\udc2c\ud835\udc2d\ud835\udc1a\ud835\udc1b\ud835\udc25\ud835\udc1e \ud835\udc15\ud835\udc28\ud835\udc25\ud835\udc2d\ud835\udc1a\ud835\udc20\ud835\udc1e \ud835\udc00\ud835\udc27\ud835\udc1d \ud835\udc02\ud835\udc2e\ud835\udc2b\ud835\udc2b\ud835\udc1e\ud835\udc27\ud835\udc2d\u3011Voltaje de entrada: CA 115 V \/ 230 V; Voltaje de salida: CC 0-15 V ajustable; Corriente de salida: 0-50 A ajustable, m\u00e1x. 50 A 600 W. Es adecuado para casi todos los dispositivos de 0~15 V; equipado con pantalla LED, puede supervisar el voltaje y la corriente de salida en tiempo real.<\/span><\/li>\n<li class=\"a-spacing-mini\"><span class=\"a-list-item\">\u3010\ud835\udc14\ud835\udc29\ud835\udc20\ud835\udc2b\ud835\udc1a\ud835\udc1d\ud835\udc1e\ud835\udc1d \ud835\udc0f\ud835\udc28\ud835\udc30\ud835\udc1e\ud835\udc2b \ud835\udc12\ud835\udc2e\ud835\udc29\ud835\udc29\ud835\udc25\ud835\udc32\u3011En comparaci\u00f3n con los m\u00e9todos tradicionales de conexi\u00f3n multil\u00ednea, esta versi\u00f3n mejorada tiene tres opciones de conexi\u00f3n, un dise\u00f1o con dos terminales de cobre niquelado que se pueden conectar directamente mediante clips. Tambi\u00e9n incluye cuatro soportes de montaje que se pueden colgar en la pared. M\u00e1s c\u00f3modo de usar.<\/span><\/li>\n<li class=\"a-spacing-mini\"><span class=\"a-list-item\">\u3010\ud835\udc12\ud835\udc26\ud835\udc1a\ud835\udc2b\ud835\udc2d \ud835\udc02\ud835\udc28\ud835\udc28\ud835\udc25\ud835\udc22\ud835\udc27\ud835\udc20 \ud835\udc12\ud835\udc32\ud835\udc2c\ud835\udc2d\ud835\udc1e\ud835\udc26\u3011Fabricado con carcasa de aleaci\u00f3n de aluminio y dise\u00f1ado con numerosos orificios de disipaci\u00f3n del calor. Ventilador de refrigeraci\u00f3n integrado y rejilla antipolvo, que evitan eficazmente la entrada de polvo, garantizan la rotaci\u00f3n estable del ventilador el\u00e9ctrico y evitan que se queme la placa de circuitos.<\/span><\/li>\n<li class=\"a-spacing-mini\"><span class=\"a-list-item\">\u3010\ud835\udc0c\ud835\udc2e\ud835\udc25\ud835\udc2d\ud835\udc22\ud835\udc29\ud835\udc25\ud835\udc1e \ud835\udc0f\ud835\udc2b\ud835\udc28\ud835\udc2d\ud835\udc1e\ud835\udc1c\ud835\udc2d\ud835\udc22\ud835\udc28\ud835\udc27 \ud835\udc12\ud835\udc32\ud835\udc2c\ud835\udc2d\ud835\udc1e\ud835\udc26\u3011Certificado por FCC CE ROHS. Corte autom\u00e1tico por sobrecarga, corte por sobretensi\u00f3n, corte t\u00e9rmico autom\u00e1tico, protecci\u00f3n contra cortocircuitos. El bot\u00f3n rojo permite encender y apagar el aparato de forma m\u00e1s segura y c\u00f3moda. Incorpora almohadillas antideslizantes en la parte inferior, lo que lo hace m\u00e1s seguro y estable.<\/span><\/li>\n<li class=\"a-spacing-mini\"><span class=\"a-list-item\"><span class=\"a-list-item\"><span class=\"a-list-item\">\u3010\ud835\udc00\ud835\udc29\ud835\udc29\ud835\udc25\ud835\udc22\ud835\udc1c\ud835\udc1a\ud835\udc2d\ud835\udc22\ud835\udc28\ud835\udc27\ud835\udc2c \ud835\udc1a\ud835\udc27\ud835\udc1d \ud835\udc30\ud835\udc1a\ud835\udc2b\ud835\udc2b\ud835\udc1a\ud835\udc27\ud835\udc2d\ud835\udc32\u3011Es adecuado para equipos de automatizaci\u00f3n industrial, sistemas de c\u00e1maras CCTV, impresoras 3D, monitores LCD, tiras LED, humidificadores, pantallas LED y casi todos los dispositivos de 0 a 15 V. Garant\u00eda de devoluci\u00f3n del dinero de 30 d\u00edas, cambio de 12 meses. Si hay alg\u00fan problema, p\u00f3ngase en contacto con nosotros en cualquier momento.<\/span><\/span><\/span>Convertidor de CA a CC 600 W Fuente de alimentaci\u00f3n variable ajustable Esta vers\u00e1til fuente de alimentaci\u00f3n ajustable de 600 W est\u00e1 dise\u00f1ada para convertir una entrada de CA de 110 V a 230 V en una salida de CC estable y regulada, con un rango de 0 a 15 V y hasta 50 A de corriente. Sus avanzadas caracter\u00edsticas la hacen adecuada para diversas aplicaciones, como la alimentaci\u00f3n de tiras de LED, impresoras 3D y otros dispositivos electr\u00f3nicos de precisi\u00f3n. Caracter\u00edsticas principales:<br \/>\nVoltaje y corriente ajustables:<\/p>\n<p>Rango de voltaje de salida: 0-15 V, ajustable para satisfacer diversas necesidades.<br \/>\nCorriente m\u00e1xima: 50 A, lo que garantiza una potencia suficiente para dispositivos de alta demanda.<br \/>\nAlta potencia de salida:<\/p>\n<p>Con una potencia nominal de 600 W, proporciona una alimentaci\u00f3n estable para una gran variedad de equipos.<br \/>\nAdecuado para ajustes de voltaje, incluyendo 12 V.<br \/>\nFuente de alimentaci\u00f3n conmutada (SMPS):<\/p>\n<p>El dise\u00f1o de alta eficiencia garantiza una generaci\u00f3n de calor m\u00ednima y un ahorro energ\u00e9tico.<br \/>\nLigero y compacto en comparaci\u00f3n con las fuentes de alimentaci\u00f3n lineales tradicionales.<br \/>\nPantalla LCD:<\/p>\n<p>Visualizaci\u00f3n clara e intuitiva de las lecturas de tensi\u00f3n y corriente en tiempo real.<br \/>\nPermite una supervisi\u00f3n y un ajuste precisos para dispositivos sensibles.<br \/>\nCaracter\u00edsticas de seguridad:<\/p>\n<p>Protecci\u00f3n integrada contra sobretensi\u00f3n, sobrecorriente, cortocircuito y sobrecalentamiento.<br \/>\nGarantiza la seguridad de los dispositivos conectados y prolonga la vida \u00fatil de la fuente de alimentaci\u00f3n.<br \/>\nCompatibilidad universal:<\/p>\n<p>Compatible con una amplia gama de dispositivos, incluidos sistemas de iluminaci\u00f3n LED, m\u00e1quinas CNC, equipos de pruebas de laboratorio y aplicaciones automovil\u00edsticas.<br \/>\nCalidad de construcci\u00f3n robusta:<\/p>\n<p>Carcasa met\u00e1lica resistente con refrigeraci\u00f3n eficiente mediante ventiladores integrados.<br \/>\nDise\u00f1ado para un funcionamiento fiable en entornos exigentes.<br \/>\nAplicaciones:<\/p>\n<p>Ideal para alimentar impresoras 3D, tiras de luces LED, amplificadores, cargadores RC y mucho m\u00e1s.<br \/>\nPerfecto para proyectos de bricolaje, talleres y usos industriales que requieren voltaje variable.<br \/>\nEsta fuente de alimentaci\u00f3n ofrece una combinaci\u00f3n perfecta de rendimiento, capacidad de ajuste y seguridad, lo que la convierte en una herramienta esencial tanto para aficionados como para profesionales e ingenieros.<\/p>\n<p>Si necesita m\u00e1s informaci\u00f3n o especificaciones t\u00e9cnicas, \u00a1no dude en preguntarnos!<\/li>\n<\/ul>\n<p>&nbsp;<\/p>","protected":false},"excerpt":{"rendered":"<p>fuente de alimentaci\u00f3n ajustable Esta vers\u00e1til fuente de alimentaci\u00f3n ajustable de 600 W est\u00e1 dise\u00f1ada para convertir una entrada de 110 V CA en una salida de CC estable y regulada, con un rango de 0 a 15 V y una corriente de hasta 50 A. Sus avanzadas caracter\u00edsticas la hacen adecuada para diversas aplicaciones, como la alimentaci\u00f3n de tiras de LED, impresoras 3D y otros dispositivos electr\u00f3nicos de precisi\u00f3n.<\/p>","protected":false},"featured_media":9703,"comment_status":"open","ping_status":"closed","template":"","meta":[],"product_cat":[329,337,330],"product_tag":[],"class_list":{"0":"post-9697","1":"product","2":"type-product","3":"status-publish","4":"has-post-thumbnail","6":"product_brand-ohrija","7":"product_cat-power-supply","8":"product_cat-adjustable-dc","9":"product_cat-adjustable-power-supply","10":"product_shipping_class-600w","12":"first","13":"instock","14":"taxable","15":"shipping-taxable","16":"purchasable","17":"product-type-variable","18":"wvs-archive-product-wrapper","19":"col-xs-6 col-sm-4","20":"col-md-3 col-lg-3","21":"un-4-cols"},"jetpack_sharing_enabled":true,"_links":{"self":[{"href":"https:\/\/ohrija.com\/es\/wp-json\/wp\/v2\/product\/9697","targetHints":{"allow":["GET"]}}],"collection":[{"href":"https:\/\/ohrija.com\/es\/wp-json\/wp\/v2\/product"}],"about":[{"href":"https:\/\/ohrija.com\/es\/wp-json\/wp\/v2\/types\/product"}],"replies":[{"embeddable":true,"href":"https:\/\/ohrija.com\/es\/wp-json\/wp\/v2\/comments?post=9697"}],"version-history":[{"count":0,"href":"https:\/\/ohrija.com\/es\/wp-json\/wp\/v2\/product\/9697\/revisions"}],"wp:featuredmedia":[{"embeddable":true,"href":"https:\/\/ohrija.com\/es\/wp-json\/wp\/v2\/media\/9703"}],"wp:attachment":[{"href":"https:\/\/ohrija.com\/es\/wp-json\/wp\/v2\/media?parent=9697"}],"wp:term":[{"taxonomy":"product_cat","embeddable":true,"href":"https:\/\/ohrija.com\/es\/wp-json\/wp\/v2\/product_cat?post=9697"},{"taxonomy":"product_tag","embeddable":true,"href":"https:\/\/ohrija.com\/es\/wp-json\/wp\/v2\/product_tag?post=9697"}],"curies":[{"name":"wp","href":"https:\/\/api.w.org\/{rel}","templated":true}]}}