{"id":8499,"date":"2024-07-03T11:33:01","date_gmt":"2024-07-03T03:33:01","guid":{"rendered":"https:\/\/ohrija.com\/?post_type=product&#038;p=8499"},"modified":"2025-03-16T18:15:13","modified_gmt":"2025-03-16T18:15:13","slug":"58-8-v-5a-oled-motorcycle-battery-charger","status":"publish","type":"product","link":"https:\/\/ohrija.com\/es\/producto\/58-8-v-5a-oled-motorcycle-battery-charger\/","title":{"rendered":"El cargador de bater\u00edas para motocicletas OHRIJA de 58,8 V y 5 A con pantalla OLED es adecuado para bater\u00edas de iones de litio de 14S y 48 V."},"content":{"rendered":"<h4><span style=\"color: #ff0000;\">Advertencia<\/span><\/h4>\n<p>Confirme los par\u00e1metros requeridos, el enchufe de entrada y el conector de salida. Si no puede confirmarlos, no realice la compra y p\u00f3ngase en contacto con el servicio de atenci\u00f3n al cliente para obtener ayuda. (Se producir\u00e1 un error 10% entre la pantalla y los par\u00e1metros reales. Si le preocupa, no lo compre). \u00a1Gracias!<br \/>\n1. No utilizar en entornos con altas temperaturas, oscuros y h\u00famedos.<br \/>\n2. Mant\u00e9ngalo en un entorno ventilado.<br \/>\n3. Mant\u00e9ngalo alejado de objetos inflamables y explosivos.<\/p>\n<h4>Par\u00e1metros del producto<\/h4>\n<p>Modelo del producto: HRH300<br \/>\nMaterial del producto: carcasa de aleaci\u00f3n de aluminio<br \/>\nVoltaje de salida: m\u00e1ximo 58,8 V \u00b10,2 V<br \/>\nCorriente de salida: m\u00e1ximo 5 amperios \u00b10,2 amperios<br \/>\nTama\u00f1o del producto: 135 \u00d7 90 \u00d7 50 mm, 0,9 kg.<br \/>\nTipo de bater\u00eda aplicable: bater\u00eda de iones de litio 14S 51,8 V.<br \/>\nPotencia de trabajo: m\u00e1ximo 290 W<br \/>\nColor: negro, plateado, rojo, azul y verde opcionales.<br \/>\nEnchufe de entrada: EE. UU., UE, Reino Unido, Australia (seleccione el enchufe adecuado seg\u00fan las normas locales).<br \/>\nConector de salida: XT60 | XT90 | Pinza cocodrilo | Anderson 50A | DC5.5*2.5 | GX16 1+3- | XLR | IEC C13 | Anderson 45A (seleccione el conector adecuado seg\u00fan el puerto de la bater\u00eda)<br \/>\nPaquete: cargador*1, cable de salida CC de 1 m*1, cable de entrada de 1 m*1, manual de instrucciones*1<\/p>\n<h4>Presentaci\u00f3n del producto<\/h4>\n<p><strong>1. Carga eficiente<\/strong><br \/>\nAl adoptar una tecnolog\u00eda avanzada de fuente de alimentaci\u00f3n conmutada, la eficiencia de carga alcanza un 85% o m\u00e1s, lo que acorta el tiempo de carga y reduce el consumo de energ\u00eda.<br \/>\n<strong>2. Modo de carga de voltaje constante y corriente constante.<\/strong><br \/>\nEl cargador funciona en modo de corriente constante (CC) hasta que el voltaje de la bater\u00eda se aproxima al valor establecido (58,8 V) y, a continuaci\u00f3n, cambia al modo de voltaje constante (CV) para garantizar la seguridad del proceso de carga y evitar la sobrecarga.<br \/>\n<strong>3. Control inteligente de la temperatura\u00a0<\/strong><br \/>\nEl sensor de temperatura integrado puede supervisar la temperatura del cargador en tiempo real. Cuando la temperatura supera el rango de seguridad, reduce autom\u00e1ticamente la corriente de carga o suspende la carga para evitar el sobrecalentamiento.<br \/>\n<strong>4. M\u00faltiples funciones de protecci\u00f3n<\/strong><br \/>\n<strong>\u00b7 <\/strong>Protecci\u00f3n contra sobretensi\u00f3n: cuando la tensi\u00f3n supera el rango seguro, el cargador corta autom\u00e1ticamente la alimentaci\u00f3n para evitar da\u00f1os en la bater\u00eda.<br \/>\n<strong>\u00b7 <\/strong>Protecci\u00f3n contra sobrecorriente: cuando la corriente supera el valor nominal, la corriente de salida se limita autom\u00e1ticamente para proteger la bater\u00eda y el cargador.<br \/>\n<strong>\u00b7 <\/strong>Protecci\u00f3n contra cortocircuitos: El cargador cuenta con una funci\u00f3n de protecci\u00f3n contra cortocircuitos para evitar los peligros causados por estos.<br \/>\n<strong>\u00b7 <\/strong>Protecci\u00f3n contra conexi\u00f3n inversa: cuando se invierten los polos positivo y negativo de la bater\u00eda, el cargador deja de funcionar autom\u00e1ticamente para evitar da\u00f1os en la bater\u00eda y el cargador.<br \/>\n<strong>5 luces indicadoras LED<\/strong><br \/>\nEl cargador est\u00e1 equipado con luces indicadoras LED para mostrar el estado actual de la carga:<br \/>\n<strong>\u00b7 <\/strong>Luz roja: Cargando.<br \/>\n<strong>\u00b7 <\/strong> Luz verde: Carga completada o en espera.<br \/>\n<strong>6 El voltaje y la corriente se pueden calibrar.<\/strong><br \/>\n<strong>\u00b7 <\/strong>La resistencia ajustable VR1 dentro del cargador se puede calibrar entre 50 y 59 V.<br \/>\n<strong>\u00b7 <\/strong>La resistencia ajustable VR2 puede calibrar la corriente entre 4 y 5 amperios.<br \/>\n<strong>\u00b7 <\/strong>El cargador necesita una tensi\u00f3n de bater\u00eda de al menos 36 V para funcionar.<br \/>\n<strong>\u00b7 <\/strong>El cargador puede suministrar directamente voltaje y corriente para su uso como adaptador.<\/p>\n<h2>Cargador de bater\u00eda para motocicleta Dispositivos compatibles<\/h2>\n<p>\u00b7 Esto <a href=\"https:\/\/ohrija.com\/es\/producto\/58-8-4v-5a-oled-charger-li-ion-battery-charger\/\">58,8 V 5 A<\/a> El cargador de bater\u00edas est\u00e1 dise\u00f1ado para bicicletas el\u00e9ctricas, patinetes el\u00e9ctricos y otros dispositivos con bater\u00edas de ionen litio. El cargador utiliza tecnolog\u00eda de conversi\u00f3n de alta eficiencia para garantizar una carga r\u00e1pida y segura de la bater\u00eda y prolongar su vida \u00fatil.<br \/>\nEl cargador solo es adecuado para bater\u00edas de iones de litio 14S 51,8 V., <a href=\"https:\/\/ohrija.com\/es\/producto\/58-8-4v-5a-oled-charger-li-ion-battery-charger\/\">cargadores para bicicletas el\u00e9ctricas<\/a>, cargadores para patinetes el\u00e9ctricos y otros dispositivos con bater\u00edas de iones de litio 14S 51,8 V. Cargador de bater\u00edas para motocicletas.<\/p>\n<h4>Tiempo de carga<\/h4>\n<p>\u00b7 El <a href=\"https:\/\/ohrija.com\/es\/producto\/58-8-4v-5a-oled-charger-li-ion-battery-charger\/\">Cargador de bater\u00eda de iones de litio de 58,8 V y 5 A<\/a> Est\u00e1 dise\u00f1ado para la carga r\u00e1pida de bater\u00edas de iones de litio 14S 51,8 V y puede cargar bater\u00edas de iones de litio 14S 51,8 V a una velocidad de 5 amperios.<br \/>\n\u00b7 Con un voltaje m\u00e1ximo de 58,8 V y una corriente nominal de 5 A, puede cargar completamente una bater\u00eda de iones de litio de 30 Ah en aproximadamente 6 horas y una bater\u00eda de 60 Ah en aproximadamente 12 horas. Una bater\u00eda de 120 Ah se puede cargar completamente en 24 horas. Para bater\u00edas m\u00e1s peque\u00f1as (&lt;10 Ah), recomendamos utilizar un <a href=\"https:\/\/ohrija.com\/es\/producto\/ohrija-58-8v-3a-charger-li-ion-battery-charger\/\">Cargador 3A<\/a>. Todas las bater\u00edas de ionen litio deben cargarse utilizando un cargador compatible con bater\u00edas de ionen litio, como este. El uso de otros tipos de cargadores para cargar la bater\u00eda reducir\u00e1 el rendimiento y la vida \u00fatil de la misma.<\/p>\n<h4>Preguntas frecuentes<\/h4>\n<p>1. No funciona<br \/>\n\u00b7 Compruebe si la tensi\u00f3n de entrada de CA es de 110 o 220 V.<br \/>\n\u00b7 Compruebe si el terminal de CA de entrada est\u00e1 conectado correctamente y si el fusible est\u00e1 da\u00f1ado.<br \/>\n\u00b7 Compruebe si el conector de salida est\u00e1 conectado correctamente, si coincide y si el fusible est\u00e1 da\u00f1ado.<br \/>\n\u00b7 Compruebe si el sistema BMS est\u00e1 protegido.<br \/>\n2. \u00bfQu\u00e9 tan fuerte es el ruido?<br \/>\nDado que hay un ventilador dentro del cargador, el ruido es de unos 40-60 db.<\/p>","protected":false},"excerpt":{"rendered":"<p>Cargador de bater\u00eda para motocicleta Cargador de bater\u00eda de iones de litio, material de aleaci\u00f3n de aluminio, bot\u00f3n ajustable interno, puede calibrar el voltaje y la corriente, puede cargar bater\u00edas de iones de litio 7S 24v.<\/p>","protected":false},"featured_media":9411,"comment_status":"open","ping_status":"closed","template":"","meta":[],"product_cat":[285],"product_tag":[],"class_list":{"0":"post-8499","1":"product","2":"type-product","3":"status-publish","4":"has-post-thumbnail","6":"product_brand-ohrija","7":"product_cat-14s-58-8v-charger","8":"product_shipping_class-180w","10":"first","11":"instock","12":"taxable","13":"shipping-taxable","14":"purchasable","15":"product-type-variable","16":"wvs-archive-product-wrapper","17":"col-xs-6 col-sm-4","18":"col-md-3 col-lg-3","19":"un-4-cols"},"jetpack_sharing_enabled":true,"_links":{"self":[{"href":"https:\/\/ohrija.com\/es\/wp-json\/wp\/v2\/product\/8499","targetHints":{"allow":["GET"]}}],"collection":[{"href":"https:\/\/ohrija.com\/es\/wp-json\/wp\/v2\/product"}],"about":[{"href":"https:\/\/ohrija.com\/es\/wp-json\/wp\/v2\/types\/product"}],"replies":[{"embeddable":true,"href":"https:\/\/ohrija.com\/es\/wp-json\/wp\/v2\/comments?post=8499"}],"version-history":[{"count":0,"href":"https:\/\/ohrija.com\/es\/wp-json\/wp\/v2\/product\/8499\/revisions"}],"wp:featuredmedia":[{"embeddable":true,"href":"https:\/\/ohrija.com\/es\/wp-json\/wp\/v2\/media\/9411"}],"wp:attachment":[{"href":"https:\/\/ohrija.com\/es\/wp-json\/wp\/v2\/media?parent=8499"}],"wp:term":[{"taxonomy":"product_cat","embeddable":true,"href":"https:\/\/ohrija.com\/es\/wp-json\/wp\/v2\/product_cat?post=8499"},{"taxonomy":"product_tag","embeddable":true,"href":"https:\/\/ohrija.com\/es\/wp-json\/wp\/v2\/product_tag?post=8499"}],"curies":[{"name":"wp","href":"https:\/\/api.w.org\/{rel}","templated":true}]}}