{"id":8258,"date":"2024-07-01T14:37:39","date_gmt":"2024-07-01T06:37:39","guid":{"rendered":"https:\/\/ohrija.com\/?post_type=product&#038;p=8258"},"modified":"2025-05-30T13:10:18","modified_gmt":"2025-05-30T13:10:18","slug":"ohrija-29-2v-5a-batter-charger-24v","status":"publish","type":"product","link":"https:\/\/ohrija.com\/es\/producto\/ohrija-29-2v-5a-batter-charger-24v\/","title":{"rendered":"El cargador de bater\u00edas OHRIJA de 24 V, 29,2 V y 5 A es adecuado para bater\u00edas Lifepo4 de 8S y 24 V."},"content":{"rendered":"<h4><span style=\"color: #ff0000;\">Advertencia<\/span><\/h4>\n<p>Confirme los par\u00e1metros requeridos, el enchufe de entrada y el conector de salida. Si no puede confirmarlo, no realice la compra y p\u00f3ngase en contacto con el servicio de atenci\u00f3n al cliente para obtener ayuda. \u00a1Gracias!<br \/>\n1. No utilizar en entornos con altas temperaturas, oscuros y h\u00famedos.<br \/>\n2. Mant\u00e9ngalo en un entorno ventilado.<br \/>\n3. Mant\u00e9ngase alejado de art\u00edculos inflamables y explosivos.<\/p>\n<h4>Par\u00e1metros del producto<\/h4>\n<p>Modelo del producto: HRH180<br \/>\nMaterial del producto: carcasa de aleaci\u00f3n de aluminio<br \/>\nVoltaje de salida: m\u00e1ximo 29,2 V \u00b10,2 V<br \/>\nCorriente de salida: m\u00e1ximo 5 amperios \u00b10,2 amperios<br \/>\nTama\u00f1o del producto: 135 \u00d7 90 \u00d7 50 mm, 0,9 kg.<br \/>\nTipo de bater\u00eda aplicable: bater\u00eda Lifepo4 de 8S y 25,6 V.<br \/>\nPotencia de trabajo: m\u00e1ximo 175 W<br \/>\nColor: negro, plateado, rojo, azul, verde (opcional)<br \/>\nEnchufe de entrada: EE. UU., UE, Reino Unido, Australia (seleccione el enchufe adecuado seg\u00fan las normas locales).<br \/>\nConector de salida: XT60 | Pinza cocodrilo | Anderson 50A | IEC C13 | DC5,5*2,5 | GX16 1+3- | XLR (seleccione el conector adecuado seg\u00fan el puerto de la bater\u00eda)<br \/>\nPaquete: cargador * 1, cable de salida CC de 1 m * 1, cable de entrada de 1 m * 1, manual de instrucciones * 1<\/p>\n<h4>Presentaci\u00f3n del producto<\/h4>\n<p><strong>1. Carga eficiente<\/strong><br \/>\nAl adoptar una tecnolog\u00eda avanzada de fuente de alimentaci\u00f3n conmutada, la eficiencia de carga alcanza un 85% o m\u00e1s, lo que acorta el tiempo de carga y reduce el consumo de energ\u00eda.<br \/>\n<strong>2. Modo de carga de voltaje constante y corriente constante.<\/strong><br \/>\nEl cargador funciona en modo de corriente constante (CC) hasta que el voltaje de la bater\u00eda se aproxima al valor establecido (29,2 V) y, a continuaci\u00f3n, cambia al modo de voltaje constante (CV) para garantizar la seguridad del proceso de carga y evitar la sobrecarga.<br \/>\n<strong>3. M\u00faltiples funciones de protecci\u00f3n<\/strong><br \/>\n<strong>\u00b7 <\/strong>Protecci\u00f3n contra sobretensi\u00f3n: cuando la tensi\u00f3n supera el rango seguro, el cargador corta autom\u00e1ticamente la alimentaci\u00f3n para evitar da\u00f1os en la bater\u00eda.<br \/>\n<strong>\u00b7 <\/strong>Protecci\u00f3n contra sobrecorriente: cuando la corriente supera el valor nominal, la corriente de salida se limita autom\u00e1ticamente para proteger la bater\u00eda y el cargador.<br \/>\n<strong>\u00b7 <\/strong>Protecci\u00f3n contra cortocircuitos: El cargador cuenta con una funci\u00f3n de protecci\u00f3n contra cortocircuitos para evitar los peligros causados por estos.<br \/>\n<strong>\u00b7 <\/strong>Protecci\u00f3n contra conexi\u00f3n inversa: cuando se invierten los polos positivo y negativo de la bater\u00eda, el cargador deja de funcionar autom\u00e1ticamente para evitar da\u00f1os en la bater\u00eda y el cargador.<br \/>\n<strong>4. Luces indicadoras LED<\/strong><br \/>\nEl cargador est\u00e1 equipado con luces indicadoras LED para mostrar el estado actual de la carga:<br \/>\n<strong>\u00b7 <\/strong>Luz roja: Cargando.<br \/>\n<strong>\u00b7 <\/strong> Luz verde: Carga completada o en espera.<br \/>\n<strong>5. El voltaje y la corriente se pueden calibrar.<\/strong><br \/>\n<strong>\u00b7 <\/strong>La resistencia ajustable VR1 dentro del cargador se puede calibrar entre 20 y 30 V.<br \/>\n<strong>\u00b7 <\/strong>La resistencia ajustable VR2 puede calibrar la corriente entre 3 y 5 amperios.<br \/>\n<strong>\u00b7 <\/strong>El cargador necesita una tensi\u00f3n de bater\u00eda de al menos 6 V para funcionar.<br \/>\n<strong>\u00b7 <\/strong>El cargador puede suministrar directamente voltaje y corriente para su uso como adaptador.<\/p>\n<h4>Dispositivos aplicables<\/h4>\n<p>\u00b7 Esto <a href=\"https:\/\/ohrija.com\/es\/producto\/ohrija-29-2v-5a-charger-lifepo4-battery-charger\/\">29,2 V 5 A<\/a> El cargador de bater\u00edas est\u00e1 dise\u00f1ado para veh\u00edculos recreativos (RV) y otros dispositivos con bater\u00edas Lifepo4. El cargador utiliza tecnolog\u00eda de conversi\u00f3n de alta eficiencia para garantizar una carga r\u00e1pida y segura de la bater\u00eda y prolongar su vida \u00fatil.<br \/>\nEl cargador solo es adecuado para bater\u00edas Lifepo4 de 8S y 25,6 V., <a href=\"https:\/\/ohrija.com\/es\/producto\/ohrija-29-2v-5a-charger-lifepo4-battery-charger\/\">Cargadores de bater\u00edas para autocaravanas<\/a> \u00a0y otros dispositivos con bater\u00eda Lifepo4 de 8S y 25,6 V.<\/p>\n<h4>Tiempo de carga<\/h4>\n<p>\u00b7 El <a href=\"https:\/\/ohrija.com\/es\/producto\/ohrija-29-2v-5a-charger-lifepo4-battery-charger\/\">Cargador de bater\u00eda Lifepo4 de 29,2 V y 5 A<\/a> Est\u00e1 dise\u00f1ado para la carga r\u00e1pida de bater\u00edas Lifepo4 de 8S y 25,6 V, y puede cargar bater\u00edas Lifepo4 de 8S y 25,6 V a una velocidad de 5 amperios.<br \/>\n\u00b7 Con un voltaje m\u00e1ximo de 14,6 V y una corriente nominal de 5 A, puede cargar completamente una bater\u00eda Lifepo4 de 30 Ah en unas 6 horas y una bater\u00eda de 60 Ah en unas 12 horas. Una bater\u00eda de 90 Ah se puede cargar completamente en 18 horas. Para bater\u00edas m\u00e1s peque\u00f1as (&lt;10 Ah), recomendamos utilizar un<a href=\"https:\/\/ohrija.com\/es\/producto\/ohrija-29-2v-5a-charger-lifepo4-battery-charger\/\"> Cargador 5A<\/a>. Todas las bater\u00edas Lifepo4 deben cargarse con un cargador compatible con bater\u00edas Lifepo4, como este. El uso de otros tipos de cargadores para cargar la bater\u00eda reducir\u00e1 el rendimiento y la vida \u00fatil de la misma.<\/p>\n<h4>Preguntas frecuentes<\/h4>\n<p>1. No funciona<br \/>\n\u00b7 Compruebe si la tensi\u00f3n de entrada de CA es de 110 o 220 V.<br \/>\n\u00b7 Compruebe si el terminal de CA de entrada est\u00e1 conectado correctamente y si el fusible est\u00e1 da\u00f1ado.<br \/>\n\u00b7 Compruebe si el conector de salida est\u00e1 conectado correctamente, si coincide y si el fusible est\u00e1 da\u00f1ado.<br \/>\n\u00b7 Compruebe si el sistema BMS est\u00e1 protegido.<br \/>\n2. \u00bfQu\u00e9 tan fuerte es el ruido?<br \/>\nDado que hay un ventilador dentro del cargador, el ruido es de unos 40-60 db.<\/p>\n<p>&nbsp;<\/p>","protected":false},"excerpt":{"rendered":"<p>Cargador de bater\u00edas de 24 V, fabricado en aleaci\u00f3n de aluminio, con bot\u00f3n ajustable interno, capaz de calibrar el voltaje y la corriente, y de cargar bater\u00edas Lifepo4 de 8S y 24 V.<\/p>","protected":false},"featured_media":9561,"comment_status":"open","ping_status":"closed","template":"","meta":[],"product_cat":[305],"product_tag":[],"class_list":{"0":"post-8258","1":"product","2":"type-product","3":"status-publish","4":"has-post-thumbnail","6":"product_brand-ohrija","7":"product_cat-8s-29-2v-charger","8":"product_shipping_class-180w","10":"first","11":"instock","12":"taxable","13":"shipping-taxable","14":"purchasable","15":"product-type-variable","16":"wvs-archive-product-wrapper","17":"col-xs-6 col-sm-4","18":"col-md-3 col-lg-3","19":"un-4-cols"},"jetpack_sharing_enabled":true,"_links":{"self":[{"href":"https:\/\/ohrija.com\/es\/wp-json\/wp\/v2\/product\/8258","targetHints":{"allow":["GET"]}}],"collection":[{"href":"https:\/\/ohrija.com\/es\/wp-json\/wp\/v2\/product"}],"about":[{"href":"https:\/\/ohrija.com\/es\/wp-json\/wp\/v2\/types\/product"}],"replies":[{"embeddable":true,"href":"https:\/\/ohrija.com\/es\/wp-json\/wp\/v2\/comments?post=8258"}],"version-history":[{"count":0,"href":"https:\/\/ohrija.com\/es\/wp-json\/wp\/v2\/product\/8258\/revisions"}],"wp:featuredmedia":[{"embeddable":true,"href":"https:\/\/ohrija.com\/es\/wp-json\/wp\/v2\/media\/9561"}],"wp:attachment":[{"href":"https:\/\/ohrija.com\/es\/wp-json\/wp\/v2\/media?parent=8258"}],"wp:term":[{"taxonomy":"product_cat","embeddable":true,"href":"https:\/\/ohrija.com\/es\/wp-json\/wp\/v2\/product_cat?post=8258"},{"taxonomy":"product_tag","embeddable":true,"href":"https:\/\/ohrija.com\/es\/wp-json\/wp\/v2\/product_tag?post=8258"}],"curies":[{"name":"wp","href":"https:\/\/api.w.org\/{rel}","templated":true}]}}