{"id":37291,"date":"2026-03-16T11:13:50","date_gmt":"2026-03-16T11:13:50","guid":{"rendered":"https:\/\/ohrija.com\/?post_type=product&#038;p=37291"},"modified":"2026-04-15T05:48:22","modified_gmt":"2026-04-15T05:48:22","slug":"ohrija-58-8v-2a-lithium-battery-charger","status":"publish","type":"product","link":"https:\/\/ohrija.com\/es\/producto\/ohrija-58-8v-2a-lithium-battery-charger\/","title":{"rendered":"OHRIJA 58.8V 2A Cargador de Bater\u00eda de Litio de Aleaci\u00f3n de Aluminio para 48V Scooter El\u00e9ctrico\/Veh\u00edculo de Equilibrio\/Veh\u00edculo El\u00e9ctrico (14 Series 48V Bater\u00eda de Litio)"},"content":{"rendered":"<h2><span style=\"color: #ff0000;\">Advertencia<\/span><\/h2>\n<p>Confirme los par\u00e1metros requeridos, el enchufe de entrada y el conector de salida. Si no puede confirmarlo, no realice la compra y p\u00f3ngase en contacto con el servicio de atenci\u00f3n al cliente para obtener ayuda. \u00a1Gracias!<br \/>\n1. No utilizar en entornos con altas temperaturas, oscuros y h\u00famedos.<br \/>\n2. Mant\u00e9ngalo en un entorno ventilado.<br \/>\n3. Mant\u00e9ngalo alejado de objetos inflamables y explosivos.<\/p>\n<h3>Par\u00e1metros del producto<\/h3>\n<p>Modelo del producto: HRH120<br \/>\nMaterial del producto: carcasa de aleaci\u00f3n de aluminio<br \/>\nVoltaje de salida: m\u00e1ximo 58,8 V \u00b10,2 V<br \/>\nCorriente de salida: m\u00e1ximo 2Amp \u00b10,2a<br \/>\nTama\u00f1o del producto: 136*66*40MM 0,4kg<br \/>\nTipo de bater\u00eda aplicable: bater\u00eda de iones de litio 14S 51,8 V.<br \/>\nPotencia de trabajo: 110 W como m\u00e1ximo<br \/>\nColor: negro, plata<br \/>\nEnchufe de entrada: EE. UU., UE, Reino Unido, Australia (seleccione el enchufe adecuado seg\u00fan las normas locales).<br \/>\nConector de salida: DC2.1 to| DC5.5*2.5 | GX16 1+3- | XLR | IEC C13 | DC8mm (Soporta OEM personalizado)<br \/>\nPaquete: cargador*1, cable de salida CC de 1 m*1, cable de entrada de 1 m*1, manual de instrucciones*1<\/p>\n<h3>Aspectos m\u00e1s destacados<\/h3>\n<p>Cuerpo de aluminio Carcasa de aleaci\u00f3n de aluminio, r\u00e1pida disipaci\u00f3n del calor, resistente a los golpes y duradera<br \/>\nCarga inteligente Corriente y tensi\u00f3n constantes, se detiene autom\u00e1ticamente cuando est\u00e1 lleno, sin sobrecarga<br \/>\nM\u00faltiples protecciones Protecci\u00f3n contra sobretensi\u00f3n\/sobrecorriente\/cortocircuito\/conexi\u00f3n inversa\/cu\u00e1druple<br \/>\nIndicadores luminosos Luz roja para carga, luz verde para carga completa, estado claro de un vistazo<br \/>\nSilencioso sin ventilador<\/p>\n<h3>Instrucciones de compra \/ FAQ<\/h3>\n<p><strong>\u00a0<\/strong><\/p>\n<p>&nbsp;<\/p>\n<p>P1: \u00bfCu\u00e1les son las diferencias entre el cargador de aleaci\u00f3n de aluminio y el ordinario?<br \/>\nR: La principal diferencia radica en la disipaci\u00f3n del calor y la durabilidad. El cuerpo de aluminio act\u00faa como un gran disipador de calor, adecuado para su uso en entornos de alta temperatura o escenarios que requieran una carga continua durante mucho tiempo (como garajes, cadenas de montaje de f\u00e1bricas). Adem\u00e1s, la carcasa met\u00e1lica es resistente a los golpes y a la presi\u00f3n, y su vida \u00fatil suele ser 2 \u00f3 3 veces superior a la de las carcasas de pl\u00e1stico normales.<br \/>\nP2: \u00bfEste cargador es resistente al agua?<br \/>\nR: El cuerpo tiene un nivel de protecci\u00f3n IP54, que puede evitar la entrada de gotas de agua y polvo desde todas las direcciones. Sin embargo, no puede utilizarse sumergido en agua. Si se requiere una impermeabilidad completa (IP67), p\u00f3ngase en contacto con el servicio de atenci\u00f3n al cliente para personalizar una versi\u00f3n sellada con pegamento de encapsulaci\u00f3n.<br \/>\nP3: Mi bater\u00eda es de 48V 30Ah. Una tasa de carga de 2A ser\u00e1 demasiado lenta?<br \/>\nR: 2A es una corriente de carga est\u00e1ndar (0,05C - 0,1C). Para una bater\u00eda de 30 Ah, se considera una carga lenta. Aunque lleva mucho tiempo (unas 15 horas), es la m\u00e1s beneficiosa para alargar el ciclo de vida de la bater\u00eda. Si necesita una carga r\u00e1pida, se recomienda elegir la versi\u00f3n de 5A u 8A (aseg\u00farese de que la bater\u00eda admite carga r\u00e1pida).<br \/>\nP4: \u00bfLa carcasa de aluminio provoca fugas de electricidad?<br \/>\nR: En absoluto. Este cargador est\u00e1 dise\u00f1ado como una fuente de alimentaci\u00f3n conmutada, con un estricto aislamiento entre los circuitos primario y secundario.<br \/>\nP5: \u00bfCu\u00e1l es la pol\u00edtica de garant\u00eda?<br \/>\nR: La versi\u00f3n de aluminio tiene una garant\u00eda de 12 meses. Durante el primer a\u00f1o, se ofrece reparaci\u00f3n o sustituci\u00f3n gratuita en caso de da\u00f1os no causados por el hombre, as\u00ed como asistencia t\u00e9cnica de por vida.<\/p>\n<p>&nbsp;<\/p>\n<p>.<\/p>","protected":false},"excerpt":{"rendered":"<p>58.8V 2A cargador est\u00e1 especialmente dise\u00f1ado para 14-series (14S) 51.8V bater\u00edas de litio. Es ampliamente aplicable a las bicicletas el\u00e9ctricas, scooters el\u00e9ctricos, bicicletas de equilibrio, veh\u00edculos de movilidad de edad avanzada, y varios paquetes de bater\u00edas de litio de bricolaje. Cuenta con una carcasa de aluminio que combina la disipaci\u00f3n de calor y durabilidad, por lo que es un socio ideal de energ\u00eda para su equipo de viaje.<\/p>","protected":false},"featured_media":37300,"comment_status":"open","ping_status":"closed","template":"","meta":[],"product_cat":[285,1692],"product_tag":[],"class_list":{"0":"post-37291","1":"product","2":"type-product","3":"status-publish","4":"has-post-thumbnail","6":"product_brand-ohrija","7":"product_cat-14s-58-8v-charger","8":"product_cat-electric-scooter-battery-charger","9":"product_shipping_class-180w","11":"first","12":"instock","13":"taxable","14":"shipping-taxable","15":"purchasable","16":"product-type-variable","17":"wvs-archive-product-wrapper","18":"col-xs-6 col-sm-4","19":"col-md-3 col-lg-3","20":"un-4-cols"},"jetpack_sharing_enabled":true,"_links":{"self":[{"href":"https:\/\/ohrija.com\/es\/wp-json\/wp\/v2\/product\/37291","targetHints":{"allow":["GET"]}}],"collection":[{"href":"https:\/\/ohrija.com\/es\/wp-json\/wp\/v2\/product"}],"about":[{"href":"https:\/\/ohrija.com\/es\/wp-json\/wp\/v2\/types\/product"}],"replies":[{"embeddable":true,"href":"https:\/\/ohrija.com\/es\/wp-json\/wp\/v2\/comments?post=37291"}],"version-history":[{"count":1,"href":"https:\/\/ohrija.com\/es\/wp-json\/wp\/v2\/product\/37291\/revisions"}],"predecessor-version":[{"id":37301,"href":"https:\/\/ohrija.com\/es\/wp-json\/wp\/v2\/product\/37291\/revisions\/37301"}],"wp:featuredmedia":[{"embeddable":true,"href":"https:\/\/ohrija.com\/es\/wp-json\/wp\/v2\/media\/37300"}],"wp:attachment":[{"href":"https:\/\/ohrija.com\/es\/wp-json\/wp\/v2\/media?parent=37291"}],"wp:term":[{"taxonomy":"product_cat","embeddable":true,"href":"https:\/\/ohrija.com\/es\/wp-json\/wp\/v2\/product_cat?post=37291"},{"taxonomy":"product_tag","embeddable":true,"href":"https:\/\/ohrija.com\/es\/wp-json\/wp\/v2\/product_tag?post=37291"}],"curies":[{"name":"wp","href":"https:\/\/api.w.org\/{rel}","templated":true}]}}