{"id":35392,"date":"2025-12-12T09:05:17","date_gmt":"2025-12-12T09:05:17","guid":{"rendered":"https:\/\/ohrija.com\/?post_type=product&#038;p=35392"},"modified":"2026-02-10T19:19:38","modified_gmt":"2026-02-10T19:19:38","slug":"ohrija-48v-lithium-golf-cart-battery-chargers","status":"publish","type":"product","link":"https:\/\/ohrija.com\/es\/producto\/ohrija-48v-lithium-golf-cart-battery-chargers\/","title":{"rendered":"Cargadores para carros de golf OHRIJA 54,75 V 15 A Cargadores para bater\u00edas de litio de 48 V para carros de golf Cargadores Lifepo4 para carros de golf"},"content":{"rendered":"<h4><span style=\"color: #ff0000;\">Advertencia<\/span><\/h4>\n<p>Confirme los par\u00e1metros requeridos, el enchufe de entrada y el conector de salida. Si no puede confirmarlo, no compre el producto ni se ponga en contacto con el servicio de atenci\u00f3n al cliente para obtener ayuda. \u00a1Gracias!<br \/>\n1. No utilizar en entornos con altas temperaturas, oscuros y h\u00famedos.<br \/>\n2. Mant\u00e9ngalo en un entorno ventilado.<br \/>\n3. Mant\u00e9ngase alejado de art\u00edculos inflamables y explosivos.<\/p>\n<h4>Par\u00e1metros del producto<\/h4>\n<p>Modelo del producto: HRH900N<br \/>\nMaterial del producto: carcasa de aleaci\u00f3n de aluminio<br \/>\nTensi\u00f3n de salida: m\u00e1ximo 54,75 \u00b10,2v<br \/>\nCorriente de salida: m\u00e1ximo 15 A \u00b10,2 A<br \/>\nTama\u00f1o del producto: 212 \u00d7 93,5 \u00d7 60 mm, 1,2 kg.<br \/>\nTipo de bater\u00eda aplicable: Bater\u00eda 15S 48V Lifepo4<br \/>\nPotencia de trabajo: m\u00e1ximo 900 W<br \/>\nColor: negro<br \/>\nEnchufe de entrada: EE. UU., UE, Reino Unido, Australia (seleccione el enchufe adecuado seg\u00fan las normas locales).<br \/>\nConector de salida: CLUB CAR (101828901) | YAMAHA G19 (2PIN YAMAHA) (JR1-H235A-00 | EZGO 48V TXT (enchufe del cargador DC Powerwise (enchufe rectangular) (73051-G20) |EZGO RXV (611219) | YAMAHA G29 (3 PIN YAMAHA) (JW9-82174-00) | Crowfoot (EX-0005) (seleccione el conector adecuado seg\u00fan el puerto de la bater\u00eda)<br \/>\nPaquete: cargador * 1, cable de salida CC de 1 m * 1, cable de entrada de 1 m * 1, manual de instrucciones * 1<br \/>\nDispositivos aplicables: Bater\u00eda Lifepo4 de 15 celdas, totalmente cargada a 54,75V \u00b10,2V.<\/p>","protected":false},"excerpt":{"rendered":"<p>Cargadores para carritos de golf de 54,75 V y 15 A, fabricados en aleaci\u00f3n de aluminio, pueden cargar bater\u00edas Lifepo4 de 48 V.<\/p>","protected":false},"featured_media":35454,"comment_status":"open","ping_status":"closed","template":"","meta":[],"product_cat":[299,310],"product_tag":[],"class_list":{"0":"post-35392","1":"product","2":"type-product","3":"status-publish","4":"has-post-thumbnail","6":"product_brand-ohrija","7":"product_cat-48v-golf-charger","8":"product_cat-48v-lifepo4-golf-charger","9":"product_shipping_class-600w","11":"first","12":"instock","13":"taxable","14":"shipping-taxable","15":"purchasable","16":"product-type-variable","17":"wvs-archive-product-wrapper","18":"col-xs-6 col-sm-4","19":"col-md-3 col-lg-3","20":"un-4-cols"},"jetpack_sharing_enabled":true,"_links":{"self":[{"href":"https:\/\/ohrija.com\/es\/wp-json\/wp\/v2\/product\/35392","targetHints":{"allow":["GET"]}}],"collection":[{"href":"https:\/\/ohrija.com\/es\/wp-json\/wp\/v2\/product"}],"about":[{"href":"https:\/\/ohrija.com\/es\/wp-json\/wp\/v2\/types\/product"}],"replies":[{"embeddable":true,"href":"https:\/\/ohrija.com\/es\/wp-json\/wp\/v2\/comments?post=35392"}],"version-history":[{"count":0,"href":"https:\/\/ohrija.com\/es\/wp-json\/wp\/v2\/product\/35392\/revisions"}],"wp:featuredmedia":[{"embeddable":true,"href":"https:\/\/ohrija.com\/es\/wp-json\/wp\/v2\/media\/35454"}],"wp:attachment":[{"href":"https:\/\/ohrija.com\/es\/wp-json\/wp\/v2\/media?parent=35392"}],"wp:term":[{"taxonomy":"product_cat","embeddable":true,"href":"https:\/\/ohrija.com\/es\/wp-json\/wp\/v2\/product_cat?post=35392"},{"taxonomy":"product_tag","embeddable":true,"href":"https:\/\/ohrija.com\/es\/wp-json\/wp\/v2\/product_tag?post=35392"}],"curies":[{"name":"wp","href":"https:\/\/api.w.org\/{rel}","templated":true}]}}