{"id":33639,"date":"2025-12-06T08:21:49","date_gmt":"2025-12-06T08:21:49","guid":{"rendered":"https:\/\/ohrija.com\/?post_type=product&#038;p=33639"},"modified":"2025-12-06T08:36:53","modified_gmt":"2025-12-06T08:36:53","slug":"ohrija-36v-lead-acid-battery-charger-36v-18a-charger","status":"publish","type":"product","link":"https:\/\/ohrija.com\/es\/producto\/ohrija-36v-lead-acid-battery-charger-36v-18a-charger\/","title":{"rendered":"Cargador de bater\u00edas de plomo-\u00e1cido OHRIJA 36 V El cargador de 36 V y 18 A es adecuado para cargadores de plomo-\u00e1cido 3S de 12 V."},"content":{"rendered":"<h4><span style=\"color: #ff0000;\">Advertencia<\/span><\/h4>\n<p>Confirme los par\u00e1metros requeridos, el enchufe de entrada y el conector de salida. Si no puede confirmarlo, no compre el producto ni se ponga en contacto con el servicio de atenci\u00f3n al cliente para obtener ayuda. \u00a1Gracias!<br \/>\n1. No utilizar en entornos con altas temperaturas, oscuros y h\u00famedos.<br \/>\n2. Mant\u00e9ngalo en un entorno ventilado.<br \/>\n3. Mant\u00e9ngase alejado de art\u00edculos inflamables y explosivos.<\/p>\n<h4>Par\u00e1metros del producto<\/h4>\n<p>Modelo del producto: HRH900N<br \/>\nMaterial del producto: carcasa de aleaci\u00f3n de aluminio<br \/>\nVoltaje de salida: m\u00e1ximo 44,1 V \u00b10,2 V<br \/>\nCorriente de salida: m\u00e1ximo 18 A \u00b10,2 A<br \/>\nTama\u00f1o del producto: 212 \u00d7 93,5 \u00d7 60 mm, 1,2 kg.<br \/>\nTipo de bater\u00eda aplicable: bater\u00eda de plomo-\u00e1cido 3S 36 V.<br \/>\nPotencia de trabajo: m\u00e1ximo 756 W<br \/>\nColor: negro<br \/>\nEnchufe de entrada: EE. UU., UE, Reino Unido, Australia (seleccione el enchufe adecuado seg\u00fan las normas locales).<br \/>\nConector de salida: XT60 | XT90 | Pinza cocodrilo | 45 A | Anderson 50 A | Puntera de cable | SIN ENCHUFE (seleccione el conector adecuado seg\u00fan el puerto de la bater\u00eda)<br \/>\nPaquete: cargador * 1, cable de salida CC de 1 m * 1, cable de entrada de 1 m * 1, manual de instrucciones * 1<br \/>\nDispositivos aplicables: bater\u00eda de plomo-\u00e1cido de 3 celdas, completamente cargada a 41,4 V \u00b10,2 V.<\/p>","protected":false},"excerpt":{"rendered":"<p>Cargador de bater\u00edas de plomo-\u00e1cido de 36 V, fabricado en aleaci\u00f3n de aluminio, capaz de cargar bater\u00edas de plomo-\u00e1cido de 36 V.<\/p>","protected":false},"featured_media":34299,"comment_status":"open","ping_status":"closed","template":"","meta":[],"product_cat":[294],"product_tag":[],"class_list":{"0":"post-33639","1":"product","2":"type-product","3":"status-publish","4":"has-post-thumbnail","6":"product_brand-ohrija","7":"product_cat-6s-36v-41-4v-charger","8":"product_shipping_class-600w","10":"first","11":"instock","12":"taxable","13":"shipping-taxable","14":"purchasable","15":"product-type-variable","16":"wvs-archive-product-wrapper","17":"col-xs-6 col-sm-4","18":"col-md-3 col-lg-3","19":"un-4-cols"},"jetpack_sharing_enabled":true,"_links":{"self":[{"href":"https:\/\/ohrija.com\/es\/wp-json\/wp\/v2\/product\/33639","targetHints":{"allow":["GET"]}}],"collection":[{"href":"https:\/\/ohrija.com\/es\/wp-json\/wp\/v2\/product"}],"about":[{"href":"https:\/\/ohrija.com\/es\/wp-json\/wp\/v2\/types\/product"}],"replies":[{"embeddable":true,"href":"https:\/\/ohrija.com\/es\/wp-json\/wp\/v2\/comments?post=33639"}],"version-history":[{"count":0,"href":"https:\/\/ohrija.com\/es\/wp-json\/wp\/v2\/product\/33639\/revisions"}],"wp:featuredmedia":[{"embeddable":true,"href":"https:\/\/ohrija.com\/es\/wp-json\/wp\/v2\/media\/34299"}],"wp:attachment":[{"href":"https:\/\/ohrija.com\/es\/wp-json\/wp\/v2\/media?parent=33639"}],"wp:term":[{"taxonomy":"product_cat","embeddable":true,"href":"https:\/\/ohrija.com\/es\/wp-json\/wp\/v2\/product_cat?post=33639"},{"taxonomy":"product_tag","embeddable":true,"href":"https:\/\/ohrija.com\/es\/wp-json\/wp\/v2\/product_tag?post=33639"}],"curies":[{"name":"wp","href":"https:\/\/api.w.org\/{rel}","templated":true}]}}