{"id":28978,"date":"2025-12-04T03:03:42","date_gmt":"2025-12-04T03:03:42","guid":{"rendered":"https:\/\/ohrija.com\/?post_type=product&#038;p=28978"},"modified":"2025-12-04T03:30:15","modified_gmt":"2025-12-04T03:30:15","slug":"ohrija-36v-lifepo4-battery-charger-43-8v-15a-charger","status":"publish","type":"product","link":"https:\/\/ohrija.com\/es\/producto\/ohrija-36v-lifepo4-battery-charger-43-8v-15a-charger\/","title":{"rendered":"El cargador de bater\u00edas OHRIJA 36V Lifepo4 43,8V 15A es adecuado para bater\u00edas Lifepo4 12S 43,8V."},"content":{"rendered":"<h4><span style=\"color: #ff0000;\">Advertencia<\/span><\/h4>\n<p>Confirme los par\u00e1metros requeridos, el enchufe de entrada y el conector de salida. Si no puede confirmarlo, no compre el producto ni se ponga en contacto con el servicio de atenci\u00f3n al cliente para obtener ayuda.  \u00a1Gracias!<br \/>\n1. No utilizar en entornos con altas temperaturas, oscuros y h\u00famedos.<br \/>\n2. Mant\u00e9ngalo en un entorno ventilado.<br \/>\n3. Mant\u00e9ngase alejado de art\u00edculos inflamables y explosivos.<\/p>\n<h4>Par\u00e1metros del producto<\/h4>\n<p>Modelo del producto: HRH900N<br \/>\nMaterial del producto: carcasa de aleaci\u00f3n de aluminio<br \/>\nTensi\u00f3n de salida: m\u00e1ximo 43,8V \u00b10,2V<br \/>\nCorriente de salida: m\u00e1ximo 18 A \u00b10,2 A<br \/>\nTama\u00f1o del producto: 212 \u00d7 93,5 \u00d7 60 mm, 1,2 kg.<br \/>\nTipo de bater\u00eda aplicable:Bater\u00eda 12S 43.8V Lifepo4<br \/>\nPotencia de trabajo: 800 W como m\u00e1ximo<br \/>\nColor: negro<br \/>\nEnchufe de entrada: EE. UU., UE, Reino Unido, Australia (seleccione el enchufe adecuado seg\u00fan las normas locales).<br \/>\nConector de salida: XT60 | XT90 | Pinza cocodrilo | Anderson 50A | Pesta\u00f1a de cable | 45A (seleccione el conector adecuado seg\u00fan el puerto de la bater\u00eda)<br \/>\nPaquete: cargador * 1, cable de salida CC de 1 m * 1, cable de entrada de 1 m * 1, manual de instrucciones * 1<\/p>\n<p>Dispositivos aplicables: Bater\u00edas LifeP4 de 12 celdas, completamente cargadas a 43,8V \u00b10,2V.<\/p>","protected":false},"excerpt":{"rendered":"<p>Cargador de bater\u00edas Li36 Lifepo4, material de aleaci\u00f3n de aluminio, bot\u00f3n interno ajustable, puede calibrar el voltaje y la corriente, puede cargar bater\u00edas Lifepo4 de 12S 43,8 V. Cargador de bater\u00edas LiFePO4. .<\/p>","protected":false},"featured_media":29013,"comment_status":"open","ping_status":"closed","template":"","meta":[],"product_cat":[304],"product_tag":[],"class_list":{"0":"post-28978","1":"product","2":"type-product","3":"status-publish","4":"has-post-thumbnail","6":"product_brand-ohrija","7":"product_cat-12s-43-8v-charger","8":"product_shipping_class-600w","10":"first","11":"instock","12":"taxable","13":"shipping-taxable","14":"purchasable","15":"product-type-variable","16":"wvs-archive-product-wrapper","17":"col-xs-6 col-sm-4","18":"col-md-3 col-lg-3","19":"un-4-cols"},"jetpack_sharing_enabled":true,"_links":{"self":[{"href":"https:\/\/ohrija.com\/es\/wp-json\/wp\/v2\/product\/28978","targetHints":{"allow":["GET"]}}],"collection":[{"href":"https:\/\/ohrija.com\/es\/wp-json\/wp\/v2\/product"}],"about":[{"href":"https:\/\/ohrija.com\/es\/wp-json\/wp\/v2\/types\/product"}],"replies":[{"embeddable":true,"href":"https:\/\/ohrija.com\/es\/wp-json\/wp\/v2\/comments?post=28978"}],"version-history":[{"count":0,"href":"https:\/\/ohrija.com\/es\/wp-json\/wp\/v2\/product\/28978\/revisions"}],"wp:featuredmedia":[{"embeddable":true,"href":"https:\/\/ohrija.com\/es\/wp-json\/wp\/v2\/media\/29013"}],"wp:attachment":[{"href":"https:\/\/ohrija.com\/es\/wp-json\/wp\/v2\/media?parent=28978"}],"wp:term":[{"taxonomy":"product_cat","embeddable":true,"href":"https:\/\/ohrija.com\/es\/wp-json\/wp\/v2\/product_cat?post=28978"},{"taxonomy":"product_tag","embeddable":true,"href":"https:\/\/ohrija.com\/es\/wp-json\/wp\/v2\/product_tag?post=28978"}],"curies":[{"name":"wp","href":"https:\/\/api.w.org\/{rel}","templated":true}]}}