{"id":27203,"date":"2025-04-14T12:13:18","date_gmt":"2025-04-14T12:13:18","guid":{"rendered":"https:\/\/ohrija.com\/?post_type=product&#038;p=27203"},"modified":"2025-04-18T09:09:24","modified_gmt":"2025-04-18T09:09:24","slug":"cargador-ohrija-impermeable-146-v-30-a","status":"publish","type":"product","link":"https:\/\/ohrija.com\/es\/producto\/cargador-ohrija-impermeable-146-v-30-a\/","title":{"rendered":"Cargador impermeable El cargador de bater\u00edas para autocaravanas OHRIJA de 14,6 V y 30 A es adecuado para bater\u00edas Lifepo4 4S de 12,8 V."},"content":{"rendered":"<h4><span style=\"color: #ff0000;\">Advertencia<\/span><\/h4>\n<p>Confirme los par\u00e1metros requeridos, el enchufe de entrada y el conector de salida. Si no puede confirmarlo, no compre el producto ni se ponga en contacto con el servicio de atenci\u00f3n al cliente para obtener ayuda.  \u00a1Gracias!<br \/>\n1. No utilizar en entornos con altas temperaturas, oscuros y h\u00famedos.<br \/>\n2. Mant\u00e9ngalo en un entorno ventilado.<br \/>\n3. Mant\u00e9ngase alejado de art\u00edculos inflamables y explosivos.<\/p>\n<h4>Par\u00e1metros del producto<\/h4>\n<p>Modelo del producto: HRH900FS<br \/>\nMaterial del producto: carcasa de aleaci\u00f3n de aluminio<br \/>\nVoltaje de salida: m\u00e1ximo 14,6 V \u00b10,2 V<br \/>\nCorriente de salida: m\u00e1ximo 30 A \u00b10,2 A<br \/>\nTama\u00f1o del producto: 280 \u00d7 197 \u00d7 85 mm, 3,5 kg.<br \/>\nTipo de bater\u00eda aplicable: bater\u00eda Lifepo4 4S de 12,8 V.<br \/>\nPotencia de trabajo: m\u00e1ximo 900 W<br \/>\nColor: negro, plateado, rojo opcional<br \/>\nEnchufe de entrada: EE. UU., UE, Reino Unido, Australia (seleccione el enchufe adecuado seg\u00fan las normas locales).<br \/>\nConector de salida: XT60 | XT90 | Pinza cocodrilo | Anderson 50A | Pesta\u00f1a de cable | 45A (seleccione el conector adecuado seg\u00fan el puerto de la bater\u00eda)<br \/>\nPaquete: cargador * 1, cable de salida CC de 1 m * 1, cable de entrada de 1 m * 1, manual de instrucciones * 1<\/p>","protected":false},"excerpt":{"rendered":"<p>Cargador de bater\u00eda para autocaravanas  Material de aleaci\u00f3n de aluminio, carga bater\u00edas LiFePO4, bot\u00f3n interno ajustable, puede calibrar el voltaje y la corriente, puede cargar bater\u00edas Lifepo4 4S 12,8 V, cargador resistente al agua.<\/p>","protected":false},"featured_media":27238,"comment_status":"open","ping_status":"closed","template":"","meta":[],"product_cat":[307,391,328,390,381],"product_tag":[],"class_list":{"0":"post-27203","1":"product","2":"type-product","3":"status-publish","4":"has-post-thumbnail","6":"product_brand-ohrija","7":"product_cat-4s-14-6v-charger","8":"product_cat-14-6v-ip67-charger","9":"product_cat-hot-selling-product","10":"product_cat-lifepo4-ip67-waterproof-charger-r","11":"product_cat-waterproof-charger","12":"product_shipping_class-900w","14":"first","15":"instock","16":"taxable","17":"shipping-taxable","18":"purchasable","19":"product-type-variable","20":"wvs-archive-product-wrapper","21":"col-xs-6 col-sm-4","22":"col-md-3 col-lg-3","23":"un-4-cols"},"jetpack_sharing_enabled":true,"_links":{"self":[{"href":"https:\/\/ohrija.com\/es\/wp-json\/wp\/v2\/product\/27203","targetHints":{"allow":["GET"]}}],"collection":[{"href":"https:\/\/ohrija.com\/es\/wp-json\/wp\/v2\/product"}],"about":[{"href":"https:\/\/ohrija.com\/es\/wp-json\/wp\/v2\/types\/product"}],"replies":[{"embeddable":true,"href":"https:\/\/ohrija.com\/es\/wp-json\/wp\/v2\/comments?post=27203"}],"version-history":[{"count":0,"href":"https:\/\/ohrija.com\/es\/wp-json\/wp\/v2\/product\/27203\/revisions"}],"wp:featuredmedia":[{"embeddable":true,"href":"https:\/\/ohrija.com\/es\/wp-json\/wp\/v2\/media\/27238"}],"wp:attachment":[{"href":"https:\/\/ohrija.com\/es\/wp-json\/wp\/v2\/media?parent=27203"}],"wp:term":[{"taxonomy":"product_cat","embeddable":true,"href":"https:\/\/ohrija.com\/es\/wp-json\/wp\/v2\/product_cat?post=27203"},{"taxonomy":"product_tag","embeddable":true,"href":"https:\/\/ohrija.com\/es\/wp-json\/wp\/v2\/product_tag?post=27203"}],"curies":[{"name":"wp","href":"https:\/\/api.w.org\/{rel}","templated":true}]}}