{"id":9653,"date":"2024-10-21T06:22:17","date_gmt":"2024-10-21T11:22:17","guid":{"rendered":"https:\/\/ohrija.com\/?post_type=product&#038;p=9653"},"modified":"2025-05-30T13:25:05","modified_gmt":"2025-05-30T13:25:05","slug":"12-v-30-a-360-w-netzteil","status":"publish","type":"product","link":"https:\/\/ohrija.com\/de\/produkt\/12-v-30-a-360-w-netzteil\/","title":{"rendered":"Neues, verbessertes DIY-SMPS-Netzteil 110 V, 230 V, Wechselstrom zu Gleichstrom, 12 V, 30 A, 360 W, Konverter-Netzteil, Gleichstrom-12-V-Spannungstransformator f\u00fcr Motor, Pumpe, CCTV, 3D-Drucker, Luftkompressor, LED"},"content":{"rendered":"<h4><span style=\"color: #ff0000;\">Warnung<\/span><\/h4>\n<p>Bitte best\u00e4tigen Sie die erforderlichen Parameter, Eingangsstecker . Wenn Sie dies nicht best\u00e4tigen k\u00f6nnen, kaufen Sie bitte nicht und wenden Sie sich an den Kundendienst, um Unterst\u00fctzung zu erhalten.  Vielen Dank!<br \/>\n1. Nicht in Umgebungen mit hohen Temperaturen, Dunkelheit und Feuchtigkeit verwenden.<br \/>\n2. Bewahren Sie es in einer gut bel\u00fcfteten Umgebung auf.<br \/>\n3. Von brennbaren und explosiven Gegenst\u00e4nden fernhalten.<\/p>\n<h4>Produktparameter<\/h4>\n<ul class=\"a-unordered-list a-vertical a-spacing-mini\">\n<li class=\"a-spacing-mini\"><span class=\"a-list-item\">\u3010NEUE VERSION DES AC-DC-WANDLERS\u3011Neuer, verbesserter 360-W-Wandler mit importiertem Geh\u00e4use aus Aluminiumlegierung, integriertem Kabel, zwei Anschlussm\u00f6glichkeiten, sehr praktisch f\u00fcr 12-V-Ger\u00e4te mit Klemmen. Das 30-Ampere-Netzteil von SWTPWR wird mit einem UL-Netzkabel, einem 12-V-Wandler mit Schalter, Kabelschuhen, Metallklammer und Schraube geliefert. Sehr praktisch f\u00fcr Ger\u00e4te mit Klemmen. Sie k\u00f6nnen die beiden zylindrischen Kontakte direkt festklemmen. Es handelt sich um ein patentiertes Design eines 12-V-Gleichstromwandlers.<\/span><\/li>\n<li class=\"a-spacing-mini\"><span class=\"a-list-item\">\u3010SMART COOLING SYSTEM\u3011360-W-Stromrichter mit Aluminiumgeh\u00e4use sind mit zahlreichen W\u00e4rmeableitungsl\u00f6chern, einem integrierten L\u00fcfter und einem staubdichten Netz ausgestattet, die das Eindringen von Staub wirksam verhindern, eine stabile Drehung des L\u00fcfters gew\u00e4hrleisten und ein Durchbrennen der Leiterplatte verhindern. Dar\u00fcber hinaus sind an der Unterseite dieses 110-V-zu-12-V-Wandlers rutschfeste Polster angebracht, die ebenfalls f\u00fcr eine bessere W\u00e4rmeableitung an der Unterseite sorgen und einen stabileren Betrieb gew\u00e4hrleisten.<\/span><\/li>\n<li class=\"a-spacing-mini\"><span class=\"a-list-item\">\u3010SICHER &amp; STABIL, LANGE LEBENSDAUER\u3011Schaltnetzteil mit \u00dcberlastschutz, \u00dcberspannungsschutz, Leckageschutz und Kurzschlussschutzfunktion. Der 12-V-Konverter, das Netzkabel und der Stecker sind UL-, CE- und RoHS-zertifiziert. Ein-Knopf-Bedienung: Mit rotem Ein-\/Aus-Schalter f\u00fcr einen sichereren und bequemeren Start-\/Stopp-Betrieb. Nettogewicht nur 1,18 kg, leicht und tragbar.<\/span><\/li>\n<li class=\"a-spacing-mini\"><span class=\"a-list-item\">\u3010AUSWAHL\u3011Die Spitzenleistung betr\u00e4gt 30 A, 360 W. Das bedeutet nicht, dass ein 12-V-Netzteil f\u00fcr eine Nennleistung von 360 W geeignet ist. Bei Motorvorrichtungen ist der Anlaufstrom wesentlich h\u00f6her als die Nennleistung. Bei Verwendung von ohmschen Ger\u00e4ten, wie z. B. LED-Streifen, k\u00f6nnen Sie eine h\u00f6here Leistung verwenden, z. B. sind auch LEDs mit einer Nennleistung von 20 A geeignet.<\/span><\/li>\n<li class=\"a-spacing-mini\"><span class=\"a-list-item\">\u3010VIELF\u00c4LTIGE ANWENDUNGSM\u00d6GLICHKEITEN\u3011Die perfekte Wahl f\u00fcr die Stromversorgung von LED-Streifen, 3D-Druckern, Wohnmobil-Wechselrichtern, CCTV-Stromversorgungen und medizinischen Stromversorgungen. Au\u00dferdem einsetzbar in industriellen Automatisierungsanlagen, Autoradios, Radios, Motoren, Computerprojekten, Booten, Luftbefeuchtern, b\u00fcrstenlosen Motoren, Haushaltsger\u00e4ten und elektronischen Ger\u00e4ten. Automatisierungsger\u00e4te, Computerprojekte \u2013 Servos, Pflanzenzucht, Forschungsr\u00e4ume, Luftkompressoren, Displays und weitere 12-V-Ger\u00e4te.<\/span><\/li>\n<\/ul>\n<p><strong>Neues, verbessertes DIY-Schaltnetzteil 110 V\/230 V AC zu DC 12 V 30 A 360 W<\/strong><\/p>\n<p>Das <strong>12 V, 30 A, 360 W Netzteil<\/strong> ist ein neu aktualisiertes <strong>Wechselstrom-Gleichstrom-Wandler<\/strong> Entwickelt f\u00fcr den vielseitigen Einsatz in verschiedenen elektronischen und industriellen Anwendungen. Es bietet eine <strong>stabiler 12-V-Gleichstromausgang<\/strong> mit bis zu <strong>30A Strom<\/strong>, unterst\u00fctzt bis zu <strong>360 W Leistung<\/strong>. Dieses Netzteil ist mit beiden kompatibel. <strong>110 V und 230 V Wechselstrom-Eingang<\/strong>, wodurch es f\u00fcr den weltweiten Einsatz geeignet ist. Seine robuste Bauweise, effiziente Leistung und zahlreichen Sicherheitsmerkmale machen es ideal f\u00fcr die Stromversorgung. <strong>Motorpumpen<\/strong>, <strong>Video\u00fcberwachungssysteme<\/strong>, <strong>3D-Drucker<\/strong>, <strong>Luftkompressoren<\/strong>, <strong>LED-Beleuchtung<\/strong>, und andere Gleichstromger\u00e4te.<\/p>\n<hr \/>\n<h3><strong>Wichtigste Merkmale<\/strong><\/h3>\n<ol>\n<li><strong>Universeller Wechselstrom-Eingang (110 V\/230 V AC)<\/strong>\n<ul>\n<li>Unterst\u00fctzt einen breiten Eingangsspannungsbereich von <strong>110 V\u2013230 V Wechselstrom<\/strong>, wodurch der Einsatz in h\u00e4uslichen, industriellen und internationalen Anwendungen erm\u00f6glicht wird.<\/li>\n<li>Die automatische Spannungserkennung macht manuelles Umschalten \u00fcberfl\u00fcssig.<\/li>\n<\/ul>\n<\/li>\n<li><strong>Hohe Ausgangsleistung (12 V, 30 A, 360 W)<\/strong>\n<ul>\n<li><strong>12 V DC geregelter Ausgang<\/strong> mit einem maximalen Strom von <strong>30A<\/strong> und einer Gesamtleistung von <strong>360 W<\/strong>.<\/li>\n<li>Liefert stabile und konstante Leistung und gew\u00e4hrleistet so eine optimale Performance f\u00fcr empfindliche Elektronik und Hochleistungsger\u00e4te.<\/li>\n<\/ul>\n<\/li>\n<li><strong>Schaltnetzteiltechnologie (SMPS)<\/strong>\n<ul>\n<li>Effizient <strong>Schalttechnik<\/strong> minimiert Energieverluste und bietet eine h\u00f6here Effizienz (85%-95%) als herk\u00f6mmliche lineare Netzteile.<\/li>\n<li>Kompaktes, leichtes Design mit ausgezeichneter Leistungsdichte, das Platz in Projekten und Installationen spart.<\/li>\n<\/ul>\n<\/li>\n<li><strong>Intelligentes K\u00fchlsystem<\/strong>\n<ul>\n<li><strong>Eingebauter intelligenter L\u00fcfter<\/strong> wird nur aktiviert, wenn die Innentemperatur steigt, wodurch ein leiser Betrieb in Zeiten mit geringem Bedarf gew\u00e4hrleistet ist.<\/li>\n<li>Ein fortschrittliches Luftstromsystem und Bel\u00fcftungs\u00f6ffnungen leiten die W\u00e4rme effizient ab und gew\u00e4hrleisten einen sicheren und stabilen Betrieb.<\/li>\n<\/ul>\n<\/li>\n<li><strong>Erweiterte Sicherheitsvorkehrungen<\/strong>\n<ul>\n<li><strong>\u00dcberlastschutz (OLP):<\/strong> Schaltet automatisch die Stromversorgung ab, wenn die angeschlossene Last 360 W \u00fcberschreitet, und verhindert so Sch\u00e4den am Ger\u00e4t.<\/li>\n<li><strong>\u00dcberspannungsschutz (OVP):<\/strong> Schaltet die Stromversorgung ab, wenn die Ausgangsspannung 12 V \u00fcberschreitet, und sch\u00fctzt so die angeschlossenen elektronischen Ger\u00e4te.<\/li>\n<li><strong>Kurzschlussschutz (SCP):<\/strong> Trennt sofort die Stromversorgung, wenn ein Kurzschluss erkannt wird, und verhindert so Ger\u00e4teausf\u00e4lle.<\/li>\n<li><strong>\u00dcberhitzungsschutz (OTP):<\/strong> Sensoren \u00fcberwachen die Innentemperaturen und schalten den L\u00fcfter bei Bedarf automatisch ein.<\/li>\n<\/ul>\n<\/li>\n<li><strong>Robustes Metallgeh\u00e4use<\/strong>\n<ul>\n<li><strong>Robustes Metallgeh\u00e4use<\/strong> mit Korrosionsschutzbeschichtung zum Schutz vor Rost und Verschlei\u00df.<\/li>\n<li>Mehrere L\u00fcftungsschlitze sorgen f\u00fcr eine gute Luftzirkulation und verhindern eine \u00dcberhitzung im Inneren.<\/li>\n<\/ul>\n<\/li>\n<li><strong>LED-Betriebsanzeige<\/strong>\n<ul>\n<li><strong>LED-Statusanzeige<\/strong> zeigt den Betriebsstatus der Stromversorgung an und erm\u00f6glicht so eine schnelle \u00dcberwachung des Stromversorgungssystems.<\/li>\n<\/ul>\n<\/li>\n<li><strong>Einfache Installation und benutzerfreundliches Design<\/strong>\n<ul>\n<li>Eindeutig gekennzeichnet <strong>Wechselstrom-Eingang<\/strong> und <strong>Gleichstromausgang<\/strong> Schraubklemmen f\u00fcr einfachen Anschluss und einfache Installation.<\/li>\n<li>Das kompakte und leichte Design erleichtert den Einsatz in engen R\u00e4umen bei Heimwerkerprojekten, Automatisierungsanlagen und in Werkst\u00e4tten.<\/li>\n<\/ul>\n<\/li>\n<li><strong>Breites Anwendungsspektrum<\/strong>\n<ul>\n<li><strong>3D-Drucker<\/strong>Versorgt beheizte Betten, Extruder und Steuerplatinen, die eine stabile 12-V-Gleichstromversorgung ben\u00f6tigen.<\/li>\n<li><strong>Motorpumpen<\/strong>Unterst\u00fctzt Gleichstrom-Wasserpumpen, Luftpumpen und Kraftstoffpumpen.<\/li>\n<li><strong>Luftkompressoren<\/strong>: Versorgt Mini-Luftkompressoren mit Strom, die zum Aufpumpen von Reifen und zum Betrieb von Druckluftwerkzeugen verwendet werden.<\/li>\n<li><strong>Video\u00fcberwachungssysteme<\/strong>: Liefert konstante Stromversorgung f\u00fcr \u00dcberwachungskameras und DVR\/NVR-Systeme.<\/li>\n<li><strong>LED-Beleuchtung<\/strong>Ideal f\u00fcr den Betrieb gro\u00dfer LED-Streifen, LED-Beschilderungen und LED-Werbedisplays.<\/li>\n<li><strong>Elektronik zum Selberbauen<\/strong>Ideal f\u00fcr DIY-Projekte, Entwicklungsplatinen und Labortests.<\/li>\n<\/ul>\n<\/li>\n<\/ol>\n<hr \/>\n<h3><strong>Produktspezifikationen<\/strong><\/h3>\n<table>\n<thead>\n<tr>\n<th><strong>Parameter<\/strong><\/th>\n<th><strong>Spezifikation<\/strong><\/th>\n<\/tr>\n<\/thead>\n<tbody>\n<tr>\n<td><strong>Eingangsspannung<\/strong><\/td>\n<td>110 V\u2013230 V Wechselstrom (50\/60 Hz)<\/td>\n<\/tr>\n<tr>\n<td><strong>Ausgangsspannung<\/strong><\/td>\n<td>12 V DC (fest)<\/td>\n<\/tr>\n<tr>\n<td><strong>Ausgangsstrom<\/strong><\/td>\n<td>30A<\/td>\n<\/tr>\n<tr>\n<td><strong>Ausgangsleistung<\/strong><\/td>\n<td>360 W<\/td>\n<\/tr>\n<tr>\n<td><strong>Umwandlungstyp<\/strong><\/td>\n<td>Schaltmodus (SMPS)<\/td>\n<\/tr>\n<tr>\n<td><strong>K\u00fchlung<\/strong><\/td>\n<td>Intelligenter Ventilator mit W\u00e4rmesensoren<\/td>\n<\/tr>\n<tr>\n<td><strong>Sicherheitsvorkehrungen<\/strong><\/td>\n<td>OLP, OVP, SCP, OTP<\/td>\n<\/tr>\n<tr>\n<td><strong>Wohnungswesen<\/strong><\/td>\n<td>Metallgeh\u00e4use mit Bel\u00fcftung<\/td>\n<\/tr>\n<tr>\n<td><strong>LED-Anzeige<\/strong><\/td>\n<td>Ja (Betriebsanzeige)<\/td>\n<\/tr>\n<tr>\n<td><strong>Anwendungen<\/strong><\/td>\n<td>LED-Streifen, Video\u00fcberwachung, Motoren, Pumpen, 3D-Drucker usw.<\/td>\n<\/tr>\n<\/tbody>\n<\/table>\n<hr \/>\n<h3><strong>Warum sollten Sie sich f\u00fcr dieses Netzteil entscheiden?<\/strong><\/h3>\n<ul>\n<li><strong>Vielseitige Stromquelle<\/strong>: Befugnisse <strong>LED-Streifen<\/strong>, <strong>3D-Drucker<\/strong>, <strong>\u00dcberwachungskameras<\/strong>, <strong>Pumpen<\/strong>, <strong>Kompressoren<\/strong>, und vieles mehr.<\/li>\n<li><strong>Sicherheit geht vor<\/strong>: Eingebaut <strong>\u00dcberlast-, \u00dcberspannungs-, Kurzschluss- und \u00dcberhitzungsschutz<\/strong> Sch\u00fctzen Sie Ihre Ger\u00e4te.<\/li>\n<li><strong>Intelligente K\u00fchlung<\/strong>: <strong>Automatischer L\u00fcfter<\/strong> passt sich an die Innentemperatur an und sorgt so f\u00fcr einen leisen und effizienten Betrieb.<\/li>\n<li><strong>Universeller Eingang<\/strong>: Funktioniert mit beiden <strong>110 V und 230 V Wechselstrom<\/strong> Eingabe, wodurch es sich ideal f\u00fcr den internationalen Einsatz eignet.<\/li>\n<li><strong>Robustes Design<\/strong>: Das <strong>robustes Metallgeh\u00e4use<\/strong> gew\u00e4hrleistet Langlebigkeit und Schutz vor rauen Umgebungsbedingungen.<\/li>\n<\/ul>\n<p>Dies <strong>12 V, 30 A, 360 W Netzteil<\/strong> ist die ultimative L\u00f6sung f\u00fcr Heimwerker, industrielle Anwender und Profis, die auf der Suche nach einem <strong>Leistungsstarker, effizienter und sicherer Wechselstrom-Gleichstrom-Wandler<\/strong>. Dank seines universellen Eingangs, seiner Sicherheitsfunktionen und seines intelligenten K\u00fchlsystems ist es die ideale Wahl f\u00fcr die Stromversorgung von LED-Projekten, CCTV-Anlagen, 3D-Druckern und vielem mehr.<\/p>\n<p>Wenn Sie weitere Informationen zur Verwendung, Installation oder Kompatibilit\u00e4t w\u00fcnschen, fragen Sie uns gerne!<\/p>","protected":false},"excerpt":{"rendered":"<p>Das 12-V-30-A-360-W-Netzteil ist ein neu aufger\u00fcsteter Wechselstrom-Gleichstrom-Wandler, der f\u00fcr den vielseitigen Einsatz in verschiedenen elektronischen und industriellen Anwendungen entwickelt wurde. Es liefert eine stabile 12-V-Gleichstromausgabe mit bis zu 30 A Stromst\u00e4rke.<\/p>","protected":false},"featured_media":9658,"comment_status":"open","ping_status":"closed","template":"","meta":[],"product_cat":[331],"product_tag":[],"class_list":{"0":"post-9653","1":"product","2":"type-product","3":"status-publish","4":"has-post-thumbnail","6":"product_brand-ohrija","7":"product_cat-dc-12v-power","8":"product_shipping_class-600w","10":"first","11":"instock","12":"taxable","13":"shipping-taxable","14":"purchasable","15":"product-type-variable","16":"wvs-archive-product-wrapper","17":"col-xs-6 col-sm-4","18":"col-md-3 col-lg-3","19":"un-4-cols"},"jetpack_sharing_enabled":true,"_links":{"self":[{"href":"https:\/\/ohrija.com\/de\/wp-json\/wp\/v2\/product\/9653","targetHints":{"allow":["GET"]}}],"collection":[{"href":"https:\/\/ohrija.com\/de\/wp-json\/wp\/v2\/product"}],"about":[{"href":"https:\/\/ohrija.com\/de\/wp-json\/wp\/v2\/types\/product"}],"replies":[{"embeddable":true,"href":"https:\/\/ohrija.com\/de\/wp-json\/wp\/v2\/comments?post=9653"}],"version-history":[{"count":0,"href":"https:\/\/ohrija.com\/de\/wp-json\/wp\/v2\/product\/9653\/revisions"}],"wp:featuredmedia":[{"embeddable":true,"href":"https:\/\/ohrija.com\/de\/wp-json\/wp\/v2\/media\/9658"}],"wp:attachment":[{"href":"https:\/\/ohrija.com\/de\/wp-json\/wp\/v2\/media?parent=9653"}],"wp:term":[{"taxonomy":"product_cat","embeddable":true,"href":"https:\/\/ohrija.com\/de\/wp-json\/wp\/v2\/product_cat?post=9653"},{"taxonomy":"product_tag","embeddable":true,"href":"https:\/\/ohrija.com\/de\/wp-json\/wp\/v2\/product_tag?post=9653"}],"curies":[{"name":"wp","href":"https:\/\/api.w.org\/{rel}","templated":true}]}}