{"id":8715,"date":"2024-07-10T15:41:59","date_gmt":"2024-07-10T07:41:59","guid":{"rendered":"https:\/\/ohrija.com\/?post_type=product&#038;p=8715"},"modified":"2026-04-15T05:48:30","modified_gmt":"2026-04-15T05:48:30","slug":"42v-4a-oled-charger-36v-lithium-battery-charger","status":"publish","type":"product","link":"https:\/\/ohrija.com\/de\/produkt\/42v-4a-oled-charger-36v-lithium-battery-charger\/","title":{"rendered":"OHRIJA 36V Lithium-Akku-Ladeger\u00e4t Das 42V 4A OLED-Ladeger\u00e4t eignet sich f\u00fcr 10S 36V Li-Ionen-Akkus."},"content":{"rendered":"<h2><span style=\"color: #ff0000;\">Warnung<\/span><\/h2>\n<p>Bitte \u00fcberpr\u00fcfen Sie die erforderlichen Parameter, den Eingangsstecker und den Ausgangsstecker. Wenn Sie diese nicht \u00fcberpr\u00fcfen k\u00f6nnen, kaufen Sie das Produkt bitte nicht und wenden Sie sich an den Kundendienst, um Unterst\u00fctzung zu erhalten. (Es kommt zu einem 10%-Fehler zwischen dem Bildschirm und den tats\u00e4chlichen Parametern. Wenn Sie damit nicht einverstanden sind, kaufen Sie das Produkt bitte nicht.) Vielen Dank!<br \/>\n1. Nicht in Umgebungen mit hohen Temperaturen, Dunkelheit und Feuchtigkeit verwenden.<br \/>\n2. Bewahren Sie es in einer gut bel\u00fcfteten Umgebung auf.<br \/>\n3. Von brennbaren und explosiven Gegenst\u00e4nden fernhalten.<\/p>\n<h4>Produktparameter<\/h4>\n<p>Produktmodell: HRH180<br \/>\nProduktmaterial: Geh\u00e4use aus Aluminiumlegierung<br \/>\nAusgangsspannung: maximal 42 V \u00b10,2 V<br \/>\nAusgangsstrom: maximal 4 Ampere \u00b10,2 A<br \/>\nProduktgr\u00f6\u00dfe: 135 \u00d7 90 \u00d7 50 mm, 0,9 kg<br \/>\nGeeigneter Batterietyp: 10S 37V Lithium-Ionen-Batterie<br \/>\nLeistung: maximal 175 W<br \/>\nFarbe: schwarz, rot  optional<br \/>\nEingangsstecker: US, EU, UK, AU (w\u00e4hlen Sie den richtigen Stecker gem\u00e4\u00df den \u00f6rtlichen Normen)<br \/>\nAusgangsanschluss: XT60 | Krokodilklemme | Anderson 50A | XLR | DC2,5\/2,1 | GX16 1+3- | IEC C13 (w\u00e4hlen Sie den richtigen Anschluss entsprechend dem Batterieanschluss)<br \/>\nLieferumfang: Ladeger\u00e4t * 1, DC-Ausgangskabel 1 m * 1, Eingangskabel 1 m * 1, Bedienungsanleitung * 1<\/p>\n<h4>Produktvorstellung<\/h4>\n<p><strong>1. Effizientes Laden<\/strong><br \/>\nDurch den Einsatz fortschrittlicher Schaltnetzteiltechnologie erreicht die Ladeeffizienz einen Wert von 85% oder mehr, wodurch die Ladezeit verk\u00fcrzt und der Energieverbrauch gesenkt wird.<br \/>\n<strong>2. Konstantspannungs- und Konstantstrom-Lademodus<\/strong><br \/>\nDas Ladeger\u00e4t arbeitet im Konstantstrommodus (CC), bis die Batteriespannung den eingestellten Wert (42 V) erreicht, und schaltet dann in den Konstantspannungsmodus (CV), um die Sicherheit des Ladevorgangs zu gew\u00e4hrleisten und eine \u00dcberladung zu vermeiden.<br \/>\n<strong>3. Mehrere Schutzfunktionen<\/strong><br \/>\n<strong>\u00b7\u00a0<\/strong>\u00dcberspannungsschutz: Wenn die Spannung den sicheren Bereich \u00fcberschreitet, unterbricht das Ladeger\u00e4t automatisch die Stromzufuhr, um Sch\u00e4den an der Batterie zu verhindern.<br \/>\n<strong>\u00b7\u00a0<\/strong>\u00dcberstromschutz: Wenn der Strom den Nennwert \u00fcberschreitet, wird der Ausgangsstrom automatisch begrenzt, um die Batterie und das Ladeger\u00e4t zu sch\u00fctzen.<br \/>\n<strong>\u00b7\u00a0<\/strong>Kurzschlussschutz: Das Ladeger\u00e4t verf\u00fcgt \u00fcber eine Kurzschlussschutzfunktion, um Gefahren durch Kurzschl\u00fcsse zu vermeiden.<br \/>\n<strong>\u00b7\u00a0<\/strong>Verpolungsschutz: Bei Verpolung der Batterie unterbricht das Ladeger\u00e4t automatisch den Ladevorgang, um Sch\u00e4den an Batterie und Ladeger\u00e4t zu vermeiden.<br \/>\n<strong>4. LED-Anzeigeleuchten<\/strong><br \/>\nDas Ladeger\u00e4t ist mit LED-Anzeigeleuchten ausgestattet, die den aktuellen Ladezustand anzeigen:<br \/>\n<strong>\u00b7\u00a0<\/strong>Rotes Licht: Laden.<br \/>\n<strong>\u00b7\u00a0<\/strong>Gr\u00fcnes Licht: Ladevorgang abgeschlossen oder Standby.<br \/>\n<strong>5. Spannung und Strom k\u00f6nnen kalibriert werden.<\/strong><br \/>\n<strong>\u00b7\u00a0<\/strong>Der einstellbare Widerstand VR1 im Ladeger\u00e4t kann zwischen 36 und 44 V kalibriert werden.<br \/>\n<strong>\u00b7\u00a0<\/strong>Der einstellbare Widerstand VR2 kann den Strom zwischen 3 und 4 Ampere kalibrieren.<br \/>\n<strong>\u00b7\u00a0<\/strong>Das Ladeger\u00e4t ben\u00f6tigt eine Batteriespannung von mindestens 24 V, um zu funktionieren.<br \/>\n<strong>\u00b7\u00a0<\/strong>Das Ladeger\u00e4t kann Spannung und Strom direkt ausgeben und somit als Adapter verwendet werden.<\/p>\n<h4>Geeignete Ger\u00e4te<\/h4>\n<p>\u00b7 Dies\u00a0<a href=\"https:\/\/ohrija.com\/de\/produkt\/42v-4a-oled-charger-li-ion-battery-charger\/\">42V 4A<\/a>\u00a0Das Ladeger\u00e4t ist f\u00fcr Elektrofahrr\u00e4der, Elektroroller und andere Ger\u00e4te mit Lithium-Ionen-Akkus konzipiert. Das Ladeger\u00e4t nutzt eine hocheffiziente Umwandlungstechnologie, um ein schnelles und sicheres Laden der Akkus zu gew\u00e4hrleisten und deren Lebensdauer zu verl\u00e4ngern.<br \/>\nDas Ladeger\u00e4t ist nur f\u00fcr 10S 37V Lithium-Ionen-Akkus geeignet.,\u00a0<a href=\"https:\/\/ohrija.com\/de\/produkt\/42v-4a-oled-charger-li-ion-battery-charger\/\">Ladeger\u00e4te f\u00fcr Elektrofahrr\u00e4der<\/a>, Ladeger\u00e4te f\u00fcr Elektroroller und andere Ger\u00e4te mit 10S-37V-Lithium-Ionen-Akkus.<\/p>\n<h4>Ladezeit<\/h4>\n<p>\u00b7 Die\u00a0<a href=\"https:\/\/ohrija.com\/de\/produkt\/42v-4a-oled-charger-li-ion-battery-charger\/\">42V 4A Li-Ion Batterieladeger\u00e4t <\/a>ist f\u00fcr das schnelle Laden von 10S 37V Li-Ionen-Akkus konzipiert und kann 10S 37V Li-Ionen-Akkus mit einer Rate von 4 Ampere laden.<br \/>\n- Mit einer maximalen Spannung von 42 V und einem Nennstrom von 4 A kann es einen 20-Ah-Li-Ionen-Akku in etwa 5 Stunden und einen 40-Ah-Akku in etwa 10 Stunden vollst\u00e4ndig aufladen. Ein 80-Ah-Akku kann in 20 Stunden vollst\u00e4ndig aufgeladen werden. F\u00fcr kleinere Batterien (&lt;10Ah) empfehlen wir die Verwendung eines<a href=\"https:\/\/ohrija.com\/de\/produkt\/ohrija-42v-3a-charger-li-ion-battery-charger\/\">\u00a03A-Ladeger\u00e4t<\/a>. Alle Li-Ionen-Akkus sollten mit einem Ladeger\u00e4t aufgeladen werden, das mit Li-Ionen-Akkus kompatibel ist, wie beispielsweise dieses. Die Verwendung anderer Ladeger\u00e4te zum Aufladen des Akkus beeintr\u00e4chtigt die Leistung und Lebensdauer des Akkus.<\/p>\n<h4>H\u00e4ufig gestellte Fragen<\/h4>\n<p>1. Funktioniert nicht<br \/>\n\u00b7 \u00dcberpr\u00fcfen Sie, ob die Wechselstrom-Eingangsspannung 110 oder 220 V betr\u00e4gt.<br \/>\n\u00b7 \u00dcberpr\u00fcfen Sie, ob der Eingangs-Wechselstromanschluss korrekt angeschlossen ist und ob die Sicherung besch\u00e4digt ist.<br \/>\n\u00b7 \u00dcberpr\u00fcfen Sie, ob der Ausgangsstecker richtig angeschlossen ist, ob er passt und ob die Sicherung besch\u00e4digt ist.<br \/>\n\u00b7 \u00dcberpr\u00fcfen Sie, ob das BMS-System gesch\u00fctzt ist.<br \/>\n2. Wie laut ist das Ger\u00e4usch?<br \/>\nDa sich im Ladeger\u00e4t ein L\u00fcfter befindet, betr\u00e4gt die Ger\u00e4uschentwicklung etwa 40\u201360 dB.<\/p>","protected":false},"excerpt":{"rendered":"<p>Li-Ionen-Akku-Ladeger\u00e4t, Aluminiumlegierung, interne Einstellkn\u00f6pfe, kann Spannung und Strom kalibrieren, kann 10S 36V Li-Ionen-Akkus laden<\/p>","protected":false},"featured_media":9465,"comment_status":"open","ping_status":"closed","template":"","meta":[],"product_cat":[281,1692],"product_tag":[],"class_list":{"0":"post-8715","1":"product","2":"type-product","3":"status-publish","4":"has-post-thumbnail","6":"product_brand-ohrija","7":"product_cat-10s-42v-charger","8":"product_cat-electric-scooter-battery-charger","9":"product_shipping_class-180w","11":"first","12":"instock","13":"taxable","14":"shipping-taxable","15":"purchasable","16":"product-type-variable","17":"wvs-archive-product-wrapper","18":"col-xs-6 col-sm-4","19":"col-md-3 col-lg-3","20":"un-4-cols"},"jetpack_sharing_enabled":true,"_links":{"self":[{"href":"https:\/\/ohrija.com\/de\/wp-json\/wp\/v2\/product\/8715","targetHints":{"allow":["GET"]}}],"collection":[{"href":"https:\/\/ohrija.com\/de\/wp-json\/wp\/v2\/product"}],"about":[{"href":"https:\/\/ohrija.com\/de\/wp-json\/wp\/v2\/types\/product"}],"replies":[{"embeddable":true,"href":"https:\/\/ohrija.com\/de\/wp-json\/wp\/v2\/comments?post=8715"}],"version-history":[{"count":1,"href":"https:\/\/ohrija.com\/de\/wp-json\/wp\/v2\/product\/8715\/revisions"}],"predecessor-version":[{"id":37469,"href":"https:\/\/ohrija.com\/de\/wp-json\/wp\/v2\/product\/8715\/revisions\/37469"}],"wp:featuredmedia":[{"embeddable":true,"href":"https:\/\/ohrija.com\/de\/wp-json\/wp\/v2\/media\/9465"}],"wp:attachment":[{"href":"https:\/\/ohrija.com\/de\/wp-json\/wp\/v2\/media?parent=8715"}],"wp:term":[{"taxonomy":"product_cat","embeddable":true,"href":"https:\/\/ohrija.com\/de\/wp-json\/wp\/v2\/product_cat?post=8715"},{"taxonomy":"product_tag","embeddable":true,"href":"https:\/\/ohrija.com\/de\/wp-json\/wp\/v2\/product_tag?post=8715"}],"curies":[{"name":"wp","href":"https:\/\/api.w.org\/{rel}","templated":true}]}}