{"id":8595,"date":"2024-07-03T17:57:56","date_gmt":"2024-07-03T09:57:56","guid":{"rendered":"https:\/\/ohrija.com\/?post_type=product&#038;p=8595"},"modified":"2026-04-15T05:48:34","modified_gmt":"2026-04-15T05:48:34","slug":"ohrija-54-6v-15a-charging-lithium-batteries","status":"publish","type":"product","link":"https:\/\/ohrija.com\/de\/produkt\/ohrija-54-6v-15a-charging-lithium-batteries\/","title":{"rendered":"Das Ladeger\u00e4t OHRIJA f\u00fcr Lithium-Batterien mit 54,6 V und 15 A eignet sich f\u00fcr 13S 48V Li-Ionen-Batterien."},"content":{"rendered":"<h2><span style=\"color: #ff0000;\">Warnung<\/span><\/h2>\n<p>Bitte \u00fcberpr\u00fcfen Sie die erforderlichen Parameter, den Eingangsstecker und den Ausgangsstecker. Wenn Sie diese nicht best\u00e4tigen k\u00f6nnen, kaufen Sie bitte nicht und wenden Sie sich an den Kundendienst, um Unterst\u00fctzung zu erhalten.  Vielen Dank!<br \/>\n1. Nicht in Umgebungen mit hohen Temperaturen, Dunkelheit und Feuchtigkeit verwenden.<br \/>\n2. Bewahren Sie es in einer gut bel\u00fcfteten Umgebung auf.<br \/>\n3. Von brennbaren und explosiven Gegenst\u00e4nden fernhalten.<\/p>\n<h2>Produktparameter<\/h2>\n<p>Produktmodell: HRH900<br \/>\nProduktmaterial: Geh\u00e4use aus Aluminiumlegierung<br \/>\nAusgangsspannung: maximal 54,6 V \u00b10,2 V<br \/>\nAusgangsstrom: maximal 15 Ampere \u00b10,2 A<br \/>\nProduktgr\u00f6\u00dfe: 210 \u00d7 120 \u00d7 70 mm, 2,4 kg<br \/>\nGeeigneter Batterietyp: 13S 48,1 V Lithium-Ionen-Batterie<br \/>\nLeistung: maximal 885 W<br \/>\nFarbe: schwarz, silber, rot, optional<br \/>\nEingangsstecker: US, EU, UK, AU (w\u00e4hlen Sie den richtigen Stecker gem\u00e4\u00df den \u00f6rtlichen Normen)<br \/>\nAusgangsanschluss: XT60 | XT90 | Krokodilklemme | Anderson 50A | Drahtnase | 45A (w\u00e4hlen Sie den richtigen Anschluss entsprechend dem Batterieanschluss)<br \/>\nLieferumfang: Ladeger\u00e4t * 1, DC-Ausgangskabel 1 m * 1, Eingangskabel 1 m * 1, Bedienungsanleitung * 1<\/p>\n<h2>Produktvorstellung<\/h2>\n<p><strong>1. Effizientes Laden<\/strong><br \/>\nDurch den Einsatz fortschrittlicher Schaltnetzteiltechnologie erreicht die Ladeeffizienz einen Wert von 85% oder mehr, wodurch die Ladezeit verk\u00fcrzt und der Energieverbrauch gesenkt wird.<br \/>\n<strong>2. Konstantspannungs- und Konstantstrom-Lademodus<\/strong><br \/>\nDas Ladeger\u00e4t arbeitet im Konstantstrommodus (CC), bis die Batteriespannung sich dem eingestellten Wert (54,6 V) n\u00e4hert, und schaltet dann in den Konstantspannungsmodus (CV), um die Sicherheit des Ladevorgangs zu gew\u00e4hrleisten und eine \u00dcberladung zu vermeiden.<br \/>\n<strong>3. Intelligente Temperaturregelung\u00a0<\/strong><br \/>\nDer integrierte Temperatursensor kann die Temperatur des Ladeger\u00e4ts in Echtzeit \u00fcberwachen. Wenn die Temperatur den sicheren Bereich \u00fcberschreitet, reduziert er automatisch den Ladestrom oder unterbricht den Ladevorgang, um eine \u00dcberhitzung zu verhindern.<br \/>\n<strong>4. Mehrere Schutzfunktionen<\/strong><br \/>\n<strong>\u00b7 <\/strong>\u00dcberspannungsschutz: Wenn die Spannung den sicheren Bereich \u00fcberschreitet, unterbricht das Ladeger\u00e4t automatisch die Stromzufuhr, um Sch\u00e4den an der Batterie zu verhindern.<br \/>\n<strong>\u00b7 <\/strong>\u00dcberstromschutz: Wenn der Strom den Nennwert \u00fcberschreitet, wird der Ausgangsstrom automatisch begrenzt, um die Batterie und das Ladeger\u00e4t zu sch\u00fctzen.<br \/>\n<strong>\u00b7 <\/strong>Kurzschlussschutz: Das Ladeger\u00e4t verf\u00fcgt \u00fcber eine Kurzschlussschutzfunktion, um Gefahren durch Kurzschl\u00fcsse zu vermeiden.<br \/>\n<strong>\u00b7 <\/strong>Verpolungsschutz: Bei Verpolung der Batterie unterbricht das Ladeger\u00e4t automatisch den Ladevorgang, um Sch\u00e4den an Batterie und Ladeger\u00e4t zu vermeiden.<br \/>\n<strong>5 LED-Anzeigeleuchten<\/strong><br \/>\nDas Ladeger\u00e4t ist mit LED-Anzeigeleuchten ausgestattet, die den aktuellen Ladezustand anzeigen:<br \/>\n<strong>\u00b7 <\/strong>Rotes Licht: Laden.<br \/>\n<strong>\u00b7 <\/strong> Gr\u00fcnes Licht: Ladevorgang abgeschlossen oder Standby.<br \/>\n<strong>6 Spannung und Strom k\u00f6nnen kalibriert werden<\/strong><br \/>\n<strong>\u00b7 <\/strong>Der einstellbare Widerstand VR1 im Ladeger\u00e4t kann zwischen 50 und 59 V kalibriert werden.<br \/>\n<strong>\u00b7 <\/strong>Der einstellbare Widerstand VR2 kann den Strom zwischen 10 und 15 Ampere kalibrieren.<br \/>\n<strong>\u00b7 <\/strong>Das Ladeger\u00e4t ben\u00f6tigt eine Batteriespannung von mindestens 36 V, um zu funktionieren.<br \/>\n<strong>\u00b7 <\/strong>Das Ladeger\u00e4t kann Spannung und Strom direkt ausgeben und somit als Adapter verwendet werden.<\/p>\n<h2>Geeignete Ger\u00e4te<\/h2>\n<p>\u00b7 Dies <a href=\"https:\/\/ohrija.com\/de\/produkt\/ohrija-54-6v-15a-charger-li-ion-battery-charger\/\">54,6 V 15 A<\/a> Das Ladeger\u00e4t ist f\u00fcr Elektrofahrr\u00e4der, Elektroroller und andere Ger\u00e4te mit Lithium-Ionen-Akkus konzipiert. Das Ladeger\u00e4t nutzt eine hocheffiziente Umwandlungstechnologie, um ein schnelles und sicheres Laden der Akkus zu gew\u00e4hrleisten und deren Lebensdauer zu verl\u00e4ngern.<br \/>\nDas Ladeger\u00e4t ist nur f\u00fcr 13S 48V Lithium-Ionen-Akkus geeignet., <a href=\"https:\/\/ohrija.com\/de\/produkt\/ohrija-54-6v-15a-charger-li-ion-battery-charger\/\">Ladeger\u00e4te f\u00fcr Elektrofahrr\u00e4der<\/a>, Ladeger\u00e4te f\u00fcr Elektroroller und andere Ger\u00e4te mit 13S-48V-Lithium-Ionen-Akkus.<\/p>\n<h2>Ladezeit<\/h2>\n<p>\u00b7 Die <a href=\"https:\/\/ohrija.com\/de\/produkt\/ohrija-54-6v-15a-charger-li-ion-battery-charger\/\">54,6 V 15 A Li-Ionen-Akkuladeger\u00e4t <\/a>ist f\u00fcr das Schnellladen von 13S 48,1-V-Li-Ionen-Akkus ausgelegt und kann 13S 48,1-V-Li-Ionen-Akkus mit einer Ladestromst\u00e4rke von 15 Ampere laden.<br \/>\n\u00b7 Mit einer maximalen Spannung von 54,6 V und einem Nennstrom von 15 Ampere kann es einen 30-Ah-Li-Ionen-Akku in etwa 2 Stunden und einen 60-Ah-Akku in etwa 4 Stunden vollst\u00e4ndig aufladen. Ein 90-Ah-Akku kann in 6 Stunden vollst\u00e4ndig aufgeladen werden. F\u00fcr kleinere Akkus (&lt;10 Ah) empfehlen wir die Verwendung eines<a href=\"https:\/\/ohrija.com\/de\/produkt\/ohrija-54-6v-3a-e-bike-battery-charger\/\"> 3A-Ladeger\u00e4t<\/a>. Alle Li-Ionen-Akkus sollten mit einem Ladeger\u00e4t aufgeladen werden, das mit Li-Ionen-Akkus kompatibel ist, wie beispielsweise dieses. Die Verwendung anderer Ladeger\u00e4te zum Aufladen des Akkus beeintr\u00e4chtigt die Leistung und Lebensdauer des Akkus.<\/p>\n<h2>H\u00e4ufig gestellte Fragen<\/h2>\n<p>1. Funktioniert nicht<br \/>\n\u00b7 \u00dcberpr\u00fcfen Sie, ob die Wechselstrom-Eingangsspannung 110 oder 220 V betr\u00e4gt.<br \/>\n\u00b7 \u00dcberpr\u00fcfen Sie, ob der Eingangs-Wechselstromanschluss korrekt angeschlossen ist und ob die Sicherung besch\u00e4digt ist.<br \/>\n\u00b7 \u00dcberpr\u00fcfen Sie, ob der Ausgangsstecker richtig angeschlossen ist, ob er passt und ob die Sicherung besch\u00e4digt ist.<br \/>\n\u00b7 \u00dcberpr\u00fcfen Sie, ob das BMS-System gesch\u00fctzt ist.<br \/>\n2. Wie laut ist das Ger\u00e4usch?<br \/>\nDa sich im Ladeger\u00e4t ein L\u00fcfter befindet, betr\u00e4gt die Ger\u00e4uschentwicklung etwa 40\u201360 dB.<\/p>\n<p>&nbsp;<\/p>","protected":false},"excerpt":{"rendered":"<p>Laden von Lithium-Batterien, Aluminiumlegierung, intern einstellbarer Knopf, kann Spannung und Strom kalibrieren, kann 13S 48V Lithium-Ionen-Batterien laden<\/p>","protected":false},"featured_media":9644,"comment_status":"open","ping_status":"closed","template":"","meta":[],"product_cat":[284,320,1692],"product_tag":[],"class_list":{"0":"post-8595","1":"product","2":"type-product","3":"status-publish","4":"has-post-thumbnail","6":"product_brand-ohrija","7":"product_cat-13s-54-6v-charger","8":"product_cat-electric-bicycle-charger","9":"product_cat-electric-scooter-battery-charger","10":"product_shipping_class-900w","12":"first","13":"instock","14":"taxable","15":"shipping-taxable","16":"purchasable","17":"product-type-variable","18":"wvs-archive-product-wrapper","19":"col-xs-6 col-sm-4","20":"col-md-3 col-lg-3","21":"un-4-cols"},"jetpack_sharing_enabled":true,"_links":{"self":[{"href":"https:\/\/ohrija.com\/de\/wp-json\/wp\/v2\/product\/8595","targetHints":{"allow":["GET"]}}],"collection":[{"href":"https:\/\/ohrija.com\/de\/wp-json\/wp\/v2\/product"}],"about":[{"href":"https:\/\/ohrija.com\/de\/wp-json\/wp\/v2\/types\/product"}],"replies":[{"embeddable":true,"href":"https:\/\/ohrija.com\/de\/wp-json\/wp\/v2\/comments?post=8595"}],"version-history":[{"count":1,"href":"https:\/\/ohrija.com\/de\/wp-json\/wp\/v2\/product\/8595\/revisions"}],"predecessor-version":[{"id":37475,"href":"https:\/\/ohrija.com\/de\/wp-json\/wp\/v2\/product\/8595\/revisions\/37475"}],"wp:featuredmedia":[{"embeddable":true,"href":"https:\/\/ohrija.com\/de\/wp-json\/wp\/v2\/media\/9644"}],"wp:attachment":[{"href":"https:\/\/ohrija.com\/de\/wp-json\/wp\/v2\/media?parent=8595"}],"wp:term":[{"taxonomy":"product_cat","embeddable":true,"href":"https:\/\/ohrija.com\/de\/wp-json\/wp\/v2\/product_cat?post=8595"},{"taxonomy":"product_tag","embeddable":true,"href":"https:\/\/ohrija.com\/de\/wp-json\/wp\/v2\/product_tag?post=8595"}],"curies":[{"name":"wp","href":"https:\/\/api.w.org\/{rel}","templated":true}]}}