{"id":8202,"date":"2024-06-29T17:38:21","date_gmt":"2024-06-29T09:38:21","guid":{"rendered":"https:\/\/ohrija.com\/?post_type=product&#038;p=8202"},"modified":"2025-06-27T05:43:29","modified_gmt":"2025-06-27T05:43:29","slug":"ohrija-58-4v-8a-charger-for-a-razor-scooter","status":"publish","type":"product","link":"https:\/\/ohrija.com\/de\/produkt\/ohrija-58-4v-8a-charger-for-a-razor-scooter\/","title":{"rendered":"OHRIJA Ladeger\u00e4t f\u00fcr einen Razor-Roller Das 58,4-V-8-A-Ladeger\u00e4t eignet sich f\u00fcr 16S-48-V-Lifepo4-Akkus."},"content":{"rendered":"<h4><span style=\"color: #ff0000;\">Warnung<\/span><\/h4>\n<p>Bitte \u00fcberpr\u00fcfen Sie die erforderlichen Parameter, den Eingangsstecker und den Ausgangsstecker. Wenn Sie diese nicht best\u00e4tigen k\u00f6nnen, kaufen Sie das Produkt bitte nicht und wenden Sie sich an den Kundendienst, um Unterst\u00fctzung zu erhalten. Vielen Dank!<br \/>\n1. Nicht in Umgebungen mit hohen Temperaturen, Dunkelheit und Feuchtigkeit verwenden.<br \/>\n2. Bewahren Sie es in einer gut bel\u00fcfteten Umgebung auf.<br \/>\n3. Von brennbaren und explosiven Gegenst\u00e4nden fernhalten.<\/p>\n<h4>Produktparameter<\/h4>\n<p>Produktmodell: HRH500<br \/>\nProduktmaterial: Geh\u00e4use aus Aluminiumlegierung<br \/>\nAusgangsspannung: maximal 58,4 V \u00b10,2 V<br \/>\nAusgangsstrom: maximal 8 Ampere \u00b10,2 A<br \/>\nProduktgr\u00f6\u00dfe: 170 \u00d7 90 \u00d7 50 mm, 1,1 kg<br \/>\nGeeigneter Batterietyp: 16S 51,2 V Lifepo4-Batterie<br \/>\nLeistung: maximal 490 W<br \/>\nFarbe: schwarz, silber, rot  optional<br \/>\nEingangsstecker: US, EU, UK, AU (w\u00e4hlen Sie den richtigen Stecker gem\u00e4\u00df den \u00f6rtlichen Normen)<br \/>\nAusgangsanschluss: XT60 | XT90 | Krokodilklemme | Anderson 50A | GX16 1+3- | IEC C13 | XLR | DC5,5*2,5 | Anderson 45A (w\u00e4hlen Sie den richtigen Anschluss entsprechend dem Batterieanschluss)<br \/>\nLieferumfang: Ladeger\u00e4t * 1, DC-Ausgangskabel 1 m * 1, Eingangskabel 1 m * 1, Bedienungsanleitung * 1<\/p>\n<h4>Produktvorstellung<\/h4>\n<p><strong>1. Effizientes Laden<\/strong><br \/>\nDurch den Einsatz fortschrittlicher Schaltnetzteiltechnologie erreicht die Ladeeffizienz einen Wert von 85% oder mehr, wodurch die Ladezeit verk\u00fcrzt und der Energieverbrauch gesenkt wird.<br \/>\n<strong>2. Konstantspannungs- und Konstantstrom-Lademodus<\/strong><br \/>\nDas Ladeger\u00e4t arbeitet im Konstantstrommodus (CC), bis die Batteriespannung den eingestellten Wert (58,4 V) erreicht, und schaltet dann in den Konstantspannungsmodus (CV), um die Sicherheit des Ladevorgangs zu gew\u00e4hrleisten und eine \u00dcberladung zu vermeiden.<br \/>\n<strong>3. Intelligente Temperaturregelung\u00a0<\/strong><br \/>\nDer integrierte Temperatursensor kann die Temperatur des Ladeger\u00e4ts in Echtzeit \u00fcberwachen. Wenn die Temperatur den sicheren Bereich \u00fcberschreitet, reduziert er automatisch den Ladestrom oder unterbricht den Ladevorgang, um eine \u00dcberhitzung zu verhindern.<br \/>\n<strong>4. Mehrere Schutzfunktionen<\/strong><br \/>\n<strong>\u00b7\u00a0<\/strong>\u00dcberspannungsschutz: Wenn die Spannung den sicheren Bereich \u00fcberschreitet, unterbricht das Ladeger\u00e4t automatisch die Stromzufuhr, um Sch\u00e4den an der Batterie zu verhindern.<br \/>\n<strong>\u00b7\u00a0<\/strong>\u00dcberstromschutz: Wenn der Strom den Nennwert \u00fcberschreitet, wird der Ausgangsstrom automatisch begrenzt, um die Batterie und das Ladeger\u00e4t zu sch\u00fctzen.<br \/>\n<strong>\u00b7\u00a0<\/strong>Kurzschlussschutz: Das Ladeger\u00e4t verf\u00fcgt \u00fcber eine Kurzschlussschutzfunktion, um Gefahren durch Kurzschl\u00fcsse zu vermeiden.<br \/>\n<strong>\u00b7\u00a0<\/strong>Verpolungsschutz: Bei Verpolung der Batterie unterbricht das Ladeger\u00e4t automatisch den Ladevorgang, um Sch\u00e4den an Batterie und Ladeger\u00e4t zu vermeiden.<br \/>\n<strong>5 LED-Anzeigeleuchten<\/strong><br \/>\nDas Ladeger\u00e4t ist mit LED-Anzeigeleuchten ausgestattet, die den aktuellen Ladezustand anzeigen:<br \/>\n<strong>\u00b7\u00a0<\/strong>Rotes Licht: Laden.<br \/>\n<strong>\u00b7\u00a0<\/strong>Gr\u00fcnes Licht: Ladevorgang abgeschlossen oder Standby.<br \/>\n<strong>6. Spannung und Strom k\u00f6nnen kalibriert werden.<\/strong><br \/>\n<strong>\u00b7\u00a0<\/strong>Der einstellbare Widerstand VR1 im Ladeger\u00e4t kann zwischen 50 und 59 V kalibriert werden.<br \/>\n<strong>\u00b7\u00a0<\/strong>Der einstellbare Widerstand VR2 kann den Strom zwischen 6 und 8 Ampere kalibrieren.<br \/>\n<strong>\u00b7\u00a0<\/strong>Das Ladeger\u00e4t ben\u00f6tigt eine Batteriespannung von mindestens 30 V, um zu funktionieren.<br \/>\n<strong>\u00b7\u00a0<\/strong>Das Ladeger\u00e4t kann Spannung und Strom direkt ausgeben und somit als Adapter verwendet werden.<\/p>\n<h2>Ladeger\u00e4t f\u00fcr einen Razor-Roller Geeignete Ger\u00e4te<\/h2>\n<p>\u00b7 Dies\u00a0<a href=\"https:\/\/ohrija.com\/de\/produkt\/ohrija-58-4v-8a-charger-lifepo4-battery-charger\/\">58,4 V 8 A<\/a>\u00a0Das Batterieladeger\u00e4t ist f\u00fcr Wohnmobile und andere Lifepo4-Batterieger\u00e4te konzipiert. Das Ladeger\u00e4t nutzt eine hocheffiziente Umwandlungstechnologie, um ein schnelles und sicheres Laden der Batterie zu gew\u00e4hrleisten und deren Lebensdauer zu verl\u00e4ngern.<br \/>\nDas Ladeger\u00e4t ist nur f\u00fcr 16S 51,2 V Lifepo4-Batterien geeignet., <a href=\"https:\/\/ohrija.com\/de\/produkt\/ohrija-58-4v-8a-charger-lifepo4-battery-charger\/\">Wohnmobil-Batterieladeger\u00e4te<\/a> \u00a0und andere 16S 51,2 V Lifepo4-Batterieger\u00e4te.<a href=\"https:\/\/ohrija.com\/de\/produkt-kategorie\/li-ionen-akku-ladegerat\/\">Ladeger\u00e4t f\u00fcr einen Razor-Roller<\/a><\/p>\n<h4>Ladezeit<\/h4>\n<p>\u00b7 Die\u00a0<a href=\"https:\/\/ohrija.com\/de\/produkt\/ohrija-58-4v-8a-charger-lifepo4-battery-charger\/\">58,4 V 8 A Lifepo4-Batterieladeger\u00e4t<\/a> ist f\u00fcr das schnelle Laden von 16S 51,2 V Lifepo4-Akkus ausgelegt und kann 16S 51,2 V Lifepo4-Akkus mit einer Ladestromst\u00e4rke von 8 Ampere laden.<br \/>\n\u00b7 Mit einer maximalen Spannung von 58,4 V und einem Nennstrom von 8 Ampere kann es eine 24-Ah-Lifepo4-Batterie in etwa 3 Stunden und eine 40-Ah-Batterie in etwa 5 Stunden vollst\u00e4ndig aufladen. Eine 80-Ah-Batterie kann in 10 Stunden vollst\u00e4ndig aufgeladen werden. F\u00fcr kleinere Batterien (&lt;10 Ah) empfehlen wir die Verwendung eines<a href=\"https:\/\/ohrija.com\/de\/produkt\/ohrija-58-4v-3a-charger-lifepo4-battery-charger\/\"> 3A-Ladeger\u00e4t<\/a>. Alle Lifepo4-Batterien sollten mit einem Ladeger\u00e4t aufgeladen werden, das mit Lifepo4-Batterien kompatibel ist, wie beispielsweise dieses. Die Verwendung anderer Ladeger\u00e4te zum Aufladen der Batterie beeintr\u00e4chtigt die Leistung und Lebensdauer der Batterie.<\/p>\n<h4>H\u00e4ufig gestellte Fragen<\/h4>\n<p>1. Funktioniert nicht<br \/>\n\u00b7 \u00dcberpr\u00fcfen Sie, ob die Wechselstrom-Eingangsspannung 110 oder 220 V betr\u00e4gt.<br \/>\n\u00b7 \u00dcberpr\u00fcfen Sie, ob der Eingangs-Wechselstromanschluss korrekt angeschlossen ist und ob die Sicherung besch\u00e4digt ist.<br \/>\n\u00b7 \u00dcberpr\u00fcfen Sie, ob der Ausgangsstecker richtig angeschlossen ist, ob er passt und ob die Sicherung besch\u00e4digt ist.<br \/>\n\u00b7 \u00dcberpr\u00fcfen Sie, ob das BMS-System gesch\u00fctzt ist.<br \/>\n2. Wie laut ist das Ger\u00e4usch?<br \/>\nDa sich im Ladeger\u00e4t ein L\u00fcfter befindet, betr\u00e4gt die Ger\u00e4uschentwicklung etwa 40\u201360 dB.<\/p>","protected":false},"excerpt":{"rendered":"<p>Ladeger\u00e4t f\u00fcr einen Razor-Roller. Lifepo4-Batterieladeger\u00e4t, Aluminiumlegierung, interner einstellbarer Knopf, kann Spannung und Strom kalibrieren, kann 16S 48V Lifepo4-Batterien laden.<\/p>","protected":false},"featured_media":9523,"comment_status":"open","ping_status":"closed","template":"","meta":[],"product_cat":[302],"product_tag":[],"class_list":{"0":"post-8202","1":"product","2":"type-product","3":"status-publish","4":"has-post-thumbnail","6":"product_brand-ohrija","7":"product_cat-16s-58-4v-charger","8":"product_shipping_class-500w","10":"first","11":"instock","12":"taxable","13":"shipping-taxable","14":"purchasable","15":"product-type-variable","16":"wvs-archive-product-wrapper","17":"col-xs-6 col-sm-4","18":"col-md-3 col-lg-3","19":"un-4-cols"},"jetpack_sharing_enabled":true,"_links":{"self":[{"href":"https:\/\/ohrija.com\/de\/wp-json\/wp\/v2\/product\/8202","targetHints":{"allow":["GET"]}}],"collection":[{"href":"https:\/\/ohrija.com\/de\/wp-json\/wp\/v2\/product"}],"about":[{"href":"https:\/\/ohrija.com\/de\/wp-json\/wp\/v2\/types\/product"}],"replies":[{"embeddable":true,"href":"https:\/\/ohrija.com\/de\/wp-json\/wp\/v2\/comments?post=8202"}],"version-history":[{"count":0,"href":"https:\/\/ohrija.com\/de\/wp-json\/wp\/v2\/product\/8202\/revisions"}],"wp:featuredmedia":[{"embeddable":true,"href":"https:\/\/ohrija.com\/de\/wp-json\/wp\/v2\/media\/9523"}],"wp:attachment":[{"href":"https:\/\/ohrija.com\/de\/wp-json\/wp\/v2\/media?parent=8202"}],"wp:term":[{"taxonomy":"product_cat","embeddable":true,"href":"https:\/\/ohrija.com\/de\/wp-json\/wp\/v2\/product_cat?post=8202"},{"taxonomy":"product_tag","embeddable":true,"href":"https:\/\/ohrija.com\/de\/wp-json\/wp\/v2\/product_tag?post=8202"}],"curies":[{"name":"wp","href":"https:\/\/api.w.org\/{rel}","templated":true}]}}