{"id":7253,"date":"2024-05-17T21:46:36","date_gmt":"2024-05-17T13:46:36","guid":{"rendered":"https:\/\/ohrija.com\/?post_type=product&#038;p=7253"},"modified":"2025-05-30T13:10:08","modified_gmt":"2025-05-30T13:10:08","slug":"36v-18a-golf-charger-36-volt-golf-cart-charger","status":"publish","type":"product","link":"https:\/\/ohrija.com\/de\/produkt\/36v-18a-golf-charger-36-volt-golf-cart-charger\/","title":{"rendered":"OHRIJA 36-Volt-Golfwagen-Ladeger\u00e4t 36 V 18 A, geeignet f\u00fcr 41,4-V-Blei-S\u00e4ure-Batterien, OLED-Display"},"content":{"rendered":"<h4><span style=\"color: #ff0000;\">Warnung<\/span><\/h4>\n<p>Bitte \u00fcberpr\u00fcfen Sie die erforderlichen Parameter, den Eingangsstecker und den Ausgangsstecker. Wenn Sie diese nicht best\u00e4tigen k\u00f6nnen, kaufen Sie das Produkt bitte nicht und wenden Sie sich an den Kundendienst, um Unterst\u00fctzung zu erhalten. (Es kommt zu einem 10%-Fehler zwischen dem Bildschirm und den tats\u00e4chlichen Parametern. Wenn Sie damit nicht einverstanden sind, kaufen Sie das Produkt bitte nicht.) Vielen Dank!<br \/>\n1. Nicht in Umgebungen mit hohen Temperaturen, Dunkelheit und Feuchtigkeit verwenden.<br \/>\n2. Bewahren Sie es in einer gut bel\u00fcfteten Umgebung auf.<br \/>\n3. Von brennbaren und explosiven Gegenst\u00e4nden fernhalten.<\/p>\n<h4>Produktparameter<\/h4>\n<p>Produktmodell: HRH900<br \/>\nProduktmaterial: Geh\u00e4use aus Aluminiumlegierung<br \/>\nAusgangsspannung: maximal 41,4 V\/44,1 V \u00b1 0,2 V<br \/>\nAusgangsstrom: maximal 18 Ampere \u00b10,2 A<br \/>\nProduktgr\u00f6\u00dfe: 210 \u00d7 120 \u00d7 70 mm, 2,4 kg<br \/>\nGeeigneter Batterietyp: 36-V-Blei-S\u00e4ure-Batterie<br \/>\nLeistung: maximal 890 W<br \/>\nFarbe: schwarz, rot optional<br \/>\nEingangsstecker: US, EU, UK, AU (w\u00e4hlen Sie den richtigen Stecker gem\u00e4\u00df den \u00f6rtlichen Normen)<br \/>\nAusgangsanschluss: EZGO TXT (TXT Powerwise \u201cD\u201d-Stecker) (73345-G01) | Crowfoot (1016433-01) | EZGO DCS (SB50 Anderson) (18972-G1+28030-G01) (w\u00e4hlen Sie den richtigen Anschluss entsprechend dem Batterieanschluss)<br \/>\nLieferumfang: Ladeger\u00e4t*1, DC-Ausgangskabel 1 m*1, Eingangskabel 1 m*1, Bedienungsanleitung*1<\/p>\n<h4>Produktvorstellung<\/h4>\n<p><strong>1. Effizientes Laden<\/strong><br \/>\nDurch den Einsatz fortschrittlicher Schaltnetzteiltechnologie erreicht die Ladeeffizienz einen Wert von 85% oder mehr, wodurch die Ladezeit verk\u00fcrzt und der Energieverbrauch gesenkt wird.<br \/>\n<strong>2. Konstantspannungs- und Konstantstrom-Lademodus<\/strong><br \/>\nDas Ladeger\u00e4t arbeitet im Konstantstrommodus (CC), bis die Batteriespannung den eingestellten Wert (44,1 V) erreicht, und schaltet dann in den Konstantspannungsmodus (CV), um die Sicherheit des Ladevorgangs zu gew\u00e4hrleisten und eine \u00dcberladung zu vermeiden.<br \/>\n<strong>3. Intelligente Temperaturregelung\u00a0<\/strong><br \/>\nDer integrierte Temperatursensor kann die Temperatur des Ladeger\u00e4ts in Echtzeit \u00fcberwachen. Wenn die Temperatur den sicheren Bereich \u00fcberschreitet, reduziert er automatisch den Ladestrom oder unterbricht den Ladevorgang, um eine \u00dcberhitzung zu verhindern.<br \/>\n<strong>4. Mehrere Schutzfunktionen<\/strong><br \/>\n<strong>\u00b7 <\/strong>\u00dcberspannungsschutz: Wenn die Spannung den sicheren Bereich \u00fcberschreitet, unterbricht das Ladeger\u00e4t automatisch die Stromzufuhr, um Sch\u00e4den an der Batterie zu verhindern.<br \/>\n<strong>\u00b7 <\/strong>\u00dcberstromschutz: Wenn der Strom den Nennwert \u00fcberschreitet, wird der Ausgangsstrom automatisch begrenzt, um die Batterie und das Ladeger\u00e4t zu sch\u00fctzen.<br \/>\n<strong>\u00b7 <\/strong>Kurzschlussschutz: Das Ladeger\u00e4t verf\u00fcgt \u00fcber eine Kurzschlussschutzfunktion, um Gefahren durch Kurzschl\u00fcsse zu vermeiden.<br \/>\n<strong>\u00b7 <\/strong>Verpolungsschutz: Bei Verpolung der Batterie unterbricht das Ladeger\u00e4t automatisch den Ladevorgang, um Sch\u00e4den an Batterie und Ladeger\u00e4t zu vermeiden.<br \/>\n<strong>5 LED-Anzeigeleuchten<\/strong><br \/>\nDas Ladeger\u00e4t ist mit LED-Anzeigeleuchten ausgestattet, die den aktuellen Ladezustand anzeigen:<br \/>\n<strong>\u00b7 <\/strong>Rotes Licht: Laden.<br \/>\n<strong>\u00b7 <\/strong> Gr\u00fcnes Licht: Ladevorgang abgeschlossen oder Standby.<br \/>\n<strong>6 Spannung und Strom k\u00f6nnen kalibriert werden<\/strong><br \/>\n<strong>\u00b7 <\/strong>Der einstellbare Widerstand VR2 kann den Strom zwischen 15 und 18 Ampere kalibrieren.<br \/>\n<strong>\u00b7 <\/strong>Das Ladeger\u00e4t ben\u00f6tigt eine Batteriespannung von mindestens 20 V, um zu funktionieren.<br \/>\n<strong>\u00b7 <\/strong>Das Ladeger\u00e4t kann Spannung und Strom direkt ausgeben und somit als Adapter verwendet werden.<\/p>\n<h2>36-Volt-Golfwagen-Ladeger\u00e4t Geeignete Ger\u00e4te<\/h2>\n<p>\u00b7 Dies <a href=\"https:\/\/ohrija.com\/de\/produkt\/36v-18a-golf-charger-36-volt-golf-cart-charger\/\">36-V-Blei-S\u00e4ure-Batterieladeger\u00e4t<\/a> ist f\u00fcr Golfwagen und andere Ger\u00e4te mit Blei-S\u00e4ure-Batterien konzipiert. Das Ladeger\u00e4t nutzt eine hocheffiziente Umwandlungstechnologie, um ein schnelles und sicheres Laden der Batterie zu gew\u00e4hrleisten und deren Lebensdauer zu verl\u00e4ngern.<br \/>\nDas Ladeger\u00e4t ist nur f\u00fcr 36-V-Blei-S\u00e4ure-Batterien geeignet., <a href=\"https:\/\/ohrija.com\/de\/produkt\/36v-18a-golf-charger-36-volt-golf-cart-charger\/\">Ladeger\u00e4t f\u00fcr Golfwagen<\/a> und andere 36-V-Blei-S\u00e4ure-Batterieger\u00e4te.<\/p>\n<h4>Ladezeit<\/h4>\n<p>\u00b7 Die <a href=\"https:\/\/ohrija.com\/de\/produkt\/36v-18a-golf-charger-36-volt-golf-cart-charger\/\">36 V, 18 A Blei-S\u00e4ure-Batterieladeger\u00e4t<\/a> ist f\u00fcr das Schnellladen von 36-V-Blei-S\u00e4ure-Batterien ausgelegt und kann 36-V-Blei-S\u00e4ure-Batterien mit einer Ladestromst\u00e4rke von 18 Ampere laden.<br \/>\n\u00b7 Die maximale Spannung betr\u00e4gt 41,4 V, wenn keine Batterie angeschlossen ist, und 44,1 V beim Laden. Der Nennstrom betr\u00e4gt 18 Ampere, wodurch eine 36-Ah-Blei-S\u00e4ure-Batterie in etwa 2 Stunden und eine 72-Ah-Batterie in etwa 4 Stunden vollst\u00e4ndig aufgeladen werden kann. Eine 90-Ah-Batterie kann in 5 Stunden vollst\u00e4ndig aufgeladen werden. F\u00fcr kleinere Batterien (&lt;10 Ah) empfehlen wir die Verwendung eines <a href=\"https:\/\/ohrija.com\/de\/produkt\/36v-5a-golf-car-charger-battery-charger\/\">5A<\/a> Ladeger\u00e4t. Alle Blei-S\u00e4ure-Batterien sollten mit einem f\u00fcr Blei-S\u00e4ure-Batterien geeigneten Ladeger\u00e4t, wie beispielsweise diesem Ladeger\u00e4t, geladen werden. Das Laden der Batterie mit anderen Ladeger\u00e4ten beeintr\u00e4chtigt die Leistung und Lebensdauer der Batterie.<\/p>\n<h4>H\u00e4ufig gestellte Fragen<\/h4>\n<p>1. Funktioniert nicht<br \/>\n\u00b7 \u00dcberpr\u00fcfen Sie, ob die Wechselstrom-Eingangsspannung 110 oder 220 V betr\u00e4gt.<br \/>\n\u00b7 \u00dcberpr\u00fcfen Sie, ob der Eingangs-Wechselstromanschluss korrekt angeschlossen ist und ob die Sicherung besch\u00e4digt ist.<br \/>\n\u00b7 \u00dcberpr\u00fcfen Sie, ob der Ausgangsstecker richtig angeschlossen ist, ob er passt und ob die Sicherung besch\u00e4digt ist.<br \/>\n\u00b7 \u00dcberpr\u00fcfen Sie, ob das BMS-System gesch\u00fctzt ist.<br \/>\n2. Wie laut ist das Ger\u00e4usch?<br \/>\nDa sich im Ladeger\u00e4t ein L\u00fcfter befindet, betr\u00e4gt die Ger\u00e4uschentwicklung etwa 40\u201360 dB.<\/p>","protected":false},"excerpt":{"rendered":"<p>36-Volt-Ladeger\u00e4t f\u00fcr Golfwagen aus Aluminiumlegierung, interne Einstellkn\u00f6pfe, kann Spannung und Strom kalibrieren, kann 36-Volt-Blei-S\u00e4ure-Batterien laden<\/p>","protected":false},"featured_media":9624,"comment_status":"open","ping_status":"closed","template":"","meta":[],"product_cat":[298],"product_tag":[],"class_list":{"0":"post-7253","1":"product","2":"type-product","3":"status-publish","4":"has-post-thumbnail","6":"product_brand-ohrija","7":"product_cat-36v-golf-charger","8":"product_shipping_class-900w","10":"first","11":"instock","12":"taxable","13":"shipping-taxable","14":"purchasable","15":"product-type-variable","16":"wvs-archive-product-wrapper","17":"col-xs-6 col-sm-4","18":"col-md-3 col-lg-3","19":"un-4-cols"},"jetpack_sharing_enabled":true,"_links":{"self":[{"href":"https:\/\/ohrija.com\/de\/wp-json\/wp\/v2\/product\/7253","targetHints":{"allow":["GET"]}}],"collection":[{"href":"https:\/\/ohrija.com\/de\/wp-json\/wp\/v2\/product"}],"about":[{"href":"https:\/\/ohrija.com\/de\/wp-json\/wp\/v2\/types\/product"}],"replies":[{"embeddable":true,"href":"https:\/\/ohrija.com\/de\/wp-json\/wp\/v2\/comments?post=7253"}],"version-history":[{"count":0,"href":"https:\/\/ohrija.com\/de\/wp-json\/wp\/v2\/product\/7253\/revisions"}],"wp:featuredmedia":[{"embeddable":true,"href":"https:\/\/ohrija.com\/de\/wp-json\/wp\/v2\/media\/9624"}],"wp:attachment":[{"href":"https:\/\/ohrija.com\/de\/wp-json\/wp\/v2\/media?parent=7253"}],"wp:term":[{"taxonomy":"product_cat","embeddable":true,"href":"https:\/\/ohrija.com\/de\/wp-json\/wp\/v2\/product_cat?post=7253"},{"taxonomy":"product_tag","embeddable":true,"href":"https:\/\/ohrija.com\/de\/wp-json\/wp\/v2\/product_tag?post=7253"}],"curies":[{"name":"wp","href":"https:\/\/api.w.org\/{rel}","templated":true}]}}