{"id":6980,"date":"2024-05-16T20:11:06","date_gmt":"2024-05-16T12:11:06","guid":{"rendered":"https:\/\/ohrija.com\/?post_type=product&#038;p=6980"},"modified":"2025-12-03T01:50:33","modified_gmt":"2025-12-03T01:50:33","slug":"14-6v-10a-battery-charger-for-rv-battery","status":"publish","type":"product","link":"https:\/\/ohrija.com\/de\/produkt\/14-6v-10a-battery-charger-for-rv-battery\/","title":{"rendered":"Das OHRIJA-Ladeger\u00e4t f\u00fcr Wohnmobilbatterien mit 14,6 V und 10 A eignet sich f\u00fcr 4S-12,8-V-Lifepo4-Batterien."},"content":{"rendered":"<h4><span style=\"color: #ff0000;\">Warnung<\/span><\/h4>\n<p>Bitte \u00fcberpr\u00fcfen Sie die erforderlichen Parameter, den Eingangsstecker und den Ausgangsstecker. Wenn Sie diese nicht best\u00e4tigen k\u00f6nnen, kaufen Sie bitte nicht und wenden Sie sich an den Kundendienst, um Unterst\u00fctzung zu erhalten.  Vielen Dank!<br \/>\n1. Nicht in Umgebungen mit hohen Temperaturen, Dunkelheit und Feuchtigkeit verwenden.<br \/>\n2. Bewahren Sie es in einer gut bel\u00fcfteten Umgebung auf.<br \/>\n3. Von brennbaren und explosiven Gegenst\u00e4nden fernhalten.<\/p>\n<h4>Produktparameter<\/h4>\n<p>Produktmodell: HRH180<br \/>\nProduktmaterial: Geh\u00e4use aus Aluminiumlegierung<br \/>\nAusgangsspannung: maximal 14,6 V \u00b10,2 V<br \/>\nAusgangsstrom: maximal 10 Ampere \u00b10,2 A<br \/>\nProduktgr\u00f6\u00dfe: 135 \u00d7 90 \u00d7 50 mm, 0,9 kg<br \/>\nGeeigneter Batterietyp: 4S 12,8 V Lifepo4-Batterie<br \/>\nLeistung: maximal 175 W<br \/>\nFarbe: schwarz, silber, rot, blau, gr\u00fcn optional<br \/>\nEingangsstecker: US, EU, UK, AU (w\u00e4hlen Sie den richtigen Stecker gem\u00e4\u00df den \u00f6rtlichen Normen)<br \/>\nAusgangsanschluss: XT60 | XT90 | Krokodilklemme | Anderson 50A | Drahtnase |  GX16 1+3- | XLR | IEC C13 | 45A (w\u00e4hlen Sie den richtigen Anschluss entsprechend dem Batterieanschluss)<br \/>\nLieferumfang: Ladeger\u00e4t * 1, DC-Ausgangskabel 1 m * 1, Eingangskabel 1 m * 1, Bedienungsanleitung * 1<\/p>\n<h4>Produktvorstellung<\/h4>\n<p><strong>1. Effizientes Laden<\/strong><br \/>\nDurch den Einsatz fortschrittlicher Schaltnetzteiltechnologie erreicht die Ladeeffizienz einen Wert von 85% oder mehr, wodurch die Ladezeit verk\u00fcrzt und der Energieverbrauch gesenkt wird.<br \/>\n<strong>2. Konstantspannungs- und Konstantstrom-Lademodus<\/strong><br \/>\nDas Ladeger\u00e4t arbeitet im Konstantstrommodus (CC), bis die Batteriespannung den eingestellten Wert (14,6 V) erreicht, und schaltet dann in den Konstantspannungsmodus (CV), um die Sicherheit des Ladevorgangs zu gew\u00e4hrleisten und eine \u00dcberladung zu vermeiden.<br \/>\n<strong>3. Mehrere Schutzfunktionen<\/strong><br \/>\n<strong>\u00b7 <\/strong>\u00dcberspannungsschutz: Wenn die Spannung den sicheren Bereich \u00fcberschreitet, unterbricht das Ladeger\u00e4t automatisch die Stromzufuhr, um Sch\u00e4den an der Batterie zu verhindern.<br \/>\n<strong>\u00b7 <\/strong>\u00dcberstromschutz: Wenn der Strom den Nennwert \u00fcberschreitet, wird der Ausgangsstrom automatisch begrenzt, um die Batterie und das Ladeger\u00e4t zu sch\u00fctzen.<br \/>\n<strong>\u00b7 <\/strong>Kurzschlussschutz: Das Ladeger\u00e4t verf\u00fcgt \u00fcber eine Kurzschlussschutzfunktion, um Gefahren durch Kurzschl\u00fcsse zu vermeiden.<br \/>\n<strong>\u00b7 <\/strong>Verpolungsschutz: Bei Verpolung der Batterie unterbricht das Ladeger\u00e4t automatisch den Ladevorgang, um Sch\u00e4den an Batterie und Ladeger\u00e4t zu vermeiden.<br \/>\n<strong>4. LED-Anzeigeleuchten<\/strong><br \/>\nDas Ladeger\u00e4t ist mit LED-Anzeigeleuchten ausgestattet, die den aktuellen Ladezustand anzeigen:<br \/>\n<strong>\u00b7 <\/strong>Rotes Licht: Laden.<br \/>\n<strong>\u00b7 <\/strong> Gr\u00fcnes Licht: Ladevorgang abgeschlossen oder Standby.<br \/>\n<strong>5. Spannung und Strom k\u00f6nnen kalibriert werden.<\/strong><br \/>\n<strong>\u00b7 <\/strong>Der einstellbare Widerstand VR1 im Ladeger\u00e4t kann zwischen 10 und 17 V kalibriert werden.<br \/>\n<strong>\u00b7 <\/strong>Der einstellbare Widerstand VR2 kann den Strom zwischen 5 und 10 Ampere kalibrieren.<br \/>\n<strong>\u00b7 <\/strong>Das Ladeger\u00e4t ben\u00f6tigt eine Batteriespannung von mindestens 6 V, um zu funktionieren.<br \/>\n<strong>\u00b7 <\/strong>Das Ladeger\u00e4t kann Spannung und Strom direkt ausgeben und somit als Adapter verwendet werden.<\/p>\n<h2>Batterieladeger\u00e4t f\u00fcr Wohnmobilbatterien Geeignete Ger\u00e4te<\/h2>\n<p>\u00b7 Dies <a href=\"https:\/\/ohrija.com\/de\/produkt\/14-6v-10a-battery-charger-for-rv-battery\/\">14,6 V 10 A<\/a> Das Batterieladeger\u00e4t ist f\u00fcr Wohnmobile und andere Lifepo4-Batterieger\u00e4te konzipiert. Das Ladeger\u00e4t nutzt eine hocheffiziente Umwandlungstechnologie, um ein schnelles und sicheres Laden der Batterie zu gew\u00e4hrleisten und deren Lebensdauer zu verl\u00e4ngern.<br \/>\nDas Ladeger\u00e4t ist nur f\u00fcr 4S 12,8 V Lifepo4-Batterien geeignet., <a href=\"https:\/\/ohrija.com\/de\/produkt\/14-6v-10a-battery-charger-for-rv-battery\/\">Wohnmobil-Batterieladeger\u00e4te<\/a> \u00a0und andere 4S 12,8 V Lifepo4-Akku-Ger\u00e4te. Bird-Roller-Ladeger\u00e4t.<a href=\"https:\/\/ohrija.com\/de\/?s=14.6V+10A&amp;post_type=product\">Batterieladeger\u00e4t f\u00fcr Wohnmobilbatterie.<\/a><\/p>\n<h4>Ladezeit<\/h4>\n<p>\u00b7 Die <a href=\"https:\/\/ohrija.com\/de\/produkt\/14-6v-10a-battery-charger-for-rv-battery\/\">14,6 V 10 A Lifepo4-Batterieladeger\u00e4t<\/a> ist f\u00fcr das Schnellladen von 4S 12,8-V-Lifepo4-Akkus ausgelegt und kann 4S 12,8-V-Lifepo4-Akkus mit einer Ladestromst\u00e4rke von 10 Ampere laden.<br \/>\n\u00b7 Mit einer maximalen Spannung von 14,6 V und einem Nennstrom von 10 A kann es eine 40-Ah-Lifepo4-Batterie in etwa 4 Stunden und eine 100-Ah-Batterie in etwa 10 Stunden vollst\u00e4ndig aufladen. Eine 120-Ah-Batterie kann in 12 Stunden vollst\u00e4ndig aufgeladen werden. F\u00fcr kleinere Batterien (&lt;10 Ah) empfehlen wir die Verwendung eines<a href=\"https:\/\/ohrija.com\/de\/produkt\/14-6v-10a-battery-charger-for-rv-battery\/\"> 10-A-Ladeger\u00e4t<\/a>. Alle Lifepo4-Batterien sollten mit einem Ladeger\u00e4t aufgeladen werden, das mit Lifepo4-Batterien kompatibel ist, wie beispielsweise dieses. Die Verwendung anderer Ladeger\u00e4te zum Aufladen der Batterie beeintr\u00e4chtigt die Leistung und Lebensdauer der Batterie.<\/p>\n<h4>H\u00e4ufig gestellte Fragen<\/h4>\n<p>1. Funktioniert nicht<br \/>\n\u00b7 \u00dcberpr\u00fcfen Sie, ob die Wechselstrom-Eingangsspannung 110 oder 220 V betr\u00e4gt.<br \/>\n\u00b7 \u00dcberpr\u00fcfen Sie, ob der Eingangs-Wechselstromanschluss korrekt angeschlossen ist und ob die Sicherung besch\u00e4digt ist.<br \/>\n\u00b7 \u00dcberpr\u00fcfen Sie, ob der Ausgangsstecker richtig angeschlossen ist, ob er passt und ob die Sicherung besch\u00e4digt ist.<br \/>\n\u00b7 \u00dcberpr\u00fcfen Sie, ob das BMS-System gesch\u00fctzt ist.<br \/>\n2. Wie laut ist das Ger\u00e4usch?<br \/>\nDa sich im Ladeger\u00e4t ein L\u00fcfter befindet, betr\u00e4gt die Ger\u00e4uschentwicklung etwa 40\u201360 dB.<\/p>\n<p>&nbsp;<\/p>","protected":false},"excerpt":{"rendered":"<p>Batterieladeger\u00e4t f\u00fcr Wohnmobilbatterien, Bird-Scooter-Ladeger\u00e4t, Bird-Scooter-Ladeger\u00e4t, Aluminiumlegierung, interne Einstellkn\u00f6pfe, kann Spannung und Strom kalibrieren, kann 4S 12,8 V Lifepo4-Batterien laden<\/p>","protected":false},"featured_media":9389,"comment_status":"open","ping_status":"closed","template":"","meta":[],"product_cat":[348,307,328],"product_tag":[],"class_list":{"0":"post-6980","1":"product","2":"type-product","3":"status-publish","4":"has-post-thumbnail","6":"product_brand-ohrija","7":"product_cat-rv-charger","8":"product_cat-4s-14-6v-charger","9":"product_cat-hot-selling-product","10":"product_shipping_class-180w","12":"first","13":"instock","14":"taxable","15":"shipping-taxable","16":"purchasable","17":"product-type-variable","18":"wvs-archive-product-wrapper","19":"col-xs-6 col-sm-4","20":"col-md-3 col-lg-3","21":"un-4-cols"},"jetpack_sharing_enabled":true,"_links":{"self":[{"href":"https:\/\/ohrija.com\/de\/wp-json\/wp\/v2\/product\/6980","targetHints":{"allow":["GET"]}}],"collection":[{"href":"https:\/\/ohrija.com\/de\/wp-json\/wp\/v2\/product"}],"about":[{"href":"https:\/\/ohrija.com\/de\/wp-json\/wp\/v2\/types\/product"}],"replies":[{"embeddable":true,"href":"https:\/\/ohrija.com\/de\/wp-json\/wp\/v2\/comments?post=6980"}],"version-history":[{"count":0,"href":"https:\/\/ohrija.com\/de\/wp-json\/wp\/v2\/product\/6980\/revisions"}],"wp:featuredmedia":[{"embeddable":true,"href":"https:\/\/ohrija.com\/de\/wp-json\/wp\/v2\/media\/9389"}],"wp:attachment":[{"href":"https:\/\/ohrija.com\/de\/wp-json\/wp\/v2\/media?parent=6980"}],"wp:term":[{"taxonomy":"product_cat","embeddable":true,"href":"https:\/\/ohrija.com\/de\/wp-json\/wp\/v2\/product_cat?post=6980"},{"taxonomy":"product_tag","embeddable":true,"href":"https:\/\/ohrija.com\/de\/wp-json\/wp\/v2\/product_tag?post=6980"}],"curies":[{"name":"wp","href":"https:\/\/api.w.org\/{rel}","templated":true}]}}