{"id":37302,"date":"2026-03-16T11:28:24","date_gmt":"2026-03-16T11:28:24","guid":{"rendered":"https:\/\/ohrija.com\/?post_type=product&#038;p=37302"},"modified":"2026-04-15T05:48:21","modified_gmt":"2026-04-15T05:48:21","slug":"ohrija-50-4v-2a-lithium-battery-charge","status":"publish","type":"product","link":"https:\/\/ohrija.com\/de\/produkt\/ohrija-50-4v-2a-lithium-battery-charge\/","title":{"rendered":"OHRIJA 50.4V 2A Aluminiumlegierung Lithium Batterie Ladeger\u00e4t f\u00fcr 44.4V Elektroroller\/Balancierfahrzeug\/Elektrofahrzeug (12 Serie 44.4V Lithium Batterie)"},"content":{"rendered":"<h2><span style=\"color: #ff0000;\">Warnung<\/span><\/h2>\n<p>Bitte \u00fcberpr\u00fcfen Sie die erforderlichen Parameter, den Eingangsstecker und den Ausgangsstecker. Wenn Sie diese nicht best\u00e4tigen k\u00f6nnen, kaufen Sie das Produkt bitte nicht und wenden Sie sich an den Kundendienst, um Unterst\u00fctzung zu erhalten. Vielen Dank!<br \/>\n1. Nicht in Umgebungen mit hohen Temperaturen, Dunkelheit und Feuchtigkeit verwenden.<br \/>\n2. Bewahren Sie es in einer gut bel\u00fcfteten Umgebung auf.<br \/>\n3. Von brennbaren und explosiven Gegenst\u00e4nden fernhalten.<\/p>\n<h3>Produktparameter<\/h3>\n<p>Produktmodell: HRH120<br \/>\nProduktmaterial: Geh\u00e4use aus Aluminiumlegierung<br \/>\nAusgangsspannung: maximal 50,4 V \u00b10,2 V<br \/>\nAusgangsstrom: maximal 2Amp \u00b10,2a<br \/>\nProduktgr\u00f6\u00dfe: 136*66*40MM 0,4kg<br \/>\nGeeigneter Batterietyp: 12S 44,4 V Lithium-Ionen-Batterie<br \/>\nArbeitsleistung: maximal 110W<br \/>\nFarbe: schwarz, silber<br \/>\nEingangsstecker: US, EU, UK, AU (w\u00e4hlen Sie den richtigen Stecker gem\u00e4\u00df den \u00f6rtlichen Normen)<br \/>\nAusgangsstecker: DC2.1 bis DC5.5*2.5 | GX16 1+3- | XLR | IEC C13 | DC8mm (unterst\u00fctzt kundenspezifische OEM)<br \/>\nLieferumfang: Ladeger\u00e4t*1, DC-Ausgangskabel 1 m*1, Eingangskabel 1 m*1, Bedienungsanleitung*1<\/p>\n<h3>Wichtigste Highlights<\/h3>\n<p>Geh\u00e4use aus Aluminium Aluminiumlegierung, schnelle W\u00e4rmeableitung, sto\u00dffest und langlebig<br \/>\nIntelligentes Laden Automatisch konstanter Strom und konstante Spannung, stoppt den Ladevorgang automatisch, wenn er voll ist, keine \u00dcberladung<br \/>\nMehrfacher Schutz \u00dcberspannung\/\u00dcberstrom\/Kurzschluss\/Verpolungsschutz\/Quadrantenschutz<br \/>\nAnzeigeleuchten Rotes Licht zum Laden, gr\u00fcnes Licht f\u00fcr volle Ladung, klarer Status auf einen Blick<br \/>\nLeise ohne L\u00fcfter<\/p>\n<h3>Kaufanleitung \/ FAQ<\/h3>\n<p><strong>\u00a0<\/strong><\/p>\n<p>&nbsp;<\/p>\n<p>Q1: Was sind die Unterschiede zwischen dem Ladeger\u00e4t aus Aluminiumlegierung und dem normalen Ladeger\u00e4t?<br \/>\nA: Der Hauptunterschied liegt in der W\u00e4rmeableitung und der Haltbarkeit. Das Aluminiumgeh\u00e4use wirkt wie ein gro\u00dfer K\u00fchlk\u00f6rper und eignet sich f\u00fcr den Einsatz in Umgebungen mit hohen Temperaturen oder in Situationen, in denen ein kontinuierliches Aufladen \u00fcber einen l\u00e4ngeren Zeitraum erforderlich ist (z. B. in Werkst\u00e4tten oder Flie\u00dfb\u00e4ndern in Fabriken). Au\u00dferdem ist das Metallgeh\u00e4use sto\u00dffest und druckbest\u00e4ndig, und seine Lebensdauer ist in der Regel 2-3 Mal so hoch wie die eines gew\u00f6hnlichen Kunststoffgeh\u00e4uses.<br \/>\nF2: Ist dieses Ladeger\u00e4t wasserdicht?<br \/>\nA: Das Geh\u00e4use hat die Schutzart IP54, die das Eindringen von Wassertropfen und Staub aus allen Richtungen verhindern kann. Es kann jedoch nicht verwendet werden, wenn es in Wasser getaucht wird. Wenn eine vollst\u00e4ndige Wasserdichtigkeit (IP67) erforderlich ist, wenden Sie sich bitte an den Kundendienst, um eine versiegelte Version mit Verkapselungskleber anzufertigen.<br \/>\nF3: Meine Batterie ist 48V 30Ah. Ist eine Ladegeschwindigkeit von 2 A zu langsam?<br \/>\nA: 2A ist ein Standardladestrom (0,05C - 0,1C). F\u00fcr eine 30Ah-Batterie gilt dies als langsame Ladung. Sie dauert zwar sehr lange (etwa 15 Stunden), ist aber f\u00fcr die Verl\u00e4ngerung der Lebensdauer der Batterie am vorteilhaftesten. Wenn Sie eine schnelle Ladung ben\u00f6tigen, sollten Sie die 5A- oder 8A-Version w\u00e4hlen (stellen Sie sicher, dass die Batterie das schnelle Laden unterst\u00fctzt).<br \/>\nF4: Verursacht das Aluminiumgeh\u00e4use Stromverluste?<br \/>\nA: Auf keinen Fall. Dieses Ladeger\u00e4t ist als Schaltnetzteil mit strikter Isolierung zwischen dem Prim\u00e4r- und dem Sekund\u00e4rkreis konzipiert.<br \/>\nF5: Was ist die Garantiepolitik?<br \/>\nA: F\u00fcr die Aluminiumversion gilt eine 12-monatige Garantie. Innerhalb des ersten Jahres wird eine kostenlose Reparatur oder ein kostenloser Ersatz f\u00fcr nicht von Menschen verursachte Sch\u00e4den angeboten, und es wird lebenslanger technischer Support geleistet.<\/p>\n<p>&nbsp;<\/p>\n<p>.<\/p>","protected":false},"excerpt":{"rendered":"<p>Das 50,4V 2A-Ladeger\u00e4t ist speziell f\u00fcr Lithium-Akkus der 12er-Serie (12S) mit 44,4V ausgelegt. Es ist weithin anwendbar f\u00fcr Elektrofahrr\u00e4der, Elektroroller, Balance-Bikes, \u00e4ltere Mobilit\u00e4tsfahrzeuge und verschiedene DIY-Lithium-Akkupacks. Es verf\u00fcgt \u00fcber ein Vollaluminium-Geh\u00e4use, das W\u00e4rmeableitung und Langlebigkeit kombiniert, was es zu einem idealen Strompartner f\u00fcr Ihre Reiseausr\u00fcstung macht.<\/p>","protected":false},"featured_media":37311,"comment_status":"open","ping_status":"closed","template":"","meta":[],"product_cat":[283,1692],"product_tag":[],"class_list":{"0":"post-37302","1":"product","2":"type-product","3":"status-publish","4":"has-post-thumbnail","6":"product_brand-ohrija","7":"product_cat-21s-50-4v-charger","8":"product_cat-electric-scooter-battery-charger","9":"product_shipping_class-180w","11":"first","12":"instock","13":"taxable","14":"shipping-taxable","15":"purchasable","16":"product-type-variable","17":"wvs-archive-product-wrapper","18":"col-xs-6 col-sm-4","19":"col-md-3 col-lg-3","20":"un-4-cols"},"jetpack_sharing_enabled":true,"_links":{"self":[{"href":"https:\/\/ohrija.com\/de\/wp-json\/wp\/v2\/product\/37302","targetHints":{"allow":["GET"]}}],"collection":[{"href":"https:\/\/ohrija.com\/de\/wp-json\/wp\/v2\/product"}],"about":[{"href":"https:\/\/ohrija.com\/de\/wp-json\/wp\/v2\/types\/product"}],"replies":[{"embeddable":true,"href":"https:\/\/ohrija.com\/de\/wp-json\/wp\/v2\/comments?post=37302"}],"version-history":[{"count":3,"href":"https:\/\/ohrija.com\/de\/wp-json\/wp\/v2\/product\/37302\/revisions"}],"predecessor-version":[{"id":37313,"href":"https:\/\/ohrija.com\/de\/wp-json\/wp\/v2\/product\/37302\/revisions\/37313"}],"wp:featuredmedia":[{"embeddable":true,"href":"https:\/\/ohrija.com\/de\/wp-json\/wp\/v2\/media\/37311"}],"wp:attachment":[{"href":"https:\/\/ohrija.com\/de\/wp-json\/wp\/v2\/media?parent=37302"}],"wp:term":[{"taxonomy":"product_cat","embeddable":true,"href":"https:\/\/ohrija.com\/de\/wp-json\/wp\/v2\/product_cat?post=37302"},{"taxonomy":"product_tag","embeddable":true,"href":"https:\/\/ohrija.com\/de\/wp-json\/wp\/v2\/product_tag?post=37302"}],"curies":[{"name":"wp","href":"https:\/\/api.w.org\/{rel}","templated":true}]}}