{"id":35710,"date":"2025-12-30T10:49:41","date_gmt":"2025-12-30T10:49:41","guid":{"rendered":"https:\/\/ohrija.com\/?post_type=product&#038;p=35710"},"modified":"2026-04-09T06:50:57","modified_gmt":"2026-04-09T06:50:57","slug":"ohrija-126v-li-ion-charger-12-6v-6a-charger","status":"publish","type":"product","link":"https:\/\/ohrija.com\/de\/produkt\/ohrija-126v-li-ion-charger-12-6v-6a-charger\/","title":{"rendered":"OHRIJA 126 V Lithium-Ionen-Akku-Ladeger\u00e4t Das 126 V 6 A Ladeger\u00e4t eignet sich f\u00fcr 30S 111 V Lithium-Ionen-Akku-Ladeger\u00e4te."},"content":{"rendered":"<h4><span style=\"color: #ff0000;\">Warnung<\/span><\/h4>\n<p>Bitte \u00fcberpr\u00fcfen Sie die erforderlichen Parameter, den Eingangsstecker und den Ausgangsstecker. Wenn Sie diese nicht best\u00e4tigen k\u00f6nnen, kaufen Sie das Produkt bitte nicht und wenden Sie sich an den Kundendienst, um Unterst\u00fctzung zu erhalten. Vielen Dank!<br \/>\n1. Nicht in Umgebungen mit hohen Temperaturen, Dunkelheit und Feuchtigkeit verwenden.<br \/>\n2. Bewahren Sie es in einer gut bel\u00fcfteten Umgebung auf.<br \/>\n3. Von brennbaren und explosiven Gegenst\u00e4nden fernhalten.<\/p>\n<h4>Produktparameter<\/h4>\n<p>Produktmodell: HRH1200<br \/>\nProduktmaterial: Geh\u00e4use aus Aluminiumlegierung<br \/>\nAusgangsspannung: maximal 126 V \u00b10,2 V<br \/>\nAusgangsstrom: maximal 6 A \u00b10,2 A<br \/>\nProduktgr\u00f6\u00dfe: 240 \u00d7 105 \u00d7 70 mm, 1,182 kg<br \/>\nGeeigneter Batterietyp: 30S 126V Lithium-Ionen-Batterie<br \/>\nLeistung: maximal 1200 W<br \/>\nFarbe: schwarz<br \/>\nEingangsstecker: US, EU, UK, AU (w\u00e4hlen Sie den richtigen Stecker gem\u00e4\u00df den \u00f6rtlichen Normen)<br \/>\nAusgangsanschluss: XT60 | XT90 | Krokodilklemme | Anderson 50A | Drahtnase | 45A | GX16 1+3- | XLR | IEC C13 (w\u00e4hlen Sie den richtigen Anschluss entsprechend dem Batterieanschluss)<br \/>\nLieferumfang: Ladeger\u00e4t * 1, DC-Ausgangskabel 1 m * 1, Eingangskabel 1 m * 1, Bedienungsanleitung * 1<br \/>\nGeeignete Ger\u00e4te: 30-Zellen-Lithium-Ionen-Akku, vollst\u00e4ndig geladen bei 126 V \u00b10,2 V.<\/p>","protected":false},"excerpt":{"rendered":"<p>126-V-Lithium-Ionen-Akku-Ladeger\u00e4t, Li-Ionen-Akku-Ladeger\u00e4t, Aluminiumlegierung, intern einstellbarer Knopf, kann Spannung und Strom kalibrieren, kann 30S 111V Li-Ionen-Akku-Ladeger\u00e4te laden<\/p>","protected":false},"featured_media":35995,"comment_status":"open","ping_status":"closed","template":"","meta":[],"product_cat":[1629],"product_tag":[],"class_list":{"0":"post-35710","1":"product","2":"type-product","3":"status-publish","4":"has-post-thumbnail","6":"product_brand-ohrija","7":"product_cat-30s-126v-charger","8":"product_shipping_class-900w","10":"first","11":"instock","12":"taxable","13":"shipping-taxable","14":"purchasable","15":"product-type-variable","16":"wvs-archive-product-wrapper","17":"col-xs-6 col-sm-4","18":"col-md-3 col-lg-3","19":"un-4-cols"},"jetpack_sharing_enabled":true,"_links":{"self":[{"href":"https:\/\/ohrija.com\/de\/wp-json\/wp\/v2\/product\/35710","targetHints":{"allow":["GET"]}}],"collection":[{"href":"https:\/\/ohrija.com\/de\/wp-json\/wp\/v2\/product"}],"about":[{"href":"https:\/\/ohrija.com\/de\/wp-json\/wp\/v2\/types\/product"}],"replies":[{"embeddable":true,"href":"https:\/\/ohrija.com\/de\/wp-json\/wp\/v2\/comments?post=35710"}],"version-history":[{"count":0,"href":"https:\/\/ohrija.com\/de\/wp-json\/wp\/v2\/product\/35710\/revisions"}],"wp:featuredmedia":[{"embeddable":true,"href":"https:\/\/ohrija.com\/de\/wp-json\/wp\/v2\/media\/35995"}],"wp:attachment":[{"href":"https:\/\/ohrija.com\/de\/wp-json\/wp\/v2\/media?parent=35710"}],"wp:term":[{"taxonomy":"product_cat","embeddable":true,"href":"https:\/\/ohrija.com\/de\/wp-json\/wp\/v2\/product_cat?post=35710"},{"taxonomy":"product_tag","embeddable":true,"href":"https:\/\/ohrija.com\/de\/wp-json\/wp\/v2\/product_tag?post=35710"}],"curies":[{"name":"wp","href":"https:\/\/api.w.org\/{rel}","templated":true}]}}